{"id":2848,"date":"2026-03-07T18:37:48","date_gmt":"2026-03-07T18:37:48","guid":{"rendered":"https:\/\/advokatavans.se\/?page_id=2848"},"modified":"2026-03-10T09:58:15","modified_gmt":"2026-03-10T09:58:15","slug":"test-sida","status":"publish","type":"page","link":"https:\/\/advokatavans.se\/en\/test-sida\/","title":{"rendered":"Test sida"},"content":{"rendered":"<div data-elementor-type=\"wp-page\" data-elementor-id=\"2848\" class=\"elementor elementor-2848\" data-elementor-post-type=\"page\">\n\t\t\t\t<div class=\"elementor-element elementor-element-3f481df8 e-flex e-con-boxed e-con e-parent\" data-id=\"3f481df8\" data-element_type=\"container\" data-e-type=\"container\">\n\t\t\t\t\t<div class=\"e-con-inner\">\n\t\t\t\t<div class=\"elementor-element elementor-element-766c45d1 elementor-widget elementor-widget-text-editor\" data-id=\"766c45d1\" data-element_type=\"widget\" data-e-type=\"widget\" data-widget_type=\"text-editor.default\">\n\t\t\t\t<div class=\"elementor-widget-container\">\n\t\t\t\t\t\t\t\t\t\n<p><\/p>\n\n\n\n<p><\/p>\n\t\t\t\t\t\t\t\t<\/div>\n\t\t\t\t<\/div>\n\t\t\t\t\t<\/div>\n\t\t\t\t<\/div>\n\t\t<main class=\"elementor-element elementor-element-ba7345d e-flex e-con-boxed e-con e-parent\" data-id=\"ba7345d\" data-element_type=\"container\" data-e-type=\"container\" data-settings=\"{&quot;background_background&quot;:&quot;classic&quot;}\">\n\t\t\t\t\t<div class=\"e-con-inner\">\n\t\t<div class=\"elementor-element elementor-element-1950f85 e-con-full e-flex e-con e-child\" data-id=\"1950f85\" data-element_type=\"container\" data-e-type=\"container\">\n\t\t\t\t<div class=\"elementor-element elementor-element-1acc626 elementor-widget elementor-widget-heading\" data-id=\"1acc626\" data-element_type=\"widget\" data-e-type=\"widget\" data-widget_type=\"heading.default\">\n\t\t\t\t<div class=\"elementor-widget-container\">\n\t\t\t\t\t<h1 class=\"elementor-heading-title elementor-size-default\">AVANS LAW FIRM<\/h1>\t\t\t\t<\/div>\n\t\t\t\t<\/div>\n\t\t\t\t<\/div>\n\t\t\t\t\t<\/div>\n\t\t\t\t<\/main>\n\t\t<div class=\"elementor-element elementor-element-3f286d4 e-flex e-con-boxed e-con e-parent\" data-id=\"3f286d4\" data-element_type=\"container\" data-e-type=\"container\" data-settings=\"{&quot;background_background&quot;:&quot;classic&quot;}\">\n\t\t\t\t\t<div class=\"e-con-inner\">\n\t\t\t\t<div class=\"elementor-element elementor-element-ffa1ec6 elementor-widget elementor-widget-heading\" data-id=\"ffa1ec6\" data-element_type=\"widget\" data-e-type=\"widget\" data-widget_type=\"heading.default\">\n\t\t\t\t<div class=\"elementor-widget-container\">\n\t\t\t\t\t<h2 class=\"elementor-heading-title elementor-size-default\">A law firm with a client-first approach<\/h2>\t\t\t\t<\/div>\n\t\t\t\t<\/div>\n\t\t\t\t<div class=\"elementor-element elementor-element-36c3b30 elementor-widget__width-initial elementor-widget elementor-widget-text-editor\" data-id=\"36c3b30\" data-element_type=\"widget\" data-e-type=\"widget\" data-widget_type=\"text-editor.default\">\n\t\t\t\t<div class=\"elementor-widget-container\">\n\t\t\t\t\t\t\t\t\t<div class=\"flex-shrink-0 flex flex-col relative items-end\">\n<div class=\"pt-0\">\n<div class=\"gizmo-bot-avatar flex h-8 w-8 items-center justify-center overflow-hidden rounded-full\">\n<div class=\"relative p-1 rounded-sm flex items-center justify-center bg-token-main-surface-primary text-token-text-primary h-8 w-8\">\n<p>Advokatfirman Avans \u00e4r en fullservicebyr\u00e5 i Stockholm, Katrineholm och Nyk\u00f6ping med m\u00e5ng\u00e5rig erfarenhet av processande i domstol och skiljen\u00e4mnd. Oavsett \u00e4rendets omfattning eller komplexitet arbetar vi med stort engagemang f\u00f6r att skapa de b\u00e4sta f\u00f6ruts\u00e4ttningarna f\u00f6r v\u00e5ra klienter.<\/p>\n<p>We value long-term partnerships, with trust and integrity at the forefront. By listening to our\nclients, understanding their needs, and acting with care and precision, we create sustainable\nsolutions.<\/p>\n<p>At Avans Law Firm, we bring together extensive experience and work in close collaboration among our team members, allowing us to harness our collective expertise to provide you with the best possible support. Additionally we offer legal advice in Arabic, as well as Swedish and English.<\/p>\n<p>The law firm Avans is with you in all legal matters, with the goal of standing by your side through life's legal challenges - big and small.<\/p>\n<\/div>\n<\/div>\n<\/div>\n<\/div>\t\t\t\t\t\t\t\t<\/div>\n\t\t\t\t<\/div>\n\t\t\t\t<div class=\"elementor-element elementor-element-1a69a64 elementor-align-center elementor-widget elementor-widget-button\" data-id=\"1a69a64\" data-element_type=\"widget\" data-e-type=\"widget\" data-widget_type=\"button.default\">\n\t\t\t\t<div class=\"elementor-widget-container\">\n\t\t\t\t\t\t\t\t\t<div class=\"elementor-button-wrapper\">\n\t\t\t\t\t<a class=\"elementor-button elementor-button-link elementor-size-sm\" href=\"https:\/\/advokatavans.se\/en\/vara-rattsomraden\/\" rel=\"nofollow\">\n\t\t\t\t\t\t<span class=\"elementor-button-content-wrapper\">\n\t\t\t\t\t\t\t\t\t<span class=\"elementor-button-text\">OUR AREAS OF LAW<\/span>\n\t\t\t\t\t<\/span>\n\t\t\t\t\t<\/a>\n\t\t\t\t<\/div>\n\t\t\t\t\t\t\t\t<\/div>\n\t\t\t\t<\/div>\n\t\t\t\t\t<\/div>\n\t\t\t\t<\/div>\n\t\t\t\t<\/div>","protected":false},"excerpt":{"rendered":"<p>Advokatfirman Avans Advokatbyr\u00e5n med klienten i fokus Advokatfirman Avans \u00e4r en fullservicebyr\u00e5 i Stockholm, Katrineholm och Nyk\u00f6ping med m\u00e5ng\u00e5rig erfarenhet av processande i domstol och skiljen\u00e4mnd. Oavsett \u00e4rendets omfattning eller komplexitet arbetar vi med stort engagemang f\u00f6r att skapa de b\u00e4sta f\u00f6ruts\u00e4ttningarna f\u00f6r v\u00e5ra klienter. Vi v\u00e4rnar om l\u00e5ngsiktiga samarbeten, d\u00e4r f\u00f6rtroende och integritet st\u00e5r [&hellip;]<\/p>\n","protected":false},"author":1,"featured_media":0,"parent":0,"menu_order":0,"comment_status":"closed","ping_status":"closed","template":"elementor_header_footer","meta":{"footnotes":""},"class_list":["post-2848","page","type-page","status-publish","hentry"],"yoast_head":"<!-- This site is optimized with the Yoast SEO plugin v27.3 - https:\/\/yoast.com\/product\/yoast-seo-wordpress\/ -->\n<title>Advokatfirman Avans - Test sida<\/title>\n<meta name=\"robots\" content=\"index, follow, max-snippet:-1, max-image-preview:large, max-video-preview:-1\" \/>\n<link rel=\"canonical\" href=\"https:\/\/advokatavans.se\/en\/test-sida\/\" \/>\n<meta property=\"og:locale\" content=\"en_GB\" \/>\n<meta property=\"og:type\" content=\"article\" \/>\n<meta property=\"og:title\" content=\"Advokatfirman Avans - Test sida\" \/>\n<meta property=\"og:description\" content=\"Advokatfirman Avans Advokatbyr\u00e5n med klienten i fokus Advokatfirman Avans \u00e4r en fullservicebyr\u00e5 i Stockholm, Katrineholm och Nyk\u00f6ping med m\u00e5ng\u00e5rig erfarenhet av processande i domstol och skiljen\u00e4mnd. Oavsett \u00e4rendets omfattning eller komplexitet arbetar vi med stort engagemang f\u00f6r att skapa de b\u00e4sta f\u00f6ruts\u00e4ttningarna f\u00f6r v\u00e5ra klienter. Vi v\u00e4rnar om l\u00e5ngsiktiga samarbeten, d\u00e4r f\u00f6rtroende och integritet st\u00e5r [&hellip;]\" \/>\n<meta property=\"og:url\" content=\"https:\/\/advokatavans.se\/en\/test-sida\/\" \/>\n<meta property=\"og:site_name\" content=\"Advokatfirman Avans\" \/>\n<meta property=\"article:publisher\" content=\"https:\/\/www.facebook.com\/profile.php?id=61565887347409\" \/>\n<meta property=\"article:modified_time\" content=\"2026-03-10T09:58:15+00:00\" \/>\n<meta property=\"og:image\" content=\"https:\/\/media1.advokatavans.se\/2024\/10\/Advokatfirman-Avans-Sociala-Medier-2-1.png\" \/>\n\t<meta property=\"og:image:width\" content=\"707\" \/>\n\t<meta property=\"og:image:height\" content=\"500\" \/>\n\t<meta property=\"og:image:type\" content=\"image\/png\" \/>\n<meta name=\"twitter:card\" content=\"summary_large_image\" \/>\n<meta name=\"twitter:label1\" content=\"Estimated reading time\" \/>\n\t<meta name=\"twitter:data1\" content=\"1 minute\" \/>\n<script type=\"application\/ld+json\" class=\"yoast-schema-graph\">{\"@context\":\"https:\\\/\\\/schema.org\",\"@graph\":[{\"@type\":\"WebPage\",\"@id\":\"https:\\\/\\\/advokatavans.se\\\/test-sida\\\/\",\"url\":\"https:\\\/\\\/advokatavans.se\\\/test-sida\\\/\",\"name\":\"Advokatfirman Avans - Test sida\",\"isPartOf\":{\"@id\":\"https:\\\/\\\/advokatavans.se\\\/#website\"},\"datePublished\":\"2026-03-07T18:37:48+00:00\",\"dateModified\":\"2026-03-10T09:58:15+00:00\",\"breadcrumb\":{\"@id\":\"https:\\\/\\\/advokatavans.se\\\/test-sida\\\/#breadcrumb\"},\"inLanguage\":\"en-GB\",\"potentialAction\":[{\"@type\":\"ReadAction\",\"target\":[\"https:\\\/\\\/advokatavans.se\\\/test-sida\\\/\"]}]},{\"@type\":\"BreadcrumbList\",\"@id\":\"https:\\\/\\\/advokatavans.se\\\/test-sida\\\/#breadcrumb\",\"itemListElement\":[{\"@type\":\"ListItem\",\"position\":1,\"name\":\"Hem\",\"item\":\"https:\\\/\\\/advokatavans.se\\\/\"},{\"@type\":\"ListItem\",\"position\":2,\"name\":\"Test sida\"}]},{\"@type\":\"WebSite\",\"@id\":\"https:\\\/\\\/advokatavans.se\\\/#website\",\"url\":\"https:\\\/\\\/advokatavans.se\\\/\",\"name\":\"Advokatfirman Avans\",\"description\":\"Din v\u00e4g till r\u00e4ttvisa \u2013 Vi st\u00e5r vid din sida.\",\"publisher\":{\"@id\":\"https:\\\/\\\/advokatavans.se\\\/#organization\"},\"alternateName\":\"Advokatfirman Avans\",\"potentialAction\":[{\"@type\":\"SearchAction\",\"target\":{\"@type\":\"EntryPoint\",\"urlTemplate\":\"https:\\\/\\\/advokatavans.se\\\/?s={search_term_string}\"},\"query-input\":{\"@type\":\"PropertyValueSpecification\",\"valueRequired\":true,\"valueName\":\"search_term_string\"}}],\"inLanguage\":\"en-GB\"},{\"@type\":\"Organization\",\"@id\":\"https:\\\/\\\/advokatavans.se\\\/#organization\",\"name\":\"Advokatfirman Avans\",\"alternateName\":\"Advokatfirman Avans\",\"url\":\"https:\\\/\\\/advokatavans.se\\\/\",\"logo\":{\"@type\":\"ImageObject\",\"inLanguage\":\"en-GB\",\"@id\":\"https:\\\/\\\/advokatavans.se\\\/#\\\/schema\\\/logo\\\/image\\\/\",\"url\":\"https:\\\/\\\/media1.advokatavans.se\\\/2020\\\/03\\\/Logga-svart-liten.png\",\"contentUrl\":\"https:\\\/\\\/media1.advokatavans.se\\\/2020\\\/03\\\/Logga-svart-liten.png\",\"width\":300,\"height\":134,\"caption\":\"Advokatfirman Avans\"},\"image\":{\"@id\":\"https:\\\/\\\/advokatavans.se\\\/#\\\/schema\\\/logo\\\/image\\\/\"},\"sameAs\":[\"https:\\\/\\\/www.facebook.com\\\/profile.php?id=61565887347409\",\"https:\\\/\\\/www.instagram.com\\\/advokatavans\\\/\"]}]}<\/script>\n<!-- \/ Yoast SEO plugin. -->","yoast_head_json":{"title":"Advokatfirman Avans - Test sida","robots":{"index":"index","follow":"follow","max-snippet":"max-snippet:-1","max-image-preview":"max-image-preview:large","max-video-preview":"max-video-preview:-1"},"canonical":"https:\/\/advokatavans.se\/en\/test-sida\/","og_locale":"en_GB","og_type":"article","og_title":"Advokatfirman Avans - Test sida","og_description":"Advokatfirman Avans Advokatbyr\u00e5n med klienten i fokus Advokatfirman Avans \u00e4r en fullservicebyr\u00e5 i Stockholm, Katrineholm och Nyk\u00f6ping med m\u00e5ng\u00e5rig erfarenhet av processande i domstol och skiljen\u00e4mnd. Oavsett \u00e4rendets omfattning eller komplexitet arbetar vi med stort engagemang f\u00f6r att skapa de b\u00e4sta f\u00f6ruts\u00e4ttningarna f\u00f6r v\u00e5ra klienter. Vi v\u00e4rnar om l\u00e5ngsiktiga samarbeten, d\u00e4r f\u00f6rtroende och integritet st\u00e5r [&hellip;]","og_url":"https:\/\/advokatavans.se\/en\/test-sida\/","og_site_name":"Advokatfirman Avans","article_publisher":"https:\/\/www.facebook.com\/profile.php?id=61565887347409","article_modified_time":"2026-03-10T09:58:15+00:00","og_image":[{"width":707,"height":500,"url":"https:\/\/media1.advokatavans.se\/2024\/10\/Advokatfirman-Avans-Sociala-Medier-2-1.png","type":"image\/png"}],"twitter_card":"summary_large_image","twitter_misc":{"Estimated reading time":"1 minute"},"schema":{"@context":"https:\/\/schema.org","@graph":[{"@type":"WebPage","@id":"https:\/\/advokatavans.se\/test-sida\/","url":"https:\/\/advokatavans.se\/test-sida\/","name":"Advokatfirman Avans - Test sida","isPartOf":{"@id":"https:\/\/advokatavans.se\/#website"},"datePublished":"2026-03-07T18:37:48+00:00","dateModified":"2026-03-10T09:58:15+00:00","breadcrumb":{"@id":"https:\/\/advokatavans.se\/test-sida\/#breadcrumb"},"inLanguage":"en-GB","potentialAction":[{"@type":"ReadAction","target":["https:\/\/advokatavans.se\/test-sida\/"]}]},{"@type":"BreadcrumbList","@id":"https:\/\/advokatavans.se\/test-sida\/#breadcrumb","itemListElement":[{"@type":"ListItem","position":1,"name":"Hem","item":"https:\/\/advokatavans.se\/"},{"@type":"ListItem","position":2,"name":"Test sida"}]},{"@type":"WebSite","@id":"https:\/\/advokatavans.se\/#website","url":"https:\/\/advokatavans.se\/","name":"AVANS LAW FIRM","description":"Din v\u00e4g till r\u00e4ttvisa \u2013 Vi st\u00e5r vid din sida.","publisher":{"@id":"https:\/\/advokatavans.se\/#organization"},"alternateName":"Advokatfirman Avans","potentialAction":[{"@type":"SearchAction","target":{"@type":"EntryPoint","urlTemplate":"https:\/\/advokatavans.se\/?s={search_term_string}"},"query-input":{"@type":"PropertyValueSpecification","valueRequired":true,"valueName":"search_term_string"}}],"inLanguage":"en-GB"},{"@type":"Organization","@id":"https:\/\/advokatavans.se\/#organization","name":"AVANS LAW FIRM","alternateName":"Advokatfirman Avans","url":"https:\/\/advokatavans.se\/","logo":{"@type":"ImageObject","inLanguage":"en-GB","@id":"https:\/\/advokatavans.se\/#\/schema\/logo\/image\/","url":"https:\/\/media1.advokatavans.se\/2020\/03\/Logga-svart-liten.png","contentUrl":"https:\/\/media1.advokatavans.se\/2020\/03\/Logga-svart-liten.png","width":300,"height":134,"caption":"Advokatfirman Avans"},"image":{"@id":"https:\/\/advokatavans.se\/#\/schema\/logo\/image\/"},"sameAs":["https:\/\/www.facebook.com\/profile.php?id=61565887347409","https:\/\/www.instagram.com\/advokatavans\/"]}]}},"_links":{"self":[{"href":"https:\/\/advokatavans.se\/en\/wp-json\/wp\/v2\/pages\/2848","targetHints":{"allow":["GET"]}}],"collection":[{"href":"https:\/\/advokatavans.se\/en\/wp-json\/wp\/v2\/pages"}],"about":[{"href":"https:\/\/advokatavans.se\/en\/wp-json\/wp\/v2\/types\/page"}],"author":[{"embeddable":true,"href":"https:\/\/advokatavans.se\/en\/wp-json\/wp\/v2\/users\/1"}],"replies":[{"embeddable":true,"href":"https:\/\/advokatavans.se\/en\/wp-json\/wp\/v2\/comments?post=2848"}],"version-history":[{"count":25,"href":"https:\/\/advokatavans.se\/en\/wp-json\/wp\/v2\/pages\/2848\/revisions"}],"predecessor-version":[{"id":3077,"href":"https:\/\/advokatavans.se\/en\/wp-json\/wp\/v2\/pages\/2848\/revisions\/3077"}],"wp:attachment":[{"href":"https:\/\/advokatavans.se\/en\/wp-json\/wp\/v2\/media?parent=2848"}],"curies":[{"name":"wp","href":"https:\/\/api.w.org\/{rel}","templated":true}]}}