{"id":2336,"date":"2024-10-15T08:06:42","date_gmt":"2024-10-15T08:06:42","guid":{"rendered":"https:\/\/advokatavans.se\/?page_id=2336"},"modified":"2026-03-10T08:10:41","modified_gmt":"2026-03-10T08:10:41","slug":"allman-affarsjuridik","status":"publish","type":"page","link":"https:\/\/advokatavans.se\/en\/allman-affarsjuridik\/","title":{"rendered":"General business law"},"content":{"rendered":"<div data-elementor-type=\"wp-page\" data-elementor-id=\"2336\" class=\"elementor elementor-2336\" data-elementor-post-type=\"page\">\n\t\t\t\t<div class=\"elementor-element elementor-element-7aca72e e-flex e-con-boxed e-con e-parent\" data-id=\"7aca72e\" data-element_type=\"container\" data-e-type=\"container\">\n\t\t\t\t\t<div class=\"e-con-inner\">\n\t\t<div class=\"elementor-element elementor-element-a77532f e-con-full e-flex e-con e-child\" data-id=\"a77532f\" data-element_type=\"container\" data-e-type=\"container\" data-settings=\"{&quot;background_background&quot;:&quot;classic&quot;}\">\n\t\t<div class=\"elementor-element elementor-element-71357b5 e-con-full e-flex e-con e-child\" data-id=\"71357b5\" data-element_type=\"container\" data-e-type=\"container\">\n\t\t\t\t<div class=\"elementor-element elementor-element-d69dd40 elementor-widget elementor-widget-heading\" data-id=\"d69dd40\" data-element_type=\"widget\" data-e-type=\"widget\" data-widget_type=\"heading.default\">\n\t\t\t\t<div class=\"elementor-widget-container\">\n\t\t\t\t\t<h1 class=\"elementor-heading-title elementor-size-default\">general business law<\/h1>\t\t\t\t<\/div>\n\t\t\t\t<\/div>\n\t\t\t\t<div class=\"elementor-element elementor-element-03f10b4 elementor-widget elementor-widget-text-editor\" data-id=\"03f10b4\" data-element_type=\"widget\" data-e-type=\"widget\" data-widget_type=\"text-editor.default\">\n\t\t\t\t<div class=\"elementor-widget-container\">\n\t\t\t\t\t\t\t\t\t<div class=\"flex-shrink-0 flex flex-col relative items-end\"><div class=\"pt-0\"><div class=\"gizmo-bot-avatar flex h-8 w-8 items-center justify-center overflow-hidden rounded-full\"><div class=\"relative p-1 rounded-sm flex items-center justify-center bg-token-main-surface-primary text-token-text-primary h-8 w-8\"><p>At Avans Law Firm, we offer comprehensive legal services in general business law, supporting\ncompanies of all sizes, from startups to established enterprises. We are with you every step of\nthe way, assisting you in managing the legal aspects of your business. With our extensive\nexperience and commitment to high-quality service, we provide the security and support\nnecessary for our clients to achieve their business goals.<\/p><p>General business law covers a wide range of legal issues that businesses may face in their\noperations, including contract law, corporate law, dispute resolution, and employment law. We\nassist our clients with contract reviews and drafting, compliance management, risk\nassessments, and resolving potential conflicts efficiently and professionally. Whether you are\nestablishing, expanding, or selling your business, we ensure that your legal matters are handled\nwith precision and care.<\/p><p>Avans Law Firm is built on a foundation of quality and trust in all client relationships. Our\nexperienced team of lawyers possesses deep expertise in business law and understands what it\ntakes to ensure your business operates legally and successfully. With a solution-oriented\napproach and personalized advice tailored to each client's specific needs, we aim to deliver\nlong-term, sustainable results.<\/p><p>By choosing Avans Law Firm, you gain a partner who understands the legal challenges of running\na business and works diligently to protect your interests in every situation.<\/p><p>At Avans Law Firm, we also offer qualified assistance in Arabic.<\/p><p>Contact us today for a free consultation and discover how we can help you develop and\nstrengthen your business.<\/p><\/div><\/div><\/div><\/div>\t\t\t\t\t\t\t\t<\/div>\n\t\t\t\t<\/div>\n\t\t\t\t<div class=\"elementor-element elementor-element-dbdf2a1 elementor-align-left elementor-widget elementor-widget-button\" data-id=\"dbdf2a1\" data-element_type=\"widget\" data-e-type=\"widget\" data-widget_type=\"button.default\">\n\t\t\t\t<div class=\"elementor-widget-container\">\n\t\t\t\t\t\t\t\t\t<div class=\"elementor-button-wrapper\">\n\t\t\t\t\t<a class=\"elementor-button elementor-button-link elementor-size-sm\" href=\"https:\/\/advokatavans.se\/en\/vara-rattsomraden\/\" rel=\"nofollow\">\n\t\t\t\t\t\t<span class=\"elementor-button-content-wrapper\">\n\t\t\t\t\t\t\t\t\t<span class=\"elementor-button-text\">CONTACT US TODAY<\/span>\n\t\t\t\t\t<\/span>\n\t\t\t\t\t<\/a>\n\t\t\t\t<\/div>\n\t\t\t\t\t\t\t\t<\/div>\n\t\t\t\t<\/div>\n\t\t\t\t<\/div>\n\t\t\t\t<\/div>\n\t\t\t\t\t<\/div>\n\t\t\t\t<\/div>\n\t\t\t\t<\/div>","protected":false},"excerpt":{"rendered":"<p>allm\u00e4n aff\u00e4rsjuridik Advokatfirman Avans erbjuder juridiska tj\u00e4nster inom allm\u00e4n aff\u00e4rsjuridik. Vi arbetar med f\u00f6retag av alla storlekar, fr\u00e5n nystartade bolag till etablerade koncerner, och \u00e4r med dig i varje steg f\u00f6r att hj\u00e4lpa dig hantera de juridiska aspekterna av din verksamhet. Med l\u00e5ng erfarenhet och h\u00f6g kvalitet i varje uppdrag \u00e4r vi h\u00e4r f\u00f6r att [&hellip;]<\/p>\n","protected":false},"author":1,"featured_media":0,"parent":0,"menu_order":0,"comment_status":"closed","ping_status":"closed","template":"elementor_header_footer","meta":{"footnotes":""},"class_list":["post-2336","page","type-page","status-publish","hentry"],"yoast_head":"<!-- This site is optimized with the Yoast SEO plugin v27.3 - https:\/\/yoast.com\/product\/yoast-seo-wordpress\/ -->\n<title>Advokatfirman Avans - Allm\u00e4n aff\u00e4rsjuridik<\/title>\n<meta name=\"description\" content=\"Advokatfirman Avans erbjuder juridisk expertis inom aff\u00e4rsjuridik f\u00f6r f\u00f6retag i alla storlekar. Vi hj\u00e4lper dig hantera juridiska fr\u00e5gor med kvalitet och omsorg.\" \/>\n<meta name=\"robots\" content=\"index, follow, max-snippet:-1, max-image-preview:large, max-video-preview:-1\" \/>\n<link rel=\"canonical\" href=\"https:\/\/advokatavans.se\/en\/allman-affarsjuridik\/\" \/>\n<meta property=\"og:locale\" content=\"en_GB\" \/>\n<meta property=\"og:type\" content=\"article\" \/>\n<meta property=\"og:title\" content=\"Allm\u00e4n aff\u00e4rsjuridik\" \/>\n<meta property=\"og:description\" content=\"Advokatfirman Avans erbjuder juridisk expertis inom aff\u00e4rsjuridik f\u00f6r f\u00f6retag i alla storlekar. Vi hj\u00e4lper dig hantera juridiska fr\u00e5gor med kvalitet och omsorg.\" \/>\n<meta property=\"og:url\" content=\"https:\/\/advokatavans.se\/en\/allman-affarsjuridik\/\" \/>\n<meta property=\"og:site_name\" content=\"Advokatfirman Avans\" \/>\n<meta property=\"article:publisher\" content=\"https:\/\/www.facebook.com\/profile.php?id=61565887347409\" \/>\n<meta property=\"article:modified_time\" content=\"2026-03-10T08:10:41+00:00\" \/>\n<meta property=\"og:image\" content=\"http:\/\/media1.advokatavans.se\/2024\/10\/Advokatfirman-Avans-Sociala-Medier-2-1.png\" \/>\n\t<meta property=\"og:image:width\" content=\"707\" \/>\n\t<meta property=\"og:image:height\" content=\"500\" \/>\n\t<meta property=\"og:image:type\" content=\"image\/png\" \/>\n<meta name=\"twitter:card\" content=\"summary_large_image\" \/>\n<meta name=\"twitter:title\" content=\"Allm\u00e4n aff\u00e4rsjuridik\" \/>\n<meta name=\"twitter:description\" content=\"Advokatfirman Avans erbjuder juridisk expertis inom aff\u00e4rsjuridik f\u00f6r f\u00f6retag i alla storlekar. Vi hj\u00e4lper dig hantera juridiska fr\u00e5gor med kvalitet och omsorg.\" \/>\n<meta name=\"twitter:image\" content=\"https:\/\/media1.advokatavans.se\/2024\/10\/Advokatfirman-Avans-Sociala-Medier-2-1.png\" \/>\n<meta name=\"twitter:label1\" content=\"Estimated reading time\" \/>\n\t<meta name=\"twitter:data1\" content=\"2 minutes\" \/>\n<script type=\"application\/ld+json\" class=\"yoast-schema-graph\">{\"@context\":\"https:\\\/\\\/schema.org\",\"@graph\":[{\"@type\":\"WebPage\",\"@id\":\"https:\\\/\\\/advokatavans.se\\\/allman-affarsjuridik\\\/\",\"url\":\"https:\\\/\\\/advokatavans.se\\\/allman-affarsjuridik\\\/\",\"name\":\"Advokatfirman Avans - Allm\u00e4n aff\u00e4rsjuridik\",\"isPartOf\":{\"@id\":\"https:\\\/\\\/advokatavans.se\\\/#website\"},\"datePublished\":\"2024-10-15T08:06:42+00:00\",\"dateModified\":\"2026-03-10T08:10:41+00:00\",\"description\":\"Advokatfirman Avans erbjuder juridisk expertis inom aff\u00e4rsjuridik f\u00f6r f\u00f6retag i alla storlekar. Vi hj\u00e4lper dig hantera juridiska fr\u00e5gor med kvalitet och omsorg.\",\"breadcrumb\":{\"@id\":\"https:\\\/\\\/advokatavans.se\\\/allman-affarsjuridik\\\/#breadcrumb\"},\"inLanguage\":\"en-GB\",\"potentialAction\":[{\"@type\":\"ReadAction\",\"target\":[\"https:\\\/\\\/advokatavans.se\\\/allman-affarsjuridik\\\/\"]}]},{\"@type\":\"BreadcrumbList\",\"@id\":\"https:\\\/\\\/advokatavans.se\\\/allman-affarsjuridik\\\/#breadcrumb\",\"itemListElement\":[{\"@type\":\"ListItem\",\"position\":1,\"name\":\"Hem\",\"item\":\"https:\\\/\\\/advokatavans.se\\\/\"},{\"@type\":\"ListItem\",\"position\":2,\"name\":\"Allm\u00e4n aff\u00e4rsjuridik\"}]},{\"@type\":\"WebSite\",\"@id\":\"https:\\\/\\\/advokatavans.se\\\/#website\",\"url\":\"https:\\\/\\\/advokatavans.se\\\/\",\"name\":\"Advokatfirman Avans\",\"description\":\"Din v\u00e4g till r\u00e4ttvisa \u2013 Vi st\u00e5r vid din sida.\",\"publisher\":{\"@id\":\"https:\\\/\\\/advokatavans.se\\\/#organization\"},\"alternateName\":\"Advokatfirman Avans\",\"potentialAction\":[{\"@type\":\"SearchAction\",\"target\":{\"@type\":\"EntryPoint\",\"urlTemplate\":\"https:\\\/\\\/advokatavans.se\\\/?s={search_term_string}\"},\"query-input\":{\"@type\":\"PropertyValueSpecification\",\"valueRequired\":true,\"valueName\":\"search_term_string\"}}],\"inLanguage\":\"en-GB\"},{\"@type\":\"Organization\",\"@id\":\"https:\\\/\\\/advokatavans.se\\\/#organization\",\"name\":\"Advokatfirman Avans\",\"alternateName\":\"Advokatfirman Avans\",\"url\":\"https:\\\/\\\/advokatavans.se\\\/\",\"logo\":{\"@type\":\"ImageObject\",\"inLanguage\":\"en-GB\",\"@id\":\"https:\\\/\\\/advokatavans.se\\\/#\\\/schema\\\/logo\\\/image\\\/\",\"url\":\"https:\\\/\\\/media1.advokatavans.se\\\/2020\\\/03\\\/Logga-svart-liten.png\",\"contentUrl\":\"https:\\\/\\\/media1.advokatavans.se\\\/2020\\\/03\\\/Logga-svart-liten.png\",\"width\":300,\"height\":134,\"caption\":\"Advokatfirman Avans\"},\"image\":{\"@id\":\"https:\\\/\\\/advokatavans.se\\\/#\\\/schema\\\/logo\\\/image\\\/\"},\"sameAs\":[\"https:\\\/\\\/www.facebook.com\\\/profile.php?id=61565887347409\",\"https:\\\/\\\/www.instagram.com\\\/advokatavans\\\/\"]}]}<\/script>\n<!-- \/ Yoast SEO plugin. -->","yoast_head_json":{"title":"Advokatfirman Avans - Allm\u00e4n aff\u00e4rsjuridik","description":"Advokatfirman Avans erbjuder juridisk expertis inom aff\u00e4rsjuridik f\u00f6r f\u00f6retag i alla storlekar. Vi hj\u00e4lper dig hantera juridiska fr\u00e5gor med kvalitet och omsorg.","robots":{"index":"index","follow":"follow","max-snippet":"max-snippet:-1","max-image-preview":"max-image-preview:large","max-video-preview":"max-video-preview:-1"},"canonical":"https:\/\/advokatavans.se\/en\/allman-affarsjuridik\/","og_locale":"en_GB","og_type":"article","og_title":"Allm\u00e4n aff\u00e4rsjuridik","og_description":"Advokatfirman Avans erbjuder juridisk expertis inom aff\u00e4rsjuridik f\u00f6r f\u00f6retag i alla storlekar. Vi hj\u00e4lper dig hantera juridiska fr\u00e5gor med kvalitet och omsorg.","og_url":"https:\/\/advokatavans.se\/en\/allman-affarsjuridik\/","og_site_name":"Advokatfirman Avans","article_publisher":"https:\/\/www.facebook.com\/profile.php?id=61565887347409","article_modified_time":"2026-03-10T08:10:41+00:00","og_image":[{"width":707,"height":500,"url":"http:\/\/media1.advokatavans.se\/2024\/10\/Advokatfirman-Avans-Sociala-Medier-2-1.png","type":"image\/png"}],"twitter_card":"summary_large_image","twitter_title":"Allm\u00e4n aff\u00e4rsjuridik","twitter_description":"Advokatfirman Avans erbjuder juridisk expertis inom aff\u00e4rsjuridik f\u00f6r f\u00f6retag i alla storlekar. Vi hj\u00e4lper dig hantera juridiska fr\u00e5gor med kvalitet och omsorg.","twitter_image":"https:\/\/media1.advokatavans.se\/2024\/10\/Advokatfirman-Avans-Sociala-Medier-2-1.png","twitter_misc":{"Estimated reading time":"2 minutes"},"schema":{"@context":"https:\/\/schema.org","@graph":[{"@type":"WebPage","@id":"https:\/\/advokatavans.se\/allman-affarsjuridik\/","url":"https:\/\/advokatavans.se\/allman-affarsjuridik\/","name":"Advokatfirman Avans - Allm\u00e4n aff\u00e4rsjuridik","isPartOf":{"@id":"https:\/\/advokatavans.se\/#website"},"datePublished":"2024-10-15T08:06:42+00:00","dateModified":"2026-03-10T08:10:41+00:00","description":"Advokatfirman Avans erbjuder juridisk expertis inom aff\u00e4rsjuridik f\u00f6r f\u00f6retag i alla storlekar. Vi hj\u00e4lper dig hantera juridiska fr\u00e5gor med kvalitet och omsorg.","breadcrumb":{"@id":"https:\/\/advokatavans.se\/allman-affarsjuridik\/#breadcrumb"},"inLanguage":"en-GB","potentialAction":[{"@type":"ReadAction","target":["https:\/\/advokatavans.se\/allman-affarsjuridik\/"]}]},{"@type":"BreadcrumbList","@id":"https:\/\/advokatavans.se\/allman-affarsjuridik\/#breadcrumb","itemListElement":[{"@type":"ListItem","position":1,"name":"Hem","item":"https:\/\/advokatavans.se\/"},{"@type":"ListItem","position":2,"name":"Allm\u00e4n aff\u00e4rsjuridik"}]},{"@type":"WebSite","@id":"https:\/\/advokatavans.se\/#website","url":"https:\/\/advokatavans.se\/","name":"AVANS LAW FIRM","description":"Din v\u00e4g till r\u00e4ttvisa \u2013 Vi st\u00e5r vid din sida.","publisher":{"@id":"https:\/\/advokatavans.se\/#organization"},"alternateName":"Advokatfirman Avans","potentialAction":[{"@type":"SearchAction","target":{"@type":"EntryPoint","urlTemplate":"https:\/\/advokatavans.se\/?s={search_term_string}"},"query-input":{"@type":"PropertyValueSpecification","valueRequired":true,"valueName":"search_term_string"}}],"inLanguage":"en-GB"},{"@type":"Organization","@id":"https:\/\/advokatavans.se\/#organization","name":"AVANS LAW FIRM","alternateName":"Advokatfirman Avans","url":"https:\/\/advokatavans.se\/","logo":{"@type":"ImageObject","inLanguage":"en-GB","@id":"https:\/\/advokatavans.se\/#\/schema\/logo\/image\/","url":"https:\/\/media1.advokatavans.se\/2020\/03\/Logga-svart-liten.png","contentUrl":"https:\/\/media1.advokatavans.se\/2020\/03\/Logga-svart-liten.png","width":300,"height":134,"caption":"Advokatfirman Avans"},"image":{"@id":"https:\/\/advokatavans.se\/#\/schema\/logo\/image\/"},"sameAs":["https:\/\/www.facebook.com\/profile.php?id=61565887347409","https:\/\/www.instagram.com\/advokatavans\/"]}]}},"_links":{"self":[{"href":"https:\/\/advokatavans.se\/en\/wp-json\/wp\/v2\/pages\/2336","targetHints":{"allow":["GET"]}}],"collection":[{"href":"https:\/\/advokatavans.se\/en\/wp-json\/wp\/v2\/pages"}],"about":[{"href":"https:\/\/advokatavans.se\/en\/wp-json\/wp\/v2\/types\/page"}],"author":[{"embeddable":true,"href":"https:\/\/advokatavans.se\/en\/wp-json\/wp\/v2\/users\/1"}],"replies":[{"embeddable":true,"href":"https:\/\/advokatavans.se\/en\/wp-json\/wp\/v2\/comments?post=2336"}],"version-history":[{"count":16,"href":"https:\/\/advokatavans.se\/en\/wp-json\/wp\/v2\/pages\/2336\/revisions"}],"predecessor-version":[{"id":3055,"href":"https:\/\/advokatavans.se\/en\/wp-json\/wp\/v2\/pages\/2336\/revisions\/3055"}],"wp:attachment":[{"href":"https:\/\/advokatavans.se\/en\/wp-json\/wp\/v2\/media?parent=2336"}],"curies":[{"name":"wp","href":"https:\/\/api.w.org\/{rel}","templated":true}]}}