{"id":1664,"date":"2024-10-03T17:52:20","date_gmt":"2024-10-03T17:52:20","guid":{"rendered":"https:\/\/advokatavans.se\/?page_id=1664"},"modified":"2026-03-09T15:07:20","modified_gmt":"2026-03-09T15:07:20","slug":"integritetspolicy","status":"publish","type":"page","link":"https:\/\/advokatavans.se\/en\/integritetspolicy\/","title":{"rendered":"Privacy Policy"},"content":{"rendered":"<div data-elementor-type=\"wp-page\" data-elementor-id=\"1664\" class=\"elementor elementor-1664\" data-elementor-post-type=\"page\">\n\t\t\t\t<div class=\"elementor-element elementor-element-3c9c6ee e-flex e-con-boxed e-con e-parent\" data-id=\"3c9c6ee\" data-element_type=\"container\" data-e-type=\"container\">\n\t\t\t\t\t<div class=\"e-con-inner\">\n\t\t<div class=\"elementor-element elementor-element-9dc4099 e-con-full e-flex e-con e-child\" data-id=\"9dc4099\" data-element_type=\"container\" data-e-type=\"container\">\n\t\t\t\t<div class=\"elementor-element elementor-element-2875551 elementor-widget elementor-widget-heading\" data-id=\"2875551\" data-element_type=\"widget\" data-e-type=\"widget\" data-widget_type=\"heading.default\">\n\t\t\t\t<div class=\"elementor-widget-container\">\n\t\t\t\t\t<h1 class=\"elementor-heading-title elementor-size-default\">Privacy Policy<\/h1>\t\t\t\t<\/div>\n\t\t\t\t<\/div>\n\t\t\t\t<div class=\"elementor-element elementor-element-bbdc7b3 elementor-widget elementor-widget-heading\" data-id=\"bbdc7b3\" data-element_type=\"widget\" data-e-type=\"widget\" data-widget_type=\"heading.default\">\n\t\t\t\t<div class=\"elementor-widget-container\">\n\t\t\t\t\t<h2 class=\"elementor-heading-title elementor-size-default\">The privacy policy was updated on October 3, 2024.\n<\/h2>\t\t\t\t<\/div>\n\t\t\t\t<\/div>\n\t\t\t\t<div class=\"elementor-element elementor-element-f85a4c9 elementor-widget__width-inherit elementor-widget elementor-widget-text-editor\" data-id=\"f85a4c9\" data-element_type=\"widget\" data-e-type=\"widget\" data-widget_type=\"text-editor.default\">\n\t\t\t\t<div class=\"elementor-widget-container\">\n\t\t\t\t\t\t\t\t\t<p data-pm-slice=\"1 1 []\">Advokatfirman Avans Ab (Advokat Avans) v\u00e4rnar om s\u00e4kerheten kring era personuppgifter med st\u00f6rsta integritet och h\u00e4nsyn. V\u00e5r webbplats <strong><a href=\"https:\/\/Advokatavans.se\/\">https:\/\/Advokat avans.se\/<\/a><\/strong>\u00a0is encrypted with HTTPS\/SSL certificate. The certificate is to prevent unauthorized persons from seeing information sent between servers. Here we explain how we collect and use data to comply with applicable laws and regulations (GDPR). The information on this page may be updated.<\/p><h4>What data do we store and for how long?<\/h4><p>The data stored with us are the fields that the respective form contains. The personal data is collected and processed for the purpose of administering the action you have requested. Or as required by law, and is not stored longer than is necessary to fulfill this purpose. If you submit your personal data\/fill out a form to Advokat Avans via this website, you consent to its processing, in accordance with this policy.<\/p><h4>Purpose of the collection<\/h4><p>We collect information to contact, establish and\/or maintain a business relationship or inquiry.<\/p><h4>Amendment\/deletion and right to information about personal data<\/h4><p>You always have the opportunity and right to request access to the information we have stored. You also have the right to request modification or deletion of your information. To do this, contact us via email. When you are a customer with us, we always need your information to be able to continue our cooperation.<\/p><h4>Sharing data with third parties<\/h4><p>Advokat Avans may, in some cases, forward your personal data to third parties and partners if it is deemed necessary to fulfill your request for our services. Your personal data will only be stored for the period necessary in view of the purpose of the processing, unless otherwise stated in this policy. The information will be assigned to:<\/p><h4>Mailchimp<\/h4><p>A newsletter tool that is only used to send information to our existing customers.<\/p><h4>Google Analytics<\/h4><p>We use Google Analytics script to get statistics. Google Analytics collects information about which websites visitors are on. These statistics are then presented to website owners.<\/p><h4>Facebook pixel<\/h4><p>We use Facebook's pixel to track activities on the website which we can use for various marketing purposes.<\/p><h4>Security<\/h4><p>Personal data is stored at Advokat Avans. We do everything we can to ensure that your data is processed securely. We have internal procedures, login requirements and SSL to ensure that unauthorized persons do not access our clients' or visitors' data.<\/p><h4>Use of cookies<\/h4><p>This website uses cookies. Cookies are text files that are stored on your computer. You can always clear, enable and manage cookies in your browser.<\/p><h4>Cookies we use<\/h4><p>Session cookies: These types of cookies are only stored temporarily in your browser when you visit the website. When you close the website, these session cookies disappear. They help you, among other things, to save settings.<\/p><p>Persistent cookies: These are cookies that your browser saves for a longer, limited period of time. They improve your user experience and remember your settings for your next visit.<\/p><h4>Reject cookies<\/h4><p>You can always clear, enable and manage cookies in your browser. You can also set your browser to automatically reject cookies. More information about this can be found in your browser's help pages.<\/p><h4>Contact details<\/h4><p class=\"translation-block\">If you as a visitor or customer have questions about how we process personal data or want to change\/delete the data, please contact the data controller via email: <strong><a href=\"mailto:info@advokatavan.se\" target=\"_self\">info@advokatavan.se<\/a><\/strong><\/p><p>Advokatfirman Avans AB <br \/>org.nr: 559104-8292<br \/>Polhemsgatan 20B, 112 36 Stockholm.<\/p><p class=\"translation-block\"><strong>Data Protection Officer<\/strong>: Advokatfirman Avans AB<br>E-mail: <strong><a href=\"mailto:info@advokatavans.se\" target=\"_self\">info@advokatavans.se<\/a><\/strong><\/p>\t\t\t\t\t\t\t\t<\/div>\n\t\t\t\t<\/div>\n\t\t\t\t<\/div>\n\t\t\t\t\t<\/div>\n\t\t\t\t<\/div>\n\t\t\t\t<\/div>","protected":false},"excerpt":{"rendered":"<p>Integritetspolicy Integritetspolicyn uppdaterades den 3 Oktober 2024. Advokatfirman Avans Ab (Advokat Avans) v\u00e4rnar om s\u00e4kerheten kring era personuppgifter med st\u00f6rsta integritet och h\u00e4nsyn. V\u00e5r webbplats https:\/\/Advokat avans.se\/\u00a0\u00e4r krypterad med HTTPS\/SSL-certifikat. Certifikatet \u00e4r till f\u00f6r att f\u00f6rhindra obeh\u00f6riga personer att se information som skickas mellan servrar. H\u00e4r f\u00f6rklarar vi hur vi samlar in och anv\u00e4nder data [&hellip;]<\/p>\n","protected":false},"author":1,"featured_media":2098,"parent":0,"menu_order":0,"comment_status":"closed","ping_status":"closed","template":"elementor_header_footer","meta":{"footnotes":""},"class_list":["post-1664","page","type-page","status-publish","has-post-thumbnail","hentry"],"yoast_head":"<!-- This site is optimized with the Yoast SEO plugin v27.3 - https:\/\/yoast.com\/product\/yoast-seo-wordpress\/ -->\n<title>Advokatfirman Avans - Integritetspolicy<\/title>\n<meta name=\"description\" content=\"Advokatfirman Avans Ab (Advokat Avans) v\u00e4rnar om s\u00e4kerheten kring era personuppgifter med st\u00f6rsta integritet och h\u00e4nsyn.\" \/>\n<meta name=\"robots\" content=\"index, follow, max-snippet:-1, max-image-preview:large, max-video-preview:-1\" \/>\n<link rel=\"canonical\" href=\"https:\/\/advokatavans.se\/en\/integritetspolicy\/\" \/>\n<meta property=\"og:locale\" content=\"en_GB\" \/>\n<meta property=\"og:type\" content=\"article\" \/>\n<meta property=\"og:title\" content=\"Integritetspolicy\" \/>\n<meta property=\"og:description\" content=\"Advokatfirman Avans Ab (Advokat Avans) v\u00e4rnar om s\u00e4kerheten kring era personuppgifter med st\u00f6rsta integritet och h\u00e4nsyn.\" \/>\n<meta property=\"og:url\" content=\"https:\/\/advokatavans.se\/en\/integritetspolicy\/\" \/>\n<meta property=\"og:site_name\" content=\"Advokatfirman Avans\" \/>\n<meta property=\"article:publisher\" content=\"https:\/\/www.facebook.com\/profile.php?id=61565887347409\" \/>\n<meta property=\"article:modified_time\" content=\"2026-03-09T15:07:20+00:00\" \/>\n<meta property=\"og:image\" content=\"http:\/\/media1.advokatavans.se\/2024\/10\/Advokatfirman-Avans-Sociala-Medier-2-1.png\" \/>\n\t<meta property=\"og:image:width\" content=\"707\" \/>\n\t<meta property=\"og:image:height\" content=\"500\" \/>\n\t<meta property=\"og:image:type\" content=\"image\/png\" \/>\n<meta name=\"twitter:card\" content=\"summary_large_image\" \/>\n<meta name=\"twitter:title\" content=\"Integritetspolicy\" \/>\n<meta name=\"twitter:description\" content=\"Advokatfirman Avans Ab (Advokat Avans) v\u00e4rnar om s\u00e4kerheten kring era personuppgifter med st\u00f6rsta integritet och h\u00e4nsyn.\" \/>\n<meta name=\"twitter:image\" content=\"https:\/\/media1.advokatavans.se\/2024\/10\/Advokatfirman-Avans-Sociala-Medier-2-1.png\" \/>\n<meta name=\"twitter:label1\" content=\"Estimated reading time\" \/>\n\t<meta name=\"twitter:data1\" content=\"3 minutes\" \/>\n<script type=\"application\/ld+json\" class=\"yoast-schema-graph\">{\"@context\":\"https:\\\/\\\/schema.org\",\"@graph\":[{\"@type\":\"WebPage\",\"@id\":\"https:\\\/\\\/advokatavans.se\\\/integritetspolicy\\\/\",\"url\":\"https:\\\/\\\/advokatavans.se\\\/integritetspolicy\\\/\",\"name\":\"Advokatfirman Avans - Integritetspolicy\",\"isPartOf\":{\"@id\":\"https:\\\/\\\/advokatavans.se\\\/#website\"},\"primaryImageOfPage\":{\"@id\":\"https:\\\/\\\/advokatavans.se\\\/integritetspolicy\\\/#primaryimage\"},\"image\":{\"@id\":\"https:\\\/\\\/advokatavans.se\\\/integritetspolicy\\\/#primaryimage\"},\"thumbnailUrl\":\"https:\\\/\\\/media1.advokatavans.se\\\/2024\\\/10\\\/Advokatfirman-Avans-Sociala-Medier-2-1.png\",\"datePublished\":\"2024-10-03T17:52:20+00:00\",\"dateModified\":\"2026-03-09T15:07:20+00:00\",\"description\":\"Advokatfirman Avans Ab (Advokat Avans) v\u00e4rnar om s\u00e4kerheten kring era personuppgifter med st\u00f6rsta integritet och h\u00e4nsyn.\",\"breadcrumb\":{\"@id\":\"https:\\\/\\\/advokatavans.se\\\/integritetspolicy\\\/#breadcrumb\"},\"inLanguage\":\"en-GB\",\"potentialAction\":[{\"@type\":\"ReadAction\",\"target\":[\"https:\\\/\\\/advokatavans.se\\\/integritetspolicy\\\/\"]}]},{\"@type\":\"ImageObject\",\"inLanguage\":\"en-GB\",\"@id\":\"https:\\\/\\\/advokatavans.se\\\/integritetspolicy\\\/#primaryimage\",\"url\":\"https:\\\/\\\/media1.advokatavans.se\\\/2024\\\/10\\\/Advokatfirman-Avans-Sociala-Medier-2-1.png\",\"contentUrl\":\"https:\\\/\\\/media1.advokatavans.se\\\/2024\\\/10\\\/Advokatfirman-Avans-Sociala-Medier-2-1.png\",\"width\":707,\"height\":500,\"caption\":\"Denna bild visas f\u00f6r Advokatfirman Avans sociala medie profiler\"},{\"@type\":\"BreadcrumbList\",\"@id\":\"https:\\\/\\\/advokatavans.se\\\/integritetspolicy\\\/#breadcrumb\",\"itemListElement\":[{\"@type\":\"ListItem\",\"position\":1,\"name\":\"Hem\",\"item\":\"https:\\\/\\\/advokatavans.se\\\/\"},{\"@type\":\"ListItem\",\"position\":2,\"name\":\"Integritetspolicy\"}]},{\"@type\":\"WebSite\",\"@id\":\"https:\\\/\\\/advokatavans.se\\\/#website\",\"url\":\"https:\\\/\\\/advokatavans.se\\\/\",\"name\":\"Advokatfirman Avans\",\"description\":\"Din v\u00e4g till r\u00e4ttvisa \u2013 Vi st\u00e5r vid din sida.\",\"publisher\":{\"@id\":\"https:\\\/\\\/advokatavans.se\\\/#organization\"},\"alternateName\":\"Advokatfirman Avans\",\"potentialAction\":[{\"@type\":\"SearchAction\",\"target\":{\"@type\":\"EntryPoint\",\"urlTemplate\":\"https:\\\/\\\/advokatavans.se\\\/?s={search_term_string}\"},\"query-input\":{\"@type\":\"PropertyValueSpecification\",\"valueRequired\":true,\"valueName\":\"search_term_string\"}}],\"inLanguage\":\"en-GB\"},{\"@type\":\"Organization\",\"@id\":\"https:\\\/\\\/advokatavans.se\\\/#organization\",\"name\":\"Advokatfirman Avans\",\"alternateName\":\"Advokatfirman Avans\",\"url\":\"https:\\\/\\\/advokatavans.se\\\/\",\"logo\":{\"@type\":\"ImageObject\",\"inLanguage\":\"en-GB\",\"@id\":\"https:\\\/\\\/advokatavans.se\\\/#\\\/schema\\\/logo\\\/image\\\/\",\"url\":\"https:\\\/\\\/media1.advokatavans.se\\\/2020\\\/03\\\/Logga-svart-liten.png\",\"contentUrl\":\"https:\\\/\\\/media1.advokatavans.se\\\/2020\\\/03\\\/Logga-svart-liten.png\",\"width\":300,\"height\":134,\"caption\":\"Advokatfirman Avans\"},\"image\":{\"@id\":\"https:\\\/\\\/advokatavans.se\\\/#\\\/schema\\\/logo\\\/image\\\/\"},\"sameAs\":[\"https:\\\/\\\/www.facebook.com\\\/profile.php?id=61565887347409\",\"https:\\\/\\\/www.instagram.com\\\/advokatavans\\\/\"]}]}<\/script>\n<!-- \/ Yoast SEO plugin. -->","yoast_head_json":{"title":"Advokatfirman Avans - Integritetspolicy","description":"Advokatfirman Avans Ab (Advokat Avans) v\u00e4rnar om s\u00e4kerheten kring era personuppgifter med st\u00f6rsta integritet och h\u00e4nsyn.","robots":{"index":"index","follow":"follow","max-snippet":"max-snippet:-1","max-image-preview":"max-image-preview:large","max-video-preview":"max-video-preview:-1"},"canonical":"https:\/\/advokatavans.se\/en\/integritetspolicy\/","og_locale":"en_GB","og_type":"article","og_title":"Integritetspolicy","og_description":"Advokatfirman Avans Ab (Advokat Avans) v\u00e4rnar om s\u00e4kerheten kring era personuppgifter med st\u00f6rsta integritet och h\u00e4nsyn.","og_url":"https:\/\/advokatavans.se\/en\/integritetspolicy\/","og_site_name":"Advokatfirman Avans","article_publisher":"https:\/\/www.facebook.com\/profile.php?id=61565887347409","article_modified_time":"2026-03-09T15:07:20+00:00","og_image":[{"width":707,"height":500,"url":"http:\/\/media1.advokatavans.se\/2024\/10\/Advokatfirman-Avans-Sociala-Medier-2-1.png","type":"image\/png"}],"twitter_card":"summary_large_image","twitter_title":"Integritetspolicy","twitter_description":"Advokatfirman Avans Ab (Advokat Avans) v\u00e4rnar om s\u00e4kerheten kring era personuppgifter med st\u00f6rsta integritet och h\u00e4nsyn.","twitter_image":"https:\/\/media1.advokatavans.se\/2024\/10\/Advokatfirman-Avans-Sociala-Medier-2-1.png","twitter_misc":{"Estimated reading time":"3 minutes"},"schema":{"@context":"https:\/\/schema.org","@graph":[{"@type":"WebPage","@id":"https:\/\/advokatavans.se\/integritetspolicy\/","url":"https:\/\/advokatavans.se\/integritetspolicy\/","name":"Advokatfirman Avans - Integritetspolicy","isPartOf":{"@id":"https:\/\/advokatavans.se\/#website"},"primaryImageOfPage":{"@id":"https:\/\/advokatavans.se\/integritetspolicy\/#primaryimage"},"image":{"@id":"https:\/\/advokatavans.se\/integritetspolicy\/#primaryimage"},"thumbnailUrl":"https:\/\/media1.advokatavans.se\/2024\/10\/Advokatfirman-Avans-Sociala-Medier-2-1.png","datePublished":"2024-10-03T17:52:20+00:00","dateModified":"2026-03-09T15:07:20+00:00","description":"Advokatfirman Avans Ab (Advokat Avans) v\u00e4rnar om s\u00e4kerheten kring era personuppgifter med st\u00f6rsta integritet och h\u00e4nsyn.","breadcrumb":{"@id":"https:\/\/advokatavans.se\/integritetspolicy\/#breadcrumb"},"inLanguage":"en-GB","potentialAction":[{"@type":"ReadAction","target":["https:\/\/advokatavans.se\/integritetspolicy\/"]}]},{"@type":"ImageObject","inLanguage":"en-GB","@id":"https:\/\/advokatavans.se\/integritetspolicy\/#primaryimage","url":"https:\/\/media1.advokatavans.se\/2024\/10\/Advokatfirman-Avans-Sociala-Medier-2-1.png","contentUrl":"https:\/\/media1.advokatavans.se\/2024\/10\/Advokatfirman-Avans-Sociala-Medier-2-1.png","width":707,"height":500,"caption":"Denna bild visas f\u00f6r Advokatfirman Avans sociala medie profiler"},{"@type":"BreadcrumbList","@id":"https:\/\/advokatavans.se\/integritetspolicy\/#breadcrumb","itemListElement":[{"@type":"ListItem","position":1,"name":"Hem","item":"https:\/\/advokatavans.se\/"},{"@type":"ListItem","position":2,"name":"Integritetspolicy"}]},{"@type":"WebSite","@id":"https:\/\/advokatavans.se\/#website","url":"https:\/\/advokatavans.se\/","name":"AVANS LAW FIRM","description":"Din v\u00e4g till r\u00e4ttvisa \u2013 Vi st\u00e5r vid din sida.","publisher":{"@id":"https:\/\/advokatavans.se\/#organization"},"alternateName":"Advokatfirman Avans","potentialAction":[{"@type":"SearchAction","target":{"@type":"EntryPoint","urlTemplate":"https:\/\/advokatavans.se\/?s={search_term_string}"},"query-input":{"@type":"PropertyValueSpecification","valueRequired":true,"valueName":"search_term_string"}}],"inLanguage":"en-GB"},{"@type":"Organization","@id":"https:\/\/advokatavans.se\/#organization","name":"AVANS LAW FIRM","alternateName":"Advokatfirman Avans","url":"https:\/\/advokatavans.se\/","logo":{"@type":"ImageObject","inLanguage":"en-GB","@id":"https:\/\/advokatavans.se\/#\/schema\/logo\/image\/","url":"https:\/\/media1.advokatavans.se\/2020\/03\/Logga-svart-liten.png","contentUrl":"https:\/\/media1.advokatavans.se\/2020\/03\/Logga-svart-liten.png","width":300,"height":134,"caption":"Advokatfirman Avans"},"image":{"@id":"https:\/\/advokatavans.se\/#\/schema\/logo\/image\/"},"sameAs":["https:\/\/www.facebook.com\/profile.php?id=61565887347409","https:\/\/www.instagram.com\/advokatavans\/"]}]}},"_links":{"self":[{"href":"https:\/\/advokatavans.se\/en\/wp-json\/wp\/v2\/pages\/1664","targetHints":{"allow":["GET"]}}],"collection":[{"href":"https:\/\/advokatavans.se\/en\/wp-json\/wp\/v2\/pages"}],"about":[{"href":"https:\/\/advokatavans.se\/en\/wp-json\/wp\/v2\/types\/page"}],"author":[{"embeddable":true,"href":"https:\/\/advokatavans.se\/en\/wp-json\/wp\/v2\/users\/1"}],"replies":[{"embeddable":true,"href":"https:\/\/advokatavans.se\/en\/wp-json\/wp\/v2\/comments?post=1664"}],"version-history":[{"count":16,"href":"https:\/\/advokatavans.se\/en\/wp-json\/wp\/v2\/pages\/1664\/revisions"}],"predecessor-version":[{"id":2943,"href":"https:\/\/advokatavans.se\/en\/wp-json\/wp\/v2\/pages\/1664\/revisions\/2943"}],"wp:featuredmedia":[{"embeddable":true,"href":"https:\/\/advokatavans.se\/en\/wp-json\/wp\/v2\/media\/2098"}],"wp:attachment":[{"href":"https:\/\/advokatavans.se\/en\/wp-json\/wp\/v2\/media?parent=1664"}],"curies":[{"name":"wp","href":"https:\/\/api.w.org\/{rel}","templated":true}]}}