{"id":1575,"date":"2024-10-03T16:45:30","date_gmt":"2024-10-03T16:45:30","guid":{"rendered":"https:\/\/advokatavans.se\/?page_id=1575"},"modified":"2026-03-10T08:10:37","modified_gmt":"2026-03-10T08:10:37","slug":"entreprenadratt","status":"publish","type":"page","link":"https:\/\/advokatavans.se\/en\/entreprenadratt\/","title":{"rendered":"Construction law"},"content":{"rendered":"<div data-elementor-type=\"wp-page\" data-elementor-id=\"1575\" class=\"elementor elementor-1575\" data-elementor-post-type=\"page\">\n\t\t\t\t<div class=\"elementor-element elementor-element-aa43ab2 e-flex e-con-boxed e-con e-parent\" data-id=\"aa43ab2\" data-element_type=\"container\" data-e-type=\"container\">\n\t\t\t\t\t<div class=\"e-con-inner\">\n\t\t<div class=\"elementor-element elementor-element-c7e0c86 e-con-full e-flex e-con e-child\" data-id=\"c7e0c86\" data-element_type=\"container\" data-e-type=\"container\" data-settings=\"{&quot;background_background&quot;:&quot;classic&quot;}\">\n\t\t<div class=\"elementor-element elementor-element-e7b66f1 e-con-full e-flex e-con e-child\" data-id=\"e7b66f1\" data-element_type=\"container\" data-e-type=\"container\">\n\t\t\t\t<div class=\"elementor-element elementor-element-8c7d575 elementor-widget elementor-widget-heading\" data-id=\"8c7d575\" data-element_type=\"widget\" data-e-type=\"widget\" data-widget_type=\"heading.default\">\n\t\t\t\t<div class=\"elementor-widget-container\">\n\t\t\t\t\t<h1 class=\"elementor-heading-title elementor-size-default\">Construction law<\/h1>\t\t\t\t<\/div>\n\t\t\t\t<\/div>\n\t\t\t\t<div class=\"elementor-element elementor-element-c2ba1f5 elementor-widget elementor-widget-text-editor\" data-id=\"c2ba1f5\" data-element_type=\"widget\" data-e-type=\"widget\" data-widget_type=\"text-editor.default\">\n\t\t\t\t<div class=\"elementor-widget-container\">\n\t\t\t\t\t\t\t\t\t<div class=\"flex-shrink-0 flex flex-col relative items-end\"><div class=\"pt-0\"><div class=\"gizmo-bot-avatar flex h-8 w-8 items-center justify-center overflow-hidden rounded-full\"><div class=\"relative p-1 rounded-sm flex items-center justify-center bg-token-main-surface-primary text-token-text-primary h-8 w-8\"><p>At Avans Law Firm, we offer legal expertise and support in construction law, assisting\ncontractors, clients, and subcontractors throughout the entire construction and civil\nengineering process. With our extensive experience and commitment to the highest quality\nstandards, we ensure that complex projects progress smoothly while safeguarding our clients'\nrights and interests.<\/p><p>Construction law encompasses the legal framework governing contracts and collaborations in\nconstruction and civil engineering projects. From contract drafting and project planning to\ndispute resolution and claims management, we ensure that our clients' business relationships\nare clearly and fairly regulated. Avans Law Firm provides guidance at every stage of the\nconstruction process, offering services such as contract reviews, risk assessments, and\nrepresentation in court or arbitration proceedings.<\/p><p>Avans Law Firm is committed to delivering top-quality legal services. We combine in-depth\nexpertise in construction law with a strong understanding of the commercial and technical\nconsiderations that influence each project. Our approach fosters trust and security for our\nclients while keeping their rights and interests at the forefront.<\/p><p>Whether you are negotiating a contract, facing a potential dispute, or need to ensure your project\ncomplies with legal requirements, Avans Law Firm is here to provide tailored support and\neffective solutions.<\/p><p>At Avans Law Firm, we also offer qualified assistance in Arabic.<\/p><p>Contact us today for more information on how we can assist you \u2013 Avans Law Firm is here to\nguide you through even the most challenging situations.<\/p><\/div><\/div><\/div><\/div>\t\t\t\t\t\t\t\t<\/div>\n\t\t\t\t<\/div>\n\t\t\t\t<div class=\"elementor-element elementor-element-502c083 elementor-align-left elementor-widget elementor-widget-button\" data-id=\"502c083\" data-element_type=\"widget\" data-e-type=\"widget\" data-widget_type=\"button.default\">\n\t\t\t\t<div class=\"elementor-widget-container\">\n\t\t\t\t\t\t\t\t\t<div class=\"elementor-button-wrapper\">\n\t\t\t\t\t<a class=\"elementor-button elementor-button-link elementor-size-sm\" href=\"https:\/\/advokatavans.se\/en\/vara-rattsomraden\/\" rel=\"nofollow\">\n\t\t\t\t\t\t<span class=\"elementor-button-content-wrapper\">\n\t\t\t\t\t\t\t\t\t<span class=\"elementor-button-text\">CONTACT US TODAY<\/span>\n\t\t\t\t\t<\/span>\n\t\t\t\t\t<\/a>\n\t\t\t\t<\/div>\n\t\t\t\t\t\t\t\t<\/div>\n\t\t\t\t<\/div>\n\t\t\t\t<\/div>\n\t\t\t\t<\/div>\n\t\t\t\t\t<\/div>\n\t\t\t\t<\/div>\n\t\t\t\t<\/div>","protected":false},"excerpt":{"rendered":"<p>Entreprenadr\u00e4tt Advokatfirman Avans erbjuder juridisk expertis och st\u00f6d inom entreprenadsr\u00e4tt, d\u00e4r vi bist\u00e5r s\u00e5v\u00e4l entrepren\u00f6rer och best\u00e4llare som underleverant\u00f6rer genom hela bygg- och anl\u00e4ggningsprocessen. Med v\u00e5r erfarenhet och h\u00f6ga kvalitetsstandard ser vi till att komplexa projekt kan fortl\u00f6pa smidigt, samtidigt som vi skyddar v\u00e5ra klienters r\u00e4ttigheter och intressen. Entreprenadsr\u00e4tt omfattar de juridiska regler som styr [&hellip;]<\/p>\n","protected":false},"author":1,"featured_media":2098,"parent":0,"menu_order":0,"comment_status":"closed","ping_status":"closed","template":"elementor_header_footer","meta":{"footnotes":""},"class_list":["post-1575","page","type-page","status-publish","has-post-thumbnail","hentry"],"yoast_head":"<!-- This site is optimized with the Yoast SEO plugin v27.3 - https:\/\/yoast.com\/product\/yoast-seo-wordpress\/ -->\n<title>Advokatfirman Avans - Entreprenadr\u00e4tt<\/title>\n<meta name=\"description\" content=\"Vi erbjuder juridisk r\u00e5dgivning f\u00f6r bygg- och anl\u00e4ggningsprojekt, fr\u00e5n avtal till tvistel\u00f6sning. Advokatfirman Avans skyddar dina r\u00e4ttigheter.\" \/>\n<meta name=\"robots\" content=\"index, follow, max-snippet:-1, max-image-preview:large, max-video-preview:-1\" \/>\n<link rel=\"canonical\" href=\"https:\/\/advokatavans.se\/en\/entreprenadratt\/\" \/>\n<meta property=\"og:locale\" content=\"en_GB\" \/>\n<meta property=\"og:type\" content=\"article\" \/>\n<meta property=\"og:title\" content=\"Entreprenadr\u00e4tt\" \/>\n<meta property=\"og:description\" content=\"Vi erbjuder juridisk r\u00e5dgivning f\u00f6r bygg- och anl\u00e4ggningsprojekt, fr\u00e5n avtal till tvistel\u00f6sning. Advokatfirman Avans skyddar dina r\u00e4ttigheter.\" \/>\n<meta property=\"og:url\" content=\"https:\/\/advokatavans.se\/en\/entreprenadratt\/\" \/>\n<meta property=\"og:site_name\" content=\"Advokatfirman Avans\" \/>\n<meta property=\"article:publisher\" content=\"https:\/\/www.facebook.com\/profile.php?id=61565887347409\" \/>\n<meta property=\"article:modified_time\" content=\"2026-03-10T08:10:37+00:00\" \/>\n<meta property=\"og:image\" content=\"http:\/\/media1.advokatavans.se\/2024\/10\/Advokatfirman-Avans-Sociala-Medier-2-1.png\" \/>\n\t<meta property=\"og:image:width\" content=\"707\" \/>\n\t<meta property=\"og:image:height\" content=\"500\" \/>\n\t<meta property=\"og:image:type\" content=\"image\/png\" \/>\n<meta name=\"twitter:card\" content=\"summary_large_image\" \/>\n<meta name=\"twitter:title\" content=\"Entreprenadr\u00e4tt\" \/>\n<meta name=\"twitter:description\" content=\"Vi erbjuder juridisk r\u00e5dgivning f\u00f6r bygg- och anl\u00e4ggningsprojekt, fr\u00e5n avtal till tvistel\u00f6sning. Advokatfirman Avans skyddar dina r\u00e4ttigheter.\" \/>\n<meta name=\"twitter:image\" content=\"https:\/\/media1.advokatavans.se\/2024\/10\/Advokatfirman-Avans-Sociala-Medier-2-1.png\" \/>\n<meta name=\"twitter:label1\" content=\"Estimated reading time\" \/>\n\t<meta name=\"twitter:data1\" content=\"2 minutes\" \/>\n<script type=\"application\/ld+json\" class=\"yoast-schema-graph\">{\"@context\":\"https:\\\/\\\/schema.org\",\"@graph\":[{\"@type\":\"WebPage\",\"@id\":\"https:\\\/\\\/advokatavans.se\\\/entreprenadratt\\\/\",\"url\":\"https:\\\/\\\/advokatavans.se\\\/entreprenadratt\\\/\",\"name\":\"Advokatfirman Avans - Entreprenadr\u00e4tt\",\"isPartOf\":{\"@id\":\"https:\\\/\\\/advokatavans.se\\\/#website\"},\"primaryImageOfPage\":{\"@id\":\"https:\\\/\\\/advokatavans.se\\\/entreprenadratt\\\/#primaryimage\"},\"image\":{\"@id\":\"https:\\\/\\\/advokatavans.se\\\/entreprenadratt\\\/#primaryimage\"},\"thumbnailUrl\":\"https:\\\/\\\/media1.advokatavans.se\\\/2024\\\/10\\\/Advokatfirman-Avans-Sociala-Medier-2-1.png\",\"datePublished\":\"2024-10-03T16:45:30+00:00\",\"dateModified\":\"2026-03-10T08:10:37+00:00\",\"description\":\"Vi erbjuder juridisk r\u00e5dgivning f\u00f6r bygg- och anl\u00e4ggningsprojekt, fr\u00e5n avtal till tvistel\u00f6sning. Advokatfirman Avans skyddar dina r\u00e4ttigheter.\",\"breadcrumb\":{\"@id\":\"https:\\\/\\\/advokatavans.se\\\/entreprenadratt\\\/#breadcrumb\"},\"inLanguage\":\"en-GB\",\"potentialAction\":[{\"@type\":\"ReadAction\",\"target\":[\"https:\\\/\\\/advokatavans.se\\\/entreprenadratt\\\/\"]}]},{\"@type\":\"ImageObject\",\"inLanguage\":\"en-GB\",\"@id\":\"https:\\\/\\\/advokatavans.se\\\/entreprenadratt\\\/#primaryimage\",\"url\":\"https:\\\/\\\/media1.advokatavans.se\\\/2024\\\/10\\\/Advokatfirman-Avans-Sociala-Medier-2-1.png\",\"contentUrl\":\"https:\\\/\\\/media1.advokatavans.se\\\/2024\\\/10\\\/Advokatfirman-Avans-Sociala-Medier-2-1.png\",\"width\":707,\"height\":500,\"caption\":\"Denna bild visas f\u00f6r Advokatfirman Avans sociala medie profiler\"},{\"@type\":\"BreadcrumbList\",\"@id\":\"https:\\\/\\\/advokatavans.se\\\/entreprenadratt\\\/#breadcrumb\",\"itemListElement\":[{\"@type\":\"ListItem\",\"position\":1,\"name\":\"Hem\",\"item\":\"https:\\\/\\\/advokatavans.se\\\/\"},{\"@type\":\"ListItem\",\"position\":2,\"name\":\"Entreprenadr\u00e4tt\"}]},{\"@type\":\"WebSite\",\"@id\":\"https:\\\/\\\/advokatavans.se\\\/#website\",\"url\":\"https:\\\/\\\/advokatavans.se\\\/\",\"name\":\"Advokatfirman Avans\",\"description\":\"Din v\u00e4g till r\u00e4ttvisa \u2013 Vi st\u00e5r vid din sida.\",\"publisher\":{\"@id\":\"https:\\\/\\\/advokatavans.se\\\/#organization\"},\"alternateName\":\"Advokatfirman Avans\",\"potentialAction\":[{\"@type\":\"SearchAction\",\"target\":{\"@type\":\"EntryPoint\",\"urlTemplate\":\"https:\\\/\\\/advokatavans.se\\\/?s={search_term_string}\"},\"query-input\":{\"@type\":\"PropertyValueSpecification\",\"valueRequired\":true,\"valueName\":\"search_term_string\"}}],\"inLanguage\":\"en-GB\"},{\"@type\":\"Organization\",\"@id\":\"https:\\\/\\\/advokatavans.se\\\/#organization\",\"name\":\"Advokatfirman Avans\",\"alternateName\":\"Advokatfirman Avans\",\"url\":\"https:\\\/\\\/advokatavans.se\\\/\",\"logo\":{\"@type\":\"ImageObject\",\"inLanguage\":\"en-GB\",\"@id\":\"https:\\\/\\\/advokatavans.se\\\/#\\\/schema\\\/logo\\\/image\\\/\",\"url\":\"https:\\\/\\\/media1.advokatavans.se\\\/2020\\\/03\\\/Logga-svart-liten.png\",\"contentUrl\":\"https:\\\/\\\/media1.advokatavans.se\\\/2020\\\/03\\\/Logga-svart-liten.png\",\"width\":300,\"height\":134,\"caption\":\"Advokatfirman Avans\"},\"image\":{\"@id\":\"https:\\\/\\\/advokatavans.se\\\/#\\\/schema\\\/logo\\\/image\\\/\"},\"sameAs\":[\"https:\\\/\\\/www.facebook.com\\\/profile.php?id=61565887347409\",\"https:\\\/\\\/www.instagram.com\\\/advokatavans\\\/\"]}]}<\/script>\n<!-- \/ Yoast SEO plugin. -->","yoast_head_json":{"title":"Advokatfirman Avans - Entreprenadr\u00e4tt","description":"Vi erbjuder juridisk r\u00e5dgivning f\u00f6r bygg- och anl\u00e4ggningsprojekt, fr\u00e5n avtal till tvistel\u00f6sning. Advokatfirman Avans skyddar dina r\u00e4ttigheter.","robots":{"index":"index","follow":"follow","max-snippet":"max-snippet:-1","max-image-preview":"max-image-preview:large","max-video-preview":"max-video-preview:-1"},"canonical":"https:\/\/advokatavans.se\/en\/entreprenadratt\/","og_locale":"en_GB","og_type":"article","og_title":"Entreprenadr\u00e4tt","og_description":"Vi erbjuder juridisk r\u00e5dgivning f\u00f6r bygg- och anl\u00e4ggningsprojekt, fr\u00e5n avtal till tvistel\u00f6sning. Advokatfirman Avans skyddar dina r\u00e4ttigheter.","og_url":"https:\/\/advokatavans.se\/en\/entreprenadratt\/","og_site_name":"Advokatfirman Avans","article_publisher":"https:\/\/www.facebook.com\/profile.php?id=61565887347409","article_modified_time":"2026-03-10T08:10:37+00:00","og_image":[{"width":707,"height":500,"url":"http:\/\/media1.advokatavans.se\/2024\/10\/Advokatfirman-Avans-Sociala-Medier-2-1.png","type":"image\/png"}],"twitter_card":"summary_large_image","twitter_title":"Entreprenadr\u00e4tt","twitter_description":"Vi erbjuder juridisk r\u00e5dgivning f\u00f6r bygg- och anl\u00e4ggningsprojekt, fr\u00e5n avtal till tvistel\u00f6sning. Advokatfirman Avans skyddar dina r\u00e4ttigheter.","twitter_image":"https:\/\/media1.advokatavans.se\/2024\/10\/Advokatfirman-Avans-Sociala-Medier-2-1.png","twitter_misc":{"Estimated reading time":"2 minutes"},"schema":{"@context":"https:\/\/schema.org","@graph":[{"@type":"WebPage","@id":"https:\/\/advokatavans.se\/entreprenadratt\/","url":"https:\/\/advokatavans.se\/entreprenadratt\/","name":"Advokatfirman Avans - Entreprenadr\u00e4tt","isPartOf":{"@id":"https:\/\/advokatavans.se\/#website"},"primaryImageOfPage":{"@id":"https:\/\/advokatavans.se\/entreprenadratt\/#primaryimage"},"image":{"@id":"https:\/\/advokatavans.se\/entreprenadratt\/#primaryimage"},"thumbnailUrl":"https:\/\/media1.advokatavans.se\/2024\/10\/Advokatfirman-Avans-Sociala-Medier-2-1.png","datePublished":"2024-10-03T16:45:30+00:00","dateModified":"2026-03-10T08:10:37+00:00","description":"Vi erbjuder juridisk r\u00e5dgivning f\u00f6r bygg- och anl\u00e4ggningsprojekt, fr\u00e5n avtal till tvistel\u00f6sning. Advokatfirman Avans skyddar dina r\u00e4ttigheter.","breadcrumb":{"@id":"https:\/\/advokatavans.se\/entreprenadratt\/#breadcrumb"},"inLanguage":"en-GB","potentialAction":[{"@type":"ReadAction","target":["https:\/\/advokatavans.se\/entreprenadratt\/"]}]},{"@type":"ImageObject","inLanguage":"en-GB","@id":"https:\/\/advokatavans.se\/entreprenadratt\/#primaryimage","url":"https:\/\/media1.advokatavans.se\/2024\/10\/Advokatfirman-Avans-Sociala-Medier-2-1.png","contentUrl":"https:\/\/media1.advokatavans.se\/2024\/10\/Advokatfirman-Avans-Sociala-Medier-2-1.png","width":707,"height":500,"caption":"Denna bild visas f\u00f6r Advokatfirman Avans sociala medie profiler"},{"@type":"BreadcrumbList","@id":"https:\/\/advokatavans.se\/entreprenadratt\/#breadcrumb","itemListElement":[{"@type":"ListItem","position":1,"name":"Hem","item":"https:\/\/advokatavans.se\/"},{"@type":"ListItem","position":2,"name":"Entreprenadr\u00e4tt"}]},{"@type":"WebSite","@id":"https:\/\/advokatavans.se\/#website","url":"https:\/\/advokatavans.se\/","name":"AVANS LAW FIRM","description":"Din v\u00e4g till r\u00e4ttvisa \u2013 Vi st\u00e5r vid din sida.","publisher":{"@id":"https:\/\/advokatavans.se\/#organization"},"alternateName":"Advokatfirman Avans","potentialAction":[{"@type":"SearchAction","target":{"@type":"EntryPoint","urlTemplate":"https:\/\/advokatavans.se\/?s={search_term_string}"},"query-input":{"@type":"PropertyValueSpecification","valueRequired":true,"valueName":"search_term_string"}}],"inLanguage":"en-GB"},{"@type":"Organization","@id":"https:\/\/advokatavans.se\/#organization","name":"AVANS LAW FIRM","alternateName":"Advokatfirman Avans","url":"https:\/\/advokatavans.se\/","logo":{"@type":"ImageObject","inLanguage":"en-GB","@id":"https:\/\/advokatavans.se\/#\/schema\/logo\/image\/","url":"https:\/\/media1.advokatavans.se\/2020\/03\/Logga-svart-liten.png","contentUrl":"https:\/\/media1.advokatavans.se\/2020\/03\/Logga-svart-liten.png","width":300,"height":134,"caption":"Advokatfirman Avans"},"image":{"@id":"https:\/\/advokatavans.se\/#\/schema\/logo\/image\/"},"sameAs":["https:\/\/www.facebook.com\/profile.php?id=61565887347409","https:\/\/www.instagram.com\/advokatavans\/"]}]}},"_links":{"self":[{"href":"https:\/\/advokatavans.se\/en\/wp-json\/wp\/v2\/pages\/1575","targetHints":{"allow":["GET"]}}],"collection":[{"href":"https:\/\/advokatavans.se\/en\/wp-json\/wp\/v2\/pages"}],"about":[{"href":"https:\/\/advokatavans.se\/en\/wp-json\/wp\/v2\/types\/page"}],"author":[{"embeddable":true,"href":"https:\/\/advokatavans.se\/en\/wp-json\/wp\/v2\/users\/1"}],"replies":[{"embeddable":true,"href":"https:\/\/advokatavans.se\/en\/wp-json\/wp\/v2\/comments?post=1575"}],"version-history":[{"count":17,"href":"https:\/\/advokatavans.se\/en\/wp-json\/wp\/v2\/pages\/1575\/revisions"}],"predecessor-version":[{"id":3052,"href":"https:\/\/advokatavans.se\/en\/wp-json\/wp\/v2\/pages\/1575\/revisions\/3052"}],"wp:featuredmedia":[{"embeddable":true,"href":"https:\/\/advokatavans.se\/en\/wp-json\/wp\/v2\/media\/2098"}],"wp:attachment":[{"href":"https:\/\/advokatavans.se\/en\/wp-json\/wp\/v2\/media?parent=1575"}],"curies":[{"name":"wp","href":"https:\/\/api.w.org\/{rel}","templated":true}]}}