{"id":1573,"date":"2024-10-03T16:45:17","date_gmt":"2024-10-03T16:45:17","guid":{"rendered":"https:\/\/advokatavans.se\/?page_id=1573"},"modified":"2026-03-10T08:10:35","modified_gmt":"2026-03-10T08:10:35","slug":"tvangsmal","status":"publish","type":"page","link":"https:\/\/advokatavans.se\/en\/tvangsmal\/","title":{"rendered":"Compulsory care"},"content":{"rendered":"<div data-elementor-type=\"wp-page\" data-elementor-id=\"1573\" class=\"elementor elementor-1573\" data-elementor-post-type=\"page\">\n\t\t\t\t<div class=\"elementor-element elementor-element-347bc0e e-flex e-con-boxed e-con e-parent\" data-id=\"347bc0e\" data-element_type=\"container\" data-e-type=\"container\">\n\t\t\t\t\t<div class=\"e-con-inner\">\n\t\t<div class=\"elementor-element elementor-element-b71c21f e-con-full e-flex e-con e-child\" data-id=\"b71c21f\" data-element_type=\"container\" data-e-type=\"container\" data-settings=\"{&quot;background_background&quot;:&quot;classic&quot;}\">\n\t\t<div class=\"elementor-element elementor-element-45ffd98 e-con-full e-flex e-con e-child\" data-id=\"45ffd98\" data-element_type=\"container\" data-e-type=\"container\">\n\t\t\t\t<div class=\"elementor-element elementor-element-abd9ecb elementor-widget elementor-widget-heading\" data-id=\"abd9ecb\" data-element_type=\"widget\" data-e-type=\"widget\" data-widget_type=\"heading.default\">\n\t\t\t\t<div class=\"elementor-widget-container\">\n\t\t\t\t\t<h1 class=\"elementor-heading-title elementor-size-default\">Compulsory care<\/h1>\t\t\t\t<\/div>\n\t\t\t\t<\/div>\n\t\t\t\t<div class=\"elementor-element elementor-element-a52daa9 elementor-widget elementor-widget-text-editor\" data-id=\"a52daa9\" data-element_type=\"widget\" data-e-type=\"widget\" data-widget_type=\"text-editor.default\">\n\t\t\t\t<div class=\"elementor-widget-container\">\n\t\t\t\t\t\t\t\t\t<div><div><div><div><p>In situations where authorities decide on compulsory care, individuals have the right to a public\ndefender. Being subjected to compulsory care represents a significant intervention in an\nindividual\u2019s life, making it crucial to have a public defender you trust. While the court appoints\nthe public defender, individuals have the right to request a specific one. The cost of the public\ndefender is covered by the state. If you are not entitled to a public defender, you can always\nchoose to hire a private representative.<\/p><p>Avans Law Firm provides expert legal assistance in cases involving compulsory measures, with a\nparticular focus on the Act on the Care of Young Persons (LVU) and the Act on Compulsory\nPsychiatric Care (LPT). Our expertise, experience, and commitment to client care ensure that\nyou receive the guidance and support necessary throughout the legal process.<\/p><p>At Avans Law Firm, we always put our clients\u2019 rights first. With a thorough understanding of both\nthe legal and human dimensions of compulsory care cases, we work to provide reassurance and\ntrust throughout the process. Our team is with you every step of the way, offering expert\nguidance and committed support.<\/p><p>Contact us today for more information on how we can assist you \u2013 Avans Law Firm is here to\nguide you through even the most challenging situations.<\/p><p>At Avans Law Firm, we also offer qualified assistance in Arabic.<\/p><p>Below you can read more about our services.<\/p><h5><strong>LVU \u2013 The Act on the Care of Young Persons<\/strong><\/h5><p>The LVU allows for compulsory care of children and young people who are at risk of harm due to\ntheir environment or their own behavior. When social services determine that compulsory\nmeasures are necessary to safeguard a child\u2019s health and development, an LVU decision may be\nmade.\nAvans Law Firm assists guardians and young people involved in LVU cases by providing legal\nadvice and representation, ensuring that their rights are upheld. Our deep understanding of the\nsensitivity of these cases, combined with extensive experience, enables us to offer secure and\ndedicated support throughout the process.<\/p><h5><strong>LPT \u2013 The Act on Compulsory Psychiatric Care<\/strong><\/h5><p>The LPT allows healthcare institutions to provide psychiatric care under compulsion when a\nperson, due to mental illness, is unable to consent to voluntary treatment, and there is a risk to\ntheir own or others' health and safety.\nAvans Law Firm supports clients subjected to compulsory care under the LPT, ensuring that their\nrights are respected. We have extensive experience in this area and diligently assess whether the\nlegal conditions for compulsory care have been met.<\/p><\/div><\/div><\/div><\/div>\t\t\t\t\t\t\t\t<\/div>\n\t\t\t\t<\/div>\n\t\t\t\t<div class=\"elementor-element elementor-element-6091ecd elementor-align-left elementor-widget elementor-widget-button\" data-id=\"6091ecd\" data-element_type=\"widget\" data-e-type=\"widget\" data-widget_type=\"button.default\">\n\t\t\t\t<div class=\"elementor-widget-container\">\n\t\t\t\t\t\t\t\t\t<div class=\"elementor-button-wrapper\">\n\t\t\t\t\t<a class=\"elementor-button elementor-button-link elementor-size-sm\" href=\"https:\/\/advokatavans.se\/en\/vara-rattsomraden\/\" rel=\"nofollow\">\n\t\t\t\t\t\t<span class=\"elementor-button-content-wrapper\">\n\t\t\t\t\t\t\t\t\t<span class=\"elementor-button-text\">CONTACT US TODAY<\/span>\n\t\t\t\t\t<\/span>\n\t\t\t\t\t<\/a>\n\t\t\t\t<\/div>\n\t\t\t\t\t\t\t\t<\/div>\n\t\t\t\t<\/div>\n\t\t\t\t<\/div>\n\t\t\t\t<\/div>\n\t\t\t\t\t<\/div>\n\t\t\t\t<\/div>\n\t\t\t\t<\/div>","protected":false},"excerpt":{"rendered":"<p>Tv\u00e5ngsm\u00e5l I de fall myndigheter beslutar om tv\u00e5ngsv\u00e5rd har den enskilde r\u00e4tt till ett offentligt bitr\u00e4de. Att v\u00e5rdas med tv\u00e5ng \u00e4r ett stort ingripande f\u00f6r den enskilde och det \u00e4r d\u00e4rf\u00f6r viktigt att du har ett offentligt bitr\u00e4de som du k\u00e4nner f\u00f6rtroende f\u00f6r. Det \u00e4r domstolen som f\u00f6rordnar det offentliga bitr\u00e4det men du som enskild [&hellip;]<\/p>\n","protected":false},"author":1,"featured_media":2098,"parent":0,"menu_order":0,"comment_status":"closed","ping_status":"closed","template":"elementor_header_footer","meta":{"footnotes":""},"class_list":["post-1573","page","type-page","status-publish","has-post-thumbnail","hentry"],"yoast_head":"<!-- This site is optimized with the Yoast SEO plugin v27.3 - https:\/\/yoast.com\/product\/yoast-seo-wordpress\/ -->\n<title>Advokatfirman Avans - Tv\u00e5ngsm\u00e5l<\/title>\n<meta name=\"description\" content=\"F\u00e5 juridiskt st\u00f6d inom LVU och LPT. Vi s\u00e4kerst\u00e4ller r\u00e4ttigheter i tv\u00e5ngsv\u00e5rds\u00e4renden med erfarenhet och engagemang.\" \/>\n<meta name=\"robots\" content=\"index, follow, max-snippet:-1, max-image-preview:large, max-video-preview:-1\" \/>\n<link rel=\"canonical\" href=\"https:\/\/advokatavans.se\/en\/tvangsmal\/\" \/>\n<meta property=\"og:locale\" content=\"en_GB\" \/>\n<meta property=\"og:type\" content=\"article\" \/>\n<meta property=\"og:title\" content=\"Tv\u00e5ngsm\u00e5l\" \/>\n<meta property=\"og:description\" content=\"F\u00e5 juridiskt st\u00f6d inom LVU och LPT. Vi s\u00e4kerst\u00e4ller r\u00e4ttigheter i tv\u00e5ngsv\u00e5rds\u00e4renden med erfarenhet och engagemang.\" \/>\n<meta property=\"og:url\" content=\"https:\/\/advokatavans.se\/en\/tvangsmal\/\" \/>\n<meta property=\"og:site_name\" content=\"Advokatfirman Avans\" \/>\n<meta property=\"article:publisher\" content=\"https:\/\/www.facebook.com\/profile.php?id=61565887347409\" \/>\n<meta property=\"article:modified_time\" content=\"2026-03-10T08:10:35+00:00\" \/>\n<meta property=\"og:image\" content=\"http:\/\/media1.advokatavans.se\/2024\/10\/Advokatfirman-Avans-Sociala-Medier-2-1.png\" \/>\n\t<meta property=\"og:image:width\" content=\"707\" \/>\n\t<meta property=\"og:image:height\" content=\"500\" \/>\n\t<meta property=\"og:image:type\" content=\"image\/png\" \/>\n<meta name=\"twitter:card\" content=\"summary_large_image\" \/>\n<meta name=\"twitter:title\" content=\"Tv\u00e5ngsm\u00e5l\" \/>\n<meta name=\"twitter:description\" content=\"F\u00e5 juridiskt st\u00f6d inom LVU och LPT. Vi s\u00e4kerst\u00e4ller r\u00e4ttigheter i tv\u00e5ngsv\u00e5rds\u00e4renden med erfarenhet och engagemang.\" \/>\n<meta name=\"twitter:image\" content=\"https:\/\/media1.advokatavans.se\/2024\/10\/Advokatfirman-Avans-Sociala-Medier-2-1.png\" \/>\n<meta name=\"twitter:label1\" content=\"Estimated reading time\" \/>\n\t<meta name=\"twitter:data1\" content=\"3 minutes\" \/>\n<script type=\"application\/ld+json\" class=\"yoast-schema-graph\">{\"@context\":\"https:\\\/\\\/schema.org\",\"@graph\":[{\"@type\":\"WebPage\",\"@id\":\"https:\\\/\\\/advokatavans.se\\\/tvangsmal\\\/\",\"url\":\"https:\\\/\\\/advokatavans.se\\\/tvangsmal\\\/\",\"name\":\"Advokatfirman Avans - Tv\u00e5ngsm\u00e5l\",\"isPartOf\":{\"@id\":\"https:\\\/\\\/advokatavans.se\\\/#website\"},\"primaryImageOfPage\":{\"@id\":\"https:\\\/\\\/advokatavans.se\\\/tvangsmal\\\/#primaryimage\"},\"image\":{\"@id\":\"https:\\\/\\\/advokatavans.se\\\/tvangsmal\\\/#primaryimage\"},\"thumbnailUrl\":\"https:\\\/\\\/media1.advokatavans.se\\\/2024\\\/10\\\/Advokatfirman-Avans-Sociala-Medier-2-1.png\",\"datePublished\":\"2024-10-03T16:45:17+00:00\",\"dateModified\":\"2026-03-10T08:10:35+00:00\",\"description\":\"F\u00e5 juridiskt st\u00f6d inom LVU och LPT. Vi s\u00e4kerst\u00e4ller r\u00e4ttigheter i tv\u00e5ngsv\u00e5rds\u00e4renden med erfarenhet och engagemang.\",\"breadcrumb\":{\"@id\":\"https:\\\/\\\/advokatavans.se\\\/tvangsmal\\\/#breadcrumb\"},\"inLanguage\":\"en-GB\",\"potentialAction\":[{\"@type\":\"ReadAction\",\"target\":[\"https:\\\/\\\/advokatavans.se\\\/tvangsmal\\\/\"]}]},{\"@type\":\"ImageObject\",\"inLanguage\":\"en-GB\",\"@id\":\"https:\\\/\\\/advokatavans.se\\\/tvangsmal\\\/#primaryimage\",\"url\":\"https:\\\/\\\/media1.advokatavans.se\\\/2024\\\/10\\\/Advokatfirman-Avans-Sociala-Medier-2-1.png\",\"contentUrl\":\"https:\\\/\\\/media1.advokatavans.se\\\/2024\\\/10\\\/Advokatfirman-Avans-Sociala-Medier-2-1.png\",\"width\":707,\"height\":500,\"caption\":\"Denna bild visas f\u00f6r Advokatfirman Avans sociala medie profiler\"},{\"@type\":\"BreadcrumbList\",\"@id\":\"https:\\\/\\\/advokatavans.se\\\/tvangsmal\\\/#breadcrumb\",\"itemListElement\":[{\"@type\":\"ListItem\",\"position\":1,\"name\":\"Hem\",\"item\":\"https:\\\/\\\/advokatavans.se\\\/\"},{\"@type\":\"ListItem\",\"position\":2,\"name\":\"Tv\u00e5ngsm\u00e5l\"}]},{\"@type\":\"WebSite\",\"@id\":\"https:\\\/\\\/advokatavans.se\\\/#website\",\"url\":\"https:\\\/\\\/advokatavans.se\\\/\",\"name\":\"Advokatfirman Avans\",\"description\":\"Din v\u00e4g till r\u00e4ttvisa \u2013 Vi st\u00e5r vid din sida.\",\"publisher\":{\"@id\":\"https:\\\/\\\/advokatavans.se\\\/#organization\"},\"alternateName\":\"Advokatfirman Avans\",\"potentialAction\":[{\"@type\":\"SearchAction\",\"target\":{\"@type\":\"EntryPoint\",\"urlTemplate\":\"https:\\\/\\\/advokatavans.se\\\/?s={search_term_string}\"},\"query-input\":{\"@type\":\"PropertyValueSpecification\",\"valueRequired\":true,\"valueName\":\"search_term_string\"}}],\"inLanguage\":\"en-GB\"},{\"@type\":\"Organization\",\"@id\":\"https:\\\/\\\/advokatavans.se\\\/#organization\",\"name\":\"Advokatfirman Avans\",\"alternateName\":\"Advokatfirman Avans\",\"url\":\"https:\\\/\\\/advokatavans.se\\\/\",\"logo\":{\"@type\":\"ImageObject\",\"inLanguage\":\"en-GB\",\"@id\":\"https:\\\/\\\/advokatavans.se\\\/#\\\/schema\\\/logo\\\/image\\\/\",\"url\":\"https:\\\/\\\/media1.advokatavans.se\\\/2020\\\/03\\\/Logga-svart-liten.png\",\"contentUrl\":\"https:\\\/\\\/media1.advokatavans.se\\\/2020\\\/03\\\/Logga-svart-liten.png\",\"width\":300,\"height\":134,\"caption\":\"Advokatfirman Avans\"},\"image\":{\"@id\":\"https:\\\/\\\/advokatavans.se\\\/#\\\/schema\\\/logo\\\/image\\\/\"},\"sameAs\":[\"https:\\\/\\\/www.facebook.com\\\/profile.php?id=61565887347409\",\"https:\\\/\\\/www.instagram.com\\\/advokatavans\\\/\"]}]}<\/script>\n<!-- \/ Yoast SEO plugin. -->","yoast_head_json":{"title":"Advokatfirman Avans - Tv\u00e5ngsm\u00e5l","description":"F\u00e5 juridiskt st\u00f6d inom LVU och LPT. Vi s\u00e4kerst\u00e4ller r\u00e4ttigheter i tv\u00e5ngsv\u00e5rds\u00e4renden med erfarenhet och engagemang.","robots":{"index":"index","follow":"follow","max-snippet":"max-snippet:-1","max-image-preview":"max-image-preview:large","max-video-preview":"max-video-preview:-1"},"canonical":"https:\/\/advokatavans.se\/en\/tvangsmal\/","og_locale":"en_GB","og_type":"article","og_title":"Tv\u00e5ngsm\u00e5l","og_description":"F\u00e5 juridiskt st\u00f6d inom LVU och LPT. Vi s\u00e4kerst\u00e4ller r\u00e4ttigheter i tv\u00e5ngsv\u00e5rds\u00e4renden med erfarenhet och engagemang.","og_url":"https:\/\/advokatavans.se\/en\/tvangsmal\/","og_site_name":"Advokatfirman Avans","article_publisher":"https:\/\/www.facebook.com\/profile.php?id=61565887347409","article_modified_time":"2026-03-10T08:10:35+00:00","og_image":[{"width":707,"height":500,"url":"http:\/\/media1.advokatavans.se\/2024\/10\/Advokatfirman-Avans-Sociala-Medier-2-1.png","type":"image\/png"}],"twitter_card":"summary_large_image","twitter_title":"Tv\u00e5ngsm\u00e5l","twitter_description":"F\u00e5 juridiskt st\u00f6d inom LVU och LPT. Vi s\u00e4kerst\u00e4ller r\u00e4ttigheter i tv\u00e5ngsv\u00e5rds\u00e4renden med erfarenhet och engagemang.","twitter_image":"https:\/\/media1.advokatavans.se\/2024\/10\/Advokatfirman-Avans-Sociala-Medier-2-1.png","twitter_misc":{"Estimated reading time":"3 minutes"},"schema":{"@context":"https:\/\/schema.org","@graph":[{"@type":"WebPage","@id":"https:\/\/advokatavans.se\/tvangsmal\/","url":"https:\/\/advokatavans.se\/tvangsmal\/","name":"Advokatfirman Avans - Tv\u00e5ngsm\u00e5l","isPartOf":{"@id":"https:\/\/advokatavans.se\/#website"},"primaryImageOfPage":{"@id":"https:\/\/advokatavans.se\/tvangsmal\/#primaryimage"},"image":{"@id":"https:\/\/advokatavans.se\/tvangsmal\/#primaryimage"},"thumbnailUrl":"https:\/\/media1.advokatavans.se\/2024\/10\/Advokatfirman-Avans-Sociala-Medier-2-1.png","datePublished":"2024-10-03T16:45:17+00:00","dateModified":"2026-03-10T08:10:35+00:00","description":"F\u00e5 juridiskt st\u00f6d inom LVU och LPT. Vi s\u00e4kerst\u00e4ller r\u00e4ttigheter i tv\u00e5ngsv\u00e5rds\u00e4renden med erfarenhet och engagemang.","breadcrumb":{"@id":"https:\/\/advokatavans.se\/tvangsmal\/#breadcrumb"},"inLanguage":"en-GB","potentialAction":[{"@type":"ReadAction","target":["https:\/\/advokatavans.se\/tvangsmal\/"]}]},{"@type":"ImageObject","inLanguage":"en-GB","@id":"https:\/\/advokatavans.se\/tvangsmal\/#primaryimage","url":"https:\/\/media1.advokatavans.se\/2024\/10\/Advokatfirman-Avans-Sociala-Medier-2-1.png","contentUrl":"https:\/\/media1.advokatavans.se\/2024\/10\/Advokatfirman-Avans-Sociala-Medier-2-1.png","width":707,"height":500,"caption":"Denna bild visas f\u00f6r Advokatfirman Avans sociala medie profiler"},{"@type":"BreadcrumbList","@id":"https:\/\/advokatavans.se\/tvangsmal\/#breadcrumb","itemListElement":[{"@type":"ListItem","position":1,"name":"Hem","item":"https:\/\/advokatavans.se\/"},{"@type":"ListItem","position":2,"name":"Tv\u00e5ngsm\u00e5l"}]},{"@type":"WebSite","@id":"https:\/\/advokatavans.se\/#website","url":"https:\/\/advokatavans.se\/","name":"AVANS LAW FIRM","description":"Din v\u00e4g till r\u00e4ttvisa \u2013 Vi st\u00e5r vid din sida.","publisher":{"@id":"https:\/\/advokatavans.se\/#organization"},"alternateName":"Advokatfirman Avans","potentialAction":[{"@type":"SearchAction","target":{"@type":"EntryPoint","urlTemplate":"https:\/\/advokatavans.se\/?s={search_term_string}"},"query-input":{"@type":"PropertyValueSpecification","valueRequired":true,"valueName":"search_term_string"}}],"inLanguage":"en-GB"},{"@type":"Organization","@id":"https:\/\/advokatavans.se\/#organization","name":"AVANS LAW FIRM","alternateName":"Advokatfirman Avans","url":"https:\/\/advokatavans.se\/","logo":{"@type":"ImageObject","inLanguage":"en-GB","@id":"https:\/\/advokatavans.se\/#\/schema\/logo\/image\/","url":"https:\/\/media1.advokatavans.se\/2020\/03\/Logga-svart-liten.png","contentUrl":"https:\/\/media1.advokatavans.se\/2020\/03\/Logga-svart-liten.png","width":300,"height":134,"caption":"Advokatfirman Avans"},"image":{"@id":"https:\/\/advokatavans.se\/#\/schema\/logo\/image\/"},"sameAs":["https:\/\/www.facebook.com\/profile.php?id=61565887347409","https:\/\/www.instagram.com\/advokatavans\/"]}]}},"_links":{"self":[{"href":"https:\/\/advokatavans.se\/en\/wp-json\/wp\/v2\/pages\/1573","targetHints":{"allow":["GET"]}}],"collection":[{"href":"https:\/\/advokatavans.se\/en\/wp-json\/wp\/v2\/pages"}],"about":[{"href":"https:\/\/advokatavans.se\/en\/wp-json\/wp\/v2\/types\/page"}],"author":[{"embeddable":true,"href":"https:\/\/advokatavans.se\/en\/wp-json\/wp\/v2\/users\/1"}],"replies":[{"embeddable":true,"href":"https:\/\/advokatavans.se\/en\/wp-json\/wp\/v2\/comments?post=1573"}],"version-history":[{"count":23,"href":"https:\/\/advokatavans.se\/en\/wp-json\/wp\/v2\/pages\/1573\/revisions"}],"predecessor-version":[{"id":3049,"href":"https:\/\/advokatavans.se\/en\/wp-json\/wp\/v2\/pages\/1573\/revisions\/3049"}],"wp:featuredmedia":[{"embeddable":true,"href":"https:\/\/advokatavans.se\/en\/wp-json\/wp\/v2\/media\/2098"}],"wp:attachment":[{"href":"https:\/\/advokatavans.se\/en\/wp-json\/wp\/v2\/media?parent=1573"}],"curies":[{"name":"wp","href":"https:\/\/api.w.org\/{rel}","templated":true}]}}