{"id":1571,"date":"2024-10-03T16:45:06","date_gmt":"2024-10-03T16:45:06","guid":{"rendered":"https:\/\/advokatavans.se\/?page_id=1571"},"modified":"2026-03-10T08:10:16","modified_gmt":"2026-03-10T08:10:16","slug":"familjeratt","status":"publish","type":"page","link":"https:\/\/advokatavans.se\/en\/familjeratt\/","title":{"rendered":"Family law"},"content":{"rendered":"<div data-elementor-type=\"wp-page\" data-elementor-id=\"1571\" class=\"elementor elementor-1571\" data-elementor-post-type=\"page\">\n\t\t\t\t<div class=\"elementor-element elementor-element-76d22e0 e-flex e-con-boxed e-con e-parent\" data-id=\"76d22e0\" data-element_type=\"container\" data-e-type=\"container\">\n\t\t\t\t\t<div class=\"e-con-inner\">\n\t\t<div class=\"elementor-element elementor-element-34df844 e-con-full e-flex e-con e-child\" data-id=\"34df844\" data-element_type=\"container\" data-e-type=\"container\" data-settings=\"{&quot;background_background&quot;:&quot;classic&quot;}\">\n\t\t<div class=\"elementor-element elementor-element-4024c60 e-con-full e-flex e-con e-child\" data-id=\"4024c60\" data-element_type=\"container\" data-e-type=\"container\">\n\t\t\t\t<div class=\"elementor-element elementor-element-7870141 elementor-widget elementor-widget-heading\" data-id=\"7870141\" data-element_type=\"widget\" data-e-type=\"widget\" data-widget_type=\"heading.default\">\n\t\t\t\t<div class=\"elementor-widget-container\">\n\t\t\t\t\t<h1 class=\"elementor-heading-title elementor-size-default\">Family law<\/h1>\t\t\t\t<\/div>\n\t\t\t\t<\/div>\n\t\t\t\t<div class=\"elementor-element elementor-element-f3baa79 elementor-widget elementor-widget-text-editor\" data-id=\"f3baa79\" data-element_type=\"widget\" data-e-type=\"widget\" data-widget_type=\"text-editor.default\">\n\t\t\t\t<div class=\"elementor-widget-container\">\n\t\t\t\t\t\t\t\t\t<div><div><div><div><p>At Avans Law Firm, we provide expert legal support in family law matters, recognizing that these\nprocesses can be both sensitive and complex. With extensive experience and the utmost\nprofessionalism, we help you navigate legal challenges and disputes effectively.<\/p><p>Our lawyers are dedicated to offering guidance and support, always prioritizing quality, trust,\nand care for our clients. We work tirelessly to protect your interests and ensure you feel\nsupported throughout the legal process.<\/p><p>If you require legal assistance in family law, you may be eligible for legal aid or coverage through\nyour home insurance. Our team is ready to guide you through the financial support options\navailable to you.<\/p><p>Contact us for a free consultation \u2013 Law firm Avans is here to help you.<\/p><p>At Avans Law Firm, we also offer qualified assistance in Arabic.<\/p><p>Read more about our services below.<\/p><h5><strong>Divorce and Custody Disputes<\/strong><\/h5><p>Divorce and custody disputes often represent some of life's most stressful and emotionally\nchallenging experiences. To ensure the process is as smooth and legally secure as possible, it\u2019s\nessential to have experienced legal support by your side. In divorce cases, legal guidance is frequently needed on issues such as property division,\nspousal maintenance, and asset distribution. For custody disputes, the best interests of the\nchild are always our primary focus, involving matters such as custody arrangements, residence,\nand visitation rights.<\/p><p>At Avans Law Firm, we have extensive experience in handling these complex family law cases.\nWe aim to achieve the best outcomes for our clients by combining legal expertise with a\ncompassionate, client-centered approach. Our team works diligently and with precision to\nensure that every case receives the attention it deserves, leading to a fair resolution.<\/p><p>We prioritize quality, experience, and trust in every aspect of our work. With our combined\nexpertise in family law, we are committed to guiding you through the legal process with care and\ntransparency. Our goal is for you to feel informed and secure at every stage\u2014from the initial\nconsultation to the final resolution.<\/p><h5><strong>Financial Family Law and Property Division<\/strong><\/h5><p>Following a separation, it is often necessary to regulate the financial responsibilities between\nparties. Our expertise in financial family law includes matters such as property division, spousal\nmaintenance, and other financial arrangements related to family assets.<\/p><p>Our lawyers have extensive experience handling property division cases, striving to create fair\nand clear agreements between parties. At Avans Law Firm, we provide meticulous support and\nguidance to simplify what is often a complex and emotionally charged process, ensuring your\ninterests are protected.<\/p><p>We always put our clients\u2019 needs and rights first. With high-level legal expertise and substantial\nexperience, our aim is to exceed your expectations and provide you with the security and\nsupport you need in sensitive family law matters.<\/p><h5><strong>Inheritance Law<\/strong><\/h5><p>Inheritance law can be particularly complex, often requiring professional guidance to ensure\nmatters are handled appropriately, especially during emotionally challenging times. Our lawyers\nat Avans Law Firm can assist with drafting wills, distributing inheritances, or estate planning. With extensive knowledge and a dedicated approach, we work to help our clients achieve\nsmooth and legally secure solutions to inheritance-related disputes.<\/p><\/div><\/div><\/div><\/div>\t\t\t\t\t\t\t\t<\/div>\n\t\t\t\t<\/div>\n\t\t\t\t<div class=\"elementor-element elementor-element-f42972f elementor-align-left elementor-widget elementor-widget-button\" data-id=\"f42972f\" data-element_type=\"widget\" data-e-type=\"widget\" data-widget_type=\"button.default\">\n\t\t\t\t<div class=\"elementor-widget-container\">\n\t\t\t\t\t\t\t\t\t<div class=\"elementor-button-wrapper\">\n\t\t\t\t\t<a class=\"elementor-button elementor-button-link elementor-size-sm\" href=\"https:\/\/advokatavans.se\/en\/vara-rattsomraden\/\" rel=\"nofollow\">\n\t\t\t\t\t\t<span class=\"elementor-button-content-wrapper\">\n\t\t\t\t\t\t\t\t\t<span class=\"elementor-button-text\">CONTACT US TODAY<\/span>\n\t\t\t\t\t<\/span>\n\t\t\t\t\t<\/a>\n\t\t\t\t<\/div>\n\t\t\t\t\t\t\t\t<\/div>\n\t\t\t\t<\/div>\n\t\t\t\t<\/div>\n\t\t\t\t<\/div>\n\t\t\t\t\t<\/div>\n\t\t\t\t<\/div>\n\t\t\t\t<\/div>","protected":false},"excerpt":{"rendered":"<p>Familjer\u00e4tt Advokatfirman Avans erbjuder kvalificerat juridiskt st\u00f6d inom familjer\u00e4ttsliga fr\u00e5gor, och vi f\u00f6rst\u00e5r att processerna kan vara b\u00e5de k\u00e4nsliga och komplexa. Med l\u00e5ng erfarenhet och h\u00f6gsta professionalitet hj\u00e4lper vi dig att navigera genom juridiska fr\u00e5gor och tvister. V\u00e5ra jurister \u00e4r h\u00e4r f\u00f6r att ge dig st\u00f6d och v\u00e4gledning, alltid med fokus p\u00e5 h\u00f6gsta kvalitet, tillit [&hellip;]<\/p>\n","protected":false},"author":1,"featured_media":2098,"parent":0,"menu_order":0,"comment_status":"closed","ping_status":"closed","template":"elementor_header_footer","meta":{"footnotes":""},"class_list":["post-1571","page","type-page","status-publish","has-post-thumbnail","hentry"],"yoast_head":"<!-- This site is optimized with the Yoast SEO plugin v27.3 - https:\/\/yoast.com\/product\/yoast-seo-wordpress\/ -->\n<title>Advokatfirman Avans - Familjer\u00e4tt<\/title>\n<meta name=\"description\" content=\"Advokatfirman Avans erbjuder kvalificerad hj\u00e4lp inom familjer\u00e4tt och f\u00f6rst\u00e5r hur viktiga och k\u00e4nsliga dessa fr\u00e5gor kan vara.\" \/>\n<meta name=\"robots\" content=\"index, follow, max-snippet:-1, max-image-preview:large, max-video-preview:-1\" \/>\n<link rel=\"canonical\" href=\"https:\/\/advokatavans.se\/en\/familjeratt\/\" \/>\n<meta property=\"og:locale\" content=\"en_GB\" \/>\n<meta property=\"og:type\" content=\"article\" \/>\n<meta property=\"og:title\" content=\"Familjer\u00e4tt\" \/>\n<meta property=\"og:description\" content=\"Advokatfirman Avans erbjuder kvalificerad hj\u00e4lp inom familjer\u00e4tt och f\u00f6rst\u00e5r hur viktiga och k\u00e4nsliga dessa fr\u00e5gor kan vara.\" \/>\n<meta property=\"og:url\" content=\"https:\/\/advokatavans.se\/en\/familjeratt\/\" \/>\n<meta property=\"og:site_name\" content=\"Advokatfirman Avans\" \/>\n<meta property=\"article:publisher\" content=\"https:\/\/www.facebook.com\/profile.php?id=61565887347409\" \/>\n<meta property=\"article:modified_time\" content=\"2026-03-10T08:10:16+00:00\" \/>\n<meta property=\"og:image\" content=\"http:\/\/media1.advokatavans.se\/2024\/10\/Advokatfirman-Avans-Sociala-Medier-2-1.png\" \/>\n\t<meta property=\"og:image:width\" content=\"707\" \/>\n\t<meta property=\"og:image:height\" content=\"500\" \/>\n\t<meta property=\"og:image:type\" content=\"image\/png\" \/>\n<meta name=\"twitter:card\" content=\"summary_large_image\" \/>\n<meta name=\"twitter:title\" content=\"Familjer\u00e4tt\" \/>\n<meta name=\"twitter:description\" content=\"Advokatfirman Avans erbjuder kvalificerad hj\u00e4lp inom familjer\u00e4tt och f\u00f6rst\u00e5r hur viktiga och k\u00e4nsliga dessa fr\u00e5gor kan vara.\" \/>\n<meta name=\"twitter:image\" content=\"https:\/\/media1.advokatavans.se\/2024\/10\/Advokatfirman-Avans-Sociala-Medier-2-1.png\" \/>\n<meta name=\"twitter:label1\" content=\"Estimated reading time\" \/>\n\t<meta name=\"twitter:data1\" content=\"3 minutes\" \/>\n<script type=\"application\/ld+json\" class=\"yoast-schema-graph\">{\"@context\":\"https:\\\/\\\/schema.org\",\"@graph\":[{\"@type\":\"WebPage\",\"@id\":\"https:\\\/\\\/advokatavans.se\\\/familjeratt\\\/\",\"url\":\"https:\\\/\\\/advokatavans.se\\\/familjeratt\\\/\",\"name\":\"Advokatfirman Avans - Familjer\u00e4tt\",\"isPartOf\":{\"@id\":\"https:\\\/\\\/advokatavans.se\\\/#website\"},\"primaryImageOfPage\":{\"@id\":\"https:\\\/\\\/advokatavans.se\\\/familjeratt\\\/#primaryimage\"},\"image\":{\"@id\":\"https:\\\/\\\/advokatavans.se\\\/familjeratt\\\/#primaryimage\"},\"thumbnailUrl\":\"https:\\\/\\\/media1.advokatavans.se\\\/2024\\\/10\\\/Advokatfirman-Avans-Sociala-Medier-2-1.png\",\"datePublished\":\"2024-10-03T16:45:06+00:00\",\"dateModified\":\"2026-03-10T08:10:16+00:00\",\"description\":\"Advokatfirman Avans erbjuder kvalificerad hj\u00e4lp inom familjer\u00e4tt och f\u00f6rst\u00e5r hur viktiga och k\u00e4nsliga dessa fr\u00e5gor kan vara.\",\"breadcrumb\":{\"@id\":\"https:\\\/\\\/advokatavans.se\\\/familjeratt\\\/#breadcrumb\"},\"inLanguage\":\"en-GB\",\"potentialAction\":[{\"@type\":\"ReadAction\",\"target\":[\"https:\\\/\\\/advokatavans.se\\\/familjeratt\\\/\"]}]},{\"@type\":\"ImageObject\",\"inLanguage\":\"en-GB\",\"@id\":\"https:\\\/\\\/advokatavans.se\\\/familjeratt\\\/#primaryimage\",\"url\":\"https:\\\/\\\/media1.advokatavans.se\\\/2024\\\/10\\\/Advokatfirman-Avans-Sociala-Medier-2-1.png\",\"contentUrl\":\"https:\\\/\\\/media1.advokatavans.se\\\/2024\\\/10\\\/Advokatfirman-Avans-Sociala-Medier-2-1.png\",\"width\":707,\"height\":500,\"caption\":\"Denna bild visas f\u00f6r Advokatfirman Avans sociala medie profiler\"},{\"@type\":\"BreadcrumbList\",\"@id\":\"https:\\\/\\\/advokatavans.se\\\/familjeratt\\\/#breadcrumb\",\"itemListElement\":[{\"@type\":\"ListItem\",\"position\":1,\"name\":\"Hem\",\"item\":\"https:\\\/\\\/advokatavans.se\\\/\"},{\"@type\":\"ListItem\",\"position\":2,\"name\":\"Familjer\u00e4tt\"}]},{\"@type\":\"WebSite\",\"@id\":\"https:\\\/\\\/advokatavans.se\\\/#website\",\"url\":\"https:\\\/\\\/advokatavans.se\\\/\",\"name\":\"Advokatfirman Avans\",\"description\":\"Din v\u00e4g till r\u00e4ttvisa \u2013 Vi st\u00e5r vid din sida.\",\"publisher\":{\"@id\":\"https:\\\/\\\/advokatavans.se\\\/#organization\"},\"alternateName\":\"Advokatfirman Avans\",\"potentialAction\":[{\"@type\":\"SearchAction\",\"target\":{\"@type\":\"EntryPoint\",\"urlTemplate\":\"https:\\\/\\\/advokatavans.se\\\/?s={search_term_string}\"},\"query-input\":{\"@type\":\"PropertyValueSpecification\",\"valueRequired\":true,\"valueName\":\"search_term_string\"}}],\"inLanguage\":\"en-GB\"},{\"@type\":\"Organization\",\"@id\":\"https:\\\/\\\/advokatavans.se\\\/#organization\",\"name\":\"Advokatfirman Avans\",\"alternateName\":\"Advokatfirman Avans\",\"url\":\"https:\\\/\\\/advokatavans.se\\\/\",\"logo\":{\"@type\":\"ImageObject\",\"inLanguage\":\"en-GB\",\"@id\":\"https:\\\/\\\/advokatavans.se\\\/#\\\/schema\\\/logo\\\/image\\\/\",\"url\":\"https:\\\/\\\/media1.advokatavans.se\\\/2020\\\/03\\\/Logga-svart-liten.png\",\"contentUrl\":\"https:\\\/\\\/media1.advokatavans.se\\\/2020\\\/03\\\/Logga-svart-liten.png\",\"width\":300,\"height\":134,\"caption\":\"Advokatfirman Avans\"},\"image\":{\"@id\":\"https:\\\/\\\/advokatavans.se\\\/#\\\/schema\\\/logo\\\/image\\\/\"},\"sameAs\":[\"https:\\\/\\\/www.facebook.com\\\/profile.php?id=61565887347409\",\"https:\\\/\\\/www.instagram.com\\\/advokatavans\\\/\"]}]}<\/script>\n<!-- \/ Yoast SEO plugin. -->","yoast_head_json":{"title":"Advokatfirman Avans - Familjer\u00e4tt","description":"Advokatfirman Avans erbjuder kvalificerad hj\u00e4lp inom familjer\u00e4tt och f\u00f6rst\u00e5r hur viktiga och k\u00e4nsliga dessa fr\u00e5gor kan vara.","robots":{"index":"index","follow":"follow","max-snippet":"max-snippet:-1","max-image-preview":"max-image-preview:large","max-video-preview":"max-video-preview:-1"},"canonical":"https:\/\/advokatavans.se\/en\/familjeratt\/","og_locale":"en_GB","og_type":"article","og_title":"Familjer\u00e4tt","og_description":"Advokatfirman Avans erbjuder kvalificerad hj\u00e4lp inom familjer\u00e4tt och f\u00f6rst\u00e5r hur viktiga och k\u00e4nsliga dessa fr\u00e5gor kan vara.","og_url":"https:\/\/advokatavans.se\/en\/familjeratt\/","og_site_name":"Advokatfirman Avans","article_publisher":"https:\/\/www.facebook.com\/profile.php?id=61565887347409","article_modified_time":"2026-03-10T08:10:16+00:00","og_image":[{"width":707,"height":500,"url":"http:\/\/media1.advokatavans.se\/2024\/10\/Advokatfirman-Avans-Sociala-Medier-2-1.png","type":"image\/png"}],"twitter_card":"summary_large_image","twitter_title":"Familjer\u00e4tt","twitter_description":"Advokatfirman Avans erbjuder kvalificerad hj\u00e4lp inom familjer\u00e4tt och f\u00f6rst\u00e5r hur viktiga och k\u00e4nsliga dessa fr\u00e5gor kan vara.","twitter_image":"https:\/\/media1.advokatavans.se\/2024\/10\/Advokatfirman-Avans-Sociala-Medier-2-1.png","twitter_misc":{"Estimated reading time":"3 minutes"},"schema":{"@context":"https:\/\/schema.org","@graph":[{"@type":"WebPage","@id":"https:\/\/advokatavans.se\/familjeratt\/","url":"https:\/\/advokatavans.se\/familjeratt\/","name":"Advokatfirman Avans - Familjer\u00e4tt","isPartOf":{"@id":"https:\/\/advokatavans.se\/#website"},"primaryImageOfPage":{"@id":"https:\/\/advokatavans.se\/familjeratt\/#primaryimage"},"image":{"@id":"https:\/\/advokatavans.se\/familjeratt\/#primaryimage"},"thumbnailUrl":"https:\/\/media1.advokatavans.se\/2024\/10\/Advokatfirman-Avans-Sociala-Medier-2-1.png","datePublished":"2024-10-03T16:45:06+00:00","dateModified":"2026-03-10T08:10:16+00:00","description":"Advokatfirman Avans erbjuder kvalificerad hj\u00e4lp inom familjer\u00e4tt och f\u00f6rst\u00e5r hur viktiga och k\u00e4nsliga dessa fr\u00e5gor kan vara.","breadcrumb":{"@id":"https:\/\/advokatavans.se\/familjeratt\/#breadcrumb"},"inLanguage":"en-GB","potentialAction":[{"@type":"ReadAction","target":["https:\/\/advokatavans.se\/familjeratt\/"]}]},{"@type":"ImageObject","inLanguage":"en-GB","@id":"https:\/\/advokatavans.se\/familjeratt\/#primaryimage","url":"https:\/\/media1.advokatavans.se\/2024\/10\/Advokatfirman-Avans-Sociala-Medier-2-1.png","contentUrl":"https:\/\/media1.advokatavans.se\/2024\/10\/Advokatfirman-Avans-Sociala-Medier-2-1.png","width":707,"height":500,"caption":"Denna bild visas f\u00f6r Advokatfirman Avans sociala medie profiler"},{"@type":"BreadcrumbList","@id":"https:\/\/advokatavans.se\/familjeratt\/#breadcrumb","itemListElement":[{"@type":"ListItem","position":1,"name":"Hem","item":"https:\/\/advokatavans.se\/"},{"@type":"ListItem","position":2,"name":"Familjer\u00e4tt"}]},{"@type":"WebSite","@id":"https:\/\/advokatavans.se\/#website","url":"https:\/\/advokatavans.se\/","name":"AVANS LAW FIRM","description":"Din v\u00e4g till r\u00e4ttvisa \u2013 Vi st\u00e5r vid din sida.","publisher":{"@id":"https:\/\/advokatavans.se\/#organization"},"alternateName":"Advokatfirman Avans","potentialAction":[{"@type":"SearchAction","target":{"@type":"EntryPoint","urlTemplate":"https:\/\/advokatavans.se\/?s={search_term_string}"},"query-input":{"@type":"PropertyValueSpecification","valueRequired":true,"valueName":"search_term_string"}}],"inLanguage":"en-GB"},{"@type":"Organization","@id":"https:\/\/advokatavans.se\/#organization","name":"AVANS LAW FIRM","alternateName":"Advokatfirman Avans","url":"https:\/\/advokatavans.se\/","logo":{"@type":"ImageObject","inLanguage":"en-GB","@id":"https:\/\/advokatavans.se\/#\/schema\/logo\/image\/","url":"https:\/\/media1.advokatavans.se\/2020\/03\/Logga-svart-liten.png","contentUrl":"https:\/\/media1.advokatavans.se\/2020\/03\/Logga-svart-liten.png","width":300,"height":134,"caption":"Advokatfirman Avans"},"image":{"@id":"https:\/\/advokatavans.se\/#\/schema\/logo\/image\/"},"sameAs":["https:\/\/www.facebook.com\/profile.php?id=61565887347409","https:\/\/www.instagram.com\/advokatavans\/"]}]}},"_links":{"self":[{"href":"https:\/\/advokatavans.se\/en\/wp-json\/wp\/v2\/pages\/1571","targetHints":{"allow":["GET"]}}],"collection":[{"href":"https:\/\/advokatavans.se\/en\/wp-json\/wp\/v2\/pages"}],"about":[{"href":"https:\/\/advokatavans.se\/en\/wp-json\/wp\/v2\/types\/page"}],"author":[{"embeddable":true,"href":"https:\/\/advokatavans.se\/en\/wp-json\/wp\/v2\/users\/1"}],"replies":[{"embeddable":true,"href":"https:\/\/advokatavans.se\/en\/wp-json\/wp\/v2\/comments?post=1571"}],"version-history":[{"count":38,"href":"https:\/\/advokatavans.se\/en\/wp-json\/wp\/v2\/pages\/1571\/revisions"}],"predecessor-version":[{"id":3034,"href":"https:\/\/advokatavans.se\/en\/wp-json\/wp\/v2\/pages\/1571\/revisions\/3034"}],"wp:featuredmedia":[{"embeddable":true,"href":"https:\/\/advokatavans.se\/en\/wp-json\/wp\/v2\/media\/2098"}],"wp:attachment":[{"href":"https:\/\/advokatavans.se\/en\/wp-json\/wp\/v2\/media?parent=1571"}],"curies":[{"name":"wp","href":"https:\/\/api.w.org\/{rel}","templated":true}]}}