{"id":1569,"date":"2024-10-03T16:44:55","date_gmt":"2024-10-03T16:44:55","guid":{"rendered":"https:\/\/advokatavans.se\/?page_id=1569"},"modified":"2026-03-10T08:09:47","modified_gmt":"2026-03-10T08:09:47","slug":"brottmal","status":"publish","type":"page","link":"https:\/\/advokatavans.se\/en\/brottmal\/","title":{"rendered":"Criminal law cases"},"content":{"rendered":"<div data-elementor-type=\"wp-page\" data-elementor-id=\"1569\" class=\"elementor elementor-1569\" data-elementor-post-type=\"page\">\n\t\t\t\t<div class=\"elementor-element elementor-element-5b24d81 e-flex e-con-boxed e-con e-parent\" data-id=\"5b24d81\" data-element_type=\"container\" data-e-type=\"container\">\n\t\t\t\t\t<div class=\"e-con-inner\">\n\t\t<div class=\"elementor-element elementor-element-235d4f3 e-con-full e-flex e-con e-child\" data-id=\"235d4f3\" data-element_type=\"container\" data-e-type=\"container\" data-settings=\"{&quot;background_background&quot;:&quot;classic&quot;}\">\n\t\t<div class=\"elementor-element elementor-element-4564ce7 e-con-full e-flex e-con e-child\" data-id=\"4564ce7\" data-element_type=\"container\" data-e-type=\"container\">\n\t\t\t\t<div class=\"elementor-element elementor-element-bafcbe1 elementor-widget elementor-widget-heading\" data-id=\"bafcbe1\" data-element_type=\"widget\" data-e-type=\"widget\" data-widget_type=\"heading.default\">\n\t\t\t\t<div class=\"elementor-widget-container\">\n\t\t\t\t\t<h1 class=\"elementor-heading-title elementor-size-default\">Criminal law cases<\/h1>\t\t\t\t<\/div>\n\t\t\t\t<\/div>\n\t\t\t\t<div class=\"elementor-element elementor-element-a6b687d elementor-widget elementor-widget-text-editor\" data-id=\"a6b687d\" data-element_type=\"widget\" data-e-type=\"widget\" data-widget_type=\"text-editor.default\">\n\t\t\t\t<div class=\"elementor-widget-container\">\n\t\t\t\t\t\t\t\t\t<div><div><div><div><p>Avans Law Firm has extensive experience in criminal law litigation, offering representation as\ndefense counsel, plaintiff\u2019s attorney, and special representative for children.<\/p><p>At Avans Law Firm, we also offer qualified assistance in Arabic.<\/p><h5><strong>Are you suspected of a crime?<\/strong><\/h5><p>As public defenders, we represent individuals accused of crimes who have been assigned a\ndefender by the court. You have the right to request a specific law firm or lawyer as your\nrepresentative. Simply inform the police or prosecutor of your preference. Our role is to\nsafeguard your rights and ensure you receive fair and proper treatment throughout the legal\nprocess.\nIf you are not entitled to a public defender, you still have the option to hire a private defense\nattorney<\/p><p>At Avans Law Firm, we have significant experience serving as public defenders. We approach\neach case with diligence and integrity, working tirelessly to protect our clients\u2019 interests. With\ndeep expertise and meticulous handling, we aim to achieve the best possible outcome for our\nclients. Our firm is dedicated to placing the needs and rights of our clients first, providing\nprofessional guidance, support, and representation throughout the entire legal process.<\/p><h5><strong>Are you the victim of a crime?<\/strong><\/h5><p>If you have been the victim of a serious crime, you have the right to a victim advocate who will\nrepresent you before, during, and after the trial. As victim advocates, we guide victims through\nthe legal process, ensuring their voices are heard. We provide support and advice, assist with\ncompensation claims, and ensure that your rights are upheld every step of the way.\nAt Avans Law Firm, we have extensive experience in serving as victim advocates. We understand\nthat this role requires special dedication to creating a sense of security and trust for our clients.<\/p><h5><strong>Has a child been the victim of a crime?<\/strong><\/h5><p>When a child has been subjected to a crime, a special representative must be appointed. This is\nrequired if a guardian is suspected of the crime or if their relationship with the suspect could\ncompromise the child\u2019s best interests. The special representative assumes decision-making\nresponsibilities for the child during the legal process in place of the guardian. According to the\nlaw, anyone under the age of 18 is considered a child.<\/p><p>As special representatives, we provide support throughout the preliminary investigation and\ntrial. We participate in interrogations, medical examinations, and other procedures in place of\nthe guardian, minimizing the discomfort experienced by the child.<\/p><p>Criminal cases involving children demand particular care and expertise. As special\nrepresentatives for children, we are committed to standing up for their rights and ensuring they\nare protected and treated in a legally secure manner. With experience and empathy, our team\nhandles these sensitive cases professionally and always with the child\u2019s best interests at the\nforefront.<\/p><\/div><\/div><\/div><\/div>\t\t\t\t\t\t\t\t<\/div>\n\t\t\t\t<\/div>\n\t\t\t\t<div class=\"elementor-element elementor-element-aacb4ca elementor-align-left elementor-widget elementor-widget-button\" data-id=\"aacb4ca\" data-element_type=\"widget\" data-e-type=\"widget\" data-widget_type=\"button.default\">\n\t\t\t\t<div class=\"elementor-widget-container\">\n\t\t\t\t\t\t\t\t\t<div class=\"elementor-button-wrapper\">\n\t\t\t\t\t<a class=\"elementor-button elementor-button-link elementor-size-sm\" href=\"https:\/\/advokatavans.se\/en\/vara-rattsomraden\/\" rel=\"nofollow\">\n\t\t\t\t\t\t<span class=\"elementor-button-content-wrapper\">\n\t\t\t\t\t\t\t\t\t<span class=\"elementor-button-text\">CONTACT US TODAY<\/span>\n\t\t\t\t\t<\/span>\n\t\t\t\t\t<\/a>\n\t\t\t\t<\/div>\n\t\t\t\t\t\t\t\t<\/div>\n\t\t\t\t<\/div>\n\t\t\t\t<\/div>\n\t\t\t\t<\/div>\n\t\t\t\t\t<\/div>\n\t\t\t\t<\/div>\n\t\t\t\t<\/div>","protected":false},"excerpt":{"rendered":"<p>Brottm\u00e5l Advokatfirman Avans har stor processvana inom straffr\u00e4tt och vi \u00e5tar oss uppdrag som f\u00f6rsvarare, m\u00e5ls\u00e4gandebitr\u00e4de samt s\u00e4rskild f\u00f6retr\u00e4dare f\u00f6r barn. P\u00e5 Advokatfirman Avans kan vi \u00e4ven erbjuda kvalificerad hj\u00e4lp p\u00e5 arabiska. \u00c4r du misst\u00e4nkt f\u00f6r brott? Som offentlig f\u00f6rsvarare f\u00f6retr\u00e4der vi klienter som st\u00e5r anklagade f\u00f6r brott och som blivit tilldelade en f\u00f6rsvarare av [&hellip;]<\/p>\n","protected":false},"author":1,"featured_media":2098,"parent":0,"menu_order":0,"comment_status":"closed","ping_status":"closed","template":"elementor_header_footer","meta":{"footnotes":""},"class_list":["post-1569","page","type-page","status-publish","has-post-thumbnail","hentry"],"yoast_head":"<!-- This site is optimized with the Yoast SEO plugin v27.3 - https:\/\/yoast.com\/product\/yoast-seo-wordpress\/ -->\n<title>Advokatfirman Avans - Brottm\u00e5l<\/title>\n<meta name=\"description\" content=\"Advokatfirman Avans erbjuder juridisk hj\u00e4lp f\u00f6r dig som \u00e4r misst\u00e4nkt, m\u00e5ls\u00e4gande eller vittne i brottm\u00e5l.\" \/>\n<meta name=\"robots\" content=\"index, follow, max-snippet:-1, max-image-preview:large, max-video-preview:-1\" \/>\n<link rel=\"canonical\" href=\"https:\/\/advokatavans.se\/en\/brottmal\/\" \/>\n<meta property=\"og:locale\" content=\"en_GB\" \/>\n<meta property=\"og:type\" content=\"article\" \/>\n<meta property=\"og:title\" content=\"Brottm\u00e5l\" \/>\n<meta property=\"og:description\" content=\"Advokatfirman Avans erbjuder juridisk hj\u00e4lp f\u00f6r dig som \u00e4r misst\u00e4nkt, m\u00e5ls\u00e4gande eller vittne i brottm\u00e5l.\" \/>\n<meta property=\"og:url\" content=\"https:\/\/advokatavans.se\/en\/brottmal\/\" \/>\n<meta property=\"og:site_name\" content=\"Advokatfirman Avans\" \/>\n<meta property=\"article:publisher\" content=\"https:\/\/www.facebook.com\/profile.php?id=61565887347409\" \/>\n<meta property=\"article:modified_time\" content=\"2026-03-10T08:09:47+00:00\" \/>\n<meta property=\"og:image\" content=\"http:\/\/media1.advokatavans.se\/2024\/10\/Advokatfirman-Avans-Sociala-Medier-2-1.png\" \/>\n\t<meta property=\"og:image:width\" content=\"707\" \/>\n\t<meta property=\"og:image:height\" content=\"500\" \/>\n\t<meta property=\"og:image:type\" content=\"image\/png\" \/>\n<meta name=\"twitter:card\" content=\"summary_large_image\" \/>\n<meta name=\"twitter:title\" content=\"Brottm\u00e5l\" \/>\n<meta name=\"twitter:description\" content=\"Advokatfirman Avans erbjuder juridisk hj\u00e4lp f\u00f6r dig som \u00e4r misst\u00e4nkt, m\u00e5ls\u00e4gande eller vittne i brottm\u00e5l.\" \/>\n<meta name=\"twitter:image\" content=\"https:\/\/media1.advokatavans.se\/2024\/10\/Advokatfirman-Avans-Sociala-Medier-2-1.png\" \/>\n<meta name=\"twitter:label1\" content=\"Estimated reading time\" \/>\n\t<meta name=\"twitter:data1\" content=\"3 minutes\" \/>\n<script type=\"application\/ld+json\" class=\"yoast-schema-graph\">{\"@context\":\"https:\\\/\\\/schema.org\",\"@graph\":[{\"@type\":\"WebPage\",\"@id\":\"https:\\\/\\\/advokatavans.se\\\/brottmal\\\/\",\"url\":\"https:\\\/\\\/advokatavans.se\\\/brottmal\\\/\",\"name\":\"Advokatfirman Avans - Brottm\u00e5l\",\"isPartOf\":{\"@id\":\"https:\\\/\\\/advokatavans.se\\\/#website\"},\"primaryImageOfPage\":{\"@id\":\"https:\\\/\\\/advokatavans.se\\\/brottmal\\\/#primaryimage\"},\"image\":{\"@id\":\"https:\\\/\\\/advokatavans.se\\\/brottmal\\\/#primaryimage\"},\"thumbnailUrl\":\"https:\\\/\\\/media1.advokatavans.se\\\/2024\\\/10\\\/Advokatfirman-Avans-Sociala-Medier-2-1.png\",\"datePublished\":\"2024-10-03T16:44:55+00:00\",\"dateModified\":\"2026-03-10T08:09:47+00:00\",\"description\":\"Advokatfirman Avans erbjuder juridisk hj\u00e4lp f\u00f6r dig som \u00e4r misst\u00e4nkt, m\u00e5ls\u00e4gande eller vittne i brottm\u00e5l.\",\"breadcrumb\":{\"@id\":\"https:\\\/\\\/advokatavans.se\\\/brottmal\\\/#breadcrumb\"},\"inLanguage\":\"en-GB\",\"potentialAction\":[{\"@type\":\"ReadAction\",\"target\":[\"https:\\\/\\\/advokatavans.se\\\/brottmal\\\/\"]}]},{\"@type\":\"ImageObject\",\"inLanguage\":\"en-GB\",\"@id\":\"https:\\\/\\\/advokatavans.se\\\/brottmal\\\/#primaryimage\",\"url\":\"https:\\\/\\\/media1.advokatavans.se\\\/2024\\\/10\\\/Advokatfirman-Avans-Sociala-Medier-2-1.png\",\"contentUrl\":\"https:\\\/\\\/media1.advokatavans.se\\\/2024\\\/10\\\/Advokatfirman-Avans-Sociala-Medier-2-1.png\",\"width\":707,\"height\":500,\"caption\":\"Denna bild visas f\u00f6r Advokatfirman Avans sociala medie profiler\"},{\"@type\":\"BreadcrumbList\",\"@id\":\"https:\\\/\\\/advokatavans.se\\\/brottmal\\\/#breadcrumb\",\"itemListElement\":[{\"@type\":\"ListItem\",\"position\":1,\"name\":\"Hem\",\"item\":\"https:\\\/\\\/advokatavans.se\\\/\"},{\"@type\":\"ListItem\",\"position\":2,\"name\":\"Brottm\u00e5l\"}]},{\"@type\":\"WebSite\",\"@id\":\"https:\\\/\\\/advokatavans.se\\\/#website\",\"url\":\"https:\\\/\\\/advokatavans.se\\\/\",\"name\":\"Advokatfirman Avans\",\"description\":\"Din v\u00e4g till r\u00e4ttvisa \u2013 Vi st\u00e5r vid din sida.\",\"publisher\":{\"@id\":\"https:\\\/\\\/advokatavans.se\\\/#organization\"},\"alternateName\":\"Advokatfirman Avans\",\"potentialAction\":[{\"@type\":\"SearchAction\",\"target\":{\"@type\":\"EntryPoint\",\"urlTemplate\":\"https:\\\/\\\/advokatavans.se\\\/?s={search_term_string}\"},\"query-input\":{\"@type\":\"PropertyValueSpecification\",\"valueRequired\":true,\"valueName\":\"search_term_string\"}}],\"inLanguage\":\"en-GB\"},{\"@type\":\"Organization\",\"@id\":\"https:\\\/\\\/advokatavans.se\\\/#organization\",\"name\":\"Advokatfirman Avans\",\"alternateName\":\"Advokatfirman Avans\",\"url\":\"https:\\\/\\\/advokatavans.se\\\/\",\"logo\":{\"@type\":\"ImageObject\",\"inLanguage\":\"en-GB\",\"@id\":\"https:\\\/\\\/advokatavans.se\\\/#\\\/schema\\\/logo\\\/image\\\/\",\"url\":\"https:\\\/\\\/media1.advokatavans.se\\\/2020\\\/03\\\/Logga-svart-liten.png\",\"contentUrl\":\"https:\\\/\\\/media1.advokatavans.se\\\/2020\\\/03\\\/Logga-svart-liten.png\",\"width\":300,\"height\":134,\"caption\":\"Advokatfirman Avans\"},\"image\":{\"@id\":\"https:\\\/\\\/advokatavans.se\\\/#\\\/schema\\\/logo\\\/image\\\/\"},\"sameAs\":[\"https:\\\/\\\/www.facebook.com\\\/profile.php?id=61565887347409\",\"https:\\\/\\\/www.instagram.com\\\/advokatavans\\\/\"]}]}<\/script>\n<!-- \/ Yoast SEO plugin. -->","yoast_head_json":{"title":"Advokatfirman Avans - Brottm\u00e5l","description":"Advokatfirman Avans erbjuder juridisk hj\u00e4lp f\u00f6r dig som \u00e4r misst\u00e4nkt, m\u00e5ls\u00e4gande eller vittne i brottm\u00e5l.","robots":{"index":"index","follow":"follow","max-snippet":"max-snippet:-1","max-image-preview":"max-image-preview:large","max-video-preview":"max-video-preview:-1"},"canonical":"https:\/\/advokatavans.se\/en\/brottmal\/","og_locale":"en_GB","og_type":"article","og_title":"Brottm\u00e5l","og_description":"Advokatfirman Avans erbjuder juridisk hj\u00e4lp f\u00f6r dig som \u00e4r misst\u00e4nkt, m\u00e5ls\u00e4gande eller vittne i brottm\u00e5l.","og_url":"https:\/\/advokatavans.se\/en\/brottmal\/","og_site_name":"Advokatfirman Avans","article_publisher":"https:\/\/www.facebook.com\/profile.php?id=61565887347409","article_modified_time":"2026-03-10T08:09:47+00:00","og_image":[{"width":707,"height":500,"url":"http:\/\/media1.advokatavans.se\/2024\/10\/Advokatfirman-Avans-Sociala-Medier-2-1.png","type":"image\/png"}],"twitter_card":"summary_large_image","twitter_title":"Brottm\u00e5l","twitter_description":"Advokatfirman Avans erbjuder juridisk hj\u00e4lp f\u00f6r dig som \u00e4r misst\u00e4nkt, m\u00e5ls\u00e4gande eller vittne i brottm\u00e5l.","twitter_image":"https:\/\/media1.advokatavans.se\/2024\/10\/Advokatfirman-Avans-Sociala-Medier-2-1.png","twitter_misc":{"Estimated reading time":"3 minutes"},"schema":{"@context":"https:\/\/schema.org","@graph":[{"@type":"WebPage","@id":"https:\/\/advokatavans.se\/brottmal\/","url":"https:\/\/advokatavans.se\/brottmal\/","name":"Advokatfirman Avans - Brottm\u00e5l","isPartOf":{"@id":"https:\/\/advokatavans.se\/#website"},"primaryImageOfPage":{"@id":"https:\/\/advokatavans.se\/brottmal\/#primaryimage"},"image":{"@id":"https:\/\/advokatavans.se\/brottmal\/#primaryimage"},"thumbnailUrl":"https:\/\/media1.advokatavans.se\/2024\/10\/Advokatfirman-Avans-Sociala-Medier-2-1.png","datePublished":"2024-10-03T16:44:55+00:00","dateModified":"2026-03-10T08:09:47+00:00","description":"Advokatfirman Avans erbjuder juridisk hj\u00e4lp f\u00f6r dig som \u00e4r misst\u00e4nkt, m\u00e5ls\u00e4gande eller vittne i brottm\u00e5l.","breadcrumb":{"@id":"https:\/\/advokatavans.se\/brottmal\/#breadcrumb"},"inLanguage":"en-GB","potentialAction":[{"@type":"ReadAction","target":["https:\/\/advokatavans.se\/brottmal\/"]}]},{"@type":"ImageObject","inLanguage":"en-GB","@id":"https:\/\/advokatavans.se\/brottmal\/#primaryimage","url":"https:\/\/media1.advokatavans.se\/2024\/10\/Advokatfirman-Avans-Sociala-Medier-2-1.png","contentUrl":"https:\/\/media1.advokatavans.se\/2024\/10\/Advokatfirman-Avans-Sociala-Medier-2-1.png","width":707,"height":500,"caption":"Denna bild visas f\u00f6r Advokatfirman Avans sociala medie profiler"},{"@type":"BreadcrumbList","@id":"https:\/\/advokatavans.se\/brottmal\/#breadcrumb","itemListElement":[{"@type":"ListItem","position":1,"name":"Hem","item":"https:\/\/advokatavans.se\/"},{"@type":"ListItem","position":2,"name":"Brottm\u00e5l"}]},{"@type":"WebSite","@id":"https:\/\/advokatavans.se\/#website","url":"https:\/\/advokatavans.se\/","name":"AVANS LAW FIRM","description":"Din v\u00e4g till r\u00e4ttvisa \u2013 Vi st\u00e5r vid din sida.","publisher":{"@id":"https:\/\/advokatavans.se\/#organization"},"alternateName":"Advokatfirman Avans","potentialAction":[{"@type":"SearchAction","target":{"@type":"EntryPoint","urlTemplate":"https:\/\/advokatavans.se\/?s={search_term_string}"},"query-input":{"@type":"PropertyValueSpecification","valueRequired":true,"valueName":"search_term_string"}}],"inLanguage":"en-GB"},{"@type":"Organization","@id":"https:\/\/advokatavans.se\/#organization","name":"AVANS LAW FIRM","alternateName":"Advokatfirman Avans","url":"https:\/\/advokatavans.se\/","logo":{"@type":"ImageObject","inLanguage":"en-GB","@id":"https:\/\/advokatavans.se\/#\/schema\/logo\/image\/","url":"https:\/\/media1.advokatavans.se\/2020\/03\/Logga-svart-liten.png","contentUrl":"https:\/\/media1.advokatavans.se\/2020\/03\/Logga-svart-liten.png","width":300,"height":134,"caption":"Advokatfirman Avans"},"image":{"@id":"https:\/\/advokatavans.se\/#\/schema\/logo\/image\/"},"sameAs":["https:\/\/www.facebook.com\/profile.php?id=61565887347409","https:\/\/www.instagram.com\/advokatavans\/"]}]}},"_links":{"self":[{"href":"https:\/\/advokatavans.se\/en\/wp-json\/wp\/v2\/pages\/1569","targetHints":{"allow":["GET"]}}],"collection":[{"href":"https:\/\/advokatavans.se\/en\/wp-json\/wp\/v2\/pages"}],"about":[{"href":"https:\/\/advokatavans.se\/en\/wp-json\/wp\/v2\/types\/page"}],"author":[{"embeddable":true,"href":"https:\/\/advokatavans.se\/en\/wp-json\/wp\/v2\/users\/1"}],"replies":[{"embeddable":true,"href":"https:\/\/advokatavans.se\/en\/wp-json\/wp\/v2\/comments?post=1569"}],"version-history":[{"count":20,"href":"https:\/\/advokatavans.se\/en\/wp-json\/wp\/v2\/pages\/1569\/revisions"}],"predecessor-version":[{"id":3028,"href":"https:\/\/advokatavans.se\/en\/wp-json\/wp\/v2\/pages\/1569\/revisions\/3028"}],"wp:featuredmedia":[{"embeddable":true,"href":"https:\/\/advokatavans.se\/en\/wp-json\/wp\/v2\/media\/2098"}],"wp:attachment":[{"href":"https:\/\/advokatavans.se\/en\/wp-json\/wp\/v2\/media?parent=1569"}],"curies":[{"name":"wp","href":"https:\/\/api.w.org\/{rel}","templated":true}]}}