{"id":2991,"date":"2026-03-09T18:21:22","date_gmt":"2026-03-09T18:21:22","guid":{"rendered":"https:\/\/advokatavans.se\/?page_id=2991"},"modified":"2026-03-09T18:25:08","modified_gmt":"2026-03-09T18:25:08","slug":"frida-gardin","status":"publish","type":"page","link":"https:\/\/advokatavans.se\/ar\/frida-gardin\/","title":{"rendered":"Frida G\u00e4rdin"},"content":{"rendered":"<div data-elementor-type=\"wp-page\" data-elementor-id=\"2991\" class=\"elementor elementor-2991\" data-elementor-post-type=\"page\">\n\t\t\t\t<div class=\"elementor-element elementor-element-996da02 e-flex e-con-boxed e-con e-parent\" data-id=\"996da02\" data-element_type=\"container\" data-e-type=\"container\" data-settings=\"{&quot;background_background&quot;:&quot;classic&quot;}\">\n\t\t\t\t\t<div class=\"e-con-inner\">\n\t\t<div class=\"elementor-element elementor-element-816f042 e-con-full e-flex e-con e-child\" data-id=\"816f042\" data-element_type=\"container\" data-e-type=\"container\" data-settings=\"{&quot;background_background&quot;:&quot;classic&quot;}\">\n\t\t<div class=\"elementor-element elementor-element-58a20d1 e-con-full e-flex e-con e-child\" data-id=\"58a20d1\" data-element_type=\"container\" data-e-type=\"container\">\n\t\t\t\t<div class=\"elementor-element elementor-element-d6e2ae0 elementor-widget elementor-widget-heading\" data-id=\"d6e2ae0\" data-element_type=\"widget\" data-e-type=\"widget\" data-widget_type=\"heading.default\">\n\t\t\t\t<div class=\"elementor-widget-container\">\n\t\t\t\t\t<span class=\"elementor-heading-title elementor-size-default\">Bitr\u00e4dande jurist<\/span>\t\t\t\t<\/div>\n\t\t\t\t<\/div>\n\t\t\t\t<div class=\"elementor-element elementor-element-72d359f elementor-widget elementor-widget-heading\" data-id=\"72d359f\" data-element_type=\"widget\" data-e-type=\"widget\" data-widget_type=\"heading.default\">\n\t\t\t\t<div class=\"elementor-widget-container\">\n\t\t\t\t\t<h1 class=\"elementor-heading-title elementor-size-default\">Frida g\u00e4rdin<\/h1>\t\t\t\t<\/div>\n\t\t\t\t<\/div>\n\t\t\t\t<div class=\"elementor-element elementor-element-8eff722 elementor-widget elementor-widget-text-editor\" data-id=\"8eff722\" data-element_type=\"widget\" data-e-type=\"widget\" data-widget_type=\"text-editor.default\">\n\t\t\t\t<div class=\"elementor-widget-container\">\n\t\t\t\t\t\t\t\t\t<div class=\"flex-shrink-0 flex flex-col relative items-end\"><div class=\"pt-0\"><div class=\"gizmo-bot-avatar flex h-8 w-8 items-center justify-center overflow-hidden rounded-full\"><div class=\"relative p-1 rounded-sm flex items-center justify-center bg-token-main-surface-primary text-token-text-primary h-8 w-8\"><div class=\"flex-shrink-0 flex flex-col relative items-end\"><div class=\"pt-0\"><div class=\"gizmo-bot-avatar flex h-8 w-8 items-center justify-center overflow-hidden rounded-full\"><p><b>Text kommer inom kort<\/b><\/p><\/div><\/div><\/div><\/div><\/div><\/div><\/div>\t\t\t\t\t\t\t\t<\/div>\n\t\t\t\t<\/div>\n\t\t<div class=\"elementor-element elementor-element-35b67dc e-con-full e-flex e-con e-child\" data-id=\"35b67dc\" data-element_type=\"container\" data-e-type=\"container\" data-settings=\"{&quot;background_background&quot;:&quot;classic&quot;}\">\n\t\t\t\t<div class=\"elementor-element elementor-element-b7a1ce1 elementor-widget elementor-widget-heading\" data-id=\"b7a1ce1\" data-element_type=\"widget\" data-e-type=\"widget\" data-widget_type=\"heading.default\">\n\t\t\t\t<div class=\"elementor-widget-container\">\n\t\t\t\t\t<h2 class=\"elementor-heading-title elementor-size-default\">Frida G\u00e4rdin<\/h2>\t\t\t\t<\/div>\n\t\t\t\t<\/div>\n\t\t\t\t<div class=\"elementor-element elementor-element-7cf2ece elementor-align-end elementor-list-item-link-inline elementor-mobile-align-end elementor-icon-list--layout-traditional elementor-widget elementor-widget-icon-list\" data-id=\"7cf2ece\" data-element_type=\"widget\" data-e-type=\"widget\" data-widget_type=\"icon-list.default\">\n\t\t\t\t<div class=\"elementor-widget-container\">\n\t\t\t\t\t\t\t<ul class=\"elementor-icon-list-items\">\n\t\t\t\t\t\t\t<li class=\"elementor-icon-list-item\">\n\t\t\t\t\t\t\t\t\t\t\t<a href=\"tel:073%20978%2093%2085\">\n\n\t\t\t\t\t\t\t\t\t\t\t<span class=\"elementor-icon-list-text\">073 978 93 85<\/span>\n\t\t\t\t\t\t\t\t\t\t\t<\/a>\n\t\t\t\t\t\t\t\t\t<\/li>\n\t\t\t\t\t\t\t\t<li class=\"elementor-icon-list-item\">\n\t\t\t\t\t\t\t\t\t\t\t<a href=\"mailto:frida@advokatavans.se?subject=\u00c4mnesrad&#038;body=Skriv%20ditt%20meddelande%20h\u00e4r,%20s\u00e5%20svarar%20jag%20s\u00e5%20fort%20jag%20kan.\" target=\"_blank\">\n\n\t\t\t\t\t\t\t\t\t\t\t<span class=\"elementor-icon-list-text\">frida@advokatavans.se<\/span>\n\t\t\t\t\t\t\t\t\t\t\t<\/a>\n\t\t\t\t\t\t\t\t\t<\/li>\n\t\t\t\t\t\t<\/ul>\n\t\t\t\t\t\t<\/div>\n\t\t\t\t<\/div>\n\t\t\t\t<\/div>\n\t\t\t\t<\/div>\n\t\t<div class=\"elementor-element elementor-element-983887a e-con-full e-flex e-con e-child\" data-id=\"983887a\" data-element_type=\"container\" data-e-type=\"container\">\n\t\t\t\t<div class=\"elementor-element elementor-element-f44d6ca elementor-widget elementor-widget-image\" data-id=\"f44d6ca\" data-element_type=\"widget\" data-e-type=\"widget\" data-widget_type=\"image.default\">\n\t\t\t\t<div class=\"elementor-widget-container\">\n\t\t\t\t\t\t\t\t\t\t\t\t\t\t\t<img fetchpriority=\"high\" decoding=\"async\" width=\"450\" height=\"562\" src=\"https:\/\/media1.advokatavans.se\/2026\/03\/Bild-saknas-pa-personal-2026.png\" class=\"attachment-full size-full wp-image-2716\" alt=\"Bild kommer inom kort\" srcset=\"http:\/\/media1.advokatavans.se\/2026\/03\/Bild-saknas-pa-personal-2026.png 450w, http:\/\/media1.advokatavans.se\/2026\/03\/Bild-saknas-pa-personal-2026-240x300.png 240w, http:\/\/media1.advokatavans.se\/2026\/03\/Bild-saknas-pa-personal-2026-10x12.png 10w\" sizes=\"(max-width: 450px) 100vw, 450px\" \/>\t\t\t\t\t\t\t\t\t\t\t\t\t\t\t<\/div>\n\t\t\t\t<\/div>\n\t\t\t\t<\/div>\n\t\t\t\t<\/div>\n\t\t\t\t\t<\/div>\n\t\t\t\t<\/div>\n\t\t\t\t<\/div>","protected":false},"excerpt":{"rendered":"<p>Bitr\u00e4dande jurist Frida g\u00e4rdin Text kommer inom kort Frida G\u00e4rdin 073 978 93 85 frida@advokatavans.se<\/p>","protected":false},"author":1,"featured_media":0,"parent":0,"menu_order":0,"comment_status":"closed","ping_status":"closed","template":"elementor_header_footer","meta":{"footnotes":""},"class_list":["post-2991","page","type-page","status-publish","hentry"],"yoast_head":"<!-- This site is optimized with the Yoast SEO plugin v27.3 - https:\/\/yoast.com\/product\/yoast-seo-wordpress\/ -->\n<title>Advokatfirman Avans - Frida G\u00e4rdin<\/title>\n<meta name=\"robots\" content=\"index, follow, max-snippet:-1, max-image-preview:large, max-video-preview:-1\" \/>\n<link rel=\"canonical\" href=\"https:\/\/advokatavans.se\/ar\/frida-gardin\/\" \/>\n<meta property=\"og:locale\" content=\"ar_AR\" \/>\n<meta property=\"og:type\" content=\"article\" \/>\n<meta property=\"og:title\" content=\"Advokatfirman Avans - Frida G\u00e4rdin\" \/>\n<meta property=\"og:description\" content=\"Bitr\u00e4dande jurist Frida g\u00e4rdin Text kommer inom kort Frida G\u00e4rdin 073 978 93 85 frida@advokatavans.se\" \/>\n<meta property=\"og:url\" content=\"https:\/\/advokatavans.se\/ar\/frida-gardin\/\" \/>\n<meta property=\"og:site_name\" content=\"Advokatfirman Avans\" \/>\n<meta property=\"article:publisher\" content=\"https:\/\/www.facebook.com\/profile.php?id=61565887347409\" \/>\n<meta property=\"article:modified_time\" content=\"2026-03-09T18:25:08+00:00\" \/>\n<meta property=\"og:image\" content=\"https:\/\/media1.advokatavans.se\/2026\/03\/Bild-saknas-pa-personal-2026.png\" \/>\n\t<meta property=\"og:image:width\" content=\"450\" \/>\n\t<meta property=\"og:image:height\" content=\"562\" \/>\n\t<meta property=\"og:image:type\" content=\"image\/png\" \/>\n<meta name=\"twitter:card\" content=\"summary_large_image\" \/>\n<meta name=\"twitter:label1\" content=\"\u0648\u0642\u062a \u0627\u0644\u0642\u0631\u0627\u0621\u0629 \u0627\u0644\u0645\u064f\u0642\u062f\u0651\u0631\" \/>\n\t<meta name=\"twitter:data1\" content=\"\u062f\u0642\u064a\u0642\u0629 \u0648\u0627\u062d\u062f\u0629\" \/>\n<script type=\"application\/ld+json\" class=\"yoast-schema-graph\">{\"@context\":\"https:\\\/\\\/schema.org\",\"@graph\":[{\"@type\":\"WebPage\",\"@id\":\"https:\\\/\\\/advokatavans.se\\\/frida-gardin\\\/\",\"url\":\"https:\\\/\\\/advokatavans.se\\\/frida-gardin\\\/\",\"name\":\"Advokatfirman Avans - Frida G\u00e4rdin\",\"isPartOf\":{\"@id\":\"https:\\\/\\\/advokatavans.se\\\/#website\"},\"primaryImageOfPage\":{\"@id\":\"https:\\\/\\\/advokatavans.se\\\/frida-gardin\\\/#primaryimage\"},\"image\":{\"@id\":\"https:\\\/\\\/advokatavans.se\\\/frida-gardin\\\/#primaryimage\"},\"thumbnailUrl\":\"http:\\\/\\\/media1.advokatavans.se\\\/2026\\\/03\\\/Bild-saknas-pa-personal-2026.png\",\"datePublished\":\"2026-03-09T18:21:22+00:00\",\"dateModified\":\"2026-03-09T18:25:08+00:00\",\"breadcrumb\":{\"@id\":\"https:\\\/\\\/advokatavans.se\\\/frida-gardin\\\/#breadcrumb\"},\"inLanguage\":\"ar\",\"potentialAction\":[{\"@type\":\"ReadAction\",\"target\":[\"https:\\\/\\\/advokatavans.se\\\/frida-gardin\\\/\"]}]},{\"@type\":\"ImageObject\",\"inLanguage\":\"ar\",\"@id\":\"https:\\\/\\\/advokatavans.se\\\/frida-gardin\\\/#primaryimage\",\"url\":\"http:\\\/\\\/media1.advokatavans.se\\\/2026\\\/03\\\/Bild-saknas-pa-personal-2026.png\",\"contentUrl\":\"http:\\\/\\\/media1.advokatavans.se\\\/2026\\\/03\\\/Bild-saknas-pa-personal-2026.png\"},{\"@type\":\"BreadcrumbList\",\"@id\":\"https:\\\/\\\/advokatavans.se\\\/frida-gardin\\\/#breadcrumb\",\"itemListElement\":[{\"@type\":\"ListItem\",\"position\":1,\"name\":\"Hem\",\"item\":\"https:\\\/\\\/advokatavans.se\\\/\"},{\"@type\":\"ListItem\",\"position\":2,\"name\":\"Frida G\u00e4rdin\"}]},{\"@type\":\"WebSite\",\"@id\":\"https:\\\/\\\/advokatavans.se\\\/#website\",\"url\":\"https:\\\/\\\/advokatavans.se\\\/\",\"name\":\"Advokatfirman Avans\",\"description\":\"Din v\u00e4g till r\u00e4ttvisa \u2013 Vi st\u00e5r vid din sida.\",\"publisher\":{\"@id\":\"https:\\\/\\\/advokatavans.se\\\/#organization\"},\"alternateName\":\"Advokatfirman Avans\",\"potentialAction\":[{\"@type\":\"SearchAction\",\"target\":{\"@type\":\"EntryPoint\",\"urlTemplate\":\"https:\\\/\\\/advokatavans.se\\\/?s={search_term_string}\"},\"query-input\":{\"@type\":\"PropertyValueSpecification\",\"valueRequired\":true,\"valueName\":\"search_term_string\"}}],\"inLanguage\":\"ar\"},{\"@type\":\"Organization\",\"@id\":\"https:\\\/\\\/advokatavans.se\\\/#organization\",\"name\":\"Advokatfirman Avans\",\"alternateName\":\"Advokatfirman Avans\",\"url\":\"https:\\\/\\\/advokatavans.se\\\/\",\"logo\":{\"@type\":\"ImageObject\",\"inLanguage\":\"ar\",\"@id\":\"https:\\\/\\\/advokatavans.se\\\/#\\\/schema\\\/logo\\\/image\\\/\",\"url\":\"https:\\\/\\\/media1.advokatavans.se\\\/2020\\\/03\\\/Logga-svart-liten.png\",\"contentUrl\":\"https:\\\/\\\/media1.advokatavans.se\\\/2020\\\/03\\\/Logga-svart-liten.png\",\"width\":300,\"height\":134,\"caption\":\"Advokatfirman Avans\"},\"image\":{\"@id\":\"https:\\\/\\\/advokatavans.se\\\/#\\\/schema\\\/logo\\\/image\\\/\"},\"sameAs\":[\"https:\\\/\\\/www.facebook.com\\\/profile.php?id=61565887347409\",\"https:\\\/\\\/www.instagram.com\\\/advokatavans\\\/\"]}]}<\/script>\n<!-- \/ Yoast SEO plugin. -->","yoast_head_json":{"title":"Advokatfirman Avans - Frida G\u00e4rdin","robots":{"index":"index","follow":"follow","max-snippet":"max-snippet:-1","max-image-preview":"max-image-preview:large","max-video-preview":"max-video-preview:-1"},"canonical":"https:\/\/advokatavans.se\/ar\/frida-gardin\/","og_locale":"ar_AR","og_type":"article","og_title":"Advokatfirman Avans - Frida G\u00e4rdin","og_description":"Bitr\u00e4dande jurist Frida g\u00e4rdin Text kommer inom kort Frida G\u00e4rdin 073 978 93 85 frida@advokatavans.se","og_url":"https:\/\/advokatavans.se\/ar\/frida-gardin\/","og_site_name":"Advokatfirman Avans","article_publisher":"https:\/\/www.facebook.com\/profile.php?id=61565887347409","article_modified_time":"2026-03-09T18:25:08+00:00","og_image":[{"width":450,"height":562,"url":"https:\/\/media1.advokatavans.se\/2026\/03\/Bild-saknas-pa-personal-2026.png","type":"image\/png"}],"twitter_card":"summary_large_image","twitter_misc":{"\u0648\u0642\u062a \u0627\u0644\u0642\u0631\u0627\u0621\u0629 \u0627\u0644\u0645\u064f\u0642\u062f\u0651\u0631":"\u062f\u0642\u064a\u0642\u0629 \u0648\u0627\u062d\u062f\u0629"},"schema":{"@context":"https:\/\/schema.org","@graph":[{"@type":"WebPage","@id":"https:\/\/advokatavans.se\/frida-gardin\/","url":"https:\/\/advokatavans.se\/frida-gardin\/","name":"Advokatfirman Avans - Frida G\u00e4rdin","isPartOf":{"@id":"https:\/\/advokatavans.se\/#website"},"primaryImageOfPage":{"@id":"https:\/\/advokatavans.se\/frida-gardin\/#primaryimage"},"image":{"@id":"https:\/\/advokatavans.se\/frida-gardin\/#primaryimage"},"thumbnailUrl":"http:\/\/media1.advokatavans.se\/2026\/03\/Bild-saknas-pa-personal-2026.png","datePublished":"2026-03-09T18:21:22+00:00","dateModified":"2026-03-09T18:25:08+00:00","breadcrumb":{"@id":"https:\/\/advokatavans.se\/frida-gardin\/#breadcrumb"},"inLanguage":"ar","potentialAction":[{"@type":"ReadAction","target":["https:\/\/advokatavans.se\/frida-gardin\/"]}]},{"@type":"ImageObject","inLanguage":"ar","@id":"https:\/\/advokatavans.se\/frida-gardin\/#primaryimage","url":"http:\/\/media1.advokatavans.se\/2026\/03\/Bild-saknas-pa-personal-2026.png","contentUrl":"http:\/\/media1.advokatavans.se\/2026\/03\/Bild-saknas-pa-personal-2026.png"},{"@type":"BreadcrumbList","@id":"https:\/\/advokatavans.se\/frida-gardin\/#breadcrumb","itemListElement":[{"@type":"ListItem","position":1,"name":"Hem","item":"https:\/\/advokatavans.se\/"},{"@type":"ListItem","position":2,"name":"Frida G\u00e4rdin"}]},{"@type":"WebSite","@id":"https:\/\/advokatavans.se\/#website","url":"https:\/\/advokatavans.se\/","name":"Advokatfirman Avans","description":"Din v\u00e4g till r\u00e4ttvisa \u2013 Vi st\u00e5r vid din sida.","publisher":{"@id":"https:\/\/advokatavans.se\/#organization"},"alternateName":"Advokatfirman Avans","potentialAction":[{"@type":"SearchAction","target":{"@type":"EntryPoint","urlTemplate":"https:\/\/advokatavans.se\/?s={search_term_string}"},"query-input":{"@type":"PropertyValueSpecification","valueRequired":true,"valueName":"search_term_string"}}],"inLanguage":"ar"},{"@type":"Organization","@id":"https:\/\/advokatavans.se\/#organization","name":"Advokatfirman Avans","alternateName":"Advokatfirman Avans","url":"https:\/\/advokatavans.se\/","logo":{"@type":"ImageObject","inLanguage":"ar","@id":"https:\/\/advokatavans.se\/#\/schema\/logo\/image\/","url":"https:\/\/media1.advokatavans.se\/2020\/03\/Logga-svart-liten.png","contentUrl":"https:\/\/media1.advokatavans.se\/2020\/03\/Logga-svart-liten.png","width":300,"height":134,"caption":"Advokatfirman Avans"},"image":{"@id":"https:\/\/advokatavans.se\/#\/schema\/logo\/image\/"},"sameAs":["https:\/\/www.facebook.com\/profile.php?id=61565887347409","https:\/\/www.instagram.com\/advokatavans\/"]}]}},"_links":{"self":[{"href":"https:\/\/advokatavans.se\/ar\/wp-json\/wp\/v2\/pages\/2991","targetHints":{"allow":["GET"]}}],"collection":[{"href":"https:\/\/advokatavans.se\/ar\/wp-json\/wp\/v2\/pages"}],"about":[{"href":"https:\/\/advokatavans.se\/ar\/wp-json\/wp\/v2\/types\/page"}],"author":[{"embeddable":true,"href":"https:\/\/advokatavans.se\/ar\/wp-json\/wp\/v2\/users\/1"}],"replies":[{"embeddable":true,"href":"https:\/\/advokatavans.se\/ar\/wp-json\/wp\/v2\/comments?post=2991"}],"version-history":[{"count":13,"href":"https:\/\/advokatavans.se\/ar\/wp-json\/wp\/v2\/pages\/2991\/revisions"}],"predecessor-version":[{"id":3007,"href":"https:\/\/advokatavans.se\/ar\/wp-json\/wp\/v2\/pages\/2991\/revisions\/3007"}],"wp:attachment":[{"href":"https:\/\/advokatavans.se\/ar\/wp-json\/wp\/v2\/media?parent=2991"}],"curies":[{"name":"wp","href":"https:\/\/api.w.org\/{rel}","templated":true}]}}