{"id":2848,"date":"2026-03-07T18:37:48","date_gmt":"2026-03-07T18:37:48","guid":{"rendered":"https:\/\/advokatavans.se\/?page_id=2848"},"modified":"2026-03-10T09:58:15","modified_gmt":"2026-03-10T09:58:15","slug":"test-sida","status":"publish","type":"page","link":"https:\/\/advokatavans.se\/ar\/test-sida\/","title":{"rendered":"Test sida"},"content":{"rendered":"<div data-elementor-type=\"wp-page\" data-elementor-id=\"2848\" class=\"elementor elementor-2848\" data-elementor-post-type=\"page\">\n\t\t\t\t<div class=\"elementor-element elementor-element-3f481df8 e-flex e-con-boxed e-con e-parent\" data-id=\"3f481df8\" data-element_type=\"container\" data-e-type=\"container\">\n\t\t\t\t\t<div class=\"e-con-inner\">\n\t\t\t\t<div class=\"elementor-element elementor-element-766c45d1 elementor-widget elementor-widget-text-editor\" data-id=\"766c45d1\" data-element_type=\"widget\" data-e-type=\"widget\" data-widget_type=\"text-editor.default\">\n\t\t\t\t<div class=\"elementor-widget-container\">\n\t\t\t\t\t\t\t\t\t\n<p><\/p>\n\n\n\n<p><\/p>\n\t\t\t\t\t\t\t\t<\/div>\n\t\t\t\t<\/div>\n\t\t\t\t\t<\/div>\n\t\t\t\t<\/div>\n\t\t<main class=\"elementor-element elementor-element-ba7345d e-flex e-con-boxed e-con e-parent\" data-id=\"ba7345d\" data-element_type=\"container\" data-e-type=\"container\" data-settings=\"{&quot;background_background&quot;:&quot;classic&quot;}\">\n\t\t\t\t\t<div class=\"e-con-inner\">\n\t\t<div class=\"elementor-element elementor-element-1950f85 e-con-full e-flex e-con e-child\" data-id=\"1950f85\" data-element_type=\"container\" data-e-type=\"container\">\n\t\t\t\t<div class=\"elementor-element elementor-element-1acc626 elementor-widget elementor-widget-heading\" data-id=\"1acc626\" data-element_type=\"widget\" data-e-type=\"widget\" data-widget_type=\"heading.default\">\n\t\t\t\t<div class=\"elementor-widget-container\">\n\t\t\t\t\t<h1 class=\"elementor-heading-title elementor-size-default\">Advokatfirman Avans<\/h1>\t\t\t\t<\/div>\n\t\t\t\t<\/div>\n\t\t\t\t<\/div>\n\t\t\t\t\t<\/div>\n\t\t\t\t<\/main>\n\t\t<div class=\"elementor-element elementor-element-3f286d4 e-flex e-con-boxed e-con e-parent\" data-id=\"3f286d4\" data-element_type=\"container\" data-e-type=\"container\" data-settings=\"{&quot;background_background&quot;:&quot;classic&quot;}\">\n\t\t\t\t\t<div class=\"e-con-inner\">\n\t\t\t\t<div class=\"elementor-element elementor-element-ffa1ec6 elementor-widget elementor-widget-heading\" data-id=\"ffa1ec6\" data-element_type=\"widget\" data-e-type=\"widget\" data-widget_type=\"heading.default\">\n\t\t\t\t<div class=\"elementor-widget-container\">\n\t\t\t\t\t<h2 class=\"elementor-heading-title elementor-size-default\">\u0645\u0643\u062a\u0628 \u0645\u062d\u0627\u0645\u0627\u0629 \u064a\u0636\u0639 \u0627\u0644\u0639\u0645\u064a\u0644 \u0641\u064a \u0635\u0645\u064a\u0645 \u0627\u0647\u062a\u0645\u0627\u0645\u0647<\/h2>\t\t\t\t<\/div>\n\t\t\t\t<\/div>\n\t\t\t\t<div class=\"elementor-element elementor-element-36c3b30 elementor-widget__width-initial elementor-widget elementor-widget-text-editor\" data-id=\"36c3b30\" data-element_type=\"widget\" data-e-type=\"widget\" data-widget_type=\"text-editor.default\">\n\t\t\t\t<div class=\"elementor-widget-container\">\n\t\t\t\t\t\t\t\t\t<div class=\"flex-shrink-0 flex flex-col relative items-end\">\n<div class=\"pt-0\">\n<div class=\"gizmo-bot-avatar flex h-8 w-8 items-center justify-center overflow-hidden rounded-full\">\n<div class=\"relative p-1 rounded-sm flex items-center justify-center bg-token-main-surface-primary text-token-text-primary h-8 w-8\">\n<p>\u0645\u0643\u062a\u0628\u0646\u0627 \u0645\u0643\u062a\u0628 \u0645\u062d\u0627\u0645\u0627\u0629 \u0645\u062a\u0643\u0627\u0645\u0644 \u0627\u0644\u062e\u062f\u0645\u0627\u062a \u0641\u064a \u0633\u062a\u0648\u0643\u0647\u0648\u0644\u0645 \u0648\u0643\u0627\u062a\u0631\u064a\u0646\u0647\u0648\u0644\u0645 \u0648\u0646\u064a\u0634\u0648\u0628\u064a\u0646\u063a \u0648 \u0633\u0648\u062f\u0631\u062a\u0627\u0644\u064a\u0627. \u0644\u062f\u064a\u0646\u0627 \u062e\u0628\u0631\u0629 \u0637\u0648\u064a\u0644\u0629 \u0641\u064a \u0627\u0644\u0645\u0631\u0627\u0641\u0639\u0627\u062a \u0623\u0645\u0627\u0645 \u0627\u0644\u0645\u062d\u0627\u0643\u0645 \u0648\u0647\u064a\u0626\u0627\u062a \u0627\u0644\u062a\u062d\u0643\u064a\u0645. \u0648\u0628\u063a\u0636\u0651 \u0627\u0644\u0646\u0638\u0631 \u0639\u0646 \u062d\u062c\u0645 \u0627\u0644\u0642\u0636\u064a\u0629 \u0623\u0648 \u0645\u062f\u0649 \u062a\u0639\u0642\u064a\u062f\u0647\u0627\u060c \u0646\u0639\u0645\u0644 \u062f\u0627\u0626\u0645\u064b\u0627 \u0628\u0642\u062f\u0631 \u0639\u0627\u0644\u064d \u0645\u0646 \u0627\u0644\u0627\u0644\u062a\u0632\u0627\u0645 \u0648\u0627\u0644\u0627\u0647\u062a\u0645\u0627\u0645 \u0644\u062a\u0647\u064a\u0626\u0629 \u0623\u0641\u0636\u0644 \u0627\u0644\u0638\u0631\u0648\u0641 \u0627\u0644\u0645\u0645\u0643\u0646\u0629 \u0644\u0639\u0645\u0644\u0627\u0626\u0646\u0627.<\/p>\n<p>\u0646\u062d\u0646 \u0646\u062d\u0631\u0635 \u0639\u0644\u0649 \u0628\u0646\u0627\u0621 \u0639\u0644\u0627\u0642\u0627\u062a \u0637\u0648\u064a\u0644\u0629 \u0627\u0644\u0623\u0645\u062f \u062a\u0642\u0648\u0645 \u0639\u0644\u0649 \u0627\u0644\u062b\u0642\u0629 \u0648\u0627\u0644\u0646\u0632\u0627\u0647\u0629. \u0648\u0645\u0646 \u062e\u0644\u0627\u0644 \u0627\u0644\u0627\u0633\u062a\u0645\u0627\u0639 \u0625\u0644\u0649 \u0639\u0645\u0644\u0627\u0626\u0646\u0627 \u0648\u0641\u0647\u0645 \u0627\u062d\u062a\u064a\u0627\u062c\u0627\u062a\u0647\u0645 \u0648\u0627\u0644\u062a\u0635\u0631\u0641 \u0628\u0639\u0646\u0627\u064a\u0629 \u0648\u062f\u0642\u0629\u060c \u0646\u0639\u0645\u0644 \u0639\u0644\u0649 \u0625\u064a\u062c\u0627\u062f \u062d\u0644\u0648\u0644 \u0637\u0648\u064a\u0644\u0629 \u0627\u0644\u0623\u0645\u062f.<\/p>\n<p>\u064a\u0636\u0645 \u0645\u0643\u062a\u0628\u0646\u0627 \u062e\u0628\u0631\u0627\u062a \u0648\u0627\u0633\u0639\u0629\u060c \u0648\u0646\u0639\u0645\u0644 \u062f\u0627\u0626\u0645\u064b\u0627 \u0628\u0631\u0648\u062d \u0627\u0644\u0641\u0631\u064a\u0642 \u0627\u0644\u0648\u0627\u062d\u062f\u060c \u0645\u0645\u0627 \u064a\u062a\u064a\u062d \u0644\u0646\u0627 \u062a\u0648\u0638\u064a\u0641 \u062e\u0628\u0631\u0627\u062a\u0646\u0627 \u0627\u0644\u0645\u0634\u062a\u0631\u0643\u0629 \u0644\u062a\u0642\u062f\u064a\u0645 \u0623\u0641\u0636\u0644 \u062f\u0639\u0645 \u0645\u0645\u0643\u0646 \u0644\u0643 \u0643\u0639\u0645\u064a\u0644. \u0643\u0645\u0627 \u0646\u0648\u0641\u0631 \u0623\u064a\u0636\u064b\u0627 \u0627\u0644\u0627\u0633\u062a\u0634\u0627\u0631\u0627\u062a \u0627\u0644\u0642\u0627\u0646\u0648\u0646\u064a\u0629 \u0628\u0627\u0644\u0644\u063a\u0629 \u0627\u0644\u0639\u0631\u0628\u064a\u0629\u060c \u0625\u0644\u0649 \u062c\u0627\u0646\u0628 \u0627\u0644\u0633\u0648\u064a\u062f\u064a\u0629 \u0648\u0627\u0644\u0625\u0646\u062c\u0644\u064a\u0632\u064a\u0629.<\/p>\n<p>\u0646\u062d\u0646 \u0645\u0648\u062c\u0648\u062f\u0648\u0646 \u0625\u0644\u0649 \u062c\u0627\u0646\u0628\u0643 \u0641\u064a \u062c\u0645\u064a\u0639 \u0627\u0644\u0645\u0633\u0627\u0626\u0644 \u0627\u0644\u0642\u0627\u0646\u0648\u0646\u064a\u0629\u060c \u0648\u0647\u062f\u0641\u0646\u0627 \u0623\u0646 \u0646\u0643\u0648\u0646 \u0645\u0639\u0643 \u062e\u0644\u0627\u0644 \u0627\u0644\u062a\u062d\u062f\u064a\u0627\u062a \u0627\u0644\u0642\u0627\u0646\u0648\u0646\u064a\u0629 \u0641\u064a \u062d\u064a\u0627\u062a\u0643 \u2013 \u0633\u0648\u0627\u0621\u064b \u0643\u0627\u0646\u062a \u0643\u0628\u064a\u0631\u0629 \u0623\u0648 \u0635\u063a\u064a\u0631\u0629.\u00a0<\/p>\n<\/div>\n<\/div>\n<\/div>\n<\/div>\t\t\t\t\t\t\t\t<\/div>\n\t\t\t\t<\/div>\n\t\t\t\t<div class=\"elementor-element elementor-element-1a69a64 elementor-align-center elementor-widget elementor-widget-button\" data-id=\"1a69a64\" data-element_type=\"widget\" data-e-type=\"widget\" data-widget_type=\"button.default\">\n\t\t\t\t<div class=\"elementor-widget-container\">\n\t\t\t\t\t\t\t\t\t<div class=\"elementor-button-wrapper\">\n\t\t\t\t\t<a class=\"elementor-button elementor-button-link elementor-size-sm\" href=\"https:\/\/advokatavans.se\/ar\/vara-rattsomraden\/\" rel=\"nofollow\">\n\t\t\t\t\t\t<span class=\"elementor-button-content-wrapper\">\n\t\t\t\t\t\t\t\t\t<span class=\"elementor-button-text\">\u00a0\u0645\u062c\u0627\u0644\u0627\u062a \u0639\u0645\u0644\u0646\u0627<\/span>\n\t\t\t\t\t<\/span>\n\t\t\t\t\t<\/a>\n\t\t\t\t<\/div>\n\t\t\t\t\t\t\t\t<\/div>\n\t\t\t\t<\/div>\n\t\t\t\t\t<\/div>\n\t\t\t\t<\/div>\n\t\t\t\t<\/div>","protected":false},"excerpt":{"rendered":"<p>Advokatfirman Avans Advokatbyr\u00e5n med klienten i fokus Advokatfirman Avans \u00e4r en fullservicebyr\u00e5 i Stockholm, Katrineholm och Nyk\u00f6ping med m\u00e5ng\u00e5rig erfarenhet av processande i domstol och skiljen\u00e4mnd. Oavsett \u00e4rendets omfattning eller komplexitet arbetar vi med stort engagemang f\u00f6r att skapa de b\u00e4sta f\u00f6ruts\u00e4ttningarna f\u00f6r v\u00e5ra klienter. Vi v\u00e4rnar om l\u00e5ngsiktiga samarbeten, d\u00e4r f\u00f6rtroende och integritet st\u00e5r [&hellip;]<\/p>\n","protected":false},"author":1,"featured_media":0,"parent":0,"menu_order":0,"comment_status":"closed","ping_status":"closed","template":"elementor_header_footer","meta":{"footnotes":""},"class_list":["post-2848","page","type-page","status-publish","hentry"],"yoast_head":"<!-- This site is optimized with the Yoast SEO plugin v27.3 - https:\/\/yoast.com\/product\/yoast-seo-wordpress\/ -->\n<title>Advokatfirman Avans - Test sida<\/title>\n<meta name=\"robots\" content=\"index, follow, max-snippet:-1, max-image-preview:large, max-video-preview:-1\" \/>\n<link rel=\"canonical\" href=\"https:\/\/advokatavans.se\/ar\/test-sida\/\" \/>\n<meta property=\"og:locale\" content=\"ar_AR\" \/>\n<meta property=\"og:type\" content=\"article\" \/>\n<meta property=\"og:title\" content=\"Advokatfirman Avans - Test sida\" \/>\n<meta property=\"og:description\" content=\"Advokatfirman Avans Advokatbyr\u00e5n med klienten i fokus Advokatfirman Avans \u00e4r en fullservicebyr\u00e5 i Stockholm, Katrineholm och Nyk\u00f6ping med m\u00e5ng\u00e5rig erfarenhet av processande i domstol och skiljen\u00e4mnd. Oavsett \u00e4rendets omfattning eller komplexitet arbetar vi med stort engagemang f\u00f6r att skapa de b\u00e4sta f\u00f6ruts\u00e4ttningarna f\u00f6r v\u00e5ra klienter. Vi v\u00e4rnar om l\u00e5ngsiktiga samarbeten, d\u00e4r f\u00f6rtroende och integritet st\u00e5r [&hellip;]\" \/>\n<meta property=\"og:url\" content=\"https:\/\/advokatavans.se\/ar\/test-sida\/\" \/>\n<meta property=\"og:site_name\" content=\"Advokatfirman Avans\" \/>\n<meta property=\"article:publisher\" content=\"https:\/\/www.facebook.com\/profile.php?id=61565887347409\" \/>\n<meta property=\"article:modified_time\" content=\"2026-03-10T09:58:15+00:00\" \/>\n<meta property=\"og:image\" content=\"https:\/\/media1.advokatavans.se\/2024\/10\/Advokatfirman-Avans-Sociala-Medier-2-1.png\" \/>\n\t<meta property=\"og:image:width\" content=\"707\" \/>\n\t<meta property=\"og:image:height\" content=\"500\" \/>\n\t<meta property=\"og:image:type\" content=\"image\/png\" \/>\n<meta name=\"twitter:card\" content=\"summary_large_image\" \/>\n<meta name=\"twitter:label1\" content=\"\u0648\u0642\u062a \u0627\u0644\u0642\u0631\u0627\u0621\u0629 \u0627\u0644\u0645\u064f\u0642\u062f\u0651\u0631\" \/>\n\t<meta name=\"twitter:data1\" content=\"\u062f\u0642\u064a\u0642\u0629 \u0648\u0627\u062d\u062f\u0629\" \/>\n<script type=\"application\/ld+json\" class=\"yoast-schema-graph\">{\"@context\":\"https:\\\/\\\/schema.org\",\"@graph\":[{\"@type\":\"WebPage\",\"@id\":\"https:\\\/\\\/advokatavans.se\\\/test-sida\\\/\",\"url\":\"https:\\\/\\\/advokatavans.se\\\/test-sida\\\/\",\"name\":\"Advokatfirman Avans - Test sida\",\"isPartOf\":{\"@id\":\"https:\\\/\\\/advokatavans.se\\\/#website\"},\"datePublished\":\"2026-03-07T18:37:48+00:00\",\"dateModified\":\"2026-03-10T09:58:15+00:00\",\"breadcrumb\":{\"@id\":\"https:\\\/\\\/advokatavans.se\\\/test-sida\\\/#breadcrumb\"},\"inLanguage\":\"ar\",\"potentialAction\":[{\"@type\":\"ReadAction\",\"target\":[\"https:\\\/\\\/advokatavans.se\\\/test-sida\\\/\"]}]},{\"@type\":\"BreadcrumbList\",\"@id\":\"https:\\\/\\\/advokatavans.se\\\/test-sida\\\/#breadcrumb\",\"itemListElement\":[{\"@type\":\"ListItem\",\"position\":1,\"name\":\"Hem\",\"item\":\"https:\\\/\\\/advokatavans.se\\\/\"},{\"@type\":\"ListItem\",\"position\":2,\"name\":\"Test sida\"}]},{\"@type\":\"WebSite\",\"@id\":\"https:\\\/\\\/advokatavans.se\\\/#website\",\"url\":\"https:\\\/\\\/advokatavans.se\\\/\",\"name\":\"Advokatfirman Avans\",\"description\":\"Din v\u00e4g till r\u00e4ttvisa \u2013 Vi st\u00e5r vid din sida.\",\"publisher\":{\"@id\":\"https:\\\/\\\/advokatavans.se\\\/#organization\"},\"alternateName\":\"Advokatfirman Avans\",\"potentialAction\":[{\"@type\":\"SearchAction\",\"target\":{\"@type\":\"EntryPoint\",\"urlTemplate\":\"https:\\\/\\\/advokatavans.se\\\/?s={search_term_string}\"},\"query-input\":{\"@type\":\"PropertyValueSpecification\",\"valueRequired\":true,\"valueName\":\"search_term_string\"}}],\"inLanguage\":\"ar\"},{\"@type\":\"Organization\",\"@id\":\"https:\\\/\\\/advokatavans.se\\\/#organization\",\"name\":\"Advokatfirman Avans\",\"alternateName\":\"Advokatfirman Avans\",\"url\":\"https:\\\/\\\/advokatavans.se\\\/\",\"logo\":{\"@type\":\"ImageObject\",\"inLanguage\":\"ar\",\"@id\":\"https:\\\/\\\/advokatavans.se\\\/#\\\/schema\\\/logo\\\/image\\\/\",\"url\":\"https:\\\/\\\/media1.advokatavans.se\\\/2020\\\/03\\\/Logga-svart-liten.png\",\"contentUrl\":\"https:\\\/\\\/media1.advokatavans.se\\\/2020\\\/03\\\/Logga-svart-liten.png\",\"width\":300,\"height\":134,\"caption\":\"Advokatfirman Avans\"},\"image\":{\"@id\":\"https:\\\/\\\/advokatavans.se\\\/#\\\/schema\\\/logo\\\/image\\\/\"},\"sameAs\":[\"https:\\\/\\\/www.facebook.com\\\/profile.php?id=61565887347409\",\"https:\\\/\\\/www.instagram.com\\\/advokatavans\\\/\"]}]}<\/script>\n<!-- \/ Yoast SEO plugin. -->","yoast_head_json":{"title":"Advokatfirman Avans - Test sida","robots":{"index":"index","follow":"follow","max-snippet":"max-snippet:-1","max-image-preview":"max-image-preview:large","max-video-preview":"max-video-preview:-1"},"canonical":"https:\/\/advokatavans.se\/ar\/test-sida\/","og_locale":"ar_AR","og_type":"article","og_title":"Advokatfirman Avans - Test sida","og_description":"Advokatfirman Avans Advokatbyr\u00e5n med klienten i fokus Advokatfirman Avans \u00e4r en fullservicebyr\u00e5 i Stockholm, Katrineholm och Nyk\u00f6ping med m\u00e5ng\u00e5rig erfarenhet av processande i domstol och skiljen\u00e4mnd. Oavsett \u00e4rendets omfattning eller komplexitet arbetar vi med stort engagemang f\u00f6r att skapa de b\u00e4sta f\u00f6ruts\u00e4ttningarna f\u00f6r v\u00e5ra klienter. Vi v\u00e4rnar om l\u00e5ngsiktiga samarbeten, d\u00e4r f\u00f6rtroende och integritet st\u00e5r [&hellip;]","og_url":"https:\/\/advokatavans.se\/ar\/test-sida\/","og_site_name":"Advokatfirman Avans","article_publisher":"https:\/\/www.facebook.com\/profile.php?id=61565887347409","article_modified_time":"2026-03-10T09:58:15+00:00","og_image":[{"width":707,"height":500,"url":"https:\/\/media1.advokatavans.se\/2024\/10\/Advokatfirman-Avans-Sociala-Medier-2-1.png","type":"image\/png"}],"twitter_card":"summary_large_image","twitter_misc":{"\u0648\u0642\u062a \u0627\u0644\u0642\u0631\u0627\u0621\u0629 \u0627\u0644\u0645\u064f\u0642\u062f\u0651\u0631":"\u062f\u0642\u064a\u0642\u0629 \u0648\u0627\u062d\u062f\u0629"},"schema":{"@context":"https:\/\/schema.org","@graph":[{"@type":"WebPage","@id":"https:\/\/advokatavans.se\/test-sida\/","url":"https:\/\/advokatavans.se\/test-sida\/","name":"Advokatfirman Avans - Test sida","isPartOf":{"@id":"https:\/\/advokatavans.se\/#website"},"datePublished":"2026-03-07T18:37:48+00:00","dateModified":"2026-03-10T09:58:15+00:00","breadcrumb":{"@id":"https:\/\/advokatavans.se\/test-sida\/#breadcrumb"},"inLanguage":"ar","potentialAction":[{"@type":"ReadAction","target":["https:\/\/advokatavans.se\/test-sida\/"]}]},{"@type":"BreadcrumbList","@id":"https:\/\/advokatavans.se\/test-sida\/#breadcrumb","itemListElement":[{"@type":"ListItem","position":1,"name":"Hem","item":"https:\/\/advokatavans.se\/"},{"@type":"ListItem","position":2,"name":"Test sida"}]},{"@type":"WebSite","@id":"https:\/\/advokatavans.se\/#website","url":"https:\/\/advokatavans.se\/","name":"Advokatfirman Avans","description":"Din v\u00e4g till r\u00e4ttvisa \u2013 Vi st\u00e5r vid din sida.","publisher":{"@id":"https:\/\/advokatavans.se\/#organization"},"alternateName":"Advokatfirman Avans","potentialAction":[{"@type":"SearchAction","target":{"@type":"EntryPoint","urlTemplate":"https:\/\/advokatavans.se\/?s={search_term_string}"},"query-input":{"@type":"PropertyValueSpecification","valueRequired":true,"valueName":"search_term_string"}}],"inLanguage":"ar"},{"@type":"Organization","@id":"https:\/\/advokatavans.se\/#organization","name":"Advokatfirman Avans","alternateName":"Advokatfirman Avans","url":"https:\/\/advokatavans.se\/","logo":{"@type":"ImageObject","inLanguage":"ar","@id":"https:\/\/advokatavans.se\/#\/schema\/logo\/image\/","url":"https:\/\/media1.advokatavans.se\/2020\/03\/Logga-svart-liten.png","contentUrl":"https:\/\/media1.advokatavans.se\/2020\/03\/Logga-svart-liten.png","width":300,"height":134,"caption":"Advokatfirman Avans"},"image":{"@id":"https:\/\/advokatavans.se\/#\/schema\/logo\/image\/"},"sameAs":["https:\/\/www.facebook.com\/profile.php?id=61565887347409","https:\/\/www.instagram.com\/advokatavans\/"]}]}},"_links":{"self":[{"href":"https:\/\/advokatavans.se\/ar\/wp-json\/wp\/v2\/pages\/2848","targetHints":{"allow":["GET"]}}],"collection":[{"href":"https:\/\/advokatavans.se\/ar\/wp-json\/wp\/v2\/pages"}],"about":[{"href":"https:\/\/advokatavans.se\/ar\/wp-json\/wp\/v2\/types\/page"}],"author":[{"embeddable":true,"href":"https:\/\/advokatavans.se\/ar\/wp-json\/wp\/v2\/users\/1"}],"replies":[{"embeddable":true,"href":"https:\/\/advokatavans.se\/ar\/wp-json\/wp\/v2\/comments?post=2848"}],"version-history":[{"count":25,"href":"https:\/\/advokatavans.se\/ar\/wp-json\/wp\/v2\/pages\/2848\/revisions"}],"predecessor-version":[{"id":3077,"href":"https:\/\/advokatavans.se\/ar\/wp-json\/wp\/v2\/pages\/2848\/revisions\/3077"}],"wp:attachment":[{"href":"https:\/\/advokatavans.se\/ar\/wp-json\/wp\/v2\/media?parent=2848"}],"curies":[{"name":"wp","href":"https:\/\/api.w.org\/{rel}","templated":true}]}}