{"id":2336,"date":"2024-10-15T08:06:42","date_gmt":"2024-10-15T08:06:42","guid":{"rendered":"https:\/\/advokatavans.se\/?page_id=2336"},"modified":"2026-03-10T08:10:41","modified_gmt":"2026-03-10T08:10:41","slug":"allman-affarsjuridik","status":"publish","type":"page","link":"https:\/\/advokatavans.se\/ar\/allman-affarsjuridik\/","title":{"rendered":"\u0642\u0627\u0646\u0648\u0646 \u0627\u0644\u0634\u0631\u0643\u0627\u062a"},"content":{"rendered":"<div data-elementor-type=\"wp-page\" data-elementor-id=\"2336\" class=\"elementor elementor-2336\" data-elementor-post-type=\"page\">\n\t\t\t\t<div class=\"elementor-element elementor-element-7aca72e e-flex e-con-boxed e-con e-parent\" data-id=\"7aca72e\" data-element_type=\"container\" data-e-type=\"container\">\n\t\t\t\t\t<div class=\"e-con-inner\">\n\t\t<div class=\"elementor-element elementor-element-a77532f e-con-full e-flex e-con e-child\" data-id=\"a77532f\" data-element_type=\"container\" data-e-type=\"container\" data-settings=\"{&quot;background_background&quot;:&quot;classic&quot;}\">\n\t\t<div class=\"elementor-element elementor-element-71357b5 e-con-full e-flex e-con e-child\" data-id=\"71357b5\" data-element_type=\"container\" data-e-type=\"container\">\n\t\t\t\t<div class=\"elementor-element elementor-element-d69dd40 elementor-widget elementor-widget-heading\" data-id=\"d69dd40\" data-element_type=\"widget\" data-e-type=\"widget\" data-widget_type=\"heading.default\">\n\t\t\t\t<div class=\"elementor-widget-container\">\n\t\t\t\t\t<h1 class=\"elementor-heading-title elementor-size-default\">\u0642\u0627\u0646\u0648\u0646 \u0627\u0644\u0634\u0631\u0643\u0627\u062a<\/h1>\t\t\t\t<\/div>\n\t\t\t\t<\/div>\n\t\t\t\t<div class=\"elementor-element elementor-element-03f10b4 elementor-widget elementor-widget-text-editor\" data-id=\"03f10b4\" data-element_type=\"widget\" data-e-type=\"widget\" data-widget_type=\"text-editor.default\">\n\t\t\t\t<div class=\"elementor-widget-container\">\n\t\t\t\t\t\t\t\t\t<div class=\"flex-shrink-0 flex flex-col relative items-end\"><div class=\"pt-0\"><div class=\"gizmo-bot-avatar flex h-8 w-8 items-center justify-center overflow-hidden rounded-full\"><div class=\"relative p-1 rounded-sm flex items-center justify-center bg-token-main-surface-primary text-token-text-primary h-8 w-8\"><p>\u0646\u062d\u0646 \u0646\u0642\u062f\u0645 \u062e\u062f\u0645\u0627\u062a \u0642\u0627\u0646\u0648\u0646\u064a\u0629 \u0641\u064a \u0645\u062c\u0627\u0644 \u0627\u0644\u0642\u0627\u0646\u0648\u0646 \u0627\u0644\u062a\u062c\u0627\u0631\u064a. \u0646\u062d\u0646 \u0646\u0639\u0645\u0644 \u0645\u0639 \u0627\u0644\u0634\u0631\u0643\u0627\u062a \u0628\u0645\u062e\u062a\u0644\u0641 \u0623\u062d\u062c\u0627\u0645\u0647\u0627\u060c \u0645\u0646 \u0627\u0644\u0634\u0631\u0643\u0627\u062a \u0627\u0644\u0646\u0627\u0634\u0626\u0629 \u0625\u0644\u0649 \u0627\u0644\u0645\u062c\u0645\u0648\u0639\u0627\u062a \u0627\u0644\u0643\u0628\u0631\u0649\u060c \u0648\u0646\u0643\u0648\u0646 \u0625\u0644\u0649 \u062c\u0627\u0646\u0628\u0643 \u0641\u064a \u0643\u0644 \u062e\u0637\u0648\u0629 \u0644\u0645\u0633\u0627\u0639\u062f\u062a\u0643 \u0639\u0644\u0649 \u0625\u062f\u0627\u0631\u0629 \u0627\u0644\u062c\u0648\u0627\u0646\u0628 \u0627\u0644\u0642\u0627\u0646\u0648\u0646\u064a\u0629 \u0644\u0634\u0631\u0643\u062a\u0643. \u0648\u0628\u0641\u0636\u0644 \u062e\u0628\u0631\u062a\u0646\u0627 \u0627\u0644\u0637\u0648\u064a\u0644\u0629 \u0648\u062d\u0631\u0635\u0646\u0627 \u0639\u0644\u0649 \u0627\u0644\u062c\u0648\u062f\u0629 \u0641\u064a \u0643\u0644 \u0645\u0647\u0645\u0629\u060c \u0646\u0633\u0639\u0649 \u0625\u0644\u0649 \u062a\u0648\u0641\u064a\u0631 \u0627\u0644\u0623\u0645\u0627\u0646 \u0648\u062f\u0639\u0645 \u0639\u0645\u0644\u0627\u0626\u0646\u0627 \u0641\u064a \u062a\u062d\u0642\u064a\u0642 \u0623\u0647\u062f\u0627\u0641\u0647\u0645 \u0627\u0644\u062a\u062c\u0627\u0631\u064a\u0629.<\/p><p>\u064a\u0634\u0645\u0644 \u0627\u0644\u0642\u0627\u0646\u0648\u0646 \u0627\u0644\u062a\u062c\u0627\u0631\u064a \u0627\u0644\u0645\u0633\u0627\u0626\u0644 \u0627\u0644\u0642\u0627\u0646\u0648\u0646\u064a\u0629 \u0627\u0644\u062a\u064a \u0642\u062f \u062a\u0648\u0627\u062c\u0647\u0647\u0627 \u0627\u0644\u0634\u0631\u0643\u0627\u062a \u0641\u064a \u0623\u0639\u0645\u0627\u0644\u0647\u0627\u060c \u0628\u062f\u0621\u064b\u0627 \u0645\u0646 \u0642\u0627\u0646\u0648\u0646 \u0627\u0644\u0639\u0642\u0648\u062f \u0648\u0642\u0627\u0646\u0648\u0646 \u0627\u0644\u0634\u0631\u0643\u0627\u062a \u0648\u0635\u0648\u0644\u064b\u0627 \u0625\u0644\u0649 \u062d\u0644 \u0627\u0644\u0646\u0632\u0627\u0639\u0627\u062a \u0648\u0642\u0636\u0627\u064a\u0627 \u0642\u0627\u0646\u0648\u0646 \u0627\u0644\u0639\u0645\u0644. \u0646\u0633\u0627\u0639\u062f \u0639\u0645\u0644\u0627\u0621\u0646\u0627 \u0641\u064a \u0645\u0631\u0627\u062c\u0639\u0629 \u0648\u0635\u064a\u0627\u063a\u0629 \u0627\u0644\u0639\u0642\u0648\u062f\u060c \u0648\u0625\u062f\u0627\u0631\u0629 \u0627\u0644\u0627\u0645\u062a\u062b\u0627\u0644 \u0648\u062a\u0642\u064a\u064a\u0645 \u0627\u0644\u0645\u062e\u0627\u0637\u0631\u060c \u0648\u0643\u0630\u0644\u0643 \u062d\u0644 \u0627\u0644\u0646\u0632\u0627\u0639\u0627\u062a \u0628\u0637\u0631\u064a\u0642\u0629 \u0641\u0639\u0627\u0644\u0629 \u0648\u0645\u0647\u0646\u064a\u0629. \u0633\u0648\u0627\u0621 \u0643\u0627\u0646 \u0627\u0644\u0623\u0645\u0631 \u064a\u062a\u0639\u0644\u0642 \u0628\u062a\u0623\u0633\u064a\u0633 \u0627\u0644\u0634\u0631\u0643\u0629 \u0623\u0648 \u062a\u0648\u0633\u0639\u0647\u0627 \u0623\u0648 \u0628\u064a\u0639\u0647\u0627\u060c \u0641\u0625\u0646\u0646\u0627 \u0646\u062d\u0631\u0635 \u0639\u0644\u0649 \u0645\u0639\u0627\u0644\u062c\u0629 \u062c\u0645\u064a\u0639 \u0627\u0644\u0645\u0633\u0627\u0626\u0644 \u0627\u0644\u0642\u0627\u0646\u0648\u0646\u064a\u0629 \u0628\u0639\u0646\u0627\u064a\u0629 \u0648\u062f\u0642\u0629.<\/p><p>\u0646\u062d\u0646 \u0646\u0639\u062a\u0645\u062f \u0639\u0644\u0649 \u0627\u0644\u062c\u0648\u062f\u0629 \u0648\u0627\u0644\u062b\u0642\u0629 \u0641\u064a \u062c\u0645\u064a\u0639 \u0639\u0644\u0627\u0642\u0627\u062a\u0646\u0627 \u0645\u0639 \u0627\u0644\u0639\u0645\u0644\u0627\u0621. \u064a\u062a\u0645\u062a\u0639 \u0641\u0631\u064a\u0642\u0646\u0627 \u0645\u0646 \u0627\u0644\u0645\u062d\u0627\u0645\u064a\u0646 \u0628\u062e\u0628\u0631\u0629 \u0648\u0627\u0633\u0639\u0629 \u0648\u0645\u0639\u0631\u0641\u0629 \u0639\u0645\u064a\u0642\u0629 \u0641\u064a \u0627\u0644\u0642\u0627\u0646\u0648\u0646 \u0627\u0644\u062a\u062c\u0627\u0631\u064a\u060c \u0648\u064a\u062f\u0631\u0643 \u0645\u0627 \u064a\u0644\u0632\u0645 \u0644\u0636\u0645\u0627\u0646 \u0625\u062f\u0627\u0631\u0629 \u0623\u0639\u0645\u0627\u0644\u0643 \u0628\u0637\u0631\u064a\u0642\u0629 \u0642\u0627\u0646\u0648\u0646\u064a\u0629 \u0633\u0644\u064a\u0645\u0629 \u0648\u0646\u0627\u062c\u062d\u0629. \u0648\u0645\u0646 \u062e\u0644\u0627\u0644 \u0646\u0647\u062c \u0639\u0645\u0644\u064a \u0642\u0627\u0626\u0645 \u0639\u0644\u0649 \u0625\u064a\u062c\u0627\u062f \u0627\u0644\u062d\u0644\u0648\u0644\u060c \u0648\u0627\u0633\u062a\u0634\u0627\u0631\u0627\u062a \u0634\u062e\u0635\u064a\u0629 \u0645\u0635\u0645\u0645\u0629 \u0648\u0641\u0642 \u0627\u062d\u062a\u064a\u0627\u062c\u0627\u062a \u0643\u0644 \u0639\u0645\u064a\u0644\u060c \u0646\u0639\u0645\u0644 \u0639\u0644\u0649 \u062a\u062d\u0642\u064a\u0642 \u0646\u062a\u0627\u0626\u062c \u0637\u0648\u064a\u0644\u0629 \u0627\u0644\u0623\u0645\u062f.<\/p><p>\u0639\u0646\u062f \u0627\u062e\u062a\u064a\u0627\u0631\u0643 \u0644\u0646\u0627\u060c \u0641\u0625\u0646\u0643 \u062a\u062d\u0635\u0644 \u0639\u0644\u0649 \u0634\u0631\u064a\u0643 \u064a\u0641\u0647\u0645 \u0627\u0644\u062a\u062d\u062f\u064a\u0627\u062a \u0627\u0644\u0642\u0627\u0646\u0648\u0646\u064a\u0629 \u0644\u0644\u0623\u0639\u0645\u0627\u0644 \u0648\u064a\u0639\u0645\u0644 \u0639\u0644\u0649 \u062d\u0645\u0627\u064a\u0629 \u0645\u0635\u0627\u0644\u062d\u0643 \u0641\u064a \u0643\u0644 \u0627\u0644\u0638\u0631\u0648\u0641.<\/p><p>\u0643\u0645\u0627 \u064a\u0645\u0643\u0646\u0646\u0627 \u062a\u0642\u062f\u064a\u0645 \u0645\u0633\u0627\u0639\u062f\u0629 \u0642\u0627\u0646\u0648\u0646\u064a\u0629 \u0628\u0627\u0644\u0644\u063a\u0629 \u0627\u0644\u0639\u0631\u0628\u064a\u0629.<\/p><p>\u0627\u062a\u0635\u0644 \u0628\u0646\u0627 \u0644\u0644\u062d\u0635\u0648\u0644 \u0639\u0644\u0649 \u0627\u0633\u062a\u0634\u0627\u0631\u0629 \u0645\u062c\u0627\u0646\u064a\u0629 \u0648\u0627\u0643\u062a\u0634\u0641 \u0643\u064a\u0641 \u064a\u0645\u0643\u0646\u0646\u0627 \u0645\u0633\u0627\u0639\u062f\u062a\u0643 \u0641\u064a \u062a\u0637\u0648\u064a\u0631 \u0648\u062a\u0639\u0632\u064a\u0632 \u0623\u0639\u0645\u0627\u0644\u0643.<\/p><\/div><\/div><\/div><\/div>\t\t\t\t\t\t\t\t<\/div>\n\t\t\t\t<\/div>\n\t\t\t\t<div class=\"elementor-element elementor-element-dbdf2a1 elementor-align-left elementor-widget elementor-widget-button\" data-id=\"dbdf2a1\" data-element_type=\"widget\" data-e-type=\"widget\" data-widget_type=\"button.default\">\n\t\t\t\t<div class=\"elementor-widget-container\">\n\t\t\t\t\t\t\t\t\t<div class=\"elementor-button-wrapper\">\n\t\t\t\t\t<a class=\"elementor-button elementor-button-link elementor-size-sm\" href=\"https:\/\/advokatavans.se\/ar\/vara-rattsomraden\/\" rel=\"nofollow\">\n\t\t\t\t\t\t<span class=\"elementor-button-content-wrapper\">\n\t\t\t\t\t\t\t\t\t<span class=\"elementor-button-text\">\u062a\u0648\u0627\u0635\u0644 \u0645\u0639\u0646\u0627<\/span>\n\t\t\t\t\t<\/span>\n\t\t\t\t\t<\/a>\n\t\t\t\t<\/div>\n\t\t\t\t\t\t\t\t<\/div>\n\t\t\t\t<\/div>\n\t\t\t\t<\/div>\n\t\t\t\t<\/div>\n\t\t\t\t\t<\/div>\n\t\t\t\t<\/div>\n\t\t\t\t<\/div>","protected":false},"excerpt":{"rendered":"<p>allm\u00e4n aff\u00e4rsjuridik Advokatfirman Avans erbjuder juridiska tj\u00e4nster inom allm\u00e4n aff\u00e4rsjuridik. Vi arbetar med f\u00f6retag av alla storlekar, fr\u00e5n nystartade bolag till etablerade koncerner, och \u00e4r med dig i varje steg f\u00f6r att hj\u00e4lpa dig hantera de juridiska aspekterna av din verksamhet. Med l\u00e5ng erfarenhet och h\u00f6g kvalitet i varje uppdrag \u00e4r vi h\u00e4r f\u00f6r att [&hellip;]<\/p>\n","protected":false},"author":1,"featured_media":0,"parent":0,"menu_order":0,"comment_status":"closed","ping_status":"closed","template":"elementor_header_footer","meta":{"footnotes":""},"class_list":["post-2336","page","type-page","status-publish","hentry"],"yoast_head":"<!-- This site is optimized with the Yoast SEO plugin v27.3 - https:\/\/yoast.com\/product\/yoast-seo-wordpress\/ -->\n<title>Advokatfirman Avans - Allm\u00e4n aff\u00e4rsjuridik<\/title>\n<meta name=\"description\" content=\"Advokatfirman Avans erbjuder juridisk expertis inom aff\u00e4rsjuridik f\u00f6r f\u00f6retag i alla storlekar. Vi hj\u00e4lper dig hantera juridiska fr\u00e5gor med kvalitet och omsorg.\" \/>\n<meta name=\"robots\" content=\"index, follow, max-snippet:-1, max-image-preview:large, max-video-preview:-1\" \/>\n<link rel=\"canonical\" href=\"https:\/\/advokatavans.se\/ar\/allman-affarsjuridik\/\" \/>\n<meta property=\"og:locale\" content=\"ar_AR\" \/>\n<meta property=\"og:type\" content=\"article\" \/>\n<meta property=\"og:title\" content=\"Allm\u00e4n aff\u00e4rsjuridik\" \/>\n<meta property=\"og:description\" content=\"Advokatfirman Avans erbjuder juridisk expertis inom aff\u00e4rsjuridik f\u00f6r f\u00f6retag i alla storlekar. Vi hj\u00e4lper dig hantera juridiska fr\u00e5gor med kvalitet och omsorg.\" \/>\n<meta property=\"og:url\" content=\"https:\/\/advokatavans.se\/ar\/allman-affarsjuridik\/\" \/>\n<meta property=\"og:site_name\" content=\"Advokatfirman Avans\" \/>\n<meta property=\"article:publisher\" content=\"https:\/\/www.facebook.com\/profile.php?id=61565887347409\" \/>\n<meta property=\"article:modified_time\" content=\"2026-03-10T08:10:41+00:00\" \/>\n<meta property=\"og:image\" content=\"http:\/\/media1.advokatavans.se\/2024\/10\/Advokatfirman-Avans-Sociala-Medier-2-1.png\" \/>\n\t<meta property=\"og:image:width\" content=\"707\" \/>\n\t<meta property=\"og:image:height\" content=\"500\" \/>\n\t<meta property=\"og:image:type\" content=\"image\/png\" \/>\n<meta name=\"twitter:card\" content=\"summary_large_image\" \/>\n<meta name=\"twitter:title\" content=\"Allm\u00e4n aff\u00e4rsjuridik\" \/>\n<meta name=\"twitter:description\" content=\"Advokatfirman Avans erbjuder juridisk expertis inom aff\u00e4rsjuridik f\u00f6r f\u00f6retag i alla storlekar. Vi hj\u00e4lper dig hantera juridiska fr\u00e5gor med kvalitet och omsorg.\" \/>\n<meta name=\"twitter:image\" content=\"https:\/\/media1.advokatavans.se\/2024\/10\/Advokatfirman-Avans-Sociala-Medier-2-1.png\" \/>\n<meta name=\"twitter:label1\" content=\"\u0648\u0642\u062a \u0627\u0644\u0642\u0631\u0627\u0621\u0629 \u0627\u0644\u0645\u064f\u0642\u062f\u0651\u0631\" \/>\n\t<meta name=\"twitter:data1\" content=\"\u062f\u0642\u064a\u0642\u062a\u0627\u0646\" \/>\n<script type=\"application\/ld+json\" class=\"yoast-schema-graph\">{\"@context\":\"https:\\\/\\\/schema.org\",\"@graph\":[{\"@type\":\"WebPage\",\"@id\":\"https:\\\/\\\/advokatavans.se\\\/allman-affarsjuridik\\\/\",\"url\":\"https:\\\/\\\/advokatavans.se\\\/allman-affarsjuridik\\\/\",\"name\":\"Advokatfirman Avans - Allm\u00e4n aff\u00e4rsjuridik\",\"isPartOf\":{\"@id\":\"https:\\\/\\\/advokatavans.se\\\/#website\"},\"datePublished\":\"2024-10-15T08:06:42+00:00\",\"dateModified\":\"2026-03-10T08:10:41+00:00\",\"description\":\"Advokatfirman Avans erbjuder juridisk expertis inom aff\u00e4rsjuridik f\u00f6r f\u00f6retag i alla storlekar. Vi hj\u00e4lper dig hantera juridiska fr\u00e5gor med kvalitet och omsorg.\",\"breadcrumb\":{\"@id\":\"https:\\\/\\\/advokatavans.se\\\/allman-affarsjuridik\\\/#breadcrumb\"},\"inLanguage\":\"ar\",\"potentialAction\":[{\"@type\":\"ReadAction\",\"target\":[\"https:\\\/\\\/advokatavans.se\\\/allman-affarsjuridik\\\/\"]}]},{\"@type\":\"BreadcrumbList\",\"@id\":\"https:\\\/\\\/advokatavans.se\\\/allman-affarsjuridik\\\/#breadcrumb\",\"itemListElement\":[{\"@type\":\"ListItem\",\"position\":1,\"name\":\"Hem\",\"item\":\"https:\\\/\\\/advokatavans.se\\\/\"},{\"@type\":\"ListItem\",\"position\":2,\"name\":\"Allm\u00e4n aff\u00e4rsjuridik\"}]},{\"@type\":\"WebSite\",\"@id\":\"https:\\\/\\\/advokatavans.se\\\/#website\",\"url\":\"https:\\\/\\\/advokatavans.se\\\/\",\"name\":\"Advokatfirman Avans\",\"description\":\"Din v\u00e4g till r\u00e4ttvisa \u2013 Vi st\u00e5r vid din sida.\",\"publisher\":{\"@id\":\"https:\\\/\\\/advokatavans.se\\\/#organization\"},\"alternateName\":\"Advokatfirman Avans\",\"potentialAction\":[{\"@type\":\"SearchAction\",\"target\":{\"@type\":\"EntryPoint\",\"urlTemplate\":\"https:\\\/\\\/advokatavans.se\\\/?s={search_term_string}\"},\"query-input\":{\"@type\":\"PropertyValueSpecification\",\"valueRequired\":true,\"valueName\":\"search_term_string\"}}],\"inLanguage\":\"ar\"},{\"@type\":\"Organization\",\"@id\":\"https:\\\/\\\/advokatavans.se\\\/#organization\",\"name\":\"Advokatfirman Avans\",\"alternateName\":\"Advokatfirman Avans\",\"url\":\"https:\\\/\\\/advokatavans.se\\\/\",\"logo\":{\"@type\":\"ImageObject\",\"inLanguage\":\"ar\",\"@id\":\"https:\\\/\\\/advokatavans.se\\\/#\\\/schema\\\/logo\\\/image\\\/\",\"url\":\"https:\\\/\\\/media1.advokatavans.se\\\/2020\\\/03\\\/Logga-svart-liten.png\",\"contentUrl\":\"https:\\\/\\\/media1.advokatavans.se\\\/2020\\\/03\\\/Logga-svart-liten.png\",\"width\":300,\"height\":134,\"caption\":\"Advokatfirman Avans\"},\"image\":{\"@id\":\"https:\\\/\\\/advokatavans.se\\\/#\\\/schema\\\/logo\\\/image\\\/\"},\"sameAs\":[\"https:\\\/\\\/www.facebook.com\\\/profile.php?id=61565887347409\",\"https:\\\/\\\/www.instagram.com\\\/advokatavans\\\/\"]}]}<\/script>\n<!-- \/ Yoast SEO plugin. -->","yoast_head_json":{"title":"Advokatfirman Avans - Allm\u00e4n aff\u00e4rsjuridik","description":"Advokatfirman Avans erbjuder juridisk expertis inom aff\u00e4rsjuridik f\u00f6r f\u00f6retag i alla storlekar. Vi hj\u00e4lper dig hantera juridiska fr\u00e5gor med kvalitet och omsorg.","robots":{"index":"index","follow":"follow","max-snippet":"max-snippet:-1","max-image-preview":"max-image-preview:large","max-video-preview":"max-video-preview:-1"},"canonical":"https:\/\/advokatavans.se\/ar\/allman-affarsjuridik\/","og_locale":"ar_AR","og_type":"article","og_title":"Allm\u00e4n aff\u00e4rsjuridik","og_description":"Advokatfirman Avans erbjuder juridisk expertis inom aff\u00e4rsjuridik f\u00f6r f\u00f6retag i alla storlekar. Vi hj\u00e4lper dig hantera juridiska fr\u00e5gor med kvalitet och omsorg.","og_url":"https:\/\/advokatavans.se\/ar\/allman-affarsjuridik\/","og_site_name":"Advokatfirman Avans","article_publisher":"https:\/\/www.facebook.com\/profile.php?id=61565887347409","article_modified_time":"2026-03-10T08:10:41+00:00","og_image":[{"width":707,"height":500,"url":"http:\/\/media1.advokatavans.se\/2024\/10\/Advokatfirman-Avans-Sociala-Medier-2-1.png","type":"image\/png"}],"twitter_card":"summary_large_image","twitter_title":"Allm\u00e4n aff\u00e4rsjuridik","twitter_description":"Advokatfirman Avans erbjuder juridisk expertis inom aff\u00e4rsjuridik f\u00f6r f\u00f6retag i alla storlekar. Vi hj\u00e4lper dig hantera juridiska fr\u00e5gor med kvalitet och omsorg.","twitter_image":"https:\/\/media1.advokatavans.se\/2024\/10\/Advokatfirman-Avans-Sociala-Medier-2-1.png","twitter_misc":{"\u0648\u0642\u062a \u0627\u0644\u0642\u0631\u0627\u0621\u0629 \u0627\u0644\u0645\u064f\u0642\u062f\u0651\u0631":"\u062f\u0642\u064a\u0642\u062a\u0627\u0646"},"schema":{"@context":"https:\/\/schema.org","@graph":[{"@type":"WebPage","@id":"https:\/\/advokatavans.se\/allman-affarsjuridik\/","url":"https:\/\/advokatavans.se\/allman-affarsjuridik\/","name":"Advokatfirman Avans - Allm\u00e4n aff\u00e4rsjuridik","isPartOf":{"@id":"https:\/\/advokatavans.se\/#website"},"datePublished":"2024-10-15T08:06:42+00:00","dateModified":"2026-03-10T08:10:41+00:00","description":"Advokatfirman Avans erbjuder juridisk expertis inom aff\u00e4rsjuridik f\u00f6r f\u00f6retag i alla storlekar. Vi hj\u00e4lper dig hantera juridiska fr\u00e5gor med kvalitet och omsorg.","breadcrumb":{"@id":"https:\/\/advokatavans.se\/allman-affarsjuridik\/#breadcrumb"},"inLanguage":"ar","potentialAction":[{"@type":"ReadAction","target":["https:\/\/advokatavans.se\/allman-affarsjuridik\/"]}]},{"@type":"BreadcrumbList","@id":"https:\/\/advokatavans.se\/allman-affarsjuridik\/#breadcrumb","itemListElement":[{"@type":"ListItem","position":1,"name":"Hem","item":"https:\/\/advokatavans.se\/"},{"@type":"ListItem","position":2,"name":"Allm\u00e4n aff\u00e4rsjuridik"}]},{"@type":"WebSite","@id":"https:\/\/advokatavans.se\/#website","url":"https:\/\/advokatavans.se\/","name":"Advokatfirman Avans","description":"Din v\u00e4g till r\u00e4ttvisa \u2013 Vi st\u00e5r vid din sida.","publisher":{"@id":"https:\/\/advokatavans.se\/#organization"},"alternateName":"Advokatfirman Avans","potentialAction":[{"@type":"SearchAction","target":{"@type":"EntryPoint","urlTemplate":"https:\/\/advokatavans.se\/?s={search_term_string}"},"query-input":{"@type":"PropertyValueSpecification","valueRequired":true,"valueName":"search_term_string"}}],"inLanguage":"ar"},{"@type":"Organization","@id":"https:\/\/advokatavans.se\/#organization","name":"Advokatfirman Avans","alternateName":"Advokatfirman Avans","url":"https:\/\/advokatavans.se\/","logo":{"@type":"ImageObject","inLanguage":"ar","@id":"https:\/\/advokatavans.se\/#\/schema\/logo\/image\/","url":"https:\/\/media1.advokatavans.se\/2020\/03\/Logga-svart-liten.png","contentUrl":"https:\/\/media1.advokatavans.se\/2020\/03\/Logga-svart-liten.png","width":300,"height":134,"caption":"Advokatfirman Avans"},"image":{"@id":"https:\/\/advokatavans.se\/#\/schema\/logo\/image\/"},"sameAs":["https:\/\/www.facebook.com\/profile.php?id=61565887347409","https:\/\/www.instagram.com\/advokatavans\/"]}]}},"_links":{"self":[{"href":"https:\/\/advokatavans.se\/ar\/wp-json\/wp\/v2\/pages\/2336","targetHints":{"allow":["GET"]}}],"collection":[{"href":"https:\/\/advokatavans.se\/ar\/wp-json\/wp\/v2\/pages"}],"about":[{"href":"https:\/\/advokatavans.se\/ar\/wp-json\/wp\/v2\/types\/page"}],"author":[{"embeddable":true,"href":"https:\/\/advokatavans.se\/ar\/wp-json\/wp\/v2\/users\/1"}],"replies":[{"embeddable":true,"href":"https:\/\/advokatavans.se\/ar\/wp-json\/wp\/v2\/comments?post=2336"}],"version-history":[{"count":16,"href":"https:\/\/advokatavans.se\/ar\/wp-json\/wp\/v2\/pages\/2336\/revisions"}],"predecessor-version":[{"id":3055,"href":"https:\/\/advokatavans.se\/ar\/wp-json\/wp\/v2\/pages\/2336\/revisions\/3055"}],"wp:attachment":[{"href":"https:\/\/advokatavans.se\/ar\/wp-json\/wp\/v2\/media?parent=2336"}],"curies":[{"name":"wp","href":"https:\/\/api.w.org\/{rel}","templated":true}]}}