{"id":2063,"date":"2024-10-05T12:53:50","date_gmt":"2024-10-05T12:53:50","guid":{"rendered":"https:\/\/advokatavans.se\/?page_id=2063"},"modified":"2026-03-09T15:06:53","modified_gmt":"2026-03-09T15:06:53","slug":"konsumenttvistnamnd","status":"publish","type":"page","link":"https:\/\/advokatavans.se\/ar\/konsumenttvistnamnd\/","title":{"rendered":"\u0647\u064a\u0626\u0629 \u062a\u0633\u0648\u064a\u0629 \u0645\u0646\u0627\u0632\u0639\u0627\u062a \u0627\u0644\u0645\u0633\u062a\u0647\u0644\u0643\u064a\u0646"},"content":{"rendered":"<div data-elementor-type=\"wp-page\" data-elementor-id=\"2063\" class=\"elementor elementor-2063\" data-elementor-post-type=\"page\">\n\t\t\t\t<div class=\"elementor-element elementor-element-141d138 e-flex e-con-boxed e-con e-parent\" data-id=\"141d138\" data-element_type=\"container\" data-e-type=\"container\">\n\t\t\t\t\t<div class=\"e-con-inner\">\n\t\t<div class=\"elementor-element elementor-element-2795327 e-con-full e-flex e-con e-child\" data-id=\"2795327\" data-element_type=\"container\" data-e-type=\"container\">\n\t\t\t\t<div class=\"elementor-element elementor-element-c2699fe elementor-widget elementor-widget-heading\" data-id=\"c2699fe\" data-element_type=\"widget\" data-e-type=\"widget\" data-widget_type=\"heading.default\">\n\t\t\t\t<div class=\"elementor-widget-container\">\n\t\t\t\t\t<h1 class=\"elementor-heading-title elementor-size-default\">Konsumenttvistn\u00e4mnden<\/h1>\t\t\t\t<\/div>\n\t\t\t\t<\/div>\n\t\t\t\t<div class=\"elementor-element elementor-element-359ee9a elementor-widget__width-inherit elementor-widget elementor-widget-text-editor\" data-id=\"359ee9a\" data-element_type=\"widget\" data-e-type=\"widget\" data-widget_type=\"text-editor.default\">\n\t\t\t\t<div class=\"elementor-widget-container\">\n\t\t\t\t\t\t\t\t\t<p>Advokatsamfundets konsumenttvistn\u00e4mnd pr\u00f6var arvodestvister och andra ekonomiska krav som en konsument riktar mot en advokat eller advokatbyr\u00e5 i anledning av en advokattj\u00e4nst. Med konsument avses i detta sammanhang fysisk person, som agerar f\u00f6r \u00e4ndam\u00e5l som faller utanf\u00f6r n\u00e4rings- eller yrkesverksamhet. En advokattj\u00e4nst \u00e4r en tj\u00e4nst som utf\u00f6rts av en advokat eller bitr\u00e4dande jurist p\u00e5 en advokatbyr\u00e5 inom ramen f\u00f6r deras advokatverksamhet.<\/p><p class=\"translation-block\">F\u00f6r att n\u00e4mnden ska kunna pr\u00f6va tvisten m\u00e5ste du f\u00f6rst skriftligen ha klagat till din advokat. Tvisten m\u00e5ste ha f\u00f6rs\u00f6kt l\u00f6sas i samf\u00f6rst\u00e5nd &nbsp;med advokaten innan du kan skicka in ditt krav. Kravet f\u00e5r inte understiga 1 000 kr och f\u00e5r inte \u00f6verstiga 200 000 kr. Mer information finns p\u00e5&nbsp;<a href=\"https:\/\/www.advokatsamfundet.se\/konsumenttvistnamnden\/\" target=\"_self\">www.advokatsamfundet.se\/konsumenttvistnamnden\/<\/a>.<\/p><p>Konsumenttvistn\u00e4mnden<\/p><p>Sveriges advokatsamfund<\/p><p>Box 27321<\/p><p>102 54 Stockholm<\/p>\t\t\t\t\t\t\t\t<\/div>\n\t\t\t\t<\/div>\n\t\t\t\t<\/div>\n\t\t\t\t\t<\/div>\n\t\t\t\t<\/div>\n\t\t\t\t<\/div>","protected":false},"excerpt":{"rendered":"<p>Konsumenttvistn\u00e4mnden Advokatsamfundets konsumenttvistn\u00e4mnd pr\u00f6var arvodestvister och andra ekonomiska krav som en konsument riktar mot en advokat eller advokatbyr\u00e5 i anledning av en advokattj\u00e4nst. Med konsument avses i detta sammanhang fysisk person, som agerar f\u00f6r \u00e4ndam\u00e5l som faller utanf\u00f6r n\u00e4rings- eller yrkesverksamhet. En advokattj\u00e4nst \u00e4r en tj\u00e4nst som utf\u00f6rts av en advokat eller bitr\u00e4dande jurist p\u00e5 [&hellip;]<\/p>\n","protected":false},"author":1,"featured_media":2098,"parent":0,"menu_order":0,"comment_status":"closed","ping_status":"closed","template":"elementor_header_footer","meta":{"footnotes":""},"class_list":["post-2063","page","type-page","status-publish","has-post-thumbnail","hentry"],"yoast_head":"<!-- This site is optimized with the Yoast SEO plugin v27.3 - https:\/\/yoast.com\/product\/yoast-seo-wordpress\/ -->\n<title>Advokatfirman Avans - Konsumenttvistn\u00e4mnd<\/title>\n<meta name=\"description\" content=\"Advokatsamfundets konsumenttvistn\u00e4mnd pr\u00f6var arvodestvister och andra ekonomiska krav som en konsument riktar mot en advokat eller advokatbyr\u00e5 i anledning av en advokattj\u00e4nst.\" \/>\n<meta name=\"robots\" content=\"index, follow, max-snippet:-1, max-image-preview:large, max-video-preview:-1\" \/>\n<link rel=\"canonical\" href=\"https:\/\/advokatavans.se\/ar\/konsumenttvistnamnd\/\" \/>\n<meta property=\"og:locale\" content=\"ar_AR\" \/>\n<meta property=\"og:type\" content=\"article\" \/>\n<meta property=\"og:title\" content=\"Konsumenttvistn\u00e4mnden\" \/>\n<meta property=\"og:description\" content=\"Advokatsamfundets konsumenttvistn\u00e4mnd pr\u00f6var arvodestvister och andra ekonomiska krav som en konsument riktar mot en advokat eller advokatbyr\u00e5 i anledning av en advokattj\u00e4nst.\" \/>\n<meta property=\"og:url\" content=\"https:\/\/advokatavans.se\/ar\/konsumenttvistnamnd\/\" \/>\n<meta property=\"og:site_name\" content=\"Advokatfirman Avans\" \/>\n<meta property=\"article:publisher\" content=\"https:\/\/www.facebook.com\/profile.php?id=61565887347409\" \/>\n<meta property=\"article:modified_time\" content=\"2026-03-09T15:06:53+00:00\" \/>\n<meta property=\"og:image\" content=\"http:\/\/media1.advokatavans.se\/2024\/10\/Advokatfirman-Avans-Sociala-Medier-2-1.png\" \/>\n\t<meta property=\"og:image:width\" content=\"707\" \/>\n\t<meta property=\"og:image:height\" content=\"500\" \/>\n\t<meta property=\"og:image:type\" content=\"image\/png\" \/>\n<meta name=\"twitter:card\" content=\"summary_large_image\" \/>\n<meta name=\"twitter:title\" content=\"Konsumenttvistn\u00e4mnden\" \/>\n<meta name=\"twitter:description\" content=\"Advokatsamfundets konsumenttvistn\u00e4mnd pr\u00f6var arvodestvister och andra ekonomiska krav som en konsument riktar mot en advokat eller advokatbyr\u00e5 i anledning av en advokattj\u00e4nst.\" \/>\n<meta name=\"twitter:image\" content=\"https:\/\/media1.advokatavans.se\/2024\/10\/Advokatfirman-Avans-Sociala-Medier-2-1.png\" \/>\n<meta name=\"twitter:label1\" content=\"\u0648\u0642\u062a \u0627\u0644\u0642\u0631\u0627\u0621\u0629 \u0627\u0644\u0645\u064f\u0642\u062f\u0651\u0631\" \/>\n\t<meta name=\"twitter:data1\" content=\"\u062f\u0642\u064a\u0642\u0629 \u0648\u0627\u062d\u062f\u0629\" \/>\n<script type=\"application\/ld+json\" class=\"yoast-schema-graph\">{\"@context\":\"https:\\\/\\\/schema.org\",\"@graph\":[{\"@type\":\"WebPage\",\"@id\":\"https:\\\/\\\/advokatavans.se\\\/konsumenttvistnamnd\\\/\",\"url\":\"https:\\\/\\\/advokatavans.se\\\/konsumenttvistnamnd\\\/\",\"name\":\"Advokatfirman Avans - Konsumenttvistn\u00e4mnd\",\"isPartOf\":{\"@id\":\"https:\\\/\\\/advokatavans.se\\\/#website\"},\"primaryImageOfPage\":{\"@id\":\"https:\\\/\\\/advokatavans.se\\\/konsumenttvistnamnd\\\/#primaryimage\"},\"image\":{\"@id\":\"https:\\\/\\\/advokatavans.se\\\/konsumenttvistnamnd\\\/#primaryimage\"},\"thumbnailUrl\":\"https:\\\/\\\/media1.advokatavans.se\\\/2024\\\/10\\\/Advokatfirman-Avans-Sociala-Medier-2-1.png\",\"datePublished\":\"2024-10-05T12:53:50+00:00\",\"dateModified\":\"2026-03-09T15:06:53+00:00\",\"description\":\"Advokatsamfundets konsumenttvistn\u00e4mnd pr\u00f6var arvodestvister och andra ekonomiska krav som en konsument riktar mot en advokat eller advokatbyr\u00e5 i anledning av en advokattj\u00e4nst.\",\"breadcrumb\":{\"@id\":\"https:\\\/\\\/advokatavans.se\\\/konsumenttvistnamnd\\\/#breadcrumb\"},\"inLanguage\":\"ar\",\"potentialAction\":[{\"@type\":\"ReadAction\",\"target\":[\"https:\\\/\\\/advokatavans.se\\\/konsumenttvistnamnd\\\/\"]}]},{\"@type\":\"ImageObject\",\"inLanguage\":\"ar\",\"@id\":\"https:\\\/\\\/advokatavans.se\\\/konsumenttvistnamnd\\\/#primaryimage\",\"url\":\"https:\\\/\\\/media1.advokatavans.se\\\/2024\\\/10\\\/Advokatfirman-Avans-Sociala-Medier-2-1.png\",\"contentUrl\":\"https:\\\/\\\/media1.advokatavans.se\\\/2024\\\/10\\\/Advokatfirman-Avans-Sociala-Medier-2-1.png\",\"width\":707,\"height\":500,\"caption\":\"Denna bild visas f\u00f6r Advokatfirman Avans sociala medie profiler\"},{\"@type\":\"BreadcrumbList\",\"@id\":\"https:\\\/\\\/advokatavans.se\\\/konsumenttvistnamnd\\\/#breadcrumb\",\"itemListElement\":[{\"@type\":\"ListItem\",\"position\":1,\"name\":\"Hem\",\"item\":\"https:\\\/\\\/advokatavans.se\\\/\"},{\"@type\":\"ListItem\",\"position\":2,\"name\":\"Konsumenttvistn\u00e4mnd\"}]},{\"@type\":\"WebSite\",\"@id\":\"https:\\\/\\\/advokatavans.se\\\/#website\",\"url\":\"https:\\\/\\\/advokatavans.se\\\/\",\"name\":\"Advokatfirman Avans\",\"description\":\"Din v\u00e4g till r\u00e4ttvisa \u2013 Vi st\u00e5r vid din sida.\",\"publisher\":{\"@id\":\"https:\\\/\\\/advokatavans.se\\\/#organization\"},\"alternateName\":\"Advokatfirman Avans\",\"potentialAction\":[{\"@type\":\"SearchAction\",\"target\":{\"@type\":\"EntryPoint\",\"urlTemplate\":\"https:\\\/\\\/advokatavans.se\\\/?s={search_term_string}\"},\"query-input\":{\"@type\":\"PropertyValueSpecification\",\"valueRequired\":true,\"valueName\":\"search_term_string\"}}],\"inLanguage\":\"ar\"},{\"@type\":\"Organization\",\"@id\":\"https:\\\/\\\/advokatavans.se\\\/#organization\",\"name\":\"Advokatfirman Avans\",\"alternateName\":\"Advokatfirman Avans\",\"url\":\"https:\\\/\\\/advokatavans.se\\\/\",\"logo\":{\"@type\":\"ImageObject\",\"inLanguage\":\"ar\",\"@id\":\"https:\\\/\\\/advokatavans.se\\\/#\\\/schema\\\/logo\\\/image\\\/\",\"url\":\"https:\\\/\\\/media1.advokatavans.se\\\/2020\\\/03\\\/Logga-svart-liten.png\",\"contentUrl\":\"https:\\\/\\\/media1.advokatavans.se\\\/2020\\\/03\\\/Logga-svart-liten.png\",\"width\":300,\"height\":134,\"caption\":\"Advokatfirman Avans\"},\"image\":{\"@id\":\"https:\\\/\\\/advokatavans.se\\\/#\\\/schema\\\/logo\\\/image\\\/\"},\"sameAs\":[\"https:\\\/\\\/www.facebook.com\\\/profile.php?id=61565887347409\",\"https:\\\/\\\/www.instagram.com\\\/advokatavans\\\/\"]}]}<\/script>\n<!-- \/ Yoast SEO plugin. -->","yoast_head_json":{"title":"Advokatfirman Avans - Konsumenttvistn\u00e4mnd","description":"Advokatsamfundets konsumenttvistn\u00e4mnd pr\u00f6var arvodestvister och andra ekonomiska krav som en konsument riktar mot en advokat eller advokatbyr\u00e5 i anledning av en advokattj\u00e4nst.","robots":{"index":"index","follow":"follow","max-snippet":"max-snippet:-1","max-image-preview":"max-image-preview:large","max-video-preview":"max-video-preview:-1"},"canonical":"https:\/\/advokatavans.se\/ar\/konsumenttvistnamnd\/","og_locale":"ar_AR","og_type":"article","og_title":"Konsumenttvistn\u00e4mnden","og_description":"Advokatsamfundets konsumenttvistn\u00e4mnd pr\u00f6var arvodestvister och andra ekonomiska krav som en konsument riktar mot en advokat eller advokatbyr\u00e5 i anledning av en advokattj\u00e4nst.","og_url":"https:\/\/advokatavans.se\/ar\/konsumenttvistnamnd\/","og_site_name":"Advokatfirman Avans","article_publisher":"https:\/\/www.facebook.com\/profile.php?id=61565887347409","article_modified_time":"2026-03-09T15:06:53+00:00","og_image":[{"width":707,"height":500,"url":"http:\/\/media1.advokatavans.se\/2024\/10\/Advokatfirman-Avans-Sociala-Medier-2-1.png","type":"image\/png"}],"twitter_card":"summary_large_image","twitter_title":"Konsumenttvistn\u00e4mnden","twitter_description":"Advokatsamfundets konsumenttvistn\u00e4mnd pr\u00f6var arvodestvister och andra ekonomiska krav som en konsument riktar mot en advokat eller advokatbyr\u00e5 i anledning av en advokattj\u00e4nst.","twitter_image":"https:\/\/media1.advokatavans.se\/2024\/10\/Advokatfirman-Avans-Sociala-Medier-2-1.png","twitter_misc":{"\u0648\u0642\u062a \u0627\u0644\u0642\u0631\u0627\u0621\u0629 \u0627\u0644\u0645\u064f\u0642\u062f\u0651\u0631":"\u062f\u0642\u064a\u0642\u0629 \u0648\u0627\u062d\u062f\u0629"},"schema":{"@context":"https:\/\/schema.org","@graph":[{"@type":"WebPage","@id":"https:\/\/advokatavans.se\/konsumenttvistnamnd\/","url":"https:\/\/advokatavans.se\/konsumenttvistnamnd\/","name":"Advokatfirman Avans - Konsumenttvistn\u00e4mnd","isPartOf":{"@id":"https:\/\/advokatavans.se\/#website"},"primaryImageOfPage":{"@id":"https:\/\/advokatavans.se\/konsumenttvistnamnd\/#primaryimage"},"image":{"@id":"https:\/\/advokatavans.se\/konsumenttvistnamnd\/#primaryimage"},"thumbnailUrl":"https:\/\/media1.advokatavans.se\/2024\/10\/Advokatfirman-Avans-Sociala-Medier-2-1.png","datePublished":"2024-10-05T12:53:50+00:00","dateModified":"2026-03-09T15:06:53+00:00","description":"Advokatsamfundets konsumenttvistn\u00e4mnd pr\u00f6var arvodestvister och andra ekonomiska krav som en konsument riktar mot en advokat eller advokatbyr\u00e5 i anledning av en advokattj\u00e4nst.","breadcrumb":{"@id":"https:\/\/advokatavans.se\/konsumenttvistnamnd\/#breadcrumb"},"inLanguage":"ar","potentialAction":[{"@type":"ReadAction","target":["https:\/\/advokatavans.se\/konsumenttvistnamnd\/"]}]},{"@type":"ImageObject","inLanguage":"ar","@id":"https:\/\/advokatavans.se\/konsumenttvistnamnd\/#primaryimage","url":"https:\/\/media1.advokatavans.se\/2024\/10\/Advokatfirman-Avans-Sociala-Medier-2-1.png","contentUrl":"https:\/\/media1.advokatavans.se\/2024\/10\/Advokatfirman-Avans-Sociala-Medier-2-1.png","width":707,"height":500,"caption":"Denna bild visas f\u00f6r Advokatfirman Avans sociala medie profiler"},{"@type":"BreadcrumbList","@id":"https:\/\/advokatavans.se\/konsumenttvistnamnd\/#breadcrumb","itemListElement":[{"@type":"ListItem","position":1,"name":"Hem","item":"https:\/\/advokatavans.se\/"},{"@type":"ListItem","position":2,"name":"Konsumenttvistn\u00e4mnd"}]},{"@type":"WebSite","@id":"https:\/\/advokatavans.se\/#website","url":"https:\/\/advokatavans.se\/","name":"Advokatfirman Avans","description":"Din v\u00e4g till r\u00e4ttvisa \u2013 Vi st\u00e5r vid din sida.","publisher":{"@id":"https:\/\/advokatavans.se\/#organization"},"alternateName":"Advokatfirman Avans","potentialAction":[{"@type":"SearchAction","target":{"@type":"EntryPoint","urlTemplate":"https:\/\/advokatavans.se\/?s={search_term_string}"},"query-input":{"@type":"PropertyValueSpecification","valueRequired":true,"valueName":"search_term_string"}}],"inLanguage":"ar"},{"@type":"Organization","@id":"https:\/\/advokatavans.se\/#organization","name":"Advokatfirman Avans","alternateName":"Advokatfirman Avans","url":"https:\/\/advokatavans.se\/","logo":{"@type":"ImageObject","inLanguage":"ar","@id":"https:\/\/advokatavans.se\/#\/schema\/logo\/image\/","url":"https:\/\/media1.advokatavans.se\/2020\/03\/Logga-svart-liten.png","contentUrl":"https:\/\/media1.advokatavans.se\/2020\/03\/Logga-svart-liten.png","width":300,"height":134,"caption":"Advokatfirman Avans"},"image":{"@id":"https:\/\/advokatavans.se\/#\/schema\/logo\/image\/"},"sameAs":["https:\/\/www.facebook.com\/profile.php?id=61565887347409","https:\/\/www.instagram.com\/advokatavans\/"]}]}},"_links":{"self":[{"href":"https:\/\/advokatavans.se\/ar\/wp-json\/wp\/v2\/pages\/2063","targetHints":{"allow":["GET"]}}],"collection":[{"href":"https:\/\/advokatavans.se\/ar\/wp-json\/wp\/v2\/pages"}],"about":[{"href":"https:\/\/advokatavans.se\/ar\/wp-json\/wp\/v2\/types\/page"}],"author":[{"embeddable":true,"href":"https:\/\/advokatavans.se\/ar\/wp-json\/wp\/v2\/users\/1"}],"replies":[{"embeddable":true,"href":"https:\/\/advokatavans.se\/ar\/wp-json\/wp\/v2\/comments?post=2063"}],"version-history":[{"count":13,"href":"https:\/\/advokatavans.se\/ar\/wp-json\/wp\/v2\/pages\/2063\/revisions"}],"predecessor-version":[{"id":2937,"href":"https:\/\/advokatavans.se\/ar\/wp-json\/wp\/v2\/pages\/2063\/revisions\/2937"}],"wp:featuredmedia":[{"embeddable":true,"href":"https:\/\/advokatavans.se\/ar\/wp-json\/wp\/v2\/media\/2098"}],"wp:attachment":[{"href":"https:\/\/advokatavans.se\/ar\/wp-json\/wp\/v2\/media?parent=2063"}],"curies":[{"name":"wp","href":"https:\/\/api.w.org\/{rel}","templated":true}]}}