{"id":1742,"date":"2024-10-04T17:16:37","date_gmt":"2024-10-04T17:16:37","guid":{"rendered":"https:\/\/advokatavans.se\/?page_id=1742"},"modified":"2026-04-04T16:43:37","modified_gmt":"2026-04-04T16:43:37","slug":"chris-karkout","status":"publish","type":"page","link":"https:\/\/advokatavans.se\/ar\/chris-karkout\/","title":{"rendered":"Chris Karkout"},"content":{"rendered":"<div data-elementor-type=\"wp-page\" data-elementor-id=\"1742\" class=\"elementor elementor-1742\" data-elementor-post-type=\"page\">\n\t\t\t\t<div class=\"elementor-element elementor-element-52d3d17 e-flex e-con-boxed e-con e-parent\" data-id=\"52d3d17\" data-element_type=\"container\" data-e-type=\"container\" data-settings=\"{&quot;background_background&quot;:&quot;classic&quot;}\">\n\t\t\t\t\t<div class=\"e-con-inner\">\n\t\t<div class=\"elementor-element elementor-element-ad015a2 e-con-full e-flex e-con e-child\" data-id=\"ad015a2\" data-element_type=\"container\" data-e-type=\"container\" data-settings=\"{&quot;background_background&quot;:&quot;classic&quot;}\">\n\t\t<div class=\"elementor-element elementor-element-12a015d e-con-full e-flex e-con e-child\" data-id=\"12a015d\" data-element_type=\"container\" data-e-type=\"container\">\n\t\t\t\t<div class=\"elementor-element elementor-element-7f91878 elementor-widget elementor-widget-heading\" data-id=\"7f91878\" data-element_type=\"widget\" data-e-type=\"widget\" data-widget_type=\"heading.default\">\n\t\t\t\t<div class=\"elementor-widget-container\">\n\t\t\t\t\t<span class=\"elementor-heading-title elementor-size-default\">Bitr\u00e4dande jurist<\/span>\t\t\t\t<\/div>\n\t\t\t\t<\/div>\n\t\t\t\t<div class=\"elementor-element elementor-element-be8955a elementor-widget elementor-widget-heading\" data-id=\"be8955a\" data-element_type=\"widget\" data-e-type=\"widget\" data-widget_type=\"heading.default\">\n\t\t\t\t<div class=\"elementor-widget-container\">\n\t\t\t\t\t<h1 class=\"elementor-heading-title elementor-size-default\">Chris Karkout<\/h1>\t\t\t\t<\/div>\n\t\t\t\t<\/div>\n\t\t\t\t<div class=\"elementor-element elementor-element-2c6c5fd elementor-widget elementor-widget-text-editor\" data-id=\"2c6c5fd\" data-element_type=\"widget\" data-e-type=\"widget\" data-widget_type=\"text-editor.default\">\n\t\t\t\t<div class=\"elementor-widget-container\">\n\t\t\t\t\t\t\t\t\t<div class=\"flex-shrink-0 flex flex-col relative items-end\"><div class=\"pt-0\"><div class=\"gizmo-bot-avatar flex h-8 w-8 items-center justify-center overflow-hidden rounded-full\"><div class=\"relative p-1 rounded-sm flex items-center justify-center bg-token-main-surface-primary text-token-text-primary h-8 w-8\"><div class=\"flex-shrink-0 flex flex-col relative items-end\"><div class=\"pt-0\"><div class=\"gizmo-bot-avatar flex h-8 w-8 items-center justify-center overflow-hidden rounded-full\"><p><strong>Chris Karkout\u00a0<\/strong>\u062d\u0635\u0644\u062a \u0639\u0644\u0649 \u0634\u0647\u0627\u062f\u0629 \u0627\u0644\u062d\u0642\u0648\u0642 \u0645\u0646 \u062c\u0627\u0645\u0639\u0629 \u0633\u062a\u0648\u0643\u0647\u0648\u0644\u0645 \u0639\u0627\u0645 2025\u060c \u0645\u0639 \u062f\u0648\u0631\u0627\u062a \u062a\u062e\u0635\u0635\u064a\u0629  \u0641\u064a \u0639\u0644\u0645 \u0646\u0641\u0633 \u0627\u0644\u0634\u0647\u0648\u062f\u060c \u0648\u0627\u0644\u0639\u0646\u0641 \u0641\u064a \u0627\u0644\u0639\u0644\u0627\u0642\u0627\u062a \u0627\u0644\u0623\u0633\u0631\u064a\u0629\u060c \u0648\u062d\u0642\u0648\u0642 \u0627\u0644\u0625\u0646\u0633\u0627\u0646\u060c \u0648\u0642\u0627\u0646\u0648\u0646 \u0627\u0644\u0647\u062c\u0631\u0629. \u0648\u0645\u0646 \u062e\u0644\u0627\u0644 \u0647\u0630\u0647 \u0627\u0644\u062f\u0631\u0627\u0633\u0627\u062a \u0627\u0644\u0645\u062a\u0639\u0645\u0642\u0629\u060c \u0637\u0648\u0651\u0631\u062a \u0643\u0631\u064a\u0633 \u0641\u0647\u0645\u0627\u064b \u0639\u0645\u064a\u0642\u0627\u064b \u0639\u0646 \u0627\u0644\u0642\u0627\u0646\u0648\u0646 \u0648\u0628\u0627\u0644\u0627\u0642\u062a\u0631\u0627\u0646 \u0645\u0639 \u062e\u0628\u0631\u062a\u0647\u0627 \u0627\u0644\u0639\u0645\u0644\u064a\u0629\u060c \u0634\u0643\u0651\u0644 \u0630\u0644\u0643 \u0623\u0633\u0627\u0633\u0627\u064b \u0644\u062a\u0642\u062f\u064a\u0645 \u062a\u0639\u0627\u0645\u0644 \u0645\u0647\u0646\u064a\u060c \u0625\u0646\u0633\u0627\u0646\u064a \u0648\u0622\u0645\u0646 \u0641\u064a \u0627\u0644\u0642\u0636\u0627\u064a\u0627 \u0627\u0644\u0642\u0627\u0646\u0648\u0646\u064a\u0629 \u0627\u0644\u0645\u0639\u0642\u062f\u0629 \u0648\u0627\u0644\u062d\u0633\u0627\u0633\u0629.<\/p><p>\u0645\u0646\u0630 \u0639\u0627\u0645 2023\u060c \u062a\u064f\u0639\u062f\u0651 \u0643\u0631\u064a\u0633 \u062c\u0632\u0621\u064b\u0627 \u0645\u0646 \u0645\u0643\u062a\u0628\u0646\u0627\u060c \u062d\u064a\u062b \u0634\u0627\u0631\u0643\u062a \u0641\u064a \u0645\u0639\u0627\u0644\u062c\u0629 \u0642\u0636\u0627\u064a\u0627 \u0645\u0639\u0642\u0651\u062f\u0629 \u0641\u064a \u0645\u062c\u0627\u0644\u0627\u062a \u0627\u0644\u0642\u0627\u0646\u0648\u0646 \u0627\u0644\u062c\u0646\u0627\u0626\u064a\u060c \u0648\u0642\u0627\u0646\u0648\u0646 \u0627\u0644\u0647\u062c\u0631\u0629\u060c \u0648\u0642\u0636\u0627\u064a\u0627 \u0627\u0644\u0631\u0639\u0627\u064a\u0629 \u0627\u0644\u0642\u0633\u0631\u064a\u0629. \u0648\u0645\u0646 \u062e\u0644\u0627\u0644 \u0639\u0645\u0644\u0647\u0627\u060c \u0637\u0648\u0651\u0631\u062a \u0643\u0631\u064a\u0633 \u0643\u0641\u0627\u0621\u0629 \u0642\u0627\u0646\u0648\u0646\u064a\u0629 \u0639\u0627\u0644\u064a\u0629 \u0648\u0645\u0647\u0627\u0631\u0627\u062a \u062a\u062d\u0644\u064a\u0644\u064a\u0629 \u0645\u062a\u0645\u064a\u0632\u0629.<\/p><\/div><p>\u0643\u0645\u0627 \u0627\u0643\u062a\u0633\u0628\u062a \u0643\u0631\u064a\u0633 \u0645\u0646 \u062e\u0644\u0627\u0644 \u0639\u0645\u0644\u0647\u0627 \u0627\u0644\u062a\u0637\u0648\u0639\u064a \u0641\u064a \u0645\u0646\u0638\u0645\u0627\u062a \u0645\u062b\u0644 Terrafem \u0648 Varken hora eller kuvad \u0648 Stockholms tjejjour\u060c\n \u0625\u0636\u0627\u0641\u0629\u064b \u0625\u0644\u0649 \u062f\u0648\u0631 \u0625\u064a\u0648\u0627\u0621 \u0627\u0644\u0646\u0633\u0627\u0621 \u0648\u0645\u0646\u0638\u0645\u0627\u062a \u0623\u062e\u0631\u0649 \u062a\u0639\u0645\u0644 \u0645\u0639 \u0627\u0644\u0641\u0626\u0627\u062a \u0627\u0644\u0645\u0633\u062a\u0636\u0639\u0641\u0629\u060c \u062e\u0628\u0631\u0629 \u0642\u064a\u0651\u0645\u0629 \u0641\u064a \u0627\u0644\u062a\u0639\u0627\u0645\u0644 \u0645\u0639 \u0627\u0644\u0642\u0636\u0627\u064a\u0627 \u0627\u0644\u0645\u062a\u0639\u0644\u0642\u0629 \u0628\u0627\u0644\u0639\u0646\u0641 \u0641\u064a \u0627\u0644\u0639\u0644\u0627\u0642\u0627\u062a \u0627\u0644\u0642\u0631\u064a\u0628\u0629\u060c \u0648\u0627\u0644\u0639\u0646\u0641 \u0627\u0644\u062c\u0646\u0633\u064a\u060c \u0648\u0642\u0636\u0627\u064a\u0627 \u0627\u0644\u0634\u0631\u0641. \u0648\u0642\u062f\u0651\u0645\u062a \u0645\u0646 \u062e\u0644\u0627\u0644 \u0630\u0644\u0643 \u0627\u0633\u062a\u0634\u0627\u0631\u0627\u062a \u0642\u0627\u0646\u0648\u0646\u064a\u0629 \u0644\u0623\u0634\u062e\u0627\u0635 \u0641\u064a \u0623\u0648\u0636\u0627\u0639 \u062d\u064a\u0627\u062a\u064a\u0629 \u0634\u062f\u064a\u062f\u0629 \u0627\u0644\u0635\u0639\u0648\u0628\u0629.<\/p><div class=\"gizmo-bot-avatar flex h-8 w-8 items-center justify-center overflow-hidden rounded-full\"><p>\u062a\u062a\u0648\u0644\u0649 \u0643\u0631\u064a\u0633 \u0628\u0634\u0643\u0644 \u0623\u0633\u0627\u0633\u064a \u0645\u0647\u0627\u0645 \u0641\u064a \u0627\u0644\u0642\u0636\u0627\u064a\u0627 \u0627\u0644\u062c\u0646\u0627\u0626\u064a\u0629 \u0643\u0645\u062d\u0627\u0645\u064a\u0629 \u0644\u0644\u0636\u062d\u0627\u064a\u0627  \u0648\u0643\u0645\u0645\u062b\u0644\u0629 \u062e\u0627\u0635\u0629 \u0644\u0644\u0623\u0637\u0641\u0627\u0644\u060c \u0648\u0643\u0630\u0644\u0643 \u062a\u0639\u0645\u0644 \u0641\u064a \u0627\u0644\u0642\u0636\u0627\u064a\u0627 \u0627\u0644\u0645\u062a\u0639\u0644\u0642\u0629 \u0628\u0627\u0644\u0642\u0627\u0646\u0648\u0646 \u0627\u0644\u0623\u0633\u0631\u064a\u060c \u0648\u0642\u0627\u0646\u0648\u0646 \u0627\u0644\u0647\u062c\u0631\u0629\u060c \u0648\u0642\u0636\u0627\u064a\u0627 \u0627\u0644\u0631\u0639\u0627\u064a\u0629 \u0627\u0644\u0642\u0633\u0631\u064a\u0629.<\/p><p>\u062a\u0645\u062a\u0644\u0643 \u0643\u0631\u064a\u0633 \u0627\u0644\u062a\u0632\u0627\u0645\u064b\u0627 \u0642\u0648\u064a\u064b\u0627 \u062a\u062c\u0627\u0647 \u0627\u0644\u0623\u0634\u062e\u0627\u0635 \u0641\u064a \u0623\u0648\u0636\u0627\u0639 \u062d\u064a\u0627\u062a\u064a\u0629 \u0635\u0639\u0628\u0629\u060c \u0648\u062a\u0639\u0645\u0644 \u0645\u0639 \u062a\u0631\u0643\u064a\u0632 \u062e\u0627\u0635 \u0639\u0644\u0649 \u062d\u0645\u0627\u064a\u0629 \u062d\u0642\u0648\u0642\u0647\u0645 \u0648\u062a\u0644\u0628\u064a\u0629 \u0627\u062d\u062a\u064a\u0627\u062c\u0627\u062a\u0647\u0645 \u0636\u0645\u0646 \u0625\u0637\u0627\u0631 \u0627\u0644\u0625\u062c\u0631\u0627\u0621\u0627\u062a \u0627\u0644\u0642\u0627\u0646\u0648\u0646\u064a\u0629.<\/p><\/div><p>\u0625\u0644\u0649 \u062c\u0627\u0646\u0628 \u0627\u0644\u0644\u063a\u062a\u064a\u0646 \u0627\u0644\u0633\u0648\u064a\u062f\u064a\u0629 \u0648\u0627\u0644\u0625\u0646\u062c\u0644\u064a\u0632\u064a\u0629\u060c \u062a\u062a\u062d\u062f\u062b \u0643\u0631\u064a\u0633 \u0627\u0644\u0639\u0631\u0628\u064a\u0629 \u0628\u0637\u0644\u0627\u0642\u0629\u060c \u0648\u0644\u062f\u064a\u0647\u0627 \u062e\u0628\u0631\u0629 \u0641\u064a \u0627\u0644\u062a\u0639\u0627\u0645\u0644 \u0645\u0639 \u0639\u0645\u0644\u0627\u0621 \u0645\u0646 \u062e\u0644\u0641\u064a\u0627\u062a \u0644\u063a\u0648\u064a\u0629 \u0648\u062b\u0642\u0627\u0641\u064a\u0629 \u0645\u062a\u0646\u0648\u0639\u0629.<\/p><\/div><\/div><\/div><\/div><\/div><\/div>\t\t\t\t\t\t\t\t<\/div>\n\t\t\t\t<\/div>\n\t\t<div class=\"elementor-element elementor-element-7b6f95d e-con-full e-flex e-con e-child\" data-id=\"7b6f95d\" data-element_type=\"container\" data-e-type=\"container\" data-settings=\"{&quot;background_background&quot;:&quot;classic&quot;}\">\n\t\t\t\t<div class=\"elementor-element elementor-element-df288d1 elementor-widget elementor-widget-heading\" data-id=\"df288d1\" data-element_type=\"widget\" data-e-type=\"widget\" data-widget_type=\"heading.default\">\n\t\t\t\t<div class=\"elementor-widget-container\">\n\t\t\t\t\t<h2 class=\"elementor-heading-title elementor-size-default\">Chris Karkout<\/h2>\t\t\t\t<\/div>\n\t\t\t\t<\/div>\n\t\t\t\t<div class=\"elementor-element elementor-element-b041517 elementor-align-end elementor-list-item-link-inline elementor-mobile-align-end elementor-icon-list--layout-traditional elementor-widget elementor-widget-icon-list\" data-id=\"b041517\" data-element_type=\"widget\" data-e-type=\"widget\" data-widget_type=\"icon-list.default\">\n\t\t\t\t<div class=\"elementor-widget-container\">\n\t\t\t\t\t\t\t<ul class=\"elementor-icon-list-items\">\n\t\t\t\t\t\t\t<li class=\"elementor-icon-list-item\">\n\t\t\t\t\t\t\t\t\t\t\t<a href=\"tel:076%20307%2058%2030\">\n\n\t\t\t\t\t\t\t\t\t\t\t<span class=\"elementor-icon-list-text\">076 307 58 30<\/span>\n\t\t\t\t\t\t\t\t\t\t\t<\/a>\n\t\t\t\t\t\t\t\t\t<\/li>\n\t\t\t\t\t\t\t\t<li class=\"elementor-icon-list-item\">\n\t\t\t\t\t\t\t\t\t\t\t<a href=\"mailto:chris@advokatavans.se?subject=\u00c4mnesrad&#038;body=Skriv%20ditt%20meddelande%20h\u00e4r,%20s\u00e5%20svarar%20jag%20s\u00e5%20fort%20jag%20kan.\" target=\"_blank\">\n\n\t\t\t\t\t\t\t\t\t\t\t<span class=\"elementor-icon-list-text\">chris@advokatavans.se<\/span>\n\t\t\t\t\t\t\t\t\t\t\t<\/a>\n\t\t\t\t\t\t\t\t\t<\/li>\n\t\t\t\t\t\t\t\t<li class=\"elementor-icon-list-item\">\n\t\t\t\t\t\t\t\t\t\t\t<a href=\"https:\/\/www.linkedin.com\/in\/chris-karkout-a98862262\/\" target=\"_blank\">\n\n\t\t\t\t\t\t\t\t\t\t\t<span class=\"elementor-icon-list-text\">LinkedIn<\/span>\n\t\t\t\t\t\t\t\t\t\t\t<\/a>\n\t\t\t\t\t\t\t\t\t<\/li>\n\t\t\t\t\t\t<\/ul>\n\t\t\t\t\t\t<\/div>\n\t\t\t\t<\/div>\n\t\t\t\t<\/div>\n\t\t\t\t<\/div>\n\t\t<div class=\"elementor-element elementor-element-e4cfd90 e-con-full e-flex e-con e-child\" data-id=\"e4cfd90\" data-element_type=\"container\" data-e-type=\"container\">\n\t\t\t\t<div class=\"elementor-element elementor-element-2c1038f elementor-widget elementor-widget-image\" data-id=\"2c1038f\" data-element_type=\"widget\" data-e-type=\"widget\" data-widget_type=\"image.default\">\n\t\t\t\t<div class=\"elementor-widget-container\">\n\t\t\t\t\t\t\t\t\t\t\t\t\t\t\t<img fetchpriority=\"high\" decoding=\"async\" width=\"450\" height=\"562\" src=\"https:\/\/media1.advokatavans.se\/2024\/12\/Chris-1.png\" class=\"attachment-full size-full wp-image-2562\" alt=\"Chris Karkout\" srcset=\"http:\/\/media1.advokatavans.se\/2024\/12\/Chris-1.png 450w, http:\/\/media1.advokatavans.se\/2024\/12\/Chris-1-240x300.png 240w, http:\/\/media1.advokatavans.se\/2024\/12\/Chris-1-10x12.png 10w\" sizes=\"(max-width: 450px) 100vw, 450px\" \/>\t\t\t\t\t\t\t\t\t\t\t\t\t\t\t<\/div>\n\t\t\t\t<\/div>\n\t\t\t\t<\/div>\n\t\t\t\t<\/div>\n\t\t\t\t\t<\/div>\n\t\t\t\t<\/div>\n\t\t\t\t<\/div>","protected":false},"excerpt":{"rendered":"<p>Bitr\u00e4dande jurist Chris Karkout Chris Karkout\u00a0tog sin juristexamen vid Stockholms universitet 2025 med f\u00f6rdjupningskurser inom vittnespsykologi, v\u00e5ld i n\u00e4ra relationer, m\u00e4nskliga r\u00e4ttigheter och migrationsr\u00e4tt. Genom dessa f\u00f6rdjupningskurser har Chris utvecklat en djup f\u00f6rst\u00e5else f\u00f6r samspelet mellan juridik och m\u00e4nsklig utsatthet. I kombination med praktisk erfarenhet har detta lagt grunden f\u00f6r ett tryggt, empatiskt och professionellt [&hellip;]<\/p>\n","protected":false},"author":1,"featured_media":2098,"parent":0,"menu_order":0,"comment_status":"closed","ping_status":"closed","template":"elementor_header_footer","meta":{"footnotes":""},"class_list":["post-1742","page","type-page","status-publish","has-post-thumbnail","hentry"],"yoast_head":"<!-- This site is optimized with the Yoast SEO plugin v27.3 - https:\/\/yoast.com\/product\/yoast-seo-wordpress\/ -->\n<title>Advokatfirman Avans - Chris Karkout<\/title>\n<meta name=\"description\" content=\"Chris Karkout studerar f\u00f6r n\u00e4rvarande vid juristprogrammet p\u00e5 Stockholms universitet och f\u00f6rv\u00e4ntas avl\u00e4gga sin juristexamen \u00e5r 2025, med f\u00f6rdjupningskurser inom vittnespsykologi, v\u00e5ld i n\u00e4ra relation, m\u00e4nskliga r\u00e4ttigheter och migrationsr\u00e4tt.\" \/>\n<meta name=\"robots\" content=\"index, follow, max-snippet:-1, max-image-preview:large, max-video-preview:-1\" \/>\n<link rel=\"canonical\" href=\"https:\/\/advokatavans.se\/ar\/chris-karkout\/\" \/>\n<meta property=\"og:locale\" content=\"ar_AR\" \/>\n<meta property=\"og:type\" content=\"article\" \/>\n<meta property=\"og:title\" content=\"Chris Karkout\" \/>\n<meta property=\"og:description\" content=\"Chris Karkout studerar f\u00f6r n\u00e4rvarande vid juristprogrammet p\u00e5 Stockholms universitet och f\u00f6rv\u00e4ntas avl\u00e4gga sin juristexamen \u00e5r 2025, med f\u00f6rdjupningskurser inom vittnespsykologi, v\u00e5ld i n\u00e4ra relation, m\u00e4nskliga r\u00e4ttigheter och migrationsr\u00e4tt.\" \/>\n<meta property=\"og:url\" content=\"https:\/\/advokatavans.se\/ar\/chris-karkout\/\" \/>\n<meta property=\"og:site_name\" content=\"Advokatfirman Avans\" \/>\n<meta property=\"article:publisher\" content=\"https:\/\/www.facebook.com\/profile.php?id=61565887347409\" \/>\n<meta property=\"article:modified_time\" content=\"2026-04-04T16:43:37+00:00\" \/>\n<meta property=\"og:image\" content=\"http:\/\/media1.advokatavans.se\/2024\/10\/Advokatfirman-Avans-Sociala-Medier-2-1.png\" \/>\n\t<meta property=\"og:image:width\" content=\"707\" \/>\n\t<meta property=\"og:image:height\" content=\"500\" \/>\n\t<meta property=\"og:image:type\" content=\"image\/png\" \/>\n<meta name=\"twitter:card\" content=\"summary_large_image\" \/>\n<meta name=\"twitter:title\" content=\"Chris Karkout\" \/>\n<meta name=\"twitter:description\" content=\"Chris Karkout studerar f\u00f6r n\u00e4rvarande vid juristprogrammet p\u00e5 Stockholms universitet och f\u00f6rv\u00e4ntas avl\u00e4gga sin juristexamen \u00e5r 2025, med f\u00f6rdjupningskurser inom vittnespsykologi, v\u00e5ld i n\u00e4ra relation, m\u00e4nskliga r\u00e4ttigheter och migrationsr\u00e4tt.\" \/>\n<meta name=\"twitter:image\" content=\"https:\/\/media1.advokatavans.se\/2024\/10\/Advokatfirman-Avans-Sociala-Medier-2-1.png\" \/>\n<meta name=\"twitter:label1\" content=\"\u0648\u0642\u062a \u0627\u0644\u0642\u0631\u0627\u0621\u0629 \u0627\u0644\u0645\u064f\u0642\u062f\u0651\u0631\" \/>\n\t<meta name=\"twitter:data1\" content=\"\u062f\u0642\u064a\u0642\u062a\u0627\u0646\" \/>\n<script type=\"application\/ld+json\" class=\"yoast-schema-graph\">{\"@context\":\"https:\\\/\\\/schema.org\",\"@graph\":[{\"@type\":\"WebPage\",\"@id\":\"https:\\\/\\\/advokatavans.se\\\/chris-karkout\\\/\",\"url\":\"https:\\\/\\\/advokatavans.se\\\/chris-karkout\\\/\",\"name\":\"Advokatfirman Avans - Chris Karkout\",\"isPartOf\":{\"@id\":\"https:\\\/\\\/advokatavans.se\\\/#website\"},\"primaryImageOfPage\":{\"@id\":\"https:\\\/\\\/advokatavans.se\\\/chris-karkout\\\/#primaryimage\"},\"image\":{\"@id\":\"https:\\\/\\\/advokatavans.se\\\/chris-karkout\\\/#primaryimage\"},\"thumbnailUrl\":\"https:\\\/\\\/media1.advokatavans.se\\\/2024\\\/10\\\/Advokatfirman-Avans-Sociala-Medier-2-1.png\",\"datePublished\":\"2024-10-04T17:16:37+00:00\",\"dateModified\":\"2026-04-04T16:43:37+00:00\",\"description\":\"Chris Karkout studerar f\u00f6r n\u00e4rvarande vid juristprogrammet p\u00e5 Stockholms universitet och f\u00f6rv\u00e4ntas avl\u00e4gga sin juristexamen \u00e5r 2025, med f\u00f6rdjupningskurser inom vittnespsykologi, v\u00e5ld i n\u00e4ra relation, m\u00e4nskliga r\u00e4ttigheter och migrationsr\u00e4tt.\",\"breadcrumb\":{\"@id\":\"https:\\\/\\\/advokatavans.se\\\/chris-karkout\\\/#breadcrumb\"},\"inLanguage\":\"ar\",\"potentialAction\":[{\"@type\":\"ReadAction\",\"target\":[\"https:\\\/\\\/advokatavans.se\\\/chris-karkout\\\/\"]}]},{\"@type\":\"ImageObject\",\"inLanguage\":\"ar\",\"@id\":\"https:\\\/\\\/advokatavans.se\\\/chris-karkout\\\/#primaryimage\",\"url\":\"https:\\\/\\\/media1.advokatavans.se\\\/2024\\\/10\\\/Advokatfirman-Avans-Sociala-Medier-2-1.png\",\"contentUrl\":\"https:\\\/\\\/media1.advokatavans.se\\\/2024\\\/10\\\/Advokatfirman-Avans-Sociala-Medier-2-1.png\",\"width\":707,\"height\":500,\"caption\":\"Denna bild visas f\u00f6r Advokatfirman Avans sociala medie profiler\"},{\"@type\":\"BreadcrumbList\",\"@id\":\"https:\\\/\\\/advokatavans.se\\\/chris-karkout\\\/#breadcrumb\",\"itemListElement\":[{\"@type\":\"ListItem\",\"position\":1,\"name\":\"Hem\",\"item\":\"https:\\\/\\\/advokatavans.se\\\/\"},{\"@type\":\"ListItem\",\"position\":2,\"name\":\"Chris Karkout\"}]},{\"@type\":\"WebSite\",\"@id\":\"https:\\\/\\\/advokatavans.se\\\/#website\",\"url\":\"https:\\\/\\\/advokatavans.se\\\/\",\"name\":\"Advokatfirman Avans\",\"description\":\"Din v\u00e4g till r\u00e4ttvisa \u2013 Vi st\u00e5r vid din sida.\",\"publisher\":{\"@id\":\"https:\\\/\\\/advokatavans.se\\\/#organization\"},\"alternateName\":\"Advokatfirman Avans\",\"potentialAction\":[{\"@type\":\"SearchAction\",\"target\":{\"@type\":\"EntryPoint\",\"urlTemplate\":\"https:\\\/\\\/advokatavans.se\\\/?s={search_term_string}\"},\"query-input\":{\"@type\":\"PropertyValueSpecification\",\"valueRequired\":true,\"valueName\":\"search_term_string\"}}],\"inLanguage\":\"ar\"},{\"@type\":\"Organization\",\"@id\":\"https:\\\/\\\/advokatavans.se\\\/#organization\",\"name\":\"Advokatfirman Avans\",\"alternateName\":\"Advokatfirman Avans\",\"url\":\"https:\\\/\\\/advokatavans.se\\\/\",\"logo\":{\"@type\":\"ImageObject\",\"inLanguage\":\"ar\",\"@id\":\"https:\\\/\\\/advokatavans.se\\\/#\\\/schema\\\/logo\\\/image\\\/\",\"url\":\"https:\\\/\\\/media1.advokatavans.se\\\/2020\\\/03\\\/Logga-svart-liten.png\",\"contentUrl\":\"https:\\\/\\\/media1.advokatavans.se\\\/2020\\\/03\\\/Logga-svart-liten.png\",\"width\":300,\"height\":134,\"caption\":\"Advokatfirman Avans\"},\"image\":{\"@id\":\"https:\\\/\\\/advokatavans.se\\\/#\\\/schema\\\/logo\\\/image\\\/\"},\"sameAs\":[\"https:\\\/\\\/www.facebook.com\\\/profile.php?id=61565887347409\",\"https:\\\/\\\/www.instagram.com\\\/advokatavans\\\/\"]}]}<\/script>\n<!-- \/ Yoast SEO plugin. -->","yoast_head_json":{"title":"Advokatfirman Avans - Chris Karkout","description":"Chris Karkout studerar f\u00f6r n\u00e4rvarande vid juristprogrammet p\u00e5 Stockholms universitet och f\u00f6rv\u00e4ntas avl\u00e4gga sin juristexamen \u00e5r 2025, med f\u00f6rdjupningskurser inom vittnespsykologi, v\u00e5ld i n\u00e4ra relation, m\u00e4nskliga r\u00e4ttigheter och migrationsr\u00e4tt.","robots":{"index":"index","follow":"follow","max-snippet":"max-snippet:-1","max-image-preview":"max-image-preview:large","max-video-preview":"max-video-preview:-1"},"canonical":"https:\/\/advokatavans.se\/ar\/chris-karkout\/","og_locale":"ar_AR","og_type":"article","og_title":"Chris Karkout","og_description":"Chris Karkout studerar f\u00f6r n\u00e4rvarande vid juristprogrammet p\u00e5 Stockholms universitet och f\u00f6rv\u00e4ntas avl\u00e4gga sin juristexamen \u00e5r 2025, med f\u00f6rdjupningskurser inom vittnespsykologi, v\u00e5ld i n\u00e4ra relation, m\u00e4nskliga r\u00e4ttigheter och migrationsr\u00e4tt.","og_url":"https:\/\/advokatavans.se\/ar\/chris-karkout\/","og_site_name":"Advokatfirman Avans","article_publisher":"https:\/\/www.facebook.com\/profile.php?id=61565887347409","article_modified_time":"2026-04-04T16:43:37+00:00","og_image":[{"width":707,"height":500,"url":"http:\/\/media1.advokatavans.se\/2024\/10\/Advokatfirman-Avans-Sociala-Medier-2-1.png","type":"image\/png"}],"twitter_card":"summary_large_image","twitter_title":"Chris Karkout","twitter_description":"Chris Karkout studerar f\u00f6r n\u00e4rvarande vid juristprogrammet p\u00e5 Stockholms universitet och f\u00f6rv\u00e4ntas avl\u00e4gga sin juristexamen \u00e5r 2025, med f\u00f6rdjupningskurser inom vittnespsykologi, v\u00e5ld i n\u00e4ra relation, m\u00e4nskliga r\u00e4ttigheter och migrationsr\u00e4tt.","twitter_image":"https:\/\/media1.advokatavans.se\/2024\/10\/Advokatfirman-Avans-Sociala-Medier-2-1.png","twitter_misc":{"\u0648\u0642\u062a \u0627\u0644\u0642\u0631\u0627\u0621\u0629 \u0627\u0644\u0645\u064f\u0642\u062f\u0651\u0631":"\u062f\u0642\u064a\u0642\u062a\u0627\u0646"},"schema":{"@context":"https:\/\/schema.org","@graph":[{"@type":"WebPage","@id":"https:\/\/advokatavans.se\/chris-karkout\/","url":"https:\/\/advokatavans.se\/chris-karkout\/","name":"Advokatfirman Avans - Chris Karkout","isPartOf":{"@id":"https:\/\/advokatavans.se\/#website"},"primaryImageOfPage":{"@id":"https:\/\/advokatavans.se\/chris-karkout\/#primaryimage"},"image":{"@id":"https:\/\/advokatavans.se\/chris-karkout\/#primaryimage"},"thumbnailUrl":"https:\/\/media1.advokatavans.se\/2024\/10\/Advokatfirman-Avans-Sociala-Medier-2-1.png","datePublished":"2024-10-04T17:16:37+00:00","dateModified":"2026-04-04T16:43:37+00:00","description":"Chris Karkout studerar f\u00f6r n\u00e4rvarande vid juristprogrammet p\u00e5 Stockholms universitet och f\u00f6rv\u00e4ntas avl\u00e4gga sin juristexamen \u00e5r 2025, med f\u00f6rdjupningskurser inom vittnespsykologi, v\u00e5ld i n\u00e4ra relation, m\u00e4nskliga r\u00e4ttigheter och migrationsr\u00e4tt.","breadcrumb":{"@id":"https:\/\/advokatavans.se\/chris-karkout\/#breadcrumb"},"inLanguage":"ar","potentialAction":[{"@type":"ReadAction","target":["https:\/\/advokatavans.se\/chris-karkout\/"]}]},{"@type":"ImageObject","inLanguage":"ar","@id":"https:\/\/advokatavans.se\/chris-karkout\/#primaryimage","url":"https:\/\/media1.advokatavans.se\/2024\/10\/Advokatfirman-Avans-Sociala-Medier-2-1.png","contentUrl":"https:\/\/media1.advokatavans.se\/2024\/10\/Advokatfirman-Avans-Sociala-Medier-2-1.png","width":707,"height":500,"caption":"Denna bild visas f\u00f6r Advokatfirman Avans sociala medie profiler"},{"@type":"BreadcrumbList","@id":"https:\/\/advokatavans.se\/chris-karkout\/#breadcrumb","itemListElement":[{"@type":"ListItem","position":1,"name":"Hem","item":"https:\/\/advokatavans.se\/"},{"@type":"ListItem","position":2,"name":"Chris Karkout"}]},{"@type":"WebSite","@id":"https:\/\/advokatavans.se\/#website","url":"https:\/\/advokatavans.se\/","name":"Advokatfirman Avans","description":"Din v\u00e4g till r\u00e4ttvisa \u2013 Vi st\u00e5r vid din sida.","publisher":{"@id":"https:\/\/advokatavans.se\/#organization"},"alternateName":"Advokatfirman Avans","potentialAction":[{"@type":"SearchAction","target":{"@type":"EntryPoint","urlTemplate":"https:\/\/advokatavans.se\/?s={search_term_string}"},"query-input":{"@type":"PropertyValueSpecification","valueRequired":true,"valueName":"search_term_string"}}],"inLanguage":"ar"},{"@type":"Organization","@id":"https:\/\/advokatavans.se\/#organization","name":"Advokatfirman Avans","alternateName":"Advokatfirman Avans","url":"https:\/\/advokatavans.se\/","logo":{"@type":"ImageObject","inLanguage":"ar","@id":"https:\/\/advokatavans.se\/#\/schema\/logo\/image\/","url":"https:\/\/media1.advokatavans.se\/2020\/03\/Logga-svart-liten.png","contentUrl":"https:\/\/media1.advokatavans.se\/2020\/03\/Logga-svart-liten.png","width":300,"height":134,"caption":"Advokatfirman Avans"},"image":{"@id":"https:\/\/advokatavans.se\/#\/schema\/logo\/image\/"},"sameAs":["https:\/\/www.facebook.com\/profile.php?id=61565887347409","https:\/\/www.instagram.com\/advokatavans\/"]}]}},"_links":{"self":[{"href":"https:\/\/advokatavans.se\/ar\/wp-json\/wp\/v2\/pages\/1742","targetHints":{"allow":["GET"]}}],"collection":[{"href":"https:\/\/advokatavans.se\/ar\/wp-json\/wp\/v2\/pages"}],"about":[{"href":"https:\/\/advokatavans.se\/ar\/wp-json\/wp\/v2\/types\/page"}],"author":[{"embeddable":true,"href":"https:\/\/advokatavans.se\/ar\/wp-json\/wp\/v2\/users\/1"}],"replies":[{"embeddable":true,"href":"https:\/\/advokatavans.se\/ar\/wp-json\/wp\/v2\/comments?post=1742"}],"version-history":[{"count":49,"href":"https:\/\/advokatavans.se\/ar\/wp-json\/wp\/v2\/pages\/1742\/revisions"}],"predecessor-version":[{"id":3101,"href":"https:\/\/advokatavans.se\/ar\/wp-json\/wp\/v2\/pages\/1742\/revisions\/3101"}],"wp:featuredmedia":[{"embeddable":true,"href":"https:\/\/advokatavans.se\/ar\/wp-json\/wp\/v2\/media\/2098"}],"wp:attachment":[{"href":"https:\/\/advokatavans.se\/ar\/wp-json\/wp\/v2\/media?parent=1742"}],"curies":[{"name":"wp","href":"https:\/\/api.w.org\/{rel}","templated":true}]}}