{"id":1738,"date":"2024-10-04T17:16:12","date_gmt":"2024-10-04T17:16:12","guid":{"rendered":"https:\/\/advokatavans.se\/?page_id=1738"},"modified":"2026-03-09T18:26:07","modified_gmt":"2026-03-09T18:26:07","slug":"erik-westerberg","status":"publish","type":"page","link":"https:\/\/advokatavans.se\/ar\/erik-westerberg\/","title":{"rendered":"Erik Westerberg"},"content":{"rendered":"<div data-elementor-type=\"wp-page\" data-elementor-id=\"1738\" class=\"elementor elementor-1738\" data-elementor-post-type=\"page\">\n\t\t\t\t<div class=\"elementor-element elementor-element-6e8f253 e-flex e-con-boxed e-con e-parent\" data-id=\"6e8f253\" data-element_type=\"container\" data-e-type=\"container\" data-settings=\"{&quot;background_background&quot;:&quot;classic&quot;}\">\n\t\t\t\t\t<div class=\"e-con-inner\">\n\t\t<div class=\"elementor-element elementor-element-ab94184 e-con-full e-flex e-con e-child\" data-id=\"ab94184\" data-element_type=\"container\" data-e-type=\"container\" data-settings=\"{&quot;background_background&quot;:&quot;classic&quot;}\">\n\t\t<div class=\"elementor-element elementor-element-acbf28d e-con-full e-flex e-con e-child\" data-id=\"acbf28d\" data-element_type=\"container\" data-e-type=\"container\">\n\t\t\t\t<div class=\"elementor-element elementor-element-3c67327 elementor-widget elementor-widget-heading\" data-id=\"3c67327\" data-element_type=\"widget\" data-e-type=\"widget\" data-widget_type=\"heading.default\">\n\t\t\t\t<div class=\"elementor-widget-container\">\n\t\t\t\t\t<h2 class=\"elementor-heading-title elementor-size-default\">Advokat<\/h2>\t\t\t\t<\/div>\n\t\t\t\t<\/div>\n\t\t\t\t<div class=\"elementor-element elementor-element-201c736 elementor-widget elementor-widget-heading\" data-id=\"201c736\" data-element_type=\"widget\" data-e-type=\"widget\" data-widget_type=\"heading.default\">\n\t\t\t\t<div class=\"elementor-widget-container\">\n\t\t\t\t\t<h2 class=\"elementor-heading-title elementor-size-default\">Erik Westerberg<\/h2>\t\t\t\t<\/div>\n\t\t\t\t<\/div>\n\t\t\t\t<div class=\"elementor-element elementor-element-97c9691 elementor-widget elementor-widget-text-editor\" data-id=\"97c9691\" data-element_type=\"widget\" data-e-type=\"widget\" data-widget_type=\"text-editor.default\">\n\t\t\t\t<div class=\"elementor-widget-container\">\n\t\t\t\t\t\t\t\t\t<div class=\"flex-shrink-0 flex flex-col relative items-end\"><div class=\"pt-0\"><div class=\"gizmo-bot-avatar flex h-8 w-8 items-center justify-center overflow-hidden rounded-full\"><div class=\"relative p-1 rounded-sm flex items-center justify-center bg-token-main-surface-primary text-token-text-primary h-8 w-8\"><p class=\"translation-block\">\u062d\u0635\u0644 \u0639\u0644\u0649 \u0634\u0647\u0627\u062f\u0629 \u0627\u0644\u062d\u0642\u0648\u0642 \u0645\u0646 \u062c\u0627\u0645\u0639\u0629 \u0633\u062a\u0648\u0643\u0647\u0648\u0644\u0645 \u0639\u0627\u0645 2012\u060c \u0648\u0628\u062f\u0623 \u0645\u0633\u064a\u0631\u062a\u0647 \u0627\u0644\u0645\u0647\u0646\u064a\u0629 \u0628\u0639\u062f\u0647\u0627 \u0641\u064a \u0645\u0643\u062a\u0628 \u0645\u062d\u0627\u0645\u0627\u0629 . \u0623\u0635\u0628\u062d \u0639\u0636\u0648\u064b\u0627 \u0641\u064a \u0646\u0642\u0627\u0628\u0629 \u0627\u0644\u0645\u062d\u0627\u0645\u064a\u0646 \u0627\u0644\u0633\u0648\u064a\u062f\u064a\u0629 \u0639\u0627\u0645 2015\u060c \u0648\u0634\u0631\u064a\u0643\u064b\u0627 \u0641\u064a \u0645\u0643\u062a\u0628 \u0645\u062d\u0627\u0645\u0627\u0629 \u0622\u062e\u0631\u0639\u0627\u0645 2017.<\/p><p>\u0641\u064a \u0639\u0627\u0645 2019\u060c \u0623\u0633\u0633 \u0634\u0631\u0643\u062a\u0646\u0627\u060c \u0648\u0645\u0646\u0630 \u0630\u0644\u0643 \u0627\u0644\u062d\u064a\u0646 \u064a\u0631\u0643\u0632 \u0639\u0645\u0644\u0647 \u0628\u0634\u0643\u0644 \u0631\u0626\u064a\u0633\u064a \u0639\u0644\u0649 \u0642\u0627\u0646\u0648\u0646 \u0627\u0644\u0628\u0646\u0627\u0621\u060c \u0648\u0627\u0644\u0642\u0627\u0646\u0648\u0646 \u0627\u0644\u062a\u062c\u0627\u0631\u064a\u060c \u0648\u0642\u0627\u0646\u0648\u0646 \u0627\u0644\u0623\u0633\u0631\u0629 \u0627\u0644\u0645\u0627\u0644\u064a. \u0643\u0645\u0627 \u064a\u0645\u062a\u0644\u0643 \u062e\u0628\u0631\u0629 \u0648\u0627\u0633\u0639\u0629 \u0641\u064a \u0627\u0644\u0639\u0645\u0644 \u0623\u0645\u0627\u0645 \u0627\u0644\u0645\u062d\u0627\u0643\u0645 \u0643\u0645\u062d\u0627\u0645\u064d \u0644\u0644\u062f\u0641\u0627\u0639\u060c \u0648\u0645\u0645\u062b\u0644 \u0644\u0644\u0636\u062d\u0627\u064a\u0627\u060c \u0648\u0645\u0645\u062b\u0644 \u062e\u0627\u0635 \u0644\u0644\u0623\u0637\u0641\u0627\u0644\u060c \u0648\u064a\u062a\u0648\u0644\u0649 \u0623\u064a\u0636\u064b\u0627 \u0645\u0647\u0627\u0645 \u0641\u064a \u0647\u0630\u0647 \u0627\u0644\u0645\u062c\u0627\u0644\u0627\u062a. \u0643\u0645\u0627 \u064a\u062a\u0648\u0644\u0649 \u0645\u0647\u0627\u0645 \u0643\u0645\u0645\u062b\u0644 \u0642\u0627\u0646\u0648\u0646\u064a \u00a0\u0641\u064a \u0642\u0636\u0627\u064a\u0627 \u0627\u0644\u0631\u0639\u0627\u064a\u0629 \u0627\u0644\u0642\u0633\u0631\u064a\u0629 \u0648\u0642\u0627\u0646\u0648\u0646 \u0627\u0644\u0647\u062c\u0631\u0629.<\/p><p>\u0648\u0628\u0641\u0636\u0644 \u062e\u0628\u0631\u062a\u0647 \u0627\u0644\u0645\u062a\u062e\u0635\u0635\u0629 \u0641\u064a \u0627\u0644\u0642\u0636\u0627\u064a\u0627 \u0627\u0644\u0642\u0627\u0646\u0648\u0646\u064a\u0629 \u0627\u0644\u062a\u062c\u0627\u0631\u064a\u0629 \u0648\u0642\u062f\u0631\u062a\u0647 \u0639\u0644\u0649 \u0625\u062f\u0627\u0631\u0629 \u0627\u0644\u0642\u0636\u0627\u064a\u0627 \u0641\u064a \u0645\u062e\u062a\u0644\u0641 \u0627\u0644\u0645\u062d\u0627\u0643\u0645 \u0648\u0627\u0644\u0647\u064a\u0626\u0627\u062a \u0627\u0644\u062a\u062d\u0643\u064a\u0645\u064a\u0629\u060c \u064a\u064f\u0639\u062f \u0645\u0633\u062a\u0634\u0627\u0631\u064b\u0627 \u00a0\u0645\u0637\u0644\u0648\u0628\u064b\u0627 \u0644\u0644\u0639\u062f\u064a\u062f \u0645\u0646 \u0627\u0644\u0634\u0631\u0643\u0627\u062a \u0648\u0627\u0644\u0623\u0641\u0631\u0627\u062f.<\/p><\/div><\/div><\/div><\/div>\t\t\t\t\t\t\t\t<\/div>\n\t\t\t\t<\/div>\n\t\t<div class=\"elementor-element elementor-element-04f3056 e-con-full e-flex e-con e-child\" data-id=\"04f3056\" data-element_type=\"container\" data-e-type=\"container\" data-settings=\"{&quot;background_background&quot;:&quot;classic&quot;}\">\n\t\t\t\t<div class=\"elementor-element elementor-element-e6109ce elementor-widget elementor-widget-heading\" data-id=\"e6109ce\" data-element_type=\"widget\" data-e-type=\"widget\" data-widget_type=\"heading.default\">\n\t\t\t\t<div class=\"elementor-widget-container\">\n\t\t\t\t\t<h2 class=\"elementor-heading-title elementor-size-default\">Kontakta Erik<\/h2>\t\t\t\t<\/div>\n\t\t\t\t<\/div>\n\t\t\t\t<div class=\"elementor-element elementor-element-77d0397 elementor-align-end elementor-list-item-link-inline elementor-mobile-align-end elementor-icon-list--layout-traditional elementor-widget elementor-widget-icon-list\" data-id=\"77d0397\" data-element_type=\"widget\" data-e-type=\"widget\" data-widget_type=\"icon-list.default\">\n\t\t\t\t<div class=\"elementor-widget-container\">\n\t\t\t\t\t\t\t<ul class=\"elementor-icon-list-items\">\n\t\t\t\t\t\t\t<li class=\"elementor-icon-list-item\">\n\t\t\t\t\t\t\t\t\t\t\t<a href=\"tel:073%20986%2052%2033\">\n\n\t\t\t\t\t\t\t\t\t\t\t<span class=\"elementor-icon-list-text\">073 986 52 33<\/span>\n\t\t\t\t\t\t\t\t\t\t\t<\/a>\n\t\t\t\t\t\t\t\t\t<\/li>\n\t\t\t\t\t\t\t\t<li class=\"elementor-icon-list-item\">\n\t\t\t\t\t\t\t\t\t\t\t<a href=\"mailto:erik@advokatavans.se?subject=\u00c4mnesrad&#038;body=Skriv%20ditt%20meddelande%20h\u00e4r,%20s\u00e5%20svarar%20jag%20s\u00e5%20fort%20jag%20kan.\" target=\"_blank\">\n\n\t\t\t\t\t\t\t\t\t\t\t<span class=\"elementor-icon-list-text\">erik@advokatavans.se<\/span>\n\t\t\t\t\t\t\t\t\t\t\t<\/a>\n\t\t\t\t\t\t\t\t\t<\/li>\n\t\t\t\t\t\t\t\t<li class=\"elementor-icon-list-item\">\n\t\t\t\t\t\t\t\t\t\t\t<a href=\"https:\/\/www.linkedin.com\/in\/erik-westerberg-410ba072\/\" target=\"_blank\">\n\n\t\t\t\t\t\t\t\t\t\t\t<span class=\"elementor-icon-list-text\">LinkedIn<\/span>\n\t\t\t\t\t\t\t\t\t\t\t<\/a>\n\t\t\t\t\t\t\t\t\t<\/li>\n\t\t\t\t\t\t<\/ul>\n\t\t\t\t\t\t<\/div>\n\t\t\t\t<\/div>\n\t\t\t\t<\/div>\n\t\t\t\t<\/div>\n\t\t<div class=\"elementor-element elementor-element-4eb6ea2 e-con-full e-flex e-con e-child\" data-id=\"4eb6ea2\" data-element_type=\"container\" data-e-type=\"container\">\n\t\t\t\t<div class=\"elementor-element elementor-element-4bd690e elementor-widget elementor-widget-image\" data-id=\"4bd690e\" data-element_type=\"widget\" data-e-type=\"widget\" data-widget_type=\"image.default\">\n\t\t\t\t<div class=\"elementor-widget-container\">\n\t\t\t\t\t\t\t\t\t\t\t\t\t\t\t<img fetchpriority=\"high\" decoding=\"async\" width=\"450\" height=\"562\" src=\"https:\/\/media1.advokatavans.se\/2024\/12\/Erik-1.png\" class=\"attachment-full size-full wp-image-2560\" alt=\"Erik Westerberg\" srcset=\"http:\/\/media1.advokatavans.se\/2024\/12\/Erik-1.png 450w, http:\/\/media1.advokatavans.se\/2024\/12\/Erik-1-240x300.png 240w, http:\/\/media1.advokatavans.se\/2024\/12\/Erik-1-10x12.png 10w\" sizes=\"(max-width: 450px) 100vw, 450px\" \/>\t\t\t\t\t\t\t\t\t\t\t\t\t\t\t<\/div>\n\t\t\t\t<\/div>\n\t\t\t\t<\/div>\n\t\t\t\t<\/div>\n\t\t\t\t\t<\/div>\n\t\t\t\t<\/div>\n\t\t\t\t<\/div>","protected":false},"excerpt":{"rendered":"<p>Advokat Erik Westerberg Erik Westerberg tog sin juristexamen vid Stockholms universitet \u00e5r 2012 och startade kort d\u00e4refter sin karri\u00e4r p\u00e5 Advokatfirman W&amp;\u00d6. Erik blev ledamot av Advokatsamfundet 2015 och del\u00e4gare p\u00e5 Advokatfirman W&amp;\u00d6 2017. \u00c5r 2019 grundade Erik Advokatfirman Avans och \u00e4gnar sig sedan dess i huvudsak \u00e5t entreprenadr\u00e4tt, allm\u00e4n aff\u00e4rsjuridik samt ekonomisk familjer\u00e4tt. Erik [&hellip;]<\/p>\n","protected":false},"author":1,"featured_media":2098,"parent":0,"menu_order":0,"comment_status":"closed","ping_status":"closed","template":"elementor_header_footer","meta":{"footnotes":""},"class_list":["post-1738","page","type-page","status-publish","has-post-thumbnail","hentry"],"yoast_head":"<!-- This site is optimized with the Yoast SEO plugin v27.3 - https:\/\/yoast.com\/product\/yoast-seo-wordpress\/ -->\n<title>Advokatfirman Avans - Erik Westerberg<\/title>\n<meta name=\"description\" content=\"Erik Westerberg tog sin juristexamen vid Stockholms universitet \u00e5r 2012 och startade kort d\u00e4refter sin karri\u00e4r p\u00e5 Advokatfirman W&amp;\u00d6.\" \/>\n<meta name=\"robots\" content=\"index, follow, max-snippet:-1, max-image-preview:large, max-video-preview:-1\" \/>\n<link rel=\"canonical\" href=\"https:\/\/advokatavans.se\/ar\/erik-westerberg\/\" \/>\n<meta property=\"og:locale\" content=\"ar_AR\" \/>\n<meta property=\"og:type\" content=\"article\" \/>\n<meta property=\"og:title\" content=\"Erik Westerberg\" \/>\n<meta property=\"og:description\" content=\"Erik Westerberg tog sin juristexamen vid Stockholms universitet \u00e5r 2012 och startade kort d\u00e4refter sin karri\u00e4r p\u00e5 Advokatfirman W&amp;\u00d6.\" \/>\n<meta property=\"og:url\" content=\"https:\/\/advokatavans.se\/ar\/erik-westerberg\/\" \/>\n<meta property=\"og:site_name\" content=\"Advokatfirman Avans\" \/>\n<meta property=\"article:publisher\" content=\"https:\/\/www.facebook.com\/profile.php?id=61565887347409\" \/>\n<meta property=\"article:modified_time\" content=\"2026-03-09T18:26:07+00:00\" \/>\n<meta property=\"og:image\" content=\"http:\/\/media1.advokatavans.se\/2024\/10\/Advokatfirman-Avans-Sociala-Medier-2-1.png\" \/>\n\t<meta property=\"og:image:width\" content=\"707\" \/>\n\t<meta property=\"og:image:height\" content=\"500\" \/>\n\t<meta property=\"og:image:type\" content=\"image\/png\" \/>\n<meta name=\"twitter:card\" content=\"summary_large_image\" \/>\n<meta name=\"twitter:title\" content=\"Erik Westerberg\" \/>\n<meta name=\"twitter:description\" content=\"Erik Westerberg tog sin juristexamen vid Stockholms universitet \u00e5r 2012 och startade kort d\u00e4refter sin karri\u00e4r p\u00e5 Advokatfirman W&amp;\u00d6.\" \/>\n<meta name=\"twitter:image\" content=\"https:\/\/media1.advokatavans.se\/2024\/10\/Advokatfirman-Avans-Sociala-Medier-2-1.png\" \/>\n<meta name=\"twitter:label1\" content=\"\u0648\u0642\u062a \u0627\u0644\u0642\u0631\u0627\u0621\u0629 \u0627\u0644\u0645\u064f\u0642\u062f\u0651\u0631\" \/>\n\t<meta name=\"twitter:data1\" content=\"\u062f\u0642\u064a\u0642\u0629 \u0648\u0627\u062d\u062f\u0629\" \/>\n<script type=\"application\/ld+json\" class=\"yoast-schema-graph\">{\"@context\":\"https:\\\/\\\/schema.org\",\"@graph\":[{\"@type\":\"WebPage\",\"@id\":\"https:\\\/\\\/advokatavans.se\\\/erik-westerberg\\\/\",\"url\":\"https:\\\/\\\/advokatavans.se\\\/erik-westerberg\\\/\",\"name\":\"Advokatfirman Avans - Erik Westerberg\",\"isPartOf\":{\"@id\":\"https:\\\/\\\/advokatavans.se\\\/#website\"},\"primaryImageOfPage\":{\"@id\":\"https:\\\/\\\/advokatavans.se\\\/erik-westerberg\\\/#primaryimage\"},\"image\":{\"@id\":\"https:\\\/\\\/advokatavans.se\\\/erik-westerberg\\\/#primaryimage\"},\"thumbnailUrl\":\"https:\\\/\\\/media1.advokatavans.se\\\/2024\\\/10\\\/Advokatfirman-Avans-Sociala-Medier-2-1.png\",\"datePublished\":\"2024-10-04T17:16:12+00:00\",\"dateModified\":\"2026-03-09T18:26:07+00:00\",\"description\":\"Erik Westerberg tog sin juristexamen vid Stockholms universitet \u00e5r 2012 och startade kort d\u00e4refter sin karri\u00e4r p\u00e5 Advokatfirman W&\u00d6.\",\"breadcrumb\":{\"@id\":\"https:\\\/\\\/advokatavans.se\\\/erik-westerberg\\\/#breadcrumb\"},\"inLanguage\":\"ar\",\"potentialAction\":[{\"@type\":\"ReadAction\",\"target\":[\"https:\\\/\\\/advokatavans.se\\\/erik-westerberg\\\/\"]}]},{\"@type\":\"ImageObject\",\"inLanguage\":\"ar\",\"@id\":\"https:\\\/\\\/advokatavans.se\\\/erik-westerberg\\\/#primaryimage\",\"url\":\"https:\\\/\\\/media1.advokatavans.se\\\/2024\\\/10\\\/Advokatfirman-Avans-Sociala-Medier-2-1.png\",\"contentUrl\":\"https:\\\/\\\/media1.advokatavans.se\\\/2024\\\/10\\\/Advokatfirman-Avans-Sociala-Medier-2-1.png\",\"width\":707,\"height\":500,\"caption\":\"Denna bild visas f\u00f6r Advokatfirman Avans sociala medie profiler\"},{\"@type\":\"BreadcrumbList\",\"@id\":\"https:\\\/\\\/advokatavans.se\\\/erik-westerberg\\\/#breadcrumb\",\"itemListElement\":[{\"@type\":\"ListItem\",\"position\":1,\"name\":\"Hem\",\"item\":\"https:\\\/\\\/advokatavans.se\\\/\"},{\"@type\":\"ListItem\",\"position\":2,\"name\":\"Erik Westerberg\"}]},{\"@type\":\"WebSite\",\"@id\":\"https:\\\/\\\/advokatavans.se\\\/#website\",\"url\":\"https:\\\/\\\/advokatavans.se\\\/\",\"name\":\"Advokatfirman Avans\",\"description\":\"Din v\u00e4g till r\u00e4ttvisa \u2013 Vi st\u00e5r vid din sida.\",\"publisher\":{\"@id\":\"https:\\\/\\\/advokatavans.se\\\/#organization\"},\"alternateName\":\"Advokatfirman Avans\",\"potentialAction\":[{\"@type\":\"SearchAction\",\"target\":{\"@type\":\"EntryPoint\",\"urlTemplate\":\"https:\\\/\\\/advokatavans.se\\\/?s={search_term_string}\"},\"query-input\":{\"@type\":\"PropertyValueSpecification\",\"valueRequired\":true,\"valueName\":\"search_term_string\"}}],\"inLanguage\":\"ar\"},{\"@type\":\"Organization\",\"@id\":\"https:\\\/\\\/advokatavans.se\\\/#organization\",\"name\":\"Advokatfirman Avans\",\"alternateName\":\"Advokatfirman Avans\",\"url\":\"https:\\\/\\\/advokatavans.se\\\/\",\"logo\":{\"@type\":\"ImageObject\",\"inLanguage\":\"ar\",\"@id\":\"https:\\\/\\\/advokatavans.se\\\/#\\\/schema\\\/logo\\\/image\\\/\",\"url\":\"https:\\\/\\\/media1.advokatavans.se\\\/2020\\\/03\\\/Logga-svart-liten.png\",\"contentUrl\":\"https:\\\/\\\/media1.advokatavans.se\\\/2020\\\/03\\\/Logga-svart-liten.png\",\"width\":300,\"height\":134,\"caption\":\"Advokatfirman Avans\"},\"image\":{\"@id\":\"https:\\\/\\\/advokatavans.se\\\/#\\\/schema\\\/logo\\\/image\\\/\"},\"sameAs\":[\"https:\\\/\\\/www.facebook.com\\\/profile.php?id=61565887347409\",\"https:\\\/\\\/www.instagram.com\\\/advokatavans\\\/\"]}]}<\/script>\n<!-- \/ Yoast SEO plugin. -->","yoast_head_json":{"title":"Advokatfirman Avans - Erik Westerberg","description":"Erik Westerberg tog sin juristexamen vid Stockholms universitet \u00e5r 2012 och startade kort d\u00e4refter sin karri\u00e4r p\u00e5 Advokatfirman W&\u00d6.","robots":{"index":"index","follow":"follow","max-snippet":"max-snippet:-1","max-image-preview":"max-image-preview:large","max-video-preview":"max-video-preview:-1"},"canonical":"https:\/\/advokatavans.se\/ar\/erik-westerberg\/","og_locale":"ar_AR","og_type":"article","og_title":"Erik Westerberg","og_description":"Erik Westerberg tog sin juristexamen vid Stockholms universitet \u00e5r 2012 och startade kort d\u00e4refter sin karri\u00e4r p\u00e5 Advokatfirman W&\u00d6.","og_url":"https:\/\/advokatavans.se\/ar\/erik-westerberg\/","og_site_name":"Advokatfirman Avans","article_publisher":"https:\/\/www.facebook.com\/profile.php?id=61565887347409","article_modified_time":"2026-03-09T18:26:07+00:00","og_image":[{"width":707,"height":500,"url":"http:\/\/media1.advokatavans.se\/2024\/10\/Advokatfirman-Avans-Sociala-Medier-2-1.png","type":"image\/png"}],"twitter_card":"summary_large_image","twitter_title":"Erik Westerberg","twitter_description":"Erik Westerberg tog sin juristexamen vid Stockholms universitet \u00e5r 2012 och startade kort d\u00e4refter sin karri\u00e4r p\u00e5 Advokatfirman W&\u00d6.","twitter_image":"https:\/\/media1.advokatavans.se\/2024\/10\/Advokatfirman-Avans-Sociala-Medier-2-1.png","twitter_misc":{"\u0648\u0642\u062a \u0627\u0644\u0642\u0631\u0627\u0621\u0629 \u0627\u0644\u0645\u064f\u0642\u062f\u0651\u0631":"\u062f\u0642\u064a\u0642\u0629 \u0648\u0627\u062d\u062f\u0629"},"schema":{"@context":"https:\/\/schema.org","@graph":[{"@type":"WebPage","@id":"https:\/\/advokatavans.se\/erik-westerberg\/","url":"https:\/\/advokatavans.se\/erik-westerberg\/","name":"Advokatfirman Avans - Erik Westerberg","isPartOf":{"@id":"https:\/\/advokatavans.se\/#website"},"primaryImageOfPage":{"@id":"https:\/\/advokatavans.se\/erik-westerberg\/#primaryimage"},"image":{"@id":"https:\/\/advokatavans.se\/erik-westerberg\/#primaryimage"},"thumbnailUrl":"https:\/\/media1.advokatavans.se\/2024\/10\/Advokatfirman-Avans-Sociala-Medier-2-1.png","datePublished":"2024-10-04T17:16:12+00:00","dateModified":"2026-03-09T18:26:07+00:00","description":"Erik Westerberg tog sin juristexamen vid Stockholms universitet \u00e5r 2012 och startade kort d\u00e4refter sin karri\u00e4r p\u00e5 Advokatfirman W&\u00d6.","breadcrumb":{"@id":"https:\/\/advokatavans.se\/erik-westerberg\/#breadcrumb"},"inLanguage":"ar","potentialAction":[{"@type":"ReadAction","target":["https:\/\/advokatavans.se\/erik-westerberg\/"]}]},{"@type":"ImageObject","inLanguage":"ar","@id":"https:\/\/advokatavans.se\/erik-westerberg\/#primaryimage","url":"https:\/\/media1.advokatavans.se\/2024\/10\/Advokatfirman-Avans-Sociala-Medier-2-1.png","contentUrl":"https:\/\/media1.advokatavans.se\/2024\/10\/Advokatfirman-Avans-Sociala-Medier-2-1.png","width":707,"height":500,"caption":"Denna bild visas f\u00f6r Advokatfirman Avans sociala medie profiler"},{"@type":"BreadcrumbList","@id":"https:\/\/advokatavans.se\/erik-westerberg\/#breadcrumb","itemListElement":[{"@type":"ListItem","position":1,"name":"Hem","item":"https:\/\/advokatavans.se\/"},{"@type":"ListItem","position":2,"name":"Erik Westerberg"}]},{"@type":"WebSite","@id":"https:\/\/advokatavans.se\/#website","url":"https:\/\/advokatavans.se\/","name":"Advokatfirman Avans","description":"Din v\u00e4g till r\u00e4ttvisa \u2013 Vi st\u00e5r vid din sida.","publisher":{"@id":"https:\/\/advokatavans.se\/#organization"},"alternateName":"Advokatfirman Avans","potentialAction":[{"@type":"SearchAction","target":{"@type":"EntryPoint","urlTemplate":"https:\/\/advokatavans.se\/?s={search_term_string}"},"query-input":{"@type":"PropertyValueSpecification","valueRequired":true,"valueName":"search_term_string"}}],"inLanguage":"ar"},{"@type":"Organization","@id":"https:\/\/advokatavans.se\/#organization","name":"Advokatfirman Avans","alternateName":"Advokatfirman Avans","url":"https:\/\/advokatavans.se\/","logo":{"@type":"ImageObject","inLanguage":"ar","@id":"https:\/\/advokatavans.se\/#\/schema\/logo\/image\/","url":"https:\/\/media1.advokatavans.se\/2020\/03\/Logga-svart-liten.png","contentUrl":"https:\/\/media1.advokatavans.se\/2020\/03\/Logga-svart-liten.png","width":300,"height":134,"caption":"Advokatfirman Avans"},"image":{"@id":"https:\/\/advokatavans.se\/#\/schema\/logo\/image\/"},"sameAs":["https:\/\/www.facebook.com\/profile.php?id=61565887347409","https:\/\/www.instagram.com\/advokatavans\/"]}]}},"_links":{"self":[{"href":"https:\/\/advokatavans.se\/ar\/wp-json\/wp\/v2\/pages\/1738","targetHints":{"allow":["GET"]}}],"collection":[{"href":"https:\/\/advokatavans.se\/ar\/wp-json\/wp\/v2\/pages"}],"about":[{"href":"https:\/\/advokatavans.se\/ar\/wp-json\/wp\/v2\/types\/page"}],"author":[{"embeddable":true,"href":"https:\/\/advokatavans.se\/ar\/wp-json\/wp\/v2\/users\/1"}],"replies":[{"embeddable":true,"href":"https:\/\/advokatavans.se\/ar\/wp-json\/wp\/v2\/comments?post=1738"}],"version-history":[{"count":38,"href":"https:\/\/advokatavans.se\/ar\/wp-json\/wp\/v2\/pages\/1738\/revisions"}],"predecessor-version":[{"id":3013,"href":"https:\/\/advokatavans.se\/ar\/wp-json\/wp\/v2\/pages\/1738\/revisions\/3013"}],"wp:featuredmedia":[{"embeddable":true,"href":"https:\/\/advokatavans.se\/ar\/wp-json\/wp\/v2\/media\/2098"}],"wp:attachment":[{"href":"https:\/\/advokatavans.se\/ar\/wp-json\/wp\/v2\/media?parent=1738"}],"curies":[{"name":"wp","href":"https:\/\/api.w.org\/{rel}","templated":true}]}}