{"id":1698,"date":"2024-10-04T16:49:20","date_gmt":"2024-10-04T16:49:20","guid":{"rendered":"https:\/\/advokatavans.se\/?page_id=1698"},"modified":"2026-03-09T18:25:41","modified_gmt":"2026-03-09T18:25:41","slug":"jonathan-cantillana","status":"publish","type":"page","link":"https:\/\/advokatavans.se\/ar\/jonathan-cantillana\/","title":{"rendered":"Jonathan Cantillana"},"content":{"rendered":"<div data-elementor-type=\"wp-page\" data-elementor-id=\"1698\" class=\"elementor elementor-1698\" data-elementor-post-type=\"page\">\n\t\t\t\t<div class=\"elementor-element elementor-element-54d6beb e-flex e-con-boxed e-con e-parent\" data-id=\"54d6beb\" data-element_type=\"container\" data-e-type=\"container\" data-settings=\"{&quot;background_background&quot;:&quot;classic&quot;}\">\n\t\t\t\t\t<div class=\"e-con-inner\">\n\t\t<div class=\"elementor-element elementor-element-3695d15 e-con-full e-flex e-con e-child\" data-id=\"3695d15\" data-element_type=\"container\" data-e-type=\"container\" data-settings=\"{&quot;background_background&quot;:&quot;classic&quot;}\">\n\t\t<div class=\"elementor-element elementor-element-73baa14 e-con-full e-flex e-con e-child\" data-id=\"73baa14\" data-element_type=\"container\" data-e-type=\"container\">\n\t\t\t\t<div class=\"elementor-element elementor-element-a2d025f elementor-widget elementor-widget-heading\" data-id=\"a2d025f\" data-element_type=\"widget\" data-e-type=\"widget\" data-widget_type=\"heading.default\">\n\t\t\t\t<div class=\"elementor-widget-container\">\n\t\t\t\t\t<span class=\"elementor-heading-title elementor-size-default\">Advokat<\/span>\t\t\t\t<\/div>\n\t\t\t\t<\/div>\n\t\t\t\t<div class=\"elementor-element elementor-element-64ca085 elementor-widget elementor-widget-heading\" data-id=\"64ca085\" data-element_type=\"widget\" data-e-type=\"widget\" data-widget_type=\"heading.default\">\n\t\t\t\t<div class=\"elementor-widget-container\">\n\t\t\t\t\t<h1 class=\"elementor-heading-title elementor-size-default\">Jonathan Cantillana<\/h1>\t\t\t\t<\/div>\n\t\t\t\t<\/div>\n\t\t\t\t<div class=\"elementor-element elementor-element-a31e208 elementor-widget elementor-widget-text-editor\" data-id=\"a31e208\" data-element_type=\"widget\" data-e-type=\"widget\" data-widget_type=\"text-editor.default\">\n\t\t\t\t<div class=\"elementor-widget-container\">\n\t\t\t\t\t\t\t\t\t<div class=\"flex-shrink-0 flex flex-col relative items-end\"><div class=\"pt-0\"><div class=\"gizmo-bot-avatar flex h-8 w-8 items-center justify-center overflow-hidden rounded-full\"><div class=\"relative p-1 rounded-sm flex items-center justify-center bg-token-main-surface-primary text-token-text-primary h-8 w-8\"><p class=\"translation-block\">\u062d\u0635\u0644 \u0639\u0644\u0649 \u0634\u0647\u0627\u062f\u0629 \u0627\u0644\u062d\u0642\u0648\u0642 \u0645\u0646 \u062c\u0627\u0645\u0639\u0629 \u0633\u062a\u0648\u0643\u0647\u0648\u0644\u0645\u060c \u0648\u0645\u0646\u0630 \u0630\u0644\u0643 \u0627\u0644\u062d\u064a\u0646 \u064a\u0639\u0645\u0644 \u0641\u064a \u0645\u0643\u062a\u0628 \u0645\u062d\u0627\u0645\u0627\u0629. \u0648\u0645\u0646\u0630 \u0639\u0627\u0645 2020\u060c \u0623\u0635\u0628\u062d \u0634\u0631\u064a\u0643\u064b\u0627 \u0641\u064a \u0645\u0643\u062a\u0628\u0646\u0627\u060c \u062d\u064a\u062b \u064a\u0633\u0627\u0647\u0645 \u0628\u062e\u0628\u0631\u062a\u0647 \u0648\u0627\u0644\u062a\u0632\u0627\u0645\u0647 \u0641\u064a \u0646\u062c\u0627\u062d \u0627\u0644\u0645\u0643\u062a\u0628.<\/p><p>\u0647\u0648 \u0639\u0636\u0648 \u0641\u064a \u0646\u0642\u0627\u0628\u0629 \u0627\u0644\u0645\u062d\u0627\u0645\u064a\u0646 \u0627\u0644\u0633\u0648\u064a\u062f\u064a\u0629 \u0645\u0646\u0630 \u0639\u0627\u0645 2020\u060c \u0648\u064a\u0639\u0645\u0644 \u062d\u0627\u0644\u064a\u064b\u0627 \u0628\u0634\u0643\u0644 \u0623\u0633\u0627\u0633\u064a \u0641\u064a \u0627\u0644\u0642\u0636\u0627\u064a\u0627 \u0627\u0644\u062c\u0646\u0627\u0626\u064a\u0629. \u0648\u064a\u062a\u0648\u0644\u0649 \u0641\u064a \u0627\u0644\u063a\u0627\u0644\u0628 \u0645\u0647\u0627\u0645 \u0627\u0644\u062f\u0641\u0627\u0639 \u0633\u0648\u0627\u0621 \u0643\u0645\u062d\u0627\u0645\u064d \u0639\u0627\u0645 \u0623\u0648 \u062e\u0627\u0635\u060c \u0648\u062a\u0645\u062b\u064a\u0644 \u0627\u0644\u0636\u062d\u0627\u064a\u0627\u060c \u0648\u0627\u0644\u0639\u0645\u0644 \u0643\u0645\u0645\u062b\u0644 \u062e\u0627\u0635 \u0644\u0644\u0623\u0637\u0641\u0627\u0644. \u064a\u0645\u062a\u0644\u0643 \u062e\u0628\u0631\u0629 \u062e\u0627\u0635\u0629 \u0641\u064a \u0627\u0644\u0642\u0636\u0627\u064a\u0627 \u0627\u0644\u062a\u064a \u062a\u062a\u0639\u0644\u0642 \u0628\u0627\u0644\u0645\u0631\u0627\u0647\u0642\u064a\u0646 \u0627\u0644\u0645\u062e\u0627\u0644\u0641\u064a\u0646 \u0644\u0644\u0642\u0627\u0646\u0648\u0646\u060c \u0648\u0643\u0630\u0644\u0643 \u0641\u064a \u062a\u0645\u062b\u064a\u0644 \u0627\u0644\u0623\u0637\u0641\u0627\u0644 \u0648\u0627\u0644\u0634\u0628\u0627\u0628 \u0627\u0644\u0630\u064a\u0646 \u062a\u0639\u0631\u0636\u0648\u0627 \u0644\u062c\u0631\u0627\u0626\u0645. \u0648\u0644\u062a\u0642\u062f\u064a\u0645 \u0623\u0641\u0636\u0644 \u062f\u0639\u0645 \u0642\u0627\u0646\u0648\u0646\u064a \u0644\u0639\u0645\u0644\u0627\u0626\u0647\u060c \u0642\u0627\u0645 \u0628\u062a\u0637\u0648\u064a\u0631 \u0645\u0647\u0627\u0631\u0627\u062a\u0647 \u0645\u0646 \u062e\u0644\u0627\u0644 \u062f\u0631\u0627\u0633\u0627\u062a \u0645\u062a\u0642\u062f\u0645\u0629 \u0641\u064a \u0647\u0630\u0627 \u0627\u0644\u0645\u062c\u0627\u0644.<\/p><p>\u064a\u0645\u062a\u0644\u0643 \u062e\u0628\u0631\u0629 \u0648\u0627\u0633\u0639\u0629 \u0641\u064a \u0627\u0644\u0642\u0636\u0627\u064a\u0627 \u0627\u0644\u0642\u0627\u0646\u0648\u0646\u064a\u0629 \u0627\u0644\u0645\u0639\u0642\u062f\u0629\u060c \u0628\u062f\u0621\u064b\u0627 \u0645\u0646 \u0627\u0644\u0642\u0636\u0627\u064a\u0627 \u0627\u0644\u0645\u062a\u0639\u0644\u0642\u0629 \u0628\u0627\u0644\u0642\u062a\u0644 \u0648\u063a\u064a\u0631\u0647\u0627 \u0645\u0646 \u0627\u0644\u062c\u0631\u0627\u0626\u0645 \u0627\u0644\u062e\u0637\u064a\u0631\u0629\u060c \u0648\u0635\u0648\u0644\u064b\u0627 \u0625\u0644\u0649 \u0627\u0644\u0642\u0636\u0627\u064a\u0627 \u0627\u0644\u062d\u0633\u0627\u0633\u0629 \u0648\u0627\u0644\u0645\u0639\u0642\u062f\u0629 \u0627\u0644\u0645\u062a\u0639\u0644\u0642\u0629 \u0628\u0627\u0644\u062c\u0631\u0627\u0626\u0645 \u0627\u0644\u062c\u0646\u0633\u064a\u0629. \u0648\u064a\u062a\u0645\u064a\u0632 \u0639\u0645\u0644\u0647 \u0628\u0627\u0644\u0627\u0644\u062a\u0632\u0627\u0645 \u0627\u0644\u0635\u0627\u062f\u0642 \u062a\u062c\u0627\u0647 \u0627\u0644\u0623\u0634\u062e\u0627\u0635 \u0641\u064a \u0627\u0644\u0645\u0648\u0627\u0642\u0641 \u0627\u0644\u0635\u0639\u0628\u0629\u060c \u062d\u064a\u062b \u064a\u0633\u0639\u0649 \u062f\u0627\u0626\u0645\u064b\u0627 \u0644\u062e\u0644\u0642 \u0634\u0639\u0648\u0631 \u0628\u0627\u0644\u0623\u0645\u0627\u0646 \u0648\u062a\u062d\u0642\u064a\u0642 \u0627\u0644\u0639\u062f\u0627\u0644\u0629 \u0644\u0639\u0645\u0644\u0627\u0626\u0647.<\/p><\/div><\/div><\/div><\/div>\t\t\t\t\t\t\t\t<\/div>\n\t\t\t\t<\/div>\n\t\t<div class=\"elementor-element elementor-element-1121b07 e-con-full e-flex e-con e-child\" data-id=\"1121b07\" data-element_type=\"container\" data-e-type=\"container\" data-settings=\"{&quot;background_background&quot;:&quot;classic&quot;}\">\n\t\t\t\t<div class=\"elementor-element elementor-element-47aad70 elementor-widget elementor-widget-heading\" data-id=\"47aad70\" data-element_type=\"widget\" data-e-type=\"widget\" data-widget_type=\"heading.default\">\n\t\t\t\t<div class=\"elementor-widget-container\">\n\t\t\t\t\t<h2 class=\"elementor-heading-title elementor-size-default\">Kontakta Jonathan<\/h2>\t\t\t\t<\/div>\n\t\t\t\t<\/div>\n\t\t\t\t<div class=\"elementor-element elementor-element-d575d84 elementor-align-end elementor-list-item-link-inline elementor-mobile-align-end elementor-icon-list--layout-traditional elementor-widget elementor-widget-icon-list\" data-id=\"d575d84\" data-element_type=\"widget\" data-e-type=\"widget\" data-widget_type=\"icon-list.default\">\n\t\t\t\t<div class=\"elementor-widget-container\">\n\t\t\t\t\t\t\t<ul class=\"elementor-icon-list-items\">\n\t\t\t\t\t\t\t<li class=\"elementor-icon-list-item\">\n\t\t\t\t\t\t\t\t\t\t\t<a href=\"tel:070%20759%2026%2009\">\n\n\t\t\t\t\t\t\t\t\t\t\t<span class=\"elementor-icon-list-text\">070 759 26 09<\/span>\n\t\t\t\t\t\t\t\t\t\t\t<\/a>\n\t\t\t\t\t\t\t\t\t<\/li>\n\t\t\t\t\t\t\t\t<li class=\"elementor-icon-list-item\">\n\t\t\t\t\t\t\t\t\t\t\t<a href=\"mailto:jonathan@advokatavans.se%20?subject=\u00c4mnesrad&#038;body=Skriv%20ditt%20meddelande%20h\u00e4r,%20s\u00e5%20svarar%20jag%20s\u00e5%20fort%20jag%20kan.\" target=\"_blank\">\n\n\t\t\t\t\t\t\t\t\t\t\t<span class=\"elementor-icon-list-text\">jonathan@advokatavans.se <\/span>\n\t\t\t\t\t\t\t\t\t\t\t<\/a>\n\t\t\t\t\t\t\t\t\t<\/li>\n\t\t\t\t\t\t\t\t<li class=\"elementor-icon-list-item\">\n\t\t\t\t\t\t\t\t\t\t\t<a href=\"https:\/\/www.linkedin.com\/in\/jonathan-cantillana-6a4a4749\/\" target=\"_blank\">\n\n\t\t\t\t\t\t\t\t\t\t\t<span class=\"elementor-icon-list-text\">LinkedIn<\/span>\n\t\t\t\t\t\t\t\t\t\t\t<\/a>\n\t\t\t\t\t\t\t\t\t<\/li>\n\t\t\t\t\t\t<\/ul>\n\t\t\t\t\t\t<\/div>\n\t\t\t\t<\/div>\n\t\t\t\t<\/div>\n\t\t\t\t<\/div>\n\t\t<div class=\"elementor-element elementor-element-e7ee901 e-con-full e-flex e-con e-child\" data-id=\"e7ee901\" data-element_type=\"container\" data-e-type=\"container\">\n\t\t\t\t<div class=\"elementor-element elementor-element-aa282d3 elementor-widget elementor-widget-image\" data-id=\"aa282d3\" data-element_type=\"widget\" data-e-type=\"widget\" data-widget_type=\"image.default\">\n\t\t\t\t<div class=\"elementor-widget-container\">\n\t\t\t\t\t\t\t\t\t\t\t\t\t\t\t<img fetchpriority=\"high\" decoding=\"async\" width=\"450\" height=\"562\" src=\"https:\/\/media1.advokatavans.se\/2024\/12\/Jonathan-1.png\" class=\"attachment-full size-full wp-image-2559\" alt=\"Jonathan Cantillana\" srcset=\"http:\/\/media1.advokatavans.se\/2024\/12\/Jonathan-1.png 450w, http:\/\/media1.advokatavans.se\/2024\/12\/Jonathan-1-240x300.png 240w, http:\/\/media1.advokatavans.se\/2024\/12\/Jonathan-1-10x12.png 10w\" sizes=\"(max-width: 450px) 100vw, 450px\" \/>\t\t\t\t\t\t\t\t\t\t\t\t\t\t\t<\/div>\n\t\t\t\t<\/div>\n\t\t\t\t<\/div>\n\t\t\t\t<\/div>\n\t\t\t\t\t<\/div>\n\t\t\t\t<\/div>\n\t\t\t\t<\/div>","protected":false},"excerpt":{"rendered":"<p>Advokat Jonathan Cantillana Jonathan Cantillana tog sin juristexamen vid Stockholms universitet och har sedan dess varit verksam vid advokatbyr\u00e5. Sedan 2020 \u00e4r han del\u00e4gare i Advokatfirman Avans, d\u00e4r han med sitt engagemang och sin erfarenhet bidrar till byr\u00e5ns framg\u00e5ng. Jonathan \u00e4r ledamot av Advokatsamfundet sedan 2020 och arbetar i dagsl\u00e4get i huvudsak med brottm\u00e5l. Han [&hellip;]<\/p>\n","protected":false},"author":1,"featured_media":2098,"parent":0,"menu_order":0,"comment_status":"closed","ping_status":"closed","template":"elementor_header_footer","meta":{"footnotes":""},"class_list":["post-1698","page","type-page","status-publish","has-post-thumbnail","hentry"],"yoast_head":"<!-- This site is optimized with the Yoast SEO plugin v27.3 - https:\/\/yoast.com\/product\/yoast-seo-wordpress\/ -->\n<title>Advokatfirman Avans - Jonathan Cantillana<\/title>\n<meta name=\"robots\" content=\"index, follow, max-snippet:-1, max-image-preview:large, max-video-preview:-1\" \/>\n<link rel=\"canonical\" href=\"https:\/\/advokatavans.se\/ar\/jonathan-cantillana\/\" \/>\n<meta property=\"og:locale\" content=\"ar_AR\" \/>\n<meta property=\"og:type\" content=\"article\" \/>\n<meta property=\"og:title\" content=\"Advokatfirman Avans - Jonathan Cantillana\" \/>\n<meta property=\"og:description\" content=\"Advokat Jonathan Cantillana Jonathan Cantillana tog sin juristexamen vid Stockholms universitet och har sedan dess varit verksam vid advokatbyr\u00e5. Sedan 2020 \u00e4r han del\u00e4gare i Advokatfirman Avans, d\u00e4r han med sitt engagemang och sin erfarenhet bidrar till byr\u00e5ns framg\u00e5ng. Jonathan \u00e4r ledamot av Advokatsamfundet sedan 2020 och arbetar i dagsl\u00e4get i huvudsak med brottm\u00e5l. Han [&hellip;]\" \/>\n<meta property=\"og:url\" content=\"https:\/\/advokatavans.se\/ar\/jonathan-cantillana\/\" \/>\n<meta property=\"og:site_name\" content=\"Advokatfirman Avans\" \/>\n<meta property=\"article:publisher\" content=\"https:\/\/www.facebook.com\/profile.php?id=61565887347409\" \/>\n<meta property=\"article:modified_time\" content=\"2026-03-09T18:25:41+00:00\" \/>\n<meta property=\"og:image\" content=\"http:\/\/media1.advokatavans.se\/2024\/10\/Advokatfirman-Avans-Sociala-Medier-2-1.png\" \/>\n\t<meta property=\"og:image:width\" content=\"707\" \/>\n\t<meta property=\"og:image:height\" content=\"500\" \/>\n\t<meta property=\"og:image:type\" content=\"image\/png\" \/>\n<meta name=\"twitter:card\" content=\"summary_large_image\" \/>\n<meta name=\"twitter:label1\" content=\"\u0648\u0642\u062a \u0627\u0644\u0642\u0631\u0627\u0621\u0629 \u0627\u0644\u0645\u064f\u0642\u062f\u0651\u0631\" \/>\n\t<meta name=\"twitter:data1\" content=\"\u062f\u0642\u064a\u0642\u062a\u0627\u0646\" \/>\n<script type=\"application\/ld+json\" class=\"yoast-schema-graph\">{\"@context\":\"https:\\\/\\\/schema.org\",\"@graph\":[{\"@type\":\"WebPage\",\"@id\":\"https:\\\/\\\/advokatavans.se\\\/jonathan-cantillana\\\/\",\"url\":\"https:\\\/\\\/advokatavans.se\\\/jonathan-cantillana\\\/\",\"name\":\"Advokatfirman Avans - Jonathan Cantillana\",\"isPartOf\":{\"@id\":\"https:\\\/\\\/advokatavans.se\\\/#website\"},\"primaryImageOfPage\":{\"@id\":\"https:\\\/\\\/advokatavans.se\\\/jonathan-cantillana\\\/#primaryimage\"},\"image\":{\"@id\":\"https:\\\/\\\/advokatavans.se\\\/jonathan-cantillana\\\/#primaryimage\"},\"thumbnailUrl\":\"https:\\\/\\\/media1.advokatavans.se\\\/2024\\\/10\\\/Advokatfirman-Avans-Sociala-Medier-2-1.png\",\"datePublished\":\"2024-10-04T16:49:20+00:00\",\"dateModified\":\"2026-03-09T18:25:41+00:00\",\"breadcrumb\":{\"@id\":\"https:\\\/\\\/advokatavans.se\\\/jonathan-cantillana\\\/#breadcrumb\"},\"inLanguage\":\"ar\",\"potentialAction\":[{\"@type\":\"ReadAction\",\"target\":[\"https:\\\/\\\/advokatavans.se\\\/jonathan-cantillana\\\/\"]}]},{\"@type\":\"ImageObject\",\"inLanguage\":\"ar\",\"@id\":\"https:\\\/\\\/advokatavans.se\\\/jonathan-cantillana\\\/#primaryimage\",\"url\":\"https:\\\/\\\/media1.advokatavans.se\\\/2024\\\/10\\\/Advokatfirman-Avans-Sociala-Medier-2-1.png\",\"contentUrl\":\"https:\\\/\\\/media1.advokatavans.se\\\/2024\\\/10\\\/Advokatfirman-Avans-Sociala-Medier-2-1.png\",\"width\":707,\"height\":500,\"caption\":\"Denna bild visas f\u00f6r Advokatfirman Avans sociala medie profiler\"},{\"@type\":\"BreadcrumbList\",\"@id\":\"https:\\\/\\\/advokatavans.se\\\/jonathan-cantillana\\\/#breadcrumb\",\"itemListElement\":[{\"@type\":\"ListItem\",\"position\":1,\"name\":\"Hem\",\"item\":\"https:\\\/\\\/advokatavans.se\\\/\"},{\"@type\":\"ListItem\",\"position\":2,\"name\":\"Jonathan Cantillana\"}]},{\"@type\":\"WebSite\",\"@id\":\"https:\\\/\\\/advokatavans.se\\\/#website\",\"url\":\"https:\\\/\\\/advokatavans.se\\\/\",\"name\":\"Advokatfirman Avans\",\"description\":\"Din v\u00e4g till r\u00e4ttvisa \u2013 Vi st\u00e5r vid din sida.\",\"publisher\":{\"@id\":\"https:\\\/\\\/advokatavans.se\\\/#organization\"},\"alternateName\":\"Advokatfirman Avans\",\"potentialAction\":[{\"@type\":\"SearchAction\",\"target\":{\"@type\":\"EntryPoint\",\"urlTemplate\":\"https:\\\/\\\/advokatavans.se\\\/?s={search_term_string}\"},\"query-input\":{\"@type\":\"PropertyValueSpecification\",\"valueRequired\":true,\"valueName\":\"search_term_string\"}}],\"inLanguage\":\"ar\"},{\"@type\":\"Organization\",\"@id\":\"https:\\\/\\\/advokatavans.se\\\/#organization\",\"name\":\"Advokatfirman Avans\",\"alternateName\":\"Advokatfirman Avans\",\"url\":\"https:\\\/\\\/advokatavans.se\\\/\",\"logo\":{\"@type\":\"ImageObject\",\"inLanguage\":\"ar\",\"@id\":\"https:\\\/\\\/advokatavans.se\\\/#\\\/schema\\\/logo\\\/image\\\/\",\"url\":\"https:\\\/\\\/media1.advokatavans.se\\\/2020\\\/03\\\/Logga-svart-liten.png\",\"contentUrl\":\"https:\\\/\\\/media1.advokatavans.se\\\/2020\\\/03\\\/Logga-svart-liten.png\",\"width\":300,\"height\":134,\"caption\":\"Advokatfirman Avans\"},\"image\":{\"@id\":\"https:\\\/\\\/advokatavans.se\\\/#\\\/schema\\\/logo\\\/image\\\/\"},\"sameAs\":[\"https:\\\/\\\/www.facebook.com\\\/profile.php?id=61565887347409\",\"https:\\\/\\\/www.instagram.com\\\/advokatavans\\\/\"]}]}<\/script>\n<!-- \/ Yoast SEO plugin. -->","yoast_head_json":{"title":"Advokatfirman Avans - Jonathan Cantillana","robots":{"index":"index","follow":"follow","max-snippet":"max-snippet:-1","max-image-preview":"max-image-preview:large","max-video-preview":"max-video-preview:-1"},"canonical":"https:\/\/advokatavans.se\/ar\/jonathan-cantillana\/","og_locale":"ar_AR","og_type":"article","og_title":"Advokatfirman Avans - Jonathan Cantillana","og_description":"Advokat Jonathan Cantillana Jonathan Cantillana tog sin juristexamen vid Stockholms universitet och har sedan dess varit verksam vid advokatbyr\u00e5. Sedan 2020 \u00e4r han del\u00e4gare i Advokatfirman Avans, d\u00e4r han med sitt engagemang och sin erfarenhet bidrar till byr\u00e5ns framg\u00e5ng. Jonathan \u00e4r ledamot av Advokatsamfundet sedan 2020 och arbetar i dagsl\u00e4get i huvudsak med brottm\u00e5l. Han [&hellip;]","og_url":"https:\/\/advokatavans.se\/ar\/jonathan-cantillana\/","og_site_name":"Advokatfirman Avans","article_publisher":"https:\/\/www.facebook.com\/profile.php?id=61565887347409","article_modified_time":"2026-03-09T18:25:41+00:00","og_image":[{"width":707,"height":500,"url":"http:\/\/media1.advokatavans.se\/2024\/10\/Advokatfirman-Avans-Sociala-Medier-2-1.png","type":"image\/png"}],"twitter_card":"summary_large_image","twitter_misc":{"\u0648\u0642\u062a \u0627\u0644\u0642\u0631\u0627\u0621\u0629 \u0627\u0644\u0645\u064f\u0642\u062f\u0651\u0631":"\u062f\u0642\u064a\u0642\u062a\u0627\u0646"},"schema":{"@context":"https:\/\/schema.org","@graph":[{"@type":"WebPage","@id":"https:\/\/advokatavans.se\/jonathan-cantillana\/","url":"https:\/\/advokatavans.se\/jonathan-cantillana\/","name":"Advokatfirman Avans - Jonathan Cantillana","isPartOf":{"@id":"https:\/\/advokatavans.se\/#website"},"primaryImageOfPage":{"@id":"https:\/\/advokatavans.se\/jonathan-cantillana\/#primaryimage"},"image":{"@id":"https:\/\/advokatavans.se\/jonathan-cantillana\/#primaryimage"},"thumbnailUrl":"https:\/\/media1.advokatavans.se\/2024\/10\/Advokatfirman-Avans-Sociala-Medier-2-1.png","datePublished":"2024-10-04T16:49:20+00:00","dateModified":"2026-03-09T18:25:41+00:00","breadcrumb":{"@id":"https:\/\/advokatavans.se\/jonathan-cantillana\/#breadcrumb"},"inLanguage":"ar","potentialAction":[{"@type":"ReadAction","target":["https:\/\/advokatavans.se\/jonathan-cantillana\/"]}]},{"@type":"ImageObject","inLanguage":"ar","@id":"https:\/\/advokatavans.se\/jonathan-cantillana\/#primaryimage","url":"https:\/\/media1.advokatavans.se\/2024\/10\/Advokatfirman-Avans-Sociala-Medier-2-1.png","contentUrl":"https:\/\/media1.advokatavans.se\/2024\/10\/Advokatfirman-Avans-Sociala-Medier-2-1.png","width":707,"height":500,"caption":"Denna bild visas f\u00f6r Advokatfirman Avans sociala medie profiler"},{"@type":"BreadcrumbList","@id":"https:\/\/advokatavans.se\/jonathan-cantillana\/#breadcrumb","itemListElement":[{"@type":"ListItem","position":1,"name":"Hem","item":"https:\/\/advokatavans.se\/"},{"@type":"ListItem","position":2,"name":"Jonathan Cantillana"}]},{"@type":"WebSite","@id":"https:\/\/advokatavans.se\/#website","url":"https:\/\/advokatavans.se\/","name":"Advokatfirman Avans","description":"Din v\u00e4g till r\u00e4ttvisa \u2013 Vi st\u00e5r vid din sida.","publisher":{"@id":"https:\/\/advokatavans.se\/#organization"},"alternateName":"Advokatfirman Avans","potentialAction":[{"@type":"SearchAction","target":{"@type":"EntryPoint","urlTemplate":"https:\/\/advokatavans.se\/?s={search_term_string}"},"query-input":{"@type":"PropertyValueSpecification","valueRequired":true,"valueName":"search_term_string"}}],"inLanguage":"ar"},{"@type":"Organization","@id":"https:\/\/advokatavans.se\/#organization","name":"Advokatfirman Avans","alternateName":"Advokatfirman Avans","url":"https:\/\/advokatavans.se\/","logo":{"@type":"ImageObject","inLanguage":"ar","@id":"https:\/\/advokatavans.se\/#\/schema\/logo\/image\/","url":"https:\/\/media1.advokatavans.se\/2020\/03\/Logga-svart-liten.png","contentUrl":"https:\/\/media1.advokatavans.se\/2020\/03\/Logga-svart-liten.png","width":300,"height":134,"caption":"Advokatfirman Avans"},"image":{"@id":"https:\/\/advokatavans.se\/#\/schema\/logo\/image\/"},"sameAs":["https:\/\/www.facebook.com\/profile.php?id=61565887347409","https:\/\/www.instagram.com\/advokatavans\/"]}]}},"_links":{"self":[{"href":"https:\/\/advokatavans.se\/ar\/wp-json\/wp\/v2\/pages\/1698","targetHints":{"allow":["GET"]}}],"collection":[{"href":"https:\/\/advokatavans.se\/ar\/wp-json\/wp\/v2\/pages"}],"about":[{"href":"https:\/\/advokatavans.se\/ar\/wp-json\/wp\/v2\/types\/page"}],"author":[{"embeddable":true,"href":"https:\/\/advokatavans.se\/ar\/wp-json\/wp\/v2\/users\/1"}],"replies":[{"embeddable":true,"href":"https:\/\/advokatavans.se\/ar\/wp-json\/wp\/v2\/comments?post=1698"}],"version-history":[{"count":92,"href":"https:\/\/advokatavans.se\/ar\/wp-json\/wp\/v2\/pages\/1698\/revisions"}],"predecessor-version":[{"id":3010,"href":"https:\/\/advokatavans.se\/ar\/wp-json\/wp\/v2\/pages\/1698\/revisions\/3010"}],"wp:featuredmedia":[{"embeddable":true,"href":"https:\/\/advokatavans.se\/ar\/wp-json\/wp\/v2\/media\/2098"}],"wp:attachment":[{"href":"https:\/\/advokatavans.se\/ar\/wp-json\/wp\/v2\/media?parent=1698"}],"curies":[{"name":"wp","href":"https:\/\/api.w.org\/{rel}","templated":true}]}}