{"id":1664,"date":"2024-10-03T17:52:20","date_gmt":"2024-10-03T17:52:20","guid":{"rendered":"https:\/\/advokatavans.se\/?page_id=1664"},"modified":"2026-03-09T15:07:20","modified_gmt":"2026-03-09T15:07:20","slug":"integritetspolicy","status":"publish","type":"page","link":"https:\/\/advokatavans.se\/ar\/integritetspolicy\/","title":{"rendered":"Integritetspolicy"},"content":{"rendered":"<div data-elementor-type=\"wp-page\" data-elementor-id=\"1664\" class=\"elementor elementor-1664\" data-elementor-post-type=\"page\">\n\t\t\t\t<div class=\"elementor-element elementor-element-3c9c6ee e-flex e-con-boxed e-con e-parent\" data-id=\"3c9c6ee\" data-element_type=\"container\" data-e-type=\"container\">\n\t\t\t\t\t<div class=\"e-con-inner\">\n\t\t<div class=\"elementor-element elementor-element-9dc4099 e-con-full e-flex e-con e-child\" data-id=\"9dc4099\" data-element_type=\"container\" data-e-type=\"container\">\n\t\t\t\t<div class=\"elementor-element elementor-element-2875551 elementor-widget elementor-widget-heading\" data-id=\"2875551\" data-element_type=\"widget\" data-e-type=\"widget\" data-widget_type=\"heading.default\">\n\t\t\t\t<div class=\"elementor-widget-container\">\n\t\t\t\t\t<h1 class=\"elementor-heading-title elementor-size-default\">Integritetspolicy<\/h1>\t\t\t\t<\/div>\n\t\t\t\t<\/div>\n\t\t\t\t<div class=\"elementor-element elementor-element-bbdc7b3 elementor-widget elementor-widget-heading\" data-id=\"bbdc7b3\" data-element_type=\"widget\" data-e-type=\"widget\" data-widget_type=\"heading.default\">\n\t\t\t\t<div class=\"elementor-widget-container\">\n\t\t\t\t\t<h2 class=\"elementor-heading-title elementor-size-default\">Integritetspolicyn uppdaterades den 3 Oktober 2024.\n<\/h2>\t\t\t\t<\/div>\n\t\t\t\t<\/div>\n\t\t\t\t<div class=\"elementor-element elementor-element-f85a4c9 elementor-widget__width-inherit elementor-widget elementor-widget-text-editor\" data-id=\"f85a4c9\" data-element_type=\"widget\" data-e-type=\"widget\" data-widget_type=\"text-editor.default\">\n\t\t\t\t<div class=\"elementor-widget-container\">\n\t\t\t\t\t\t\t\t\t<p data-pm-slice=\"1 1 []\">Advokatfirman Avans Ab (Advokat Avans) v\u00e4rnar om s\u00e4kerheten kring era personuppgifter med st\u00f6rsta integritet och h\u00e4nsyn. V\u00e5r webbplats <strong><a href=\"https:\/\/Advokatavans.se\/\">https:\/\/Advokat avans.se\/<\/a><\/strong>\u00a0\u00e4r krypterad med HTTPS\/SSL-certifikat. Certifikatet \u00e4r till f\u00f6r att f\u00f6rhindra obeh\u00f6riga personer att se information som skickas mellan servrar. H\u00e4r f\u00f6rklarar vi hur vi samlar in och anv\u00e4nder data f\u00f6r att f\u00f6lja g\u00e4llande lagar och f\u00f6rordningar (GDPR). Informationen p\u00e5 denna sidan kan uppdateras.<\/p><h4>Vilka uppgifter lagrar vi och hur l\u00e4nge<\/h4><p>Uppgifterna som lagras hos oss \u00e4r de f\u00e4lt som respektive formul\u00e4r inneh\u00e5ller. Personuppgifterna samlas in och behandlas i syfte att administrera den \u00e5tg\u00e4rd som du har beg\u00e4rt. Eller enligt vad som kr\u00e4vs enligt lag, och sparas inte l\u00e4ngre \u00e4n vad som kr\u00e4vs f\u00f6r att fullg\u00f6ra detta syfte. Om du l\u00e4mnar dina personuppgifter\/fyller i ett formul\u00e4r till Advokat Avans via denna webbplats samtycker du till behandling av dem, i enlighet med denna policy.<\/p><h4>\u00c4ndam\u00e5let med insamlingen<\/h4><p>Vi samlar in uppgifter f\u00f6r att ta kontakt, uppr\u00e4tta och \/ eller bibeh\u00e5lla en aff\u00e4rsrelation eller f\u00f6rfr\u00e5gan.<\/p><h4>\u00c4ndring\/radering och r\u00e4tt till information om personuppgifter<\/h4><p>Du har alltid m\u00f6jlighet och r\u00e4tt till att beg\u00e4ra tillkomst till den information vi har lagrad. Du har \u00e4ven r\u00e4tt att beg\u00e4ra \u00e4ndring eller radering av dina uppgifter. F\u00f6r att g\u00f6ra detta kontaktar du oss via mail. N\u00e4r du \u00e4r kund hos oss beh\u00f6ver vi alltid dina uppgifter f\u00f6r att kunna fullf\u00f6lja v\u00e5rt samarbete.<\/p><h4>Delning av data till tredje part<\/h4><p>Advokat Avans kan, i vissa fall vidarebefordra dina personuppgifter till tredje part och partners om det anses n\u00f6dv\u00e4ndigt f\u00f6r att fullf\u00f6lja din beg\u00e4ran av v\u00e5ra tj\u00e4nster. Dina personuppgifter lagras endast under den period som \u00e4r n\u00f6dv\u00e4ndig med h\u00e4nsyn till \u00e4ndam\u00e5let med behandlingen, s\u00e5vida inte annat framg\u00e5r av denna policy. Informationen kommer att tilldelas:<\/p><h4>Mailchimp<\/h4><p>Ett verktyg f\u00f6r nyhetsbrev som endast anv\u00e4nds f\u00f6r att skicka information till v\u00e5ra befintliga kunder.<\/p><h4>Google Analytics<\/h4><p>Vi anv\u00e4nder Google Analytics script f\u00f6r att f\u00e5 ut statistik. Google Analytics samlar information om vilka webbplatser bes\u00f6kare befinner sig p\u00e5. Denna statistik presenteras sedan f\u00f6r webbplats\u00e4gare.<\/p><h4>Facebook pixel<\/h4><p>Vi anv\u00e4nder Facebooks pixel f\u00f6r att sp\u00e5ra aktiviteter p\u00e5 webbplatsen som vi kan anv\u00e4nda f\u00f6r diverse marknadsf\u00f6ring.<\/p><h4>S\u00e4kerhet<\/h4><p>Personuppgifter lagras hos Advokat Avans. Vi g\u00f6r allt vi kan f\u00f6r att s\u00e4kerst\u00e4lla att dina uppgifter behandlas s\u00e4kert. Vi har interna rutiner, inloggnings krav och SSL f\u00f6r att s\u00e4kra att obeh\u00f6riga inte ska n\u00e5 v\u00e5ra klienters eller bes\u00f6kares uppgifter.<\/p><h4>Anv\u00e4ndning av cookies<\/h4><p>Denna webbplatsen anv\u00e4nder cookies. Cookies \u00e4r en textfil som lagras i din dator. Du har alltid m\u00f6jlighet att rensa, aktivera och hantera cookies i din webbl\u00e4sare.<\/p><h4>Cookies vi anv\u00e4nder<\/h4><p>Sessionscookies: Denna typ av cookies lagras endast tempor\u00e4rt i din webbl\u00e4sare n\u00e4r du bes\u00f6ker webbplatsen. N\u00e4r du st\u00e4nger ner webbplatsen s\u00e5 f\u00f6rsvinner dessa sessionscookies. De hj\u00e4lper dig att bl.a att spara inst\u00e4llningar.<\/p><p>Tidsbest\u00e4mda cookies: Detta \u00e4r cookies som din webbl\u00e4sare sparar under en l\u00e4ngre begr\u00e4nsad tidsperiod. Dem f\u00f6rb\u00e4ttrar din anv\u00e4ndarupplevelse och f\u00f6r att komma ih\u00e5g dina inst\u00e4llningar till n\u00e4sta bes\u00f6k.<\/p><h4>Neka kakor<\/h4><p>Du har alltid m\u00f6jlighet att rensa, aktivera och hantera cookies i din webbl\u00e4sare. Du kan \u00e4ven st\u00e4lla in webbl\u00e4saren s\u00e5 den nekar cookies automatiskt. Mer information om detta kan du hitta p\u00e5 din webbl\u00e4sares hj\u00e4lpsidor.<\/p><h4>Kontaktuppgifter<\/h4><p class=\"translation-block\">Om du som bes\u00f6kare eller kund har fr\u00e5gor om hur vi behandlar personuppgifter eller vill \u00e4ndra\/radera uppgifterna, v\u00e4nligen kontakta personuppgiftsansvarig via e-post: <strong><a href=\"mailto:info@advokatavan.se\" target=\"_self\">info@advokatavan.se<\/a><\/strong><\/p><p>Advokatfirman Avans AB <br \/>org.nr: 559104-8292<br \/>Polhemsgatan 20B, 112 36 Stockholm.<\/p><p class=\"translation-block\"><strong>Personuppgiftsombud<\/strong>: Advokatfirman Avans AB<br>E-post: <strong><a href=\"mailto:info@advokatavans.se\" target=\"_self\">info@advokatavans.se<\/a><\/strong><\/p>\t\t\t\t\t\t\t\t<\/div>\n\t\t\t\t<\/div>\n\t\t\t\t<\/div>\n\t\t\t\t\t<\/div>\n\t\t\t\t<\/div>\n\t\t\t\t<\/div>","protected":false},"excerpt":{"rendered":"<p>Integritetspolicy Integritetspolicyn uppdaterades den 3 Oktober 2024. Advokatfirman Avans Ab (Advokat Avans) v\u00e4rnar om s\u00e4kerheten kring era personuppgifter med st\u00f6rsta integritet och h\u00e4nsyn. V\u00e5r webbplats https:\/\/Advokat avans.se\/\u00a0\u00e4r krypterad med HTTPS\/SSL-certifikat. Certifikatet \u00e4r till f\u00f6r att f\u00f6rhindra obeh\u00f6riga personer att se information som skickas mellan servrar. H\u00e4r f\u00f6rklarar vi hur vi samlar in och anv\u00e4nder data [&hellip;]<\/p>\n","protected":false},"author":1,"featured_media":2098,"parent":0,"menu_order":0,"comment_status":"closed","ping_status":"closed","template":"elementor_header_footer","meta":{"footnotes":""},"class_list":["post-1664","page","type-page","status-publish","has-post-thumbnail","hentry"],"yoast_head":"<!-- This site is optimized with the Yoast SEO plugin v27.3 - https:\/\/yoast.com\/product\/yoast-seo-wordpress\/ -->\n<title>Advokatfirman Avans - Integritetspolicy<\/title>\n<meta name=\"description\" content=\"Advokatfirman Avans Ab (Advokat Avans) v\u00e4rnar om s\u00e4kerheten kring era personuppgifter med st\u00f6rsta integritet och h\u00e4nsyn.\" \/>\n<meta name=\"robots\" content=\"index, follow, max-snippet:-1, max-image-preview:large, max-video-preview:-1\" \/>\n<link rel=\"canonical\" href=\"https:\/\/advokatavans.se\/ar\/integritetspolicy\/\" \/>\n<meta property=\"og:locale\" content=\"ar_AR\" \/>\n<meta property=\"og:type\" content=\"article\" \/>\n<meta property=\"og:title\" content=\"Integritetspolicy\" \/>\n<meta property=\"og:description\" content=\"Advokatfirman Avans Ab (Advokat Avans) v\u00e4rnar om s\u00e4kerheten kring era personuppgifter med st\u00f6rsta integritet och h\u00e4nsyn.\" \/>\n<meta property=\"og:url\" content=\"https:\/\/advokatavans.se\/ar\/integritetspolicy\/\" \/>\n<meta property=\"og:site_name\" content=\"Advokatfirman Avans\" \/>\n<meta property=\"article:publisher\" content=\"https:\/\/www.facebook.com\/profile.php?id=61565887347409\" \/>\n<meta property=\"article:modified_time\" content=\"2026-03-09T15:07:20+00:00\" \/>\n<meta property=\"og:image\" content=\"http:\/\/media1.advokatavans.se\/2024\/10\/Advokatfirman-Avans-Sociala-Medier-2-1.png\" \/>\n\t<meta property=\"og:image:width\" content=\"707\" \/>\n\t<meta property=\"og:image:height\" content=\"500\" \/>\n\t<meta property=\"og:image:type\" content=\"image\/png\" \/>\n<meta name=\"twitter:card\" content=\"summary_large_image\" \/>\n<meta name=\"twitter:title\" content=\"Integritetspolicy\" \/>\n<meta name=\"twitter:description\" content=\"Advokatfirman Avans Ab (Advokat Avans) v\u00e4rnar om s\u00e4kerheten kring era personuppgifter med st\u00f6rsta integritet och h\u00e4nsyn.\" \/>\n<meta name=\"twitter:image\" content=\"https:\/\/media1.advokatavans.se\/2024\/10\/Advokatfirman-Avans-Sociala-Medier-2-1.png\" \/>\n<meta name=\"twitter:label1\" content=\"\u0648\u0642\u062a \u0627\u0644\u0642\u0631\u0627\u0621\u0629 \u0627\u0644\u0645\u064f\u0642\u062f\u0651\u0631\" \/>\n\t<meta name=\"twitter:data1\" content=\"3 \u062f\u0642\u0627\u0626\u0642\" \/>\n<script type=\"application\/ld+json\" class=\"yoast-schema-graph\">{\"@context\":\"https:\\\/\\\/schema.org\",\"@graph\":[{\"@type\":\"WebPage\",\"@id\":\"https:\\\/\\\/advokatavans.se\\\/integritetspolicy\\\/\",\"url\":\"https:\\\/\\\/advokatavans.se\\\/integritetspolicy\\\/\",\"name\":\"Advokatfirman Avans - Integritetspolicy\",\"isPartOf\":{\"@id\":\"https:\\\/\\\/advokatavans.se\\\/#website\"},\"primaryImageOfPage\":{\"@id\":\"https:\\\/\\\/advokatavans.se\\\/integritetspolicy\\\/#primaryimage\"},\"image\":{\"@id\":\"https:\\\/\\\/advokatavans.se\\\/integritetspolicy\\\/#primaryimage\"},\"thumbnailUrl\":\"https:\\\/\\\/media1.advokatavans.se\\\/2024\\\/10\\\/Advokatfirman-Avans-Sociala-Medier-2-1.png\",\"datePublished\":\"2024-10-03T17:52:20+00:00\",\"dateModified\":\"2026-03-09T15:07:20+00:00\",\"description\":\"Advokatfirman Avans Ab (Advokat Avans) v\u00e4rnar om s\u00e4kerheten kring era personuppgifter med st\u00f6rsta integritet och h\u00e4nsyn.\",\"breadcrumb\":{\"@id\":\"https:\\\/\\\/advokatavans.se\\\/integritetspolicy\\\/#breadcrumb\"},\"inLanguage\":\"ar\",\"potentialAction\":[{\"@type\":\"ReadAction\",\"target\":[\"https:\\\/\\\/advokatavans.se\\\/integritetspolicy\\\/\"]}]},{\"@type\":\"ImageObject\",\"inLanguage\":\"ar\",\"@id\":\"https:\\\/\\\/advokatavans.se\\\/integritetspolicy\\\/#primaryimage\",\"url\":\"https:\\\/\\\/media1.advokatavans.se\\\/2024\\\/10\\\/Advokatfirman-Avans-Sociala-Medier-2-1.png\",\"contentUrl\":\"https:\\\/\\\/media1.advokatavans.se\\\/2024\\\/10\\\/Advokatfirman-Avans-Sociala-Medier-2-1.png\",\"width\":707,\"height\":500,\"caption\":\"Denna bild visas f\u00f6r Advokatfirman Avans sociala medie profiler\"},{\"@type\":\"BreadcrumbList\",\"@id\":\"https:\\\/\\\/advokatavans.se\\\/integritetspolicy\\\/#breadcrumb\",\"itemListElement\":[{\"@type\":\"ListItem\",\"position\":1,\"name\":\"Hem\",\"item\":\"https:\\\/\\\/advokatavans.se\\\/\"},{\"@type\":\"ListItem\",\"position\":2,\"name\":\"Integritetspolicy\"}]},{\"@type\":\"WebSite\",\"@id\":\"https:\\\/\\\/advokatavans.se\\\/#website\",\"url\":\"https:\\\/\\\/advokatavans.se\\\/\",\"name\":\"Advokatfirman Avans\",\"description\":\"Din v\u00e4g till r\u00e4ttvisa \u2013 Vi st\u00e5r vid din sida.\",\"publisher\":{\"@id\":\"https:\\\/\\\/advokatavans.se\\\/#organization\"},\"alternateName\":\"Advokatfirman Avans\",\"potentialAction\":[{\"@type\":\"SearchAction\",\"target\":{\"@type\":\"EntryPoint\",\"urlTemplate\":\"https:\\\/\\\/advokatavans.se\\\/?s={search_term_string}\"},\"query-input\":{\"@type\":\"PropertyValueSpecification\",\"valueRequired\":true,\"valueName\":\"search_term_string\"}}],\"inLanguage\":\"ar\"},{\"@type\":\"Organization\",\"@id\":\"https:\\\/\\\/advokatavans.se\\\/#organization\",\"name\":\"Advokatfirman Avans\",\"alternateName\":\"Advokatfirman Avans\",\"url\":\"https:\\\/\\\/advokatavans.se\\\/\",\"logo\":{\"@type\":\"ImageObject\",\"inLanguage\":\"ar\",\"@id\":\"https:\\\/\\\/advokatavans.se\\\/#\\\/schema\\\/logo\\\/image\\\/\",\"url\":\"https:\\\/\\\/media1.advokatavans.se\\\/2020\\\/03\\\/Logga-svart-liten.png\",\"contentUrl\":\"https:\\\/\\\/media1.advokatavans.se\\\/2020\\\/03\\\/Logga-svart-liten.png\",\"width\":300,\"height\":134,\"caption\":\"Advokatfirman Avans\"},\"image\":{\"@id\":\"https:\\\/\\\/advokatavans.se\\\/#\\\/schema\\\/logo\\\/image\\\/\"},\"sameAs\":[\"https:\\\/\\\/www.facebook.com\\\/profile.php?id=61565887347409\",\"https:\\\/\\\/www.instagram.com\\\/advokatavans\\\/\"]}]}<\/script>\n<!-- \/ Yoast SEO plugin. -->","yoast_head_json":{"title":"Advokatfirman Avans - Integritetspolicy","description":"Advokatfirman Avans Ab (Advokat Avans) v\u00e4rnar om s\u00e4kerheten kring era personuppgifter med st\u00f6rsta integritet och h\u00e4nsyn.","robots":{"index":"index","follow":"follow","max-snippet":"max-snippet:-1","max-image-preview":"max-image-preview:large","max-video-preview":"max-video-preview:-1"},"canonical":"https:\/\/advokatavans.se\/ar\/integritetspolicy\/","og_locale":"ar_AR","og_type":"article","og_title":"Integritetspolicy","og_description":"Advokatfirman Avans Ab (Advokat Avans) v\u00e4rnar om s\u00e4kerheten kring era personuppgifter med st\u00f6rsta integritet och h\u00e4nsyn.","og_url":"https:\/\/advokatavans.se\/ar\/integritetspolicy\/","og_site_name":"Advokatfirman Avans","article_publisher":"https:\/\/www.facebook.com\/profile.php?id=61565887347409","article_modified_time":"2026-03-09T15:07:20+00:00","og_image":[{"width":707,"height":500,"url":"http:\/\/media1.advokatavans.se\/2024\/10\/Advokatfirman-Avans-Sociala-Medier-2-1.png","type":"image\/png"}],"twitter_card":"summary_large_image","twitter_title":"Integritetspolicy","twitter_description":"Advokatfirman Avans Ab (Advokat Avans) v\u00e4rnar om s\u00e4kerheten kring era personuppgifter med st\u00f6rsta integritet och h\u00e4nsyn.","twitter_image":"https:\/\/media1.advokatavans.se\/2024\/10\/Advokatfirman-Avans-Sociala-Medier-2-1.png","twitter_misc":{"\u0648\u0642\u062a \u0627\u0644\u0642\u0631\u0627\u0621\u0629 \u0627\u0644\u0645\u064f\u0642\u062f\u0651\u0631":"3 \u062f\u0642\u0627\u0626\u0642"},"schema":{"@context":"https:\/\/schema.org","@graph":[{"@type":"WebPage","@id":"https:\/\/advokatavans.se\/integritetspolicy\/","url":"https:\/\/advokatavans.se\/integritetspolicy\/","name":"Advokatfirman Avans - Integritetspolicy","isPartOf":{"@id":"https:\/\/advokatavans.se\/#website"},"primaryImageOfPage":{"@id":"https:\/\/advokatavans.se\/integritetspolicy\/#primaryimage"},"image":{"@id":"https:\/\/advokatavans.se\/integritetspolicy\/#primaryimage"},"thumbnailUrl":"https:\/\/media1.advokatavans.se\/2024\/10\/Advokatfirman-Avans-Sociala-Medier-2-1.png","datePublished":"2024-10-03T17:52:20+00:00","dateModified":"2026-03-09T15:07:20+00:00","description":"Advokatfirman Avans Ab (Advokat Avans) v\u00e4rnar om s\u00e4kerheten kring era personuppgifter med st\u00f6rsta integritet och h\u00e4nsyn.","breadcrumb":{"@id":"https:\/\/advokatavans.se\/integritetspolicy\/#breadcrumb"},"inLanguage":"ar","potentialAction":[{"@type":"ReadAction","target":["https:\/\/advokatavans.se\/integritetspolicy\/"]}]},{"@type":"ImageObject","inLanguage":"ar","@id":"https:\/\/advokatavans.se\/integritetspolicy\/#primaryimage","url":"https:\/\/media1.advokatavans.se\/2024\/10\/Advokatfirman-Avans-Sociala-Medier-2-1.png","contentUrl":"https:\/\/media1.advokatavans.se\/2024\/10\/Advokatfirman-Avans-Sociala-Medier-2-1.png","width":707,"height":500,"caption":"Denna bild visas f\u00f6r Advokatfirman Avans sociala medie profiler"},{"@type":"BreadcrumbList","@id":"https:\/\/advokatavans.se\/integritetspolicy\/#breadcrumb","itemListElement":[{"@type":"ListItem","position":1,"name":"Hem","item":"https:\/\/advokatavans.se\/"},{"@type":"ListItem","position":2,"name":"Integritetspolicy"}]},{"@type":"WebSite","@id":"https:\/\/advokatavans.se\/#website","url":"https:\/\/advokatavans.se\/","name":"Advokatfirman Avans","description":"Din v\u00e4g till r\u00e4ttvisa \u2013 Vi st\u00e5r vid din sida.","publisher":{"@id":"https:\/\/advokatavans.se\/#organization"},"alternateName":"Advokatfirman Avans","potentialAction":[{"@type":"SearchAction","target":{"@type":"EntryPoint","urlTemplate":"https:\/\/advokatavans.se\/?s={search_term_string}"},"query-input":{"@type":"PropertyValueSpecification","valueRequired":true,"valueName":"search_term_string"}}],"inLanguage":"ar"},{"@type":"Organization","@id":"https:\/\/advokatavans.se\/#organization","name":"Advokatfirman Avans","alternateName":"Advokatfirman Avans","url":"https:\/\/advokatavans.se\/","logo":{"@type":"ImageObject","inLanguage":"ar","@id":"https:\/\/advokatavans.se\/#\/schema\/logo\/image\/","url":"https:\/\/media1.advokatavans.se\/2020\/03\/Logga-svart-liten.png","contentUrl":"https:\/\/media1.advokatavans.se\/2020\/03\/Logga-svart-liten.png","width":300,"height":134,"caption":"Advokatfirman Avans"},"image":{"@id":"https:\/\/advokatavans.se\/#\/schema\/logo\/image\/"},"sameAs":["https:\/\/www.facebook.com\/profile.php?id=61565887347409","https:\/\/www.instagram.com\/advokatavans\/"]}]}},"_links":{"self":[{"href":"https:\/\/advokatavans.se\/ar\/wp-json\/wp\/v2\/pages\/1664","targetHints":{"allow":["GET"]}}],"collection":[{"href":"https:\/\/advokatavans.se\/ar\/wp-json\/wp\/v2\/pages"}],"about":[{"href":"https:\/\/advokatavans.se\/ar\/wp-json\/wp\/v2\/types\/page"}],"author":[{"embeddable":true,"href":"https:\/\/advokatavans.se\/ar\/wp-json\/wp\/v2\/users\/1"}],"replies":[{"embeddable":true,"href":"https:\/\/advokatavans.se\/ar\/wp-json\/wp\/v2\/comments?post=1664"}],"version-history":[{"count":16,"href":"https:\/\/advokatavans.se\/ar\/wp-json\/wp\/v2\/pages\/1664\/revisions"}],"predecessor-version":[{"id":2943,"href":"https:\/\/advokatavans.se\/ar\/wp-json\/wp\/v2\/pages\/1664\/revisions\/2943"}],"wp:featuredmedia":[{"embeddable":true,"href":"https:\/\/advokatavans.se\/ar\/wp-json\/wp\/v2\/media\/2098"}],"wp:attachment":[{"href":"https:\/\/advokatavans.se\/ar\/wp-json\/wp\/v2\/media?parent=1664"}],"curies":[{"name":"wp","href":"https:\/\/api.w.org\/{rel}","templated":true}]}}