{"id":1575,"date":"2024-10-03T16:45:30","date_gmt":"2024-10-03T16:45:30","guid":{"rendered":"https:\/\/advokatavans.se\/?page_id=1575"},"modified":"2026-03-10T08:10:37","modified_gmt":"2026-03-10T08:10:37","slug":"entreprenadratt","status":"publish","type":"page","link":"https:\/\/advokatavans.se\/ar\/entreprenadratt\/","title":{"rendered":"\u0642\u0627\u0646\u0648\u0646 \u0627\u0644\u0628\u0646\u0627\u0621\u00a0"},"content":{"rendered":"<div data-elementor-type=\"wp-page\" data-elementor-id=\"1575\" class=\"elementor elementor-1575\" data-elementor-post-type=\"page\">\n\t\t\t\t<div class=\"elementor-element elementor-element-aa43ab2 e-flex e-con-boxed e-con e-parent\" data-id=\"aa43ab2\" data-element_type=\"container\" data-e-type=\"container\">\n\t\t\t\t\t<div class=\"e-con-inner\">\n\t\t<div class=\"elementor-element elementor-element-c7e0c86 e-con-full e-flex e-con e-child\" data-id=\"c7e0c86\" data-element_type=\"container\" data-e-type=\"container\" data-settings=\"{&quot;background_background&quot;:&quot;classic&quot;}\">\n\t\t<div class=\"elementor-element elementor-element-e7b66f1 e-con-full e-flex e-con e-child\" data-id=\"e7b66f1\" data-element_type=\"container\" data-e-type=\"container\">\n\t\t\t\t<div class=\"elementor-element elementor-element-8c7d575 elementor-widget elementor-widget-heading\" data-id=\"8c7d575\" data-element_type=\"widget\" data-e-type=\"widget\" data-widget_type=\"heading.default\">\n\t\t\t\t<div class=\"elementor-widget-container\">\n\t\t\t\t\t<h1 class=\"elementor-heading-title elementor-size-default\">\u0642\u0627\u0646\u0648\u0646 \u0627\u0644\u0628\u0646\u0627\u0621\u00a0<\/h1>\t\t\t\t<\/div>\n\t\t\t\t<\/div>\n\t\t\t\t<div class=\"elementor-element elementor-element-c2ba1f5 elementor-widget elementor-widget-text-editor\" data-id=\"c2ba1f5\" data-element_type=\"widget\" data-e-type=\"widget\" data-widget_type=\"text-editor.default\">\n\t\t\t\t<div class=\"elementor-widget-container\">\n\t\t\t\t\t\t\t\t\t<div class=\"flex-shrink-0 flex flex-col relative items-end\"><div class=\"pt-0\"><div class=\"gizmo-bot-avatar flex h-8 w-8 items-center justify-center overflow-hidden rounded-full\"><div class=\"relative p-1 rounded-sm flex items-center justify-center bg-token-main-surface-primary text-token-text-primary h-8 w-8\"><p>\u0646\u062d\u0646 \u0646\u0642\u062f\u0645 \u062e\u0628\u0631\u0629 \u0642\u0627\u0646\u0648\u0646\u064a\u0629 \u0645\u062a\u062e\u0635\u0635\u0629 \u0648\u062f\u0639\u0645\u064b\u0627 \u0641\u064a \u0645\u062c\u0627\u0644 \u0642\u0627\u0646\u0648\u0646 \u0627\u0644\u0628\u0646\u0627\u0621\u060c \u062d\u064a\u062b \u0646\u0633\u0627\u0639\u062f \u0643\u0644\u0627\u064b \u0645\u0646 \u0627\u0644\u0645\u0642\u0627\u0648\u0644\u064a\u0646 \u0648\u0623\u0635\u062d\u0627\u0628 \u0627\u0644\u0645\u0634\u0627\u0631\u064a\u0639 \u062e\u0644\u0627\u0644 \u062c\u0645\u064a\u0639 \u0645\u0631\u0627\u062d\u0644 \u0645\u0634\u0627\u0631\u064a\u0639 \u0627\u0644\u0628\u0646\u0627\u0621. \u0648\u0628\u0641\u0636\u0644 \u062e\u0628\u0631\u062a\u0646\u0627 \u0648\u0645\u0639\u0627\u064a\u064a\u0631 \u0627\u0644\u062c\u0648\u062f\u0629 \u0627\u0644\u0639\u0627\u0644\u064a\u0629\u060c \u0646\u0636\u0645\u0646 \u0633\u064a\u0631 \u0627\u0644\u0645\u0634\u0627\u0631\u064a\u0639 \u0627\u0644\u0645\u0639\u0642\u062f\u0629 \u0628\u0633\u0644\u0627\u0633\u0629\u060c \u0645\u0639 \u062d\u0645\u0627\u064a\u0629 \u062d\u0642\u0648\u0642 \u0648\u0645\u0635\u0627\u0644\u062d \u0639\u0645\u0644\u0627\u0626\u0646\u0627.<\/p><p>\u064a\u0634\u0645\u0644 \u0642\u0627\u0646\u0648\u0646 \u0627\u0644\u0628\u0646\u0627\u0621 \u0627\u0644\u0642\u0648\u0627\u0639\u062f \u0627\u0644\u0642\u0627\u0646\u0648\u0646\u064a\u0629 \u0627\u0644\u062a\u064a \u062a\u0646\u0638\u0645 \u0627\u0644\u0639\u0642\u0648\u062f \u0648\u0627\u0644\u062a\u0639\u0627\u0648\u0646 \u0636\u0645\u0646 \u0645\u0634\u0627\u0631\u064a\u0639 \u0627\u0644\u0628\u0646\u0627\u0621 \u0648\u0627\u0644\u0625\u0646\u0634\u0627\u0621. \u0628\u062f\u0621\u064b\u0627 \u0645\u0646 \u0625\u0639\u062f\u0627\u062f \u0627\u0644\u0639\u0642\u0648\u062f \u0648\u0627\u0644\u062a\u062e\u0637\u064a\u0637\u060c \u0648\u0635\u0648\u0644\u064b\u0627 \u0625\u0644\u0649 \u062d\u0644 \u0627\u0644\u0646\u0632\u0627\u0639\u0627\u062a\u060c \u0646\u062d\u0631\u0635 \u0639\u0644\u0649 \u0623\u0646 \u062a\u0643\u0648\u0646 \u0627\u0644\u0639\u0644\u0627\u0642\u0627\u062a \u0627\u0644\u062a\u062c\u0627\u0631\u064a\u0629 \u0644\u0639\u0645\u0644\u0627\u0626\u0646\u0627 \u0645\u0646\u0638\u0645\u0629 \u0628\u0634\u0643\u0644 \u0648\u0627\u0636\u062d \u0648\u0639\u0627\u062f\u0644. \u0646\u062d\u0646 \u0646\u0642\u062f\u0645 \u0627\u0644\u0627\u0633\u062a\u0634\u0627\u0631\u0627\u062a \u0641\u064a \u062c\u0645\u064a\u0639 \u0645\u0631\u0627\u062d\u0644 \u0627\u0644\u0645\u0634\u0631\u0648\u0639\u060c \u0628\u062f\u0621\u064b\u0627 \u0645\u0646 \u0645\u0631\u0627\u062c\u0639\u0629 \u0627\u0644\u0639\u0642\u0648\u062f \u0648\u062a\u0642\u064a\u064a\u0645 \u0627\u0644\u0645\u062e\u0627\u0637\u0631\u060c \u0648\u0635\u0648\u0644\u064b\u0627 \u0625\u0644\u0649 \u0627\u0644\u062a\u0645\u062b\u064a\u0644 \u0623\u0645\u0627\u0645 \u0627\u0644\u0645\u062d\u0627\u0643\u0645 \u0648\u0647\u064a\u0626\u0627\u062a \u0627\u0644\u062a\u062d\u0643\u064a\u0645.<\/p><p>\u0646\u062d\u0646 \u0646\u0642\u062f\u0645 \u062e\u062f\u0645\u0627\u062a \u0642\u0627\u0646\u0648\u0646\u064a\u0629 \u0628\u0623\u0639\u0644\u0649 \u0645\u0633\u062a\u0648\u0649 \u0645\u0646 \u0627\u0644\u062c\u0648\u062f\u0629. \u0648 \u0646\u062c\u0645\u0639 \u0628\u064a\u0646 \u062e\u0628\u0631\u0629 \u0637\u0648\u064a\u0644\u0629 \u0641\u064a \u0642\u0627\u0646\u0648\u0646 \u0627\u0644\u0645\u0642\u0627\u0648\u0644\u0627\u062a \u0648\u0641\u0647\u0645 \u0639\u0645\u064a\u0642 \u0644\u0644\u062c\u0648\u0627\u0646\u0628 \u0627\u0644\u062a\u062c\u0627\u0631\u064a\u0629 \u0648\u0627\u0644\u062a\u0642\u0646\u064a\u0629 \u0627\u0644\u062a\u064a \u062a\u0624\u062b\u0631 \u0639\u0644\u0649 \u0643\u0644 \u0645\u0634\u0631\u0648\u0639. \u0648\u0645\u0646 \u062e\u0644\u0627\u0644 \u0639\u0645\u0644\u0646\u0627\u060c \u0646\u0639\u0645\u0644 \u0639\u0644\u0649 \u062e\u0644\u0642 \u0628\u064a\u0626\u0629 \u0645\u0646 \u0627\u0644\u062b\u0642\u0629 \u0648\u0627\u0644\u0623\u0645\u0627\u0646 \u0644\u0639\u0645\u0644\u0627\u0626\u0646\u0627\u060c \u0645\u0639 \u0636\u0645\u0627\u0646 \u0623\u0646 \u062a\u0628\u0642\u0649 \u062d\u0642\u0648\u0642\u0647\u0645 \u0648\u0645\u0635\u0627\u0644\u062d\u0647\u0645 \u0641\u064a \u0635\u062f\u0627\u0631\u0629 \u0627\u0644\u0627\u0647\u062a\u0645\u0627\u0645.<\/p><p>\u0633\u0648\u0627\u0621 \u0643\u0646\u062a \u0628\u0635\u062f\u062f \u0627\u0644\u062a\u0641\u0627\u0648\u0636 \u0639\u0644\u0649 \u0639\u0642\u062f\u060c \u0623\u0648 \u062a\u0648\u0627\u062c\u0647 \u0646\u0632\u0627\u0639\u064b\u0627 \u0645\u062d\u062a\u0645\u0644\u064b\u0627\u060c \u0623\u0648 \u062a\u0631\u063a\u0628 \u0641\u064a \u0627\u0644\u062a\u0623\u0643\u062f \u0645\u0646 \u0623\u0646 \u0645\u0634\u0631\u0648\u0639\u0643 \u064a\u0644\u062a\u0632\u0645 \u0628\u0643\u0627\u0641\u0629 \u0627\u0644\u0645\u062a\u0637\u0644\u0628\u0627\u062a \u0627\u0644\u0642\u0627\u0646\u0648\u0646\u064a\u0629\u060c \u0641\u0625\u0646\u0646\u0627 \u0647\u0646\u0627 \u0644\u062a\u0642\u062f\u064a\u0645 \u0627\u0644\u062f\u0639\u0645 \u0648\u0627\u0644\u062d\u0644\u0648\u0644.<\/p><p>\u0643\u0645\u0627 \u064a\u0645\u0643\u0646\u0646\u0627 \u062a\u0642\u062f\u064a\u0645 \u0645\u0633\u0627\u0639\u062f\u0629 \u0642\u0627\u0646\u0648\u0646\u064a\u0629 \u0628\u0627\u0644\u0644\u063a\u0629 \u0627\u0644\u0639\u0631\u0628\u064a\u0629.<\/p><p>\u0627\u062a\u0635\u0644 \u0628\u0646\u0627 \u0644\u0644\u062d\u0635\u0648\u0644 \u0639\u0644\u0649 \u0645\u0632\u064a\u062f \u0645\u0646 \u0627\u0644\u0645\u0639\u0644\u0648\u0645\u0627\u062a \u062d\u0648\u0644 \u0643\u064a\u0641\u064a\u0629 \u0645\u0633\u0627\u0639\u062f\u062a\u0646\u0627 \u0644\u0643<\/p><\/div><\/div><\/div><\/div>\t\t\t\t\t\t\t\t<\/div>\n\t\t\t\t<\/div>\n\t\t\t\t<div class=\"elementor-element elementor-element-502c083 elementor-align-left elementor-widget elementor-widget-button\" data-id=\"502c083\" data-element_type=\"widget\" data-e-type=\"widget\" data-widget_type=\"button.default\">\n\t\t\t\t<div class=\"elementor-widget-container\">\n\t\t\t\t\t\t\t\t\t<div class=\"elementor-button-wrapper\">\n\t\t\t\t\t<a class=\"elementor-button elementor-button-link elementor-size-sm\" href=\"https:\/\/advokatavans.se\/ar\/vara-rattsomraden\/\" rel=\"nofollow\">\n\t\t\t\t\t\t<span class=\"elementor-button-content-wrapper\">\n\t\t\t\t\t\t\t\t\t<span class=\"elementor-button-text\">\u062a\u0648\u0627\u0635\u0644 \u0645\u0639\u0646\u0627<\/span>\n\t\t\t\t\t<\/span>\n\t\t\t\t\t<\/a>\n\t\t\t\t<\/div>\n\t\t\t\t\t\t\t\t<\/div>\n\t\t\t\t<\/div>\n\t\t\t\t<\/div>\n\t\t\t\t<\/div>\n\t\t\t\t\t<\/div>\n\t\t\t\t<\/div>\n\t\t\t\t<\/div>","protected":false},"excerpt":{"rendered":"<p>Entreprenadr\u00e4tt Advokatfirman Avans erbjuder juridisk expertis och st\u00f6d inom entreprenadsr\u00e4tt, d\u00e4r vi bist\u00e5r s\u00e5v\u00e4l entrepren\u00f6rer och best\u00e4llare som underleverant\u00f6rer genom hela bygg- och anl\u00e4ggningsprocessen. Med v\u00e5r erfarenhet och h\u00f6ga kvalitetsstandard ser vi till att komplexa projekt kan fortl\u00f6pa smidigt, samtidigt som vi skyddar v\u00e5ra klienters r\u00e4ttigheter och intressen. Entreprenadsr\u00e4tt omfattar de juridiska regler som styr [&hellip;]<\/p>\n","protected":false},"author":1,"featured_media":2098,"parent":0,"menu_order":0,"comment_status":"closed","ping_status":"closed","template":"elementor_header_footer","meta":{"footnotes":""},"class_list":["post-1575","page","type-page","status-publish","has-post-thumbnail","hentry"],"yoast_head":"<!-- This site is optimized with the Yoast SEO plugin v27.3 - https:\/\/yoast.com\/product\/yoast-seo-wordpress\/ -->\n<title>Advokatfirman Avans - Entreprenadr\u00e4tt<\/title>\n<meta name=\"description\" content=\"Vi erbjuder juridisk r\u00e5dgivning f\u00f6r bygg- och anl\u00e4ggningsprojekt, fr\u00e5n avtal till tvistel\u00f6sning. Advokatfirman Avans skyddar dina r\u00e4ttigheter.\" \/>\n<meta name=\"robots\" content=\"index, follow, max-snippet:-1, max-image-preview:large, max-video-preview:-1\" \/>\n<link rel=\"canonical\" href=\"https:\/\/advokatavans.se\/ar\/entreprenadratt\/\" \/>\n<meta property=\"og:locale\" content=\"ar_AR\" \/>\n<meta property=\"og:type\" content=\"article\" \/>\n<meta property=\"og:title\" content=\"Entreprenadr\u00e4tt\" \/>\n<meta property=\"og:description\" content=\"Vi erbjuder juridisk r\u00e5dgivning f\u00f6r bygg- och anl\u00e4ggningsprojekt, fr\u00e5n avtal till tvistel\u00f6sning. Advokatfirman Avans skyddar dina r\u00e4ttigheter.\" \/>\n<meta property=\"og:url\" content=\"https:\/\/advokatavans.se\/ar\/entreprenadratt\/\" \/>\n<meta property=\"og:site_name\" content=\"Advokatfirman Avans\" \/>\n<meta property=\"article:publisher\" content=\"https:\/\/www.facebook.com\/profile.php?id=61565887347409\" \/>\n<meta property=\"article:modified_time\" content=\"2026-03-10T08:10:37+00:00\" \/>\n<meta property=\"og:image\" content=\"http:\/\/media1.advokatavans.se\/2024\/10\/Advokatfirman-Avans-Sociala-Medier-2-1.png\" \/>\n\t<meta property=\"og:image:width\" content=\"707\" \/>\n\t<meta property=\"og:image:height\" content=\"500\" \/>\n\t<meta property=\"og:image:type\" content=\"image\/png\" \/>\n<meta name=\"twitter:card\" content=\"summary_large_image\" \/>\n<meta name=\"twitter:title\" content=\"Entreprenadr\u00e4tt\" \/>\n<meta name=\"twitter:description\" content=\"Vi erbjuder juridisk r\u00e5dgivning f\u00f6r bygg- och anl\u00e4ggningsprojekt, fr\u00e5n avtal till tvistel\u00f6sning. Advokatfirman Avans skyddar dina r\u00e4ttigheter.\" \/>\n<meta name=\"twitter:image\" content=\"https:\/\/media1.advokatavans.se\/2024\/10\/Advokatfirman-Avans-Sociala-Medier-2-1.png\" \/>\n<meta name=\"twitter:label1\" content=\"\u0648\u0642\u062a \u0627\u0644\u0642\u0631\u0627\u0621\u0629 \u0627\u0644\u0645\u064f\u0642\u062f\u0651\u0631\" \/>\n\t<meta name=\"twitter:data1\" content=\"\u062f\u0642\u064a\u0642\u062a\u0627\u0646\" \/>\n<script type=\"application\/ld+json\" class=\"yoast-schema-graph\">{\"@context\":\"https:\\\/\\\/schema.org\",\"@graph\":[{\"@type\":\"WebPage\",\"@id\":\"https:\\\/\\\/advokatavans.se\\\/entreprenadratt\\\/\",\"url\":\"https:\\\/\\\/advokatavans.se\\\/entreprenadratt\\\/\",\"name\":\"Advokatfirman Avans - Entreprenadr\u00e4tt\",\"isPartOf\":{\"@id\":\"https:\\\/\\\/advokatavans.se\\\/#website\"},\"primaryImageOfPage\":{\"@id\":\"https:\\\/\\\/advokatavans.se\\\/entreprenadratt\\\/#primaryimage\"},\"image\":{\"@id\":\"https:\\\/\\\/advokatavans.se\\\/entreprenadratt\\\/#primaryimage\"},\"thumbnailUrl\":\"https:\\\/\\\/media1.advokatavans.se\\\/2024\\\/10\\\/Advokatfirman-Avans-Sociala-Medier-2-1.png\",\"datePublished\":\"2024-10-03T16:45:30+00:00\",\"dateModified\":\"2026-03-10T08:10:37+00:00\",\"description\":\"Vi erbjuder juridisk r\u00e5dgivning f\u00f6r bygg- och anl\u00e4ggningsprojekt, fr\u00e5n avtal till tvistel\u00f6sning. Advokatfirman Avans skyddar dina r\u00e4ttigheter.\",\"breadcrumb\":{\"@id\":\"https:\\\/\\\/advokatavans.se\\\/entreprenadratt\\\/#breadcrumb\"},\"inLanguage\":\"ar\",\"potentialAction\":[{\"@type\":\"ReadAction\",\"target\":[\"https:\\\/\\\/advokatavans.se\\\/entreprenadratt\\\/\"]}]},{\"@type\":\"ImageObject\",\"inLanguage\":\"ar\",\"@id\":\"https:\\\/\\\/advokatavans.se\\\/entreprenadratt\\\/#primaryimage\",\"url\":\"https:\\\/\\\/media1.advokatavans.se\\\/2024\\\/10\\\/Advokatfirman-Avans-Sociala-Medier-2-1.png\",\"contentUrl\":\"https:\\\/\\\/media1.advokatavans.se\\\/2024\\\/10\\\/Advokatfirman-Avans-Sociala-Medier-2-1.png\",\"width\":707,\"height\":500,\"caption\":\"Denna bild visas f\u00f6r Advokatfirman Avans sociala medie profiler\"},{\"@type\":\"BreadcrumbList\",\"@id\":\"https:\\\/\\\/advokatavans.se\\\/entreprenadratt\\\/#breadcrumb\",\"itemListElement\":[{\"@type\":\"ListItem\",\"position\":1,\"name\":\"Hem\",\"item\":\"https:\\\/\\\/advokatavans.se\\\/\"},{\"@type\":\"ListItem\",\"position\":2,\"name\":\"Entreprenadr\u00e4tt\"}]},{\"@type\":\"WebSite\",\"@id\":\"https:\\\/\\\/advokatavans.se\\\/#website\",\"url\":\"https:\\\/\\\/advokatavans.se\\\/\",\"name\":\"Advokatfirman Avans\",\"description\":\"Din v\u00e4g till r\u00e4ttvisa \u2013 Vi st\u00e5r vid din sida.\",\"publisher\":{\"@id\":\"https:\\\/\\\/advokatavans.se\\\/#organization\"},\"alternateName\":\"Advokatfirman Avans\",\"potentialAction\":[{\"@type\":\"SearchAction\",\"target\":{\"@type\":\"EntryPoint\",\"urlTemplate\":\"https:\\\/\\\/advokatavans.se\\\/?s={search_term_string}\"},\"query-input\":{\"@type\":\"PropertyValueSpecification\",\"valueRequired\":true,\"valueName\":\"search_term_string\"}}],\"inLanguage\":\"ar\"},{\"@type\":\"Organization\",\"@id\":\"https:\\\/\\\/advokatavans.se\\\/#organization\",\"name\":\"Advokatfirman Avans\",\"alternateName\":\"Advokatfirman Avans\",\"url\":\"https:\\\/\\\/advokatavans.se\\\/\",\"logo\":{\"@type\":\"ImageObject\",\"inLanguage\":\"ar\",\"@id\":\"https:\\\/\\\/advokatavans.se\\\/#\\\/schema\\\/logo\\\/image\\\/\",\"url\":\"https:\\\/\\\/media1.advokatavans.se\\\/2020\\\/03\\\/Logga-svart-liten.png\",\"contentUrl\":\"https:\\\/\\\/media1.advokatavans.se\\\/2020\\\/03\\\/Logga-svart-liten.png\",\"width\":300,\"height\":134,\"caption\":\"Advokatfirman Avans\"},\"image\":{\"@id\":\"https:\\\/\\\/advokatavans.se\\\/#\\\/schema\\\/logo\\\/image\\\/\"},\"sameAs\":[\"https:\\\/\\\/www.facebook.com\\\/profile.php?id=61565887347409\",\"https:\\\/\\\/www.instagram.com\\\/advokatavans\\\/\"]}]}<\/script>\n<!-- \/ Yoast SEO plugin. -->","yoast_head_json":{"title":"Advokatfirman Avans - Entreprenadr\u00e4tt","description":"Vi erbjuder juridisk r\u00e5dgivning f\u00f6r bygg- och anl\u00e4ggningsprojekt, fr\u00e5n avtal till tvistel\u00f6sning. Advokatfirman Avans skyddar dina r\u00e4ttigheter.","robots":{"index":"index","follow":"follow","max-snippet":"max-snippet:-1","max-image-preview":"max-image-preview:large","max-video-preview":"max-video-preview:-1"},"canonical":"https:\/\/advokatavans.se\/ar\/entreprenadratt\/","og_locale":"ar_AR","og_type":"article","og_title":"Entreprenadr\u00e4tt","og_description":"Vi erbjuder juridisk r\u00e5dgivning f\u00f6r bygg- och anl\u00e4ggningsprojekt, fr\u00e5n avtal till tvistel\u00f6sning. Advokatfirman Avans skyddar dina r\u00e4ttigheter.","og_url":"https:\/\/advokatavans.se\/ar\/entreprenadratt\/","og_site_name":"Advokatfirman Avans","article_publisher":"https:\/\/www.facebook.com\/profile.php?id=61565887347409","article_modified_time":"2026-03-10T08:10:37+00:00","og_image":[{"width":707,"height":500,"url":"http:\/\/media1.advokatavans.se\/2024\/10\/Advokatfirman-Avans-Sociala-Medier-2-1.png","type":"image\/png"}],"twitter_card":"summary_large_image","twitter_title":"Entreprenadr\u00e4tt","twitter_description":"Vi erbjuder juridisk r\u00e5dgivning f\u00f6r bygg- och anl\u00e4ggningsprojekt, fr\u00e5n avtal till tvistel\u00f6sning. Advokatfirman Avans skyddar dina r\u00e4ttigheter.","twitter_image":"https:\/\/media1.advokatavans.se\/2024\/10\/Advokatfirman-Avans-Sociala-Medier-2-1.png","twitter_misc":{"\u0648\u0642\u062a \u0627\u0644\u0642\u0631\u0627\u0621\u0629 \u0627\u0644\u0645\u064f\u0642\u062f\u0651\u0631":"\u062f\u0642\u064a\u0642\u062a\u0627\u0646"},"schema":{"@context":"https:\/\/schema.org","@graph":[{"@type":"WebPage","@id":"https:\/\/advokatavans.se\/entreprenadratt\/","url":"https:\/\/advokatavans.se\/entreprenadratt\/","name":"Advokatfirman Avans - Entreprenadr\u00e4tt","isPartOf":{"@id":"https:\/\/advokatavans.se\/#website"},"primaryImageOfPage":{"@id":"https:\/\/advokatavans.se\/entreprenadratt\/#primaryimage"},"image":{"@id":"https:\/\/advokatavans.se\/entreprenadratt\/#primaryimage"},"thumbnailUrl":"https:\/\/media1.advokatavans.se\/2024\/10\/Advokatfirman-Avans-Sociala-Medier-2-1.png","datePublished":"2024-10-03T16:45:30+00:00","dateModified":"2026-03-10T08:10:37+00:00","description":"Vi erbjuder juridisk r\u00e5dgivning f\u00f6r bygg- och anl\u00e4ggningsprojekt, fr\u00e5n avtal till tvistel\u00f6sning. Advokatfirman Avans skyddar dina r\u00e4ttigheter.","breadcrumb":{"@id":"https:\/\/advokatavans.se\/entreprenadratt\/#breadcrumb"},"inLanguage":"ar","potentialAction":[{"@type":"ReadAction","target":["https:\/\/advokatavans.se\/entreprenadratt\/"]}]},{"@type":"ImageObject","inLanguage":"ar","@id":"https:\/\/advokatavans.se\/entreprenadratt\/#primaryimage","url":"https:\/\/media1.advokatavans.se\/2024\/10\/Advokatfirman-Avans-Sociala-Medier-2-1.png","contentUrl":"https:\/\/media1.advokatavans.se\/2024\/10\/Advokatfirman-Avans-Sociala-Medier-2-1.png","width":707,"height":500,"caption":"Denna bild visas f\u00f6r Advokatfirman Avans sociala medie profiler"},{"@type":"BreadcrumbList","@id":"https:\/\/advokatavans.se\/entreprenadratt\/#breadcrumb","itemListElement":[{"@type":"ListItem","position":1,"name":"Hem","item":"https:\/\/advokatavans.se\/"},{"@type":"ListItem","position":2,"name":"Entreprenadr\u00e4tt"}]},{"@type":"WebSite","@id":"https:\/\/advokatavans.se\/#website","url":"https:\/\/advokatavans.se\/","name":"Advokatfirman Avans","description":"Din v\u00e4g till r\u00e4ttvisa \u2013 Vi st\u00e5r vid din sida.","publisher":{"@id":"https:\/\/advokatavans.se\/#organization"},"alternateName":"Advokatfirman Avans","potentialAction":[{"@type":"SearchAction","target":{"@type":"EntryPoint","urlTemplate":"https:\/\/advokatavans.se\/?s={search_term_string}"},"query-input":{"@type":"PropertyValueSpecification","valueRequired":true,"valueName":"search_term_string"}}],"inLanguage":"ar"},{"@type":"Organization","@id":"https:\/\/advokatavans.se\/#organization","name":"Advokatfirman Avans","alternateName":"Advokatfirman Avans","url":"https:\/\/advokatavans.se\/","logo":{"@type":"ImageObject","inLanguage":"ar","@id":"https:\/\/advokatavans.se\/#\/schema\/logo\/image\/","url":"https:\/\/media1.advokatavans.se\/2020\/03\/Logga-svart-liten.png","contentUrl":"https:\/\/media1.advokatavans.se\/2020\/03\/Logga-svart-liten.png","width":300,"height":134,"caption":"Advokatfirman Avans"},"image":{"@id":"https:\/\/advokatavans.se\/#\/schema\/logo\/image\/"},"sameAs":["https:\/\/www.facebook.com\/profile.php?id=61565887347409","https:\/\/www.instagram.com\/advokatavans\/"]}]}},"_links":{"self":[{"href":"https:\/\/advokatavans.se\/ar\/wp-json\/wp\/v2\/pages\/1575","targetHints":{"allow":["GET"]}}],"collection":[{"href":"https:\/\/advokatavans.se\/ar\/wp-json\/wp\/v2\/pages"}],"about":[{"href":"https:\/\/advokatavans.se\/ar\/wp-json\/wp\/v2\/types\/page"}],"author":[{"embeddable":true,"href":"https:\/\/advokatavans.se\/ar\/wp-json\/wp\/v2\/users\/1"}],"replies":[{"embeddable":true,"href":"https:\/\/advokatavans.se\/ar\/wp-json\/wp\/v2\/comments?post=1575"}],"version-history":[{"count":17,"href":"https:\/\/advokatavans.se\/ar\/wp-json\/wp\/v2\/pages\/1575\/revisions"}],"predecessor-version":[{"id":3052,"href":"https:\/\/advokatavans.se\/ar\/wp-json\/wp\/v2\/pages\/1575\/revisions\/3052"}],"wp:featuredmedia":[{"embeddable":true,"href":"https:\/\/advokatavans.se\/ar\/wp-json\/wp\/v2\/media\/2098"}],"wp:attachment":[{"href":"https:\/\/advokatavans.se\/ar\/wp-json\/wp\/v2\/media?parent=1575"}],"curies":[{"name":"wp","href":"https:\/\/api.w.org\/{rel}","templated":true}]}}