{"id":1573,"date":"2024-10-03T16:45:17","date_gmt":"2024-10-03T16:45:17","guid":{"rendered":"https:\/\/advokatavans.se\/?page_id=1573"},"modified":"2026-03-10T08:10:35","modified_gmt":"2026-03-10T08:10:35","slug":"tvangsmal","status":"publish","type":"page","link":"https:\/\/advokatavans.se\/ar\/tvangsmal\/","title":{"rendered":"\u0642\u0636\u0627\u064a\u0627 \u0627\u0644\u0631\u0639\u0627\u064a\u0629 \u0627\u0644\u0642\u0633\u0631\u064a\u0629"},"content":{"rendered":"<div data-elementor-type=\"wp-page\" data-elementor-id=\"1573\" class=\"elementor elementor-1573\" data-elementor-post-type=\"page\">\n\t\t\t\t<div class=\"elementor-element elementor-element-347bc0e e-flex e-con-boxed e-con e-parent\" data-id=\"347bc0e\" data-element_type=\"container\" data-e-type=\"container\">\n\t\t\t\t\t<div class=\"e-con-inner\">\n\t\t<div class=\"elementor-element elementor-element-b71c21f e-con-full e-flex e-con e-child\" data-id=\"b71c21f\" data-element_type=\"container\" data-e-type=\"container\" data-settings=\"{&quot;background_background&quot;:&quot;classic&quot;}\">\n\t\t<div class=\"elementor-element elementor-element-45ffd98 e-con-full e-flex e-con e-child\" data-id=\"45ffd98\" data-element_type=\"container\" data-e-type=\"container\">\n\t\t\t\t<div class=\"elementor-element elementor-element-abd9ecb elementor-widget elementor-widget-heading\" data-id=\"abd9ecb\" data-element_type=\"widget\" data-e-type=\"widget\" data-widget_type=\"heading.default\">\n\t\t\t\t<div class=\"elementor-widget-container\">\n\t\t\t\t\t<h1 class=\"elementor-heading-title elementor-size-default\">\u0642\u0636\u0627\u064a\u0627 \u0627\u0644\u0631\u0639\u0627\u064a\u0629 \u0627\u0644\u0642\u0633\u0631\u064a\u0629<\/h1>\t\t\t\t<\/div>\n\t\t\t\t<\/div>\n\t\t\t\t<div class=\"elementor-element elementor-element-a52daa9 elementor-widget elementor-widget-text-editor\" data-id=\"a52daa9\" data-element_type=\"widget\" data-e-type=\"widget\" data-widget_type=\"text-editor.default\">\n\t\t\t\t<div class=\"elementor-widget-container\">\n\t\t\t\t\t\t\t\t\t<div><div><div><div><p>\u0641\u064a \u0627\u0644\u062d\u0627\u0644\u0627\u062a \u0627\u0644\u062a\u064a \u062a\u0642\u0631\u0631 \u0641\u064a\u0647\u0627 \u0627\u0644\u062c\u0647\u0627\u062a \u0627\u0644\u0645\u062e\u062a\u0635\u0629 \u0641\u0631\u0636 \u0627\u0644\u0631\u0639\u0627\u064a\u0629 \u0627\u0644\u0642\u0633\u0631\u064a\u0629\u060c \u064a\u062d\u0642 \u0644\u0644\u0641\u0631\u062f \u0627\u0644\u062d\u0635\u0648\u0644 \u0639\u0644\u0649 \u0645\u062d\u0627\u0645\u064d. \u0648\u064a\u064f\u0639\u062f \u0627\u0644\u062e\u0636\u0648\u0639 \u0644\u0644\u0631\u0639\u0627\u064a\u0629 \u0627\u0644\u0642\u0633\u0631\u064a\u0629 \u062a\u062f\u062e\u0651\u0644\u064b\u0627 \u0643\u0628\u064a\u0631\u064b\u0627 \u0641\u064a \u062d\u064a\u0627\u0629 \u0627\u0644\u0641\u0631\u062f\u060c \u0648\u0644\u0630\u0644\u0643 \u0645\u0646 \u0627\u0644\u0645\u0647\u0645 \u0623\u0646 \u064a\u0643\u0648\u0646 \u0644\u062f\u064a\u0643 \u0645\u062d\u0627\u0645\u064d \u062a\u062b\u0642 \u0628\u0647. \u062a\u0642\u0648\u0645 \u0627\u0644\u0645\u062d\u0643\u0645\u0629 \u0628\u062a\u0639\u064a\u064a\u0646 \u0627\u0644\u0645\u062d\u0627\u0645\u064a\u060c \u0648\u0644\u0643\u0646 \u064a\u062d\u0642 \u0644\u0643 \u0637\u0644\u0628 \u0645\u062d\u0627\u0645\u064d \u0645\u0639\u064a\u0646. \u0648\u064a\u062a\u0645 \u062a\u063a\u0637\u064a\u0629 \u062a\u0643\u0627\u0644\u064a\u0641 \u0627\u0644\u0645\u062d\u0627\u0645\u064a \u0645\u0646 \u0642\u0628\u0644 \u0627\u0644\u062f\u0648\u0644\u0629. \u0648\u0625\u0630\u0627 \u0644\u0645 \u064a\u062a\u0645 \u062a\u0639\u064a\u064a\u0646 \u0645\u062d\u0627\u0645\u064d \u0644\u0643\u060c \u064a\u0645\u0643\u0646\u0643 \u062f\u0627\u0626\u0645\u064b\u0627 \u0627\u0644\u0627\u0633\u062a\u0639\u0627\u0646\u0629 \u0628\u0645\u062d\u0627\u0645\u064d \u062e\u0627\u0635 \u0639\u0644\u0649 \u062d\u0633\u0627\u0628\u0643.<\/p><p>\u0646\u062d\u0646 \u0646\u0642\u062f\u0645 \u0645\u0633\u0627\u0639\u062f\u0629 \u0642\u0627\u0646\u0648\u0646\u064a\u0629 \u0645\u062a\u062e\u0635\u0635\u0629 \u0641\u064a \u0642\u0636\u0627\u064a\u0627 \u0627\u0644\u0631\u0639\u0627\u064a\u0629 \u0627\u0644\u0642\u0633\u0631\u064a\u0629\u060c \u0645\u0639 \u062a\u0631\u0643\u064a\u0632 \u062e\u0627\u0635 \u0639\u0644\u0649 \u0642\u0627\u0646\u0648\u0646 \u0631\u0639\u0627\u064a\u0629 \u0627\u0644\u0623\u0637\u0641\u0627\u0644 \u0648\u0642\u0627\u0646\u0648\u0646 \u0627\u0644\u0631\u0639\u0627\u064a\u0629 \u0627\u0644\u0646\u0641\u0633\u064a\u0629 \u0627\u0644\u0642\u0633\u0631\u064a\u0629. \u0648\u0628\u0641\u0636\u0644 \u062e\u0628\u0631\u062a\u0646\u0627 \u0648\u062d\u0631\u0635\u0646\u0627 \u0639\u0644\u0649 \u0639\u0645\u0644\u0627\u0626\u0646\u0627\u060c \u0646\u0636\u0645\u0646 \u062d\u0635\u0648\u0644\u0643 \u0639\u0644\u0649 \u0627\u0644\u062f\u0639\u0645 \u0648\u0627\u0644\u0625\u0631\u0634\u0627\u062f \u0627\u0644\u0644\u0627\u0632\u0645\u064a\u0646 \u0637\u0648\u0627\u0644 \u0627\u0644\u0639\u0645\u0644\u064a\u0629.<\/p><p>\u0646\u062d\u0646 \u0646\u0636\u0639 \u062f\u0627\u0626\u0645\u064b\u0627 \u062d\u0642\u0648\u0642 \u0639\u0645\u0644\u0627\u0626\u0646\u0627 \u0641\u064a \u0627\u0644\u0645\u0642\u0627\u0645 \u0627\u0644\u0623\u0648\u0644. \u0648\u0645\u0646 \u062e\u0644\u0627\u0644 \u0641\u0647\u0645 \u0639\u0645\u064a\u0642 \u0644\u0644\u062c\u0648\u0627\u0646\u0628 \u0627\u0644\u0642\u0627\u0646\u0648\u0646\u064a\u0629 \u0648\u0627\u0644\u0625\u0646\u0633\u0627\u0646\u064a\u0629 \u0641\u064a \u0647\u0630\u0647 \u0627\u0644\u0642\u0636\u0627\u064a\u0627\u060c \u0646\u0639\u0645\u0644 \u0639\u0644\u0649 \u062e\u0644\u0642 \u0634\u0639\u0648\u0631 \u0628\u0627\u0644\u0623\u0645\u0627\u0646 \u0648\u0627\u0644\u062b\u0642\u0629 \u0637\u0648\u0627\u0644 \u0627\u0644\u0625\u062c\u0631\u0627\u0621\u0627\u062a. \u0646\u062d\u0646 \u0625\u0644\u0649 \u062c\u0627\u0646\u0628\u0643 \u0641\u064a \u0643\u0644 \u062e\u0637\u0648\u0629\u060c \u0648\u0646\u0642\u062f\u0645 \u062f\u0639\u0645\u064b\u0627 \u0642\u0627\u0646\u0648\u0646\u064a\u064b\u0627 \u064a\u062c\u0645\u0639 \u0628\u064a\u0646 \u0627\u0644\u0643\u0641\u0627\u0621\u0629 \u0627\u0644\u0645\u0647\u0646\u064a\u0629 \u0648\u0627\u0644\u0627\u0644\u062a\u0632\u0627\u0645 \u0627\u0644\u062d\u0642\u064a\u0642\u064a.<\/p><p>\u0627\u062a\u0635\u0644 \u0628\u0646\u0627 \u0644\u0644\u062d\u0635\u0648\u0644 \u0639\u0644\u0649 \u0645\u0632\u064a\u062f \u0645\u0646 \u0627\u0644\u0645\u0639\u0644\u0648\u0645\u0627\u062a \u062d\u0648\u0644 \u0643\u064a\u0641\u064a\u0629 \u0645\u0633\u0627\u0639\u062f\u062a\u0646\u0627 \u0644\u0643<\/p><p>\u0643\u0645\u0627 \u064a\u0645\u0643\u0646\u0646\u0627 \u062a\u0642\u062f\u064a\u0645 \u0645\u0633\u0627\u0639\u062f\u0629 \u0642\u0627\u0646\u0648\u0646\u064a\u0629 \u0628\u0627\u0644\u0644\u063a\u0629 \u0627\u0644\u0639\u0631\u0628\u064a\u0629.<\/p><p>\u064a\u0645\u0643\u0646\u0643 \u0623\u062f\u0646\u0627\u0647 \u0642\u0631\u0627\u0621\u0629 \u0627\u0644\u0645\u0632\u064a\u062f \u0639\u0646 \u062e\u062f\u0645\u0627\u062a\u0646\u0627.<\/p><h5><strong>LVU \u2013 \u0642\u0627\u0646\u0648\u0646 \u0631\u0639\u0627\u064a\u0629 \u0627\u0644\u0623\u0637\u0641\u0627\u0644<\/strong><\/h5><p>\u064a\u064f\u0639\u062f \u0642\u0627\u0646\u0648\u0646 \u0631\u0639\u0627\u064a\u0629 \u0627\u0644\u0623\u0637\u0641\u0627\u0644 \u0625\u0637\u0627\u0631\u064b\u0627 \u0642\u0627\u0646\u0648\u0646\u064a\u064b\u0627 \u064a\u062a\u064a\u062d \u0641\u0631\u0636 \u0627\u0644\u0631\u0639\u0627\u064a\u0629 \u0627\u0644\u0642\u0633\u0631\u064a\u0629 \u0644\u0644\u0623\u0637\u0641\u0627\u0644 \u0648\u0627\u0644\u0634\u0628\u0627\u0628 \u0627\u0644\u0630\u064a\u0646 \u0642\u062f \u064a\u062a\u0639\u0631\u0636\u0648\u0646 \u0644\u0644\u0623\u0630\u0649 \u0628\u0633\u0628\u0628 \u0628\u064a\u0626\u062a\u0647\u0645 \u0623\u0648 \u0633\u0644\u0648\u0643\u0647\u0645 \u0627\u0644\u0634\u062e\u0635\u064a. \u0639\u0646\u062f\u0645\u0627 \u062a\u0631\u0649 \u0627\u0644\u062e\u062f\u0645\u0627\u062a \u0627\u0644\u0627\u062c\u062a\u0645\u0627\u0639\u064a\u0629 \u0623\u0646 \u0627\u0644\u062a\u062f\u062e\u0644 \u0627\u0644\u0642\u0633\u0631\u064a \u0636\u0631\u0648\u0631\u064a \u0644\u062d\u0645\u0627\u064a\u0629 \u0635\u062d\u0629 \u0627\u0644\u0637\u0641\u0644 \u0648\u062a\u0637\u0648\u0631\u0647\u060c \u064a\u0645\u0643\u0646 \u0627\u062a\u062e\u0627\u0630 \u0642\u0631\u0627\u0631 \u0628\u0645\u0648\u062c\u0628 \u0647\u0630\u0627 \u0627\u0644\u0642\u0627\u0646\u0648\u0646. \u0646\u062d\u0646 \u0646\u0642\u062f\u0645 \u0627\u0644\u062f\u0639\u0645 \u0644\u0623\u0648\u0635\u064a\u0627\u0621 \u0627\u0644\u0623\u0645\u0648\u0631 \u0648\u0627\u0644\u0623\u0637\u0641\u0627\u0644 \u0641\u064a \u0645\u062b\u0644 \u0627\u0644\u0642\u0636\u0627\u064a\u0627 \u0645\u0646 \u062e\u0644\u0627\u0644 \u062a\u0642\u062f\u064a\u0645 \u0627\u0644\u0627\u0633\u062a\u0634\u0627\u0631\u0627\u062a \u0627\u0644\u0642\u0627\u0646\u0648\u0646\u064a\u0629 \u0648\u0627\u0644\u062a\u0645\u062b\u064a\u0644 \u0641\u064a \u0627\u0644\u0642\u0636\u064a\u0629\u060c \u0644\u0636\u0645\u0627\u0646 \u062d\u0645\u0627\u064a\u0629 \u062d\u0642\u0648\u0642\u0647\u0645. \u0648\u0628\u0641\u0636\u0644 \u062e\u0628\u0631\u062a\u0646\u0627 \u0648\u0641\u0647\u0645\u0646\u0627 \u0644\u062d\u0633\u0627\u0633\u064a\u0629 \u0647\u0630\u0647 \u0627\u0644\u0642\u0636\u0627\u064a\u0627\u060c \u0646\u0648\u0641\u0631 \u062f\u0639\u0645\u064b\u0627 \u0645\u0648\u062b\u0648\u0642\u064b\u0627 \u0648\u0645\u0647\u0646\u064a\u064b\u0627 \u0637\u0648\u0627\u0644 \u0627\u0644\u0639\u0645\u0644\u064a\u0629.<\/p><h5><strong>LPT \u2013 \u0642\u0627\u0646\u0648\u0646 \u0627\u0644\u0631\u0639\u0627\u064a\u0629 \u0627\u0644\u0646\u0641\u0633\u064a\u0629 \u0627\u0644\u0642\u0633\u0631\u064a\u0629<\/strong><\/h5><p>\u064a\u0645\u0646\u062d \u0642\u0627\u0646\u0648\u0646 \u0627\u0644\u0631\u0639\u0627\u064a\u0629 \u0627\u0644\u0646\u0641\u0633\u064a\u0629 \u0627\u0644\u0642\u0633\u0631\u064a\u0629 \u0627\u0644\u0645\u0624\u0633\u0633\u0627\u062a \u0627\u0644\u0637\u0628\u064a\u0629 \u0627\u0644\u062d\u0642 \u0641\u064a \u062a\u0642\u062f\u064a\u0645 \u0631\u0639\u0627\u064a\u0629 \u0642\u0633\u0631\u064a\u0629 \u0639\u0646\u062f\u0645\u0627 \u064a\u0643\u0648\u0646 \u0627\u0644\u0634\u062e\u0635\u060c \u0628\u0633\u0628\u0628 \u062d\u0627\u0644\u062a\u0647 \u0627\u0644\u0646\u0641\u0633\u064a\u0629\u060c \u063a\u064a\u0631 \u0642\u0627\u062f\u0631 \u0639\u0644\u0649 \u0627\u0644\u0645\u0634\u0627\u0631\u0643\u0629 \u0641\u064a \u0627\u0644\u0639\u0644\u0627\u062c \u0627\u0644\u0637\u0648\u0639\u064a\u060c \u0648\u0647\u0646\u0627\u0643 \u062e\u0637\u0631 \u0639\u0644\u0649 \u0635\u062d\u062a\u0647 \u0623\u0648 \u0639\u0644\u0649 \u0633\u0644\u0627\u0645\u0629 \u0627\u0644\u0622\u062e\u0631\u064a\u0646. \u0646\u062d\u0646 \u0646\u0633\u0627\u0639\u062f \u0627\u0644\u0639\u0645\u0644\u0627\u0621 \u0627\u0644\u062e\u0627\u0636\u0639\u064a\u0646 \u0644\u0647\u0630\u0627 \u0627\u0644\u0646\u0648\u0639 \u0645\u0646 \u0627\u0644\u0631\u0639\u0627\u064a\u0629\u060c \u0648\u0646\u0639\u0645\u0644 \u0639\u0644\u0649 \u0636\u0645\u0627\u0646 \u0627\u062d\u062a\u0631\u0627\u0645 \u062d\u0642\u0648\u0642\u0647\u0645. \u0644\u062f\u064a\u0646\u0627 \u062e\u0628\u0631\u0629 \u0637\u0648\u064a\u0644\u0629 \u0641\u064a \u0647\u0630\u0627 \u0627\u0644\u0645\u062c\u0627\u0644\u060c \u0648\u0646\u062d\u0631\u0635 \u0639\u0644\u0649 \u0623\u0646 \u064a\u062a\u0644\u0642\u0649 \u0639\u0645\u0644\u0627\u0624\u0646\u0627 \u0645\u0639\u0627\u0645\u0644\u0629 \u0642\u0627\u0646\u0648\u0646\u064a\u0629 \u0639\u0627\u062f\u0644\u0629\u060c \u0645\u0639 \u0645\u0631\u0627\u062c\u0639\u0629 \u062f\u0642\u064a\u0642\u0629 \u0644\u0645\u0627 \u0625\u0630\u0627 \u0643\u0627\u0646\u062a \u0634\u0631\u0648\u0637 \u0641\u0631\u0636 \u0627\u0644\u0631\u0639\u0627\u064a\u0629 \u0627\u0644\u0642\u0633\u0631\u064a\u0629 \u0645\u0633\u062a\u0648\u0641\u0627\u0629 \u0628\u0627\u0644\u0641\u0639\u0644.<\/p><\/div><\/div><\/div><\/div>\t\t\t\t\t\t\t\t<\/div>\n\t\t\t\t<\/div>\n\t\t\t\t<div class=\"elementor-element elementor-element-6091ecd elementor-align-left elementor-widget elementor-widget-button\" data-id=\"6091ecd\" data-element_type=\"widget\" data-e-type=\"widget\" data-widget_type=\"button.default\">\n\t\t\t\t<div class=\"elementor-widget-container\">\n\t\t\t\t\t\t\t\t\t<div class=\"elementor-button-wrapper\">\n\t\t\t\t\t<a class=\"elementor-button elementor-button-link elementor-size-sm\" href=\"https:\/\/advokatavans.se\/ar\/vara-rattsomraden\/\" rel=\"nofollow\">\n\t\t\t\t\t\t<span class=\"elementor-button-content-wrapper\">\n\t\t\t\t\t\t\t\t\t<span class=\"elementor-button-text\">\u062a\u0648\u0627\u0635\u0644 \u0645\u0639\u0646\u0627<\/span>\n\t\t\t\t\t<\/span>\n\t\t\t\t\t<\/a>\n\t\t\t\t<\/div>\n\t\t\t\t\t\t\t\t<\/div>\n\t\t\t\t<\/div>\n\t\t\t\t<\/div>\n\t\t\t\t<\/div>\n\t\t\t\t\t<\/div>\n\t\t\t\t<\/div>\n\t\t\t\t<\/div>","protected":false},"excerpt":{"rendered":"<p>Tv\u00e5ngsm\u00e5l I de fall myndigheter beslutar om tv\u00e5ngsv\u00e5rd har den enskilde r\u00e4tt till ett offentligt bitr\u00e4de. Att v\u00e5rdas med tv\u00e5ng \u00e4r ett stort ingripande f\u00f6r den enskilde och det \u00e4r d\u00e4rf\u00f6r viktigt att du har ett offentligt bitr\u00e4de som du k\u00e4nner f\u00f6rtroende f\u00f6r. Det \u00e4r domstolen som f\u00f6rordnar det offentliga bitr\u00e4det men du som enskild [&hellip;]<\/p>\n","protected":false},"author":1,"featured_media":2098,"parent":0,"menu_order":0,"comment_status":"closed","ping_status":"closed","template":"elementor_header_footer","meta":{"footnotes":""},"class_list":["post-1573","page","type-page","status-publish","has-post-thumbnail","hentry"],"yoast_head":"<!-- This site is optimized with the Yoast SEO plugin v27.3 - https:\/\/yoast.com\/product\/yoast-seo-wordpress\/ -->\n<title>Advokatfirman Avans - Tv\u00e5ngsm\u00e5l<\/title>\n<meta name=\"description\" content=\"F\u00e5 juridiskt st\u00f6d inom LVU och LPT. Vi s\u00e4kerst\u00e4ller r\u00e4ttigheter i tv\u00e5ngsv\u00e5rds\u00e4renden med erfarenhet och engagemang.\" \/>\n<meta name=\"robots\" content=\"index, follow, max-snippet:-1, max-image-preview:large, max-video-preview:-1\" \/>\n<link rel=\"canonical\" href=\"https:\/\/advokatavans.se\/ar\/tvangsmal\/\" \/>\n<meta property=\"og:locale\" content=\"ar_AR\" \/>\n<meta property=\"og:type\" content=\"article\" \/>\n<meta property=\"og:title\" content=\"Tv\u00e5ngsm\u00e5l\" \/>\n<meta property=\"og:description\" content=\"F\u00e5 juridiskt st\u00f6d inom LVU och LPT. Vi s\u00e4kerst\u00e4ller r\u00e4ttigheter i tv\u00e5ngsv\u00e5rds\u00e4renden med erfarenhet och engagemang.\" \/>\n<meta property=\"og:url\" content=\"https:\/\/advokatavans.se\/ar\/tvangsmal\/\" \/>\n<meta property=\"og:site_name\" content=\"Advokatfirman Avans\" \/>\n<meta property=\"article:publisher\" content=\"https:\/\/www.facebook.com\/profile.php?id=61565887347409\" \/>\n<meta property=\"article:modified_time\" content=\"2026-03-10T08:10:35+00:00\" \/>\n<meta property=\"og:image\" content=\"http:\/\/media1.advokatavans.se\/2024\/10\/Advokatfirman-Avans-Sociala-Medier-2-1.png\" \/>\n\t<meta property=\"og:image:width\" content=\"707\" \/>\n\t<meta property=\"og:image:height\" content=\"500\" \/>\n\t<meta property=\"og:image:type\" content=\"image\/png\" \/>\n<meta name=\"twitter:card\" content=\"summary_large_image\" \/>\n<meta name=\"twitter:title\" content=\"Tv\u00e5ngsm\u00e5l\" \/>\n<meta name=\"twitter:description\" content=\"F\u00e5 juridiskt st\u00f6d inom LVU och LPT. Vi s\u00e4kerst\u00e4ller r\u00e4ttigheter i tv\u00e5ngsv\u00e5rds\u00e4renden med erfarenhet och engagemang.\" \/>\n<meta name=\"twitter:image\" content=\"https:\/\/media1.advokatavans.se\/2024\/10\/Advokatfirman-Avans-Sociala-Medier-2-1.png\" \/>\n<meta name=\"twitter:label1\" content=\"\u0648\u0642\u062a \u0627\u0644\u0642\u0631\u0627\u0621\u0629 \u0627\u0644\u0645\u064f\u0642\u062f\u0651\u0631\" \/>\n\t<meta name=\"twitter:data1\" content=\"3 \u062f\u0642\u0627\u0626\u0642\" \/>\n<script type=\"application\/ld+json\" class=\"yoast-schema-graph\">{\"@context\":\"https:\\\/\\\/schema.org\",\"@graph\":[{\"@type\":\"WebPage\",\"@id\":\"https:\\\/\\\/advokatavans.se\\\/tvangsmal\\\/\",\"url\":\"https:\\\/\\\/advokatavans.se\\\/tvangsmal\\\/\",\"name\":\"Advokatfirman Avans - Tv\u00e5ngsm\u00e5l\",\"isPartOf\":{\"@id\":\"https:\\\/\\\/advokatavans.se\\\/#website\"},\"primaryImageOfPage\":{\"@id\":\"https:\\\/\\\/advokatavans.se\\\/tvangsmal\\\/#primaryimage\"},\"image\":{\"@id\":\"https:\\\/\\\/advokatavans.se\\\/tvangsmal\\\/#primaryimage\"},\"thumbnailUrl\":\"https:\\\/\\\/media1.advokatavans.se\\\/2024\\\/10\\\/Advokatfirman-Avans-Sociala-Medier-2-1.png\",\"datePublished\":\"2024-10-03T16:45:17+00:00\",\"dateModified\":\"2026-03-10T08:10:35+00:00\",\"description\":\"F\u00e5 juridiskt st\u00f6d inom LVU och LPT. Vi s\u00e4kerst\u00e4ller r\u00e4ttigheter i tv\u00e5ngsv\u00e5rds\u00e4renden med erfarenhet och engagemang.\",\"breadcrumb\":{\"@id\":\"https:\\\/\\\/advokatavans.se\\\/tvangsmal\\\/#breadcrumb\"},\"inLanguage\":\"ar\",\"potentialAction\":[{\"@type\":\"ReadAction\",\"target\":[\"https:\\\/\\\/advokatavans.se\\\/tvangsmal\\\/\"]}]},{\"@type\":\"ImageObject\",\"inLanguage\":\"ar\",\"@id\":\"https:\\\/\\\/advokatavans.se\\\/tvangsmal\\\/#primaryimage\",\"url\":\"https:\\\/\\\/media1.advokatavans.se\\\/2024\\\/10\\\/Advokatfirman-Avans-Sociala-Medier-2-1.png\",\"contentUrl\":\"https:\\\/\\\/media1.advokatavans.se\\\/2024\\\/10\\\/Advokatfirman-Avans-Sociala-Medier-2-1.png\",\"width\":707,\"height\":500,\"caption\":\"Denna bild visas f\u00f6r Advokatfirman Avans sociala medie profiler\"},{\"@type\":\"BreadcrumbList\",\"@id\":\"https:\\\/\\\/advokatavans.se\\\/tvangsmal\\\/#breadcrumb\",\"itemListElement\":[{\"@type\":\"ListItem\",\"position\":1,\"name\":\"Hem\",\"item\":\"https:\\\/\\\/advokatavans.se\\\/\"},{\"@type\":\"ListItem\",\"position\":2,\"name\":\"Tv\u00e5ngsm\u00e5l\"}]},{\"@type\":\"WebSite\",\"@id\":\"https:\\\/\\\/advokatavans.se\\\/#website\",\"url\":\"https:\\\/\\\/advokatavans.se\\\/\",\"name\":\"Advokatfirman Avans\",\"description\":\"Din v\u00e4g till r\u00e4ttvisa \u2013 Vi st\u00e5r vid din sida.\",\"publisher\":{\"@id\":\"https:\\\/\\\/advokatavans.se\\\/#organization\"},\"alternateName\":\"Advokatfirman Avans\",\"potentialAction\":[{\"@type\":\"SearchAction\",\"target\":{\"@type\":\"EntryPoint\",\"urlTemplate\":\"https:\\\/\\\/advokatavans.se\\\/?s={search_term_string}\"},\"query-input\":{\"@type\":\"PropertyValueSpecification\",\"valueRequired\":true,\"valueName\":\"search_term_string\"}}],\"inLanguage\":\"ar\"},{\"@type\":\"Organization\",\"@id\":\"https:\\\/\\\/advokatavans.se\\\/#organization\",\"name\":\"Advokatfirman Avans\",\"alternateName\":\"Advokatfirman Avans\",\"url\":\"https:\\\/\\\/advokatavans.se\\\/\",\"logo\":{\"@type\":\"ImageObject\",\"inLanguage\":\"ar\",\"@id\":\"https:\\\/\\\/advokatavans.se\\\/#\\\/schema\\\/logo\\\/image\\\/\",\"url\":\"https:\\\/\\\/media1.advokatavans.se\\\/2020\\\/03\\\/Logga-svart-liten.png\",\"contentUrl\":\"https:\\\/\\\/media1.advokatavans.se\\\/2020\\\/03\\\/Logga-svart-liten.png\",\"width\":300,\"height\":134,\"caption\":\"Advokatfirman Avans\"},\"image\":{\"@id\":\"https:\\\/\\\/advokatavans.se\\\/#\\\/schema\\\/logo\\\/image\\\/\"},\"sameAs\":[\"https:\\\/\\\/www.facebook.com\\\/profile.php?id=61565887347409\",\"https:\\\/\\\/www.instagram.com\\\/advokatavans\\\/\"]}]}<\/script>\n<!-- \/ Yoast SEO plugin. -->","yoast_head_json":{"title":"Advokatfirman Avans - Tv\u00e5ngsm\u00e5l","description":"F\u00e5 juridiskt st\u00f6d inom LVU och LPT. Vi s\u00e4kerst\u00e4ller r\u00e4ttigheter i tv\u00e5ngsv\u00e5rds\u00e4renden med erfarenhet och engagemang.","robots":{"index":"index","follow":"follow","max-snippet":"max-snippet:-1","max-image-preview":"max-image-preview:large","max-video-preview":"max-video-preview:-1"},"canonical":"https:\/\/advokatavans.se\/ar\/tvangsmal\/","og_locale":"ar_AR","og_type":"article","og_title":"Tv\u00e5ngsm\u00e5l","og_description":"F\u00e5 juridiskt st\u00f6d inom LVU och LPT. Vi s\u00e4kerst\u00e4ller r\u00e4ttigheter i tv\u00e5ngsv\u00e5rds\u00e4renden med erfarenhet och engagemang.","og_url":"https:\/\/advokatavans.se\/ar\/tvangsmal\/","og_site_name":"Advokatfirman Avans","article_publisher":"https:\/\/www.facebook.com\/profile.php?id=61565887347409","article_modified_time":"2026-03-10T08:10:35+00:00","og_image":[{"width":707,"height":500,"url":"http:\/\/media1.advokatavans.se\/2024\/10\/Advokatfirman-Avans-Sociala-Medier-2-1.png","type":"image\/png"}],"twitter_card":"summary_large_image","twitter_title":"Tv\u00e5ngsm\u00e5l","twitter_description":"F\u00e5 juridiskt st\u00f6d inom LVU och LPT. Vi s\u00e4kerst\u00e4ller r\u00e4ttigheter i tv\u00e5ngsv\u00e5rds\u00e4renden med erfarenhet och engagemang.","twitter_image":"https:\/\/media1.advokatavans.se\/2024\/10\/Advokatfirman-Avans-Sociala-Medier-2-1.png","twitter_misc":{"\u0648\u0642\u062a \u0627\u0644\u0642\u0631\u0627\u0621\u0629 \u0627\u0644\u0645\u064f\u0642\u062f\u0651\u0631":"3 \u062f\u0642\u0627\u0626\u0642"},"schema":{"@context":"https:\/\/schema.org","@graph":[{"@type":"WebPage","@id":"https:\/\/advokatavans.se\/tvangsmal\/","url":"https:\/\/advokatavans.se\/tvangsmal\/","name":"Advokatfirman Avans - Tv\u00e5ngsm\u00e5l","isPartOf":{"@id":"https:\/\/advokatavans.se\/#website"},"primaryImageOfPage":{"@id":"https:\/\/advokatavans.se\/tvangsmal\/#primaryimage"},"image":{"@id":"https:\/\/advokatavans.se\/tvangsmal\/#primaryimage"},"thumbnailUrl":"https:\/\/media1.advokatavans.se\/2024\/10\/Advokatfirman-Avans-Sociala-Medier-2-1.png","datePublished":"2024-10-03T16:45:17+00:00","dateModified":"2026-03-10T08:10:35+00:00","description":"F\u00e5 juridiskt st\u00f6d inom LVU och LPT. Vi s\u00e4kerst\u00e4ller r\u00e4ttigheter i tv\u00e5ngsv\u00e5rds\u00e4renden med erfarenhet och engagemang.","breadcrumb":{"@id":"https:\/\/advokatavans.se\/tvangsmal\/#breadcrumb"},"inLanguage":"ar","potentialAction":[{"@type":"ReadAction","target":["https:\/\/advokatavans.se\/tvangsmal\/"]}]},{"@type":"ImageObject","inLanguage":"ar","@id":"https:\/\/advokatavans.se\/tvangsmal\/#primaryimage","url":"https:\/\/media1.advokatavans.se\/2024\/10\/Advokatfirman-Avans-Sociala-Medier-2-1.png","contentUrl":"https:\/\/media1.advokatavans.se\/2024\/10\/Advokatfirman-Avans-Sociala-Medier-2-1.png","width":707,"height":500,"caption":"Denna bild visas f\u00f6r Advokatfirman Avans sociala medie profiler"},{"@type":"BreadcrumbList","@id":"https:\/\/advokatavans.se\/tvangsmal\/#breadcrumb","itemListElement":[{"@type":"ListItem","position":1,"name":"Hem","item":"https:\/\/advokatavans.se\/"},{"@type":"ListItem","position":2,"name":"Tv\u00e5ngsm\u00e5l"}]},{"@type":"WebSite","@id":"https:\/\/advokatavans.se\/#website","url":"https:\/\/advokatavans.se\/","name":"Advokatfirman Avans","description":"Din v\u00e4g till r\u00e4ttvisa \u2013 Vi st\u00e5r vid din sida.","publisher":{"@id":"https:\/\/advokatavans.se\/#organization"},"alternateName":"Advokatfirman Avans","potentialAction":[{"@type":"SearchAction","target":{"@type":"EntryPoint","urlTemplate":"https:\/\/advokatavans.se\/?s={search_term_string}"},"query-input":{"@type":"PropertyValueSpecification","valueRequired":true,"valueName":"search_term_string"}}],"inLanguage":"ar"},{"@type":"Organization","@id":"https:\/\/advokatavans.se\/#organization","name":"Advokatfirman Avans","alternateName":"Advokatfirman Avans","url":"https:\/\/advokatavans.se\/","logo":{"@type":"ImageObject","inLanguage":"ar","@id":"https:\/\/advokatavans.se\/#\/schema\/logo\/image\/","url":"https:\/\/media1.advokatavans.se\/2020\/03\/Logga-svart-liten.png","contentUrl":"https:\/\/media1.advokatavans.se\/2020\/03\/Logga-svart-liten.png","width":300,"height":134,"caption":"Advokatfirman Avans"},"image":{"@id":"https:\/\/advokatavans.se\/#\/schema\/logo\/image\/"},"sameAs":["https:\/\/www.facebook.com\/profile.php?id=61565887347409","https:\/\/www.instagram.com\/advokatavans\/"]}]}},"_links":{"self":[{"href":"https:\/\/advokatavans.se\/ar\/wp-json\/wp\/v2\/pages\/1573","targetHints":{"allow":["GET"]}}],"collection":[{"href":"https:\/\/advokatavans.se\/ar\/wp-json\/wp\/v2\/pages"}],"about":[{"href":"https:\/\/advokatavans.se\/ar\/wp-json\/wp\/v2\/types\/page"}],"author":[{"embeddable":true,"href":"https:\/\/advokatavans.se\/ar\/wp-json\/wp\/v2\/users\/1"}],"replies":[{"embeddable":true,"href":"https:\/\/advokatavans.se\/ar\/wp-json\/wp\/v2\/comments?post=1573"}],"version-history":[{"count":23,"href":"https:\/\/advokatavans.se\/ar\/wp-json\/wp\/v2\/pages\/1573\/revisions"}],"predecessor-version":[{"id":3049,"href":"https:\/\/advokatavans.se\/ar\/wp-json\/wp\/v2\/pages\/1573\/revisions\/3049"}],"wp:featuredmedia":[{"embeddable":true,"href":"https:\/\/advokatavans.se\/ar\/wp-json\/wp\/v2\/media\/2098"}],"wp:attachment":[{"href":"https:\/\/advokatavans.se\/ar\/wp-json\/wp\/v2\/media?parent=1573"}],"curies":[{"name":"wp","href":"https:\/\/api.w.org\/{rel}","templated":true}]}}