{"id":1569,"date":"2024-10-03T16:44:55","date_gmt":"2024-10-03T16:44:55","guid":{"rendered":"https:\/\/advokatavans.se\/?page_id=1569"},"modified":"2026-03-10T08:09:47","modified_gmt":"2026-03-10T08:09:47","slug":"brottmal","status":"publish","type":"page","link":"https:\/\/advokatavans.se\/ar\/brottmal\/","title":{"rendered":"\u0627\u0644\u0642\u0627\u0646\u0648\u0646 \u0627\u0644\u062c\u0646\u0627\u0626\u064a\u00a0"},"content":{"rendered":"<div data-elementor-type=\"wp-page\" data-elementor-id=\"1569\" class=\"elementor elementor-1569\" data-elementor-post-type=\"page\">\n\t\t\t\t<div class=\"elementor-element elementor-element-5b24d81 e-flex e-con-boxed e-con e-parent\" data-id=\"5b24d81\" data-element_type=\"container\" data-e-type=\"container\">\n\t\t\t\t\t<div class=\"e-con-inner\">\n\t\t<div class=\"elementor-element elementor-element-235d4f3 e-con-full e-flex e-con e-child\" data-id=\"235d4f3\" data-element_type=\"container\" data-e-type=\"container\" data-settings=\"{&quot;background_background&quot;:&quot;classic&quot;}\">\n\t\t<div class=\"elementor-element elementor-element-4564ce7 e-con-full e-flex e-con e-child\" data-id=\"4564ce7\" data-element_type=\"container\" data-e-type=\"container\">\n\t\t\t\t<div class=\"elementor-element elementor-element-bafcbe1 elementor-widget elementor-widget-heading\" data-id=\"bafcbe1\" data-element_type=\"widget\" data-e-type=\"widget\" data-widget_type=\"heading.default\">\n\t\t\t\t<div class=\"elementor-widget-container\">\n\t\t\t\t\t<h1 class=\"elementor-heading-title elementor-size-default\">\u0627\u0644\u0642\u0627\u0646\u0648\u0646 \u0627\u0644\u062c\u0646\u0627\u0626\u064a\u00a0<\/h1>\t\t\t\t<\/div>\n\t\t\t\t<\/div>\n\t\t\t\t<div class=\"elementor-element elementor-element-a6b687d elementor-widget elementor-widget-text-editor\" data-id=\"a6b687d\" data-element_type=\"widget\" data-e-type=\"widget\" data-widget_type=\"text-editor.default\">\n\t\t\t\t<div class=\"elementor-widget-container\">\n\t\t\t\t\t\t\t\t\t<div><div><div><div><p>\u064a\u062a\u0645\u062a\u0639 \u0645\u0643\u062a\u0628\u0646\u0627 \u0628\u062e\u0628\u0631\u0629 \u0648\u0627\u0633\u0639\u0629 \u0636\u0645\u0646 \u0645\u062c\u0627\u0644 \u0627\u0644\u0642\u0627\u0646\u0648\u0646 \u0627\u0644\u062c\u0646\u0627\u0626\u064a\u060c \u0648\u0646\u062a\u0648\u0644\u0649 \u0645\u0647\u0627\u0645 \u0627\u0644\u062f\u0641\u0627\u0639 \u0639\u0646 \u0627\u0644\u0645\u062a\u0647\u0645\u064a\u0646\u060c \u0648\u062a\u0645\u062b\u064a\u0644 \u0627\u0644\u0636\u062d\u0627\u064a\u0627\u060c \u0648\u0643\u0630\u0644\u0643 \u0627\u0644\u0639\u0645\u0644 \u0643\u0645\u0645\u062b\u0644 \u062e\u0627\u0635 \u0644\u0644\u0623\u0637\u0641\u0627\u0644.<\/p><p>\u0643\u0645\u0627 \u064a\u0645\u0643\u0646\u0646\u0627 \u062a\u0642\u062f\u064a\u0645 \u0645\u0633\u0627\u0639\u062f\u0629 \u0642\u0627\u0646\u0648\u0646\u064a\u0629 \u0628\u0627\u0644\u0644\u063a\u0629 \u0627\u0644\u0639\u0631\u0628\u064a\u0629.<\/p><h5><strong>\u0647\u0644 \u0623\u0646\u062a \u0645\u0634\u062a\u0628\u0647 \u0628\u0627\u0631\u062a\u0643\u0627\u0628 \u062c\u0631\u064a\u0645\u0629\u061f<\/strong><\/h5><p>\u0628\u0635\u0641\u062a\u0646\u0627 \u0645\u062d\u0627\u0645\u064a\u0646 \u0644\u0644\u062f\u0641\u0627\u0639\u060c \u0646\u0645\u062b\u0644 \u0627\u0644\u0639\u0645\u0644\u0627\u0621 \u0627\u0644\u0645\u062a\u0647\u0645\u064a\u0646 \u0628\u0627\u0631\u062a\u0643\u0627\u0628 \u062c\u0631\u0627\u0626\u0645 \u0648\u0627\u0644\u0630\u064a\u0646 \u0642\u0627\u0645\u062a \u0627\u0644\u0645\u062d\u0643\u0645\u0629 \u0628\u062a\u0639\u064a\u064a\u0646 \u0645\u062d\u0627\u0645\u064d \u0644\u0647\u0645. \u0644\u062f\u064a\u0643 \u0627\u0644\u062d\u0642 \u0641\u064a \u0637\u0644\u0628 \u0645\u0643\u062a\u0628 \u0645\u062d\u0627\u0645\u0627\u0629 \u0648\u0645\u062d\u0627\u0645\u064d \u0645\u062d\u062f\u062f \u0644\u062a\u0645\u062b\u064a\u0644\u0643\u060c \u0648\u0630\u0644\u0643 \u0645\u0646 \u062e\u0644\u0627\u0644 \u0625\u0628\u0644\u0627\u063a \u0627\u0644\u0634\u0631\u0637\u0629 \u0623\u0648 \u0627\u0644\u0645\u062f\u0639\u064a \u0627\u0644\u0639\u0627\u0645 \u0628\u0627\u0644\u0634\u062e\u0635 \u0627\u0644\u0630\u064a \u062a\u0641\u0636\u0651\u0644\u0647. \u062a\u062a\u0645\u062b\u0644 \u0645\u0647\u0645\u062a\u0646\u0627 \u0641\u064a \u0636\u0645\u0627\u0646 \u0627\u0644\u062d\u0641\u0627\u0638 \u0639\u0644\u0649 \u062d\u0642\u0648\u0642 \u0627\u0644\u0639\u0645\u064a\u0644 \u0648\u062d\u0635\u0648\u0644\u0647 \u0639\u0644\u0649 \u0645\u0639\u0627\u0645\u0644\u0629 \u0639\u0627\u062f\u0644\u0629 \u0648\u0635\u062d\u064a\u062d\u0629 \u0637\u0648\u0627\u0644 \u0633\u064a\u0631 \u0627\u0644\u0625\u062c\u0631\u0627\u0621\u0627\u062a \u0627\u0644\u0642\u0627\u0646\u0648\u0646\u064a\u0629. \u0648\u0625\u0630\u0627 \u0644\u0645 \u064a\u0643\u0646 \u0644\u062f\u064a\u0643 \u0627\u0644\u062d\u0642 \u0641\u064a \u0645\u062d\u0627\u0645\u064d \u0639\u0627\u0645\u060c \u064a\u0645\u0643\u0646\u0643 \u062f\u0627\u0626\u0645\u064b\u0627 \u0627\u0644\u0627\u0633\u062a\u0639\u0627\u0646\u0629 \u0628\u0645\u062d\u0627\u0645\u064d \u062e\u0627\u0635 \u0639\u0644\u0649 \u062d\u0633\u0627\u0628\u0643.<\/p><p>\u0646\u062d\u0646 \u0646\u062a\u0645\u0644\u0643 \u062e\u0628\u0631\u0629 \u0637\u0648\u064a\u0644\u0629 \u0641\u064a \u0627\u0644\u0639\u0645\u0644 \u0643\u0645\u062d\u0627\u0645\u064d \u0644\u0644\u062f\u0641\u0627\u0639 \u060c \u0648\u0646\u0639\u0645\u0644 \u0628\u062f\u0642\u0629 \u0648\u0646\u0632\u0627\u0647\u0629 \u0644\u062d\u0645\u0627\u064a\u0629 \u0645\u0635\u0627\u0644\u062d \u0639\u0645\u0644\u0627\u0626\u0646\u0627. \u0648\u0645\u0646 \u062e\u0644\u0627\u0644 \u0643\u0641\u0627\u0621\u062a\u0646\u0627 \u0627\u0644\u0639\u0627\u0644\u064a\u0629 \u0648\u062a\u0639\u0627\u0645\u0644\u0646\u0627 \u0627\u0644\u0645\u0647\u0646\u064a\u060c \u0646\u0633\u0639\u0649 \u0644\u062a\u062d\u0642\u064a\u0642 \u0623\u0641\u0636\u0644 \u0646\u062a\u064a\u062c\u0629 \u0645\u0645\u0643\u0646\u0629 \u0644\u0639\u0645\u0644\u0627\u0626\u0646\u0627. \u0646\u062d\u0646 \u0646\u0636\u0639 \u062f\u0627\u0626\u0645\u064b\u0627 \u0627\u062d\u062a\u064a\u0627\u062c\u0627\u062a \u0648\u062d\u0642\u0648\u0642 \u0627\u0644\u0639\u0645\u064a\u0644 \u0641\u064a \u0627\u0644\u0645\u0642\u0627\u0645 \u0627\u0644\u0623\u0648\u0644\u060c \u0648\u0646\u0643\u0648\u0646 \u0625\u0644\u0649 \u062c\u0627\u0646\u0628\u0647 \u0644\u062a\u0642\u062f\u064a\u0645 \u0627\u0644\u0625\u0631\u0634\u0627\u062f \u0648\u0627\u0644\u062f\u0639\u0645 \u0648\u0627\u0644\u062a\u0645\u062b\u064a\u0644 \u0627\u0644\u0645\u0647\u0646\u064a.<\/p><h5><strong>\u0647\u0644 \u0623\u0646\u062a \u0636\u062d\u064a\u0629 \u062c\u0631\u064a\u0645\u0629\u061f<\/strong><\/h5><p>\u0625\u0630\u0627 \u062a\u0639\u0631\u0636\u062a \u0644\u062c\u0631\u064a\u0645\u0629 \u060c \u0641\u0644\u062f\u064a\u0643 \u0627\u0644\u062d\u0642 \u0641\u064a \u0627\u0644\u062d\u0635\u0648\u0644 \u0639\u0644\u0649 \u0645\u062d\u0627\u0645\u064d \u064a\u0645\u062b\u0644\u0643\u060c \u064a\u0631\u0627\u0641\u0642\u0643 \u0642\u0628\u0644 \u0648\u0623\u062b\u0646\u0627\u0621 \u0648\u0628\u0639\u062f \u0627\u0644\u0645\u062d\u0627\u0643\u0645\u0629. \u0628\u0635\u0641\u062a\u0646\u0627 \u0645\u0645\u062b\u0644\u064a\u0646 \u0644\u0644\u0636\u062d\u0627\u064a\u0627\u060c \u0646\u0642\u0648\u0645 \u0628\u062f\u0639\u0645\u0647\u0645 \u062e\u0644\u0627\u0644 \u0627\u0644\u0625\u062c\u0631\u0627\u0621\u0627\u062a \u0627\u0644\u0642\u0627\u0646\u0648\u0646\u064a\u0629 \u0648\u0646\u0639\u0645\u0644 \u0639\u0644\u0649 \u0625\u064a\u0635\u0627\u0644 \u0635\u0648\u062a\u0647\u0645. \u062a\u0634\u0645\u0644 \u0645\u0647\u0645\u062a\u0646\u0627 \u062a\u0642\u062f\u064a\u0645 \u0627\u0644\u062f\u0639\u0645 \u0648\u0627\u0644\u0645\u0634\u0648\u0631\u0629\u060c \u0648\u0627\u0644\u0645\u0633\u0627\u0639\u062f\u0629 \u0641\u064a \u0642\u0636\u0627\u064a\u0627 \u0627\u0644\u062a\u0639\u0648\u064a\u0636\u060c \u0648\u0636\u0645\u0627\u0646 \u062d\u0645\u0627\u064a\u0629 \u062d\u0642\u0648\u0642 \u0627\u0644\u0639\u0645\u064a\u0644. \u0644\u062f\u064a\u0646\u0627 \u062e\u0628\u0631\u0629 \u0648\u0627\u0633\u0639\u0629 \u0641\u064a \u0647\u0630\u0627 \u0627\u0644\u0645\u062c\u0627\u0644\u060c \u0648\u0646\u062f\u0631\u0643 \u0623\u0647\u0645\u064a\u0629 \u062e\u0644\u0642 \u0634\u0639\u0648\u0631 \u0628\u0627\u0644\u0623\u0645\u0627\u0646 \u0648\u0627\u0644\u062b\u0642\u0629 \u0644\u062f\u0649 \u0639\u0645\u0644\u0627\u0626\u0646\u0627.<\/p><h5><strong>\u0647\u0644 \u062a\u0639\u0631\u0636 \u0637\u0641\u0644 \u0644\u062c\u0631\u064a\u0645\u0629\u061f<\/strong><\/h5><p>\u0625\u0630\u0627 \u062a\u0639\u0631\u0636 \u0637\u0641\u0644 \u0644\u062c\u0631\u064a\u0645\u0629\u060c \u064a\u062c\u0628 \u062a\u0639\u064a\u064a\u0646 \u0645\u0645\u062b\u0644 \u062e\u0627\u0635 \u0644\u0647\u060c \u0648\u0630\u0644\u0643 \u0641\u064a \u0627\u0644\u062d\u0627\u0644\u0627\u062a \u0627\u0644\u062a\u064a \u064a\u0643\u0648\u0646 \u0641\u064a\u0647\u0627 \u0623\u062d\u062f \u0623\u0648\u0644\u064a\u0627\u0621 \u0627\u0644\u0623\u0645\u0648\u0631 \u0645\u0634\u062a\u0628\u0647\u064b\u0627 \u0628\u0647\u060c \u0623\u0648 \u0625\u0630\u0627 \u0643\u0627\u0646\u062a \u0639\u0644\u0627\u0642\u0629 \u0648\u0644\u064a \u0627\u0644\u0623\u0645\u0631 \u0628\u0627\u0644\u0645\u0634\u062a\u0628\u0647 \u0628\u0647 \u0642\u062f \u062a\u0624\u062b\u0631 \u0639\u0644\u0649 \u0627\u0644\u0637\u0641\u0644. \u0641\u064a \u0647\u0630\u0647 \u0627\u0644\u062d\u0627\u0644\u0629\u060c \u064a\u062a\u0648\u0644\u0649 \u0627\u0644\u0645\u0645\u062b\u0644 \u0627\u0644\u062e\u0627\u0635 \u0627\u062a\u062e\u0627\u0630 \u0627\u0644\u0642\u0631\u0627\u0631\u0627\u062a \u0646\u064a\u0627\u0628\u0629\u064b \u0639\u0646 \u0648\u0644\u064a \u0627\u0644\u0623\u0645\u0631 \u0641\u064a\u0645\u0627 \u064a\u062a\u0639\u0644\u0642 \u0628\u0627\u0644\u0625\u062c\u0631\u0627\u0621\u0627\u062a \u0627\u0644\u0642\u0627\u0646\u0648\u0646\u064a\u0629. \u0648\u0648\u0641\u0642\u064b\u0627 \u0644\u0644\u0642\u0627\u0646\u0648\u0646\u060c \u064a\u064f\u0639\u062a\u0628\u0631 \u0643\u0644 \u0645\u0646 \u0647\u0648 \u062f\u0648\u0646 18 \u0639\u0627\u0645\u064b\u0627 \u0637\u0641\u0644\u064b\u0627.\u00a0<\/p><p>\u0628\u0635\u0641\u062a\u0646\u0627 \u0645\u0645\u062b\u0644\u064a\u0646 \u062e\u0627\u0635\u064a\u0646 \u0644\u0644\u0623\u0637\u0641\u0627\u0644\u060c \u0646\u0642\u062f\u0645 \u0627\u0644\u062f\u0639\u0645 \u062e\u0644\u0627\u0644 \u0645\u0631\u062d\u0644\u0629 \u0627\u0644\u062a\u062d\u0642\u064a\u0642 \u0648\u0627\u0644\u0645\u062d\u0627\u0643\u0645\u0629\u060c \u0648\u0646\u0634\u0627\u0631\u0643 \u0641\u064a \u062c\u0644\u0633\u0627\u062a \u0627\u0644\u0627\u0633\u062a\u062c\u0648\u0627\u0628 \u0648\u0627\u0644\u0641\u062d\u0648\u0635\u0627\u062a \u0627\u0644\u0637\u0628\u064a\u0629 \u0648\u063a\u064a\u0631\u0647\u0627 \u0628\u062f\u0644\u064b\u0627 \u0645\u0646 \u0648\u0644\u064a \u0627\u0644\u0623\u0645\u0631\u060c \u0628\u0647\u062f\u0641 \u062a\u0642\u0644\u064a\u0644 \u0627\u0644\u0636\u063a\u0637 \u0639\u0644\u0649 \u0627\u0644\u0637\u0641\u0644.<\/p><p>\u062a\u062a\u0637\u0644\u0628 \u0627\u0644\u0642\u0636\u0627\u064a\u0627 \u0627\u0644\u062c\u0646\u0627\u0626\u064a\u0629 \u0627\u0644\u062a\u064a \u064a\u0643\u0648\u0646 \u0641\u064a\u0647\u0627 \u0627\u0644\u0623\u0637\u0641\u0627\u0644 \u0623\u0637\u0631\u0627\u0641\u064b\u0627 \u0639\u0646\u0627\u064a\u0629 \u0648\u062e\u0628\u0631\u0629 \u062e\u0627\u0635\u0629. \u0648\u0628\u0635\u0641\u062a\u0646\u0627 \u0645\u0645\u062b\u0644\u064a\u0646 \u062e\u0627\u0635\u064a\u0646 \u0644\u0644\u0623\u0637\u0641\u0627\u0644\u060c \u0646\u0639\u0645\u0644 \u0639\u0644\u0649 \u062d\u0645\u0627\u064a\u0629 \u062d\u0642\u0648\u0642 \u0627\u0644\u0637\u0641\u0644 \u0648\u0636\u0645\u0627\u0646 \u0627\u0644\u062a\u0639\u0627\u0645\u0644 \u0645\u0639\u0647 \u0628\u0637\u0631\u064a\u0642\u0629 \u0642\u0627\u0646\u0648\u0646\u064a\u0629 \u0639\u0627\u062f\u0644\u0629 \u0648\u0622\u0645\u0646\u0629. \u064a\u062a\u0645\u062a\u0639 \u0641\u0631\u064a\u0642\u0646\u0627 \u0628\u0627\u0644\u062e\u0628\u0631\u0629 \u0648\u0627\u0644\u062a\u0639\u0627\u0637\u0641 \u0627\u0644\u0644\u0627\u0632\u0645\u064a\u0646 \u0644\u0644\u062a\u0639\u0627\u0645\u0644 \u0645\u0639 \u0647\u0630\u0647 \u0627\u0644\u0642\u0636\u0627\u064a\u0627 \u0628\u062d\u0633\u0627\u0633\u064a\u0629 \u0648\u0645\u0647\u0646\u064a\u0629 \u0639\u0627\u0644\u064a\u0629\u060c \u0645\u0639 \u0648\u0636\u0639 \u0645\u0635\u0644\u062d\u0629 \u0627\u0644\u0637\u0641\u0644 \u062f\u0627\u0626\u0645\u064b\u0627 \u0641\u064a \u0627\u0644\u0645\u0642\u0627\u0645 \u0627\u0644\u0623\u0648\u0644.<\/p><\/div><\/div><\/div><\/div>\t\t\t\t\t\t\t\t<\/div>\n\t\t\t\t<\/div>\n\t\t\t\t<div class=\"elementor-element elementor-element-aacb4ca elementor-align-left elementor-widget elementor-widget-button\" data-id=\"aacb4ca\" data-element_type=\"widget\" data-e-type=\"widget\" data-widget_type=\"button.default\">\n\t\t\t\t<div class=\"elementor-widget-container\">\n\t\t\t\t\t\t\t\t\t<div class=\"elementor-button-wrapper\">\n\t\t\t\t\t<a class=\"elementor-button elementor-button-link elementor-size-sm\" href=\"https:\/\/advokatavans.se\/ar\/vara-rattsomraden\/\" rel=\"nofollow\">\n\t\t\t\t\t\t<span class=\"elementor-button-content-wrapper\">\n\t\t\t\t\t\t\t\t\t<span class=\"elementor-button-text\">\u062a\u0648\u0627\u0635\u0644 \u0645\u0639\u0646\u0627<\/span>\n\t\t\t\t\t<\/span>\n\t\t\t\t\t<\/a>\n\t\t\t\t<\/div>\n\t\t\t\t\t\t\t\t<\/div>\n\t\t\t\t<\/div>\n\t\t\t\t<\/div>\n\t\t\t\t<\/div>\n\t\t\t\t\t<\/div>\n\t\t\t\t<\/div>\n\t\t\t\t<\/div>","protected":false},"excerpt":{"rendered":"<p>Brottm\u00e5l Advokatfirman Avans har stor processvana inom straffr\u00e4tt och vi \u00e5tar oss uppdrag som f\u00f6rsvarare, m\u00e5ls\u00e4gandebitr\u00e4de samt s\u00e4rskild f\u00f6retr\u00e4dare f\u00f6r barn. P\u00e5 Advokatfirman Avans kan vi \u00e4ven erbjuda kvalificerad hj\u00e4lp p\u00e5 arabiska. \u00c4r du misst\u00e4nkt f\u00f6r brott? Som offentlig f\u00f6rsvarare f\u00f6retr\u00e4der vi klienter som st\u00e5r anklagade f\u00f6r brott och som blivit tilldelade en f\u00f6rsvarare av [&hellip;]<\/p>\n","protected":false},"author":1,"featured_media":2098,"parent":0,"menu_order":0,"comment_status":"closed","ping_status":"closed","template":"elementor_header_footer","meta":{"footnotes":""},"class_list":["post-1569","page","type-page","status-publish","has-post-thumbnail","hentry"],"yoast_head":"<!-- This site is optimized with the Yoast SEO plugin v27.3 - https:\/\/yoast.com\/product\/yoast-seo-wordpress\/ -->\n<title>Advokatfirman Avans - Brottm\u00e5l<\/title>\n<meta name=\"description\" content=\"Advokatfirman Avans erbjuder juridisk hj\u00e4lp f\u00f6r dig som \u00e4r misst\u00e4nkt, m\u00e5ls\u00e4gande eller vittne i brottm\u00e5l.\" \/>\n<meta name=\"robots\" content=\"index, follow, max-snippet:-1, max-image-preview:large, max-video-preview:-1\" \/>\n<link rel=\"canonical\" href=\"https:\/\/advokatavans.se\/ar\/brottmal\/\" \/>\n<meta property=\"og:locale\" content=\"ar_AR\" \/>\n<meta property=\"og:type\" content=\"article\" \/>\n<meta property=\"og:title\" content=\"Brottm\u00e5l\" \/>\n<meta property=\"og:description\" content=\"Advokatfirman Avans erbjuder juridisk hj\u00e4lp f\u00f6r dig som \u00e4r misst\u00e4nkt, m\u00e5ls\u00e4gande eller vittne i brottm\u00e5l.\" \/>\n<meta property=\"og:url\" content=\"https:\/\/advokatavans.se\/ar\/brottmal\/\" \/>\n<meta property=\"og:site_name\" content=\"Advokatfirman Avans\" \/>\n<meta property=\"article:publisher\" content=\"https:\/\/www.facebook.com\/profile.php?id=61565887347409\" \/>\n<meta property=\"article:modified_time\" content=\"2026-03-10T08:09:47+00:00\" \/>\n<meta property=\"og:image\" content=\"http:\/\/media1.advokatavans.se\/2024\/10\/Advokatfirman-Avans-Sociala-Medier-2-1.png\" \/>\n\t<meta property=\"og:image:width\" content=\"707\" \/>\n\t<meta property=\"og:image:height\" content=\"500\" \/>\n\t<meta property=\"og:image:type\" content=\"image\/png\" \/>\n<meta name=\"twitter:card\" content=\"summary_large_image\" \/>\n<meta name=\"twitter:title\" content=\"Brottm\u00e5l\" \/>\n<meta name=\"twitter:description\" content=\"Advokatfirman Avans erbjuder juridisk hj\u00e4lp f\u00f6r dig som \u00e4r misst\u00e4nkt, m\u00e5ls\u00e4gande eller vittne i brottm\u00e5l.\" \/>\n<meta name=\"twitter:image\" content=\"https:\/\/media1.advokatavans.se\/2024\/10\/Advokatfirman-Avans-Sociala-Medier-2-1.png\" \/>\n<meta name=\"twitter:label1\" content=\"\u0648\u0642\u062a \u0627\u0644\u0642\u0631\u0627\u0621\u0629 \u0627\u0644\u0645\u064f\u0642\u062f\u0651\u0631\" \/>\n\t<meta name=\"twitter:data1\" content=\"3 \u062f\u0642\u0627\u0626\u0642\" \/>\n<script type=\"application\/ld+json\" class=\"yoast-schema-graph\">{\"@context\":\"https:\\\/\\\/schema.org\",\"@graph\":[{\"@type\":\"WebPage\",\"@id\":\"https:\\\/\\\/advokatavans.se\\\/brottmal\\\/\",\"url\":\"https:\\\/\\\/advokatavans.se\\\/brottmal\\\/\",\"name\":\"Advokatfirman Avans - Brottm\u00e5l\",\"isPartOf\":{\"@id\":\"https:\\\/\\\/advokatavans.se\\\/#website\"},\"primaryImageOfPage\":{\"@id\":\"https:\\\/\\\/advokatavans.se\\\/brottmal\\\/#primaryimage\"},\"image\":{\"@id\":\"https:\\\/\\\/advokatavans.se\\\/brottmal\\\/#primaryimage\"},\"thumbnailUrl\":\"https:\\\/\\\/media1.advokatavans.se\\\/2024\\\/10\\\/Advokatfirman-Avans-Sociala-Medier-2-1.png\",\"datePublished\":\"2024-10-03T16:44:55+00:00\",\"dateModified\":\"2026-03-10T08:09:47+00:00\",\"description\":\"Advokatfirman Avans erbjuder juridisk hj\u00e4lp f\u00f6r dig som \u00e4r misst\u00e4nkt, m\u00e5ls\u00e4gande eller vittne i brottm\u00e5l.\",\"breadcrumb\":{\"@id\":\"https:\\\/\\\/advokatavans.se\\\/brottmal\\\/#breadcrumb\"},\"inLanguage\":\"ar\",\"potentialAction\":[{\"@type\":\"ReadAction\",\"target\":[\"https:\\\/\\\/advokatavans.se\\\/brottmal\\\/\"]}]},{\"@type\":\"ImageObject\",\"inLanguage\":\"ar\",\"@id\":\"https:\\\/\\\/advokatavans.se\\\/brottmal\\\/#primaryimage\",\"url\":\"https:\\\/\\\/media1.advokatavans.se\\\/2024\\\/10\\\/Advokatfirman-Avans-Sociala-Medier-2-1.png\",\"contentUrl\":\"https:\\\/\\\/media1.advokatavans.se\\\/2024\\\/10\\\/Advokatfirman-Avans-Sociala-Medier-2-1.png\",\"width\":707,\"height\":500,\"caption\":\"Denna bild visas f\u00f6r Advokatfirman Avans sociala medie profiler\"},{\"@type\":\"BreadcrumbList\",\"@id\":\"https:\\\/\\\/advokatavans.se\\\/brottmal\\\/#breadcrumb\",\"itemListElement\":[{\"@type\":\"ListItem\",\"position\":1,\"name\":\"Hem\",\"item\":\"https:\\\/\\\/advokatavans.se\\\/\"},{\"@type\":\"ListItem\",\"position\":2,\"name\":\"Brottm\u00e5l\"}]},{\"@type\":\"WebSite\",\"@id\":\"https:\\\/\\\/advokatavans.se\\\/#website\",\"url\":\"https:\\\/\\\/advokatavans.se\\\/\",\"name\":\"Advokatfirman Avans\",\"description\":\"Din v\u00e4g till r\u00e4ttvisa \u2013 Vi st\u00e5r vid din sida.\",\"publisher\":{\"@id\":\"https:\\\/\\\/advokatavans.se\\\/#organization\"},\"alternateName\":\"Advokatfirman Avans\",\"potentialAction\":[{\"@type\":\"SearchAction\",\"target\":{\"@type\":\"EntryPoint\",\"urlTemplate\":\"https:\\\/\\\/advokatavans.se\\\/?s={search_term_string}\"},\"query-input\":{\"@type\":\"PropertyValueSpecification\",\"valueRequired\":true,\"valueName\":\"search_term_string\"}}],\"inLanguage\":\"ar\"},{\"@type\":\"Organization\",\"@id\":\"https:\\\/\\\/advokatavans.se\\\/#organization\",\"name\":\"Advokatfirman Avans\",\"alternateName\":\"Advokatfirman Avans\",\"url\":\"https:\\\/\\\/advokatavans.se\\\/\",\"logo\":{\"@type\":\"ImageObject\",\"inLanguage\":\"ar\",\"@id\":\"https:\\\/\\\/advokatavans.se\\\/#\\\/schema\\\/logo\\\/image\\\/\",\"url\":\"https:\\\/\\\/media1.advokatavans.se\\\/2020\\\/03\\\/Logga-svart-liten.png\",\"contentUrl\":\"https:\\\/\\\/media1.advokatavans.se\\\/2020\\\/03\\\/Logga-svart-liten.png\",\"width\":300,\"height\":134,\"caption\":\"Advokatfirman Avans\"},\"image\":{\"@id\":\"https:\\\/\\\/advokatavans.se\\\/#\\\/schema\\\/logo\\\/image\\\/\"},\"sameAs\":[\"https:\\\/\\\/www.facebook.com\\\/profile.php?id=61565887347409\",\"https:\\\/\\\/www.instagram.com\\\/advokatavans\\\/\"]}]}<\/script>\n<!-- \/ Yoast SEO plugin. -->","yoast_head_json":{"title":"Advokatfirman Avans - Brottm\u00e5l","description":"Advokatfirman Avans erbjuder juridisk hj\u00e4lp f\u00f6r dig som \u00e4r misst\u00e4nkt, m\u00e5ls\u00e4gande eller vittne i brottm\u00e5l.","robots":{"index":"index","follow":"follow","max-snippet":"max-snippet:-1","max-image-preview":"max-image-preview:large","max-video-preview":"max-video-preview:-1"},"canonical":"https:\/\/advokatavans.se\/ar\/brottmal\/","og_locale":"ar_AR","og_type":"article","og_title":"Brottm\u00e5l","og_description":"Advokatfirman Avans erbjuder juridisk hj\u00e4lp f\u00f6r dig som \u00e4r misst\u00e4nkt, m\u00e5ls\u00e4gande eller vittne i brottm\u00e5l.","og_url":"https:\/\/advokatavans.se\/ar\/brottmal\/","og_site_name":"Advokatfirman Avans","article_publisher":"https:\/\/www.facebook.com\/profile.php?id=61565887347409","article_modified_time":"2026-03-10T08:09:47+00:00","og_image":[{"width":707,"height":500,"url":"http:\/\/media1.advokatavans.se\/2024\/10\/Advokatfirman-Avans-Sociala-Medier-2-1.png","type":"image\/png"}],"twitter_card":"summary_large_image","twitter_title":"Brottm\u00e5l","twitter_description":"Advokatfirman Avans erbjuder juridisk hj\u00e4lp f\u00f6r dig som \u00e4r misst\u00e4nkt, m\u00e5ls\u00e4gande eller vittne i brottm\u00e5l.","twitter_image":"https:\/\/media1.advokatavans.se\/2024\/10\/Advokatfirman-Avans-Sociala-Medier-2-1.png","twitter_misc":{"\u0648\u0642\u062a \u0627\u0644\u0642\u0631\u0627\u0621\u0629 \u0627\u0644\u0645\u064f\u0642\u062f\u0651\u0631":"3 \u062f\u0642\u0627\u0626\u0642"},"schema":{"@context":"https:\/\/schema.org","@graph":[{"@type":"WebPage","@id":"https:\/\/advokatavans.se\/brottmal\/","url":"https:\/\/advokatavans.se\/brottmal\/","name":"Advokatfirman Avans - Brottm\u00e5l","isPartOf":{"@id":"https:\/\/advokatavans.se\/#website"},"primaryImageOfPage":{"@id":"https:\/\/advokatavans.se\/brottmal\/#primaryimage"},"image":{"@id":"https:\/\/advokatavans.se\/brottmal\/#primaryimage"},"thumbnailUrl":"https:\/\/media1.advokatavans.se\/2024\/10\/Advokatfirman-Avans-Sociala-Medier-2-1.png","datePublished":"2024-10-03T16:44:55+00:00","dateModified":"2026-03-10T08:09:47+00:00","description":"Advokatfirman Avans erbjuder juridisk hj\u00e4lp f\u00f6r dig som \u00e4r misst\u00e4nkt, m\u00e5ls\u00e4gande eller vittne i brottm\u00e5l.","breadcrumb":{"@id":"https:\/\/advokatavans.se\/brottmal\/#breadcrumb"},"inLanguage":"ar","potentialAction":[{"@type":"ReadAction","target":["https:\/\/advokatavans.se\/brottmal\/"]}]},{"@type":"ImageObject","inLanguage":"ar","@id":"https:\/\/advokatavans.se\/brottmal\/#primaryimage","url":"https:\/\/media1.advokatavans.se\/2024\/10\/Advokatfirman-Avans-Sociala-Medier-2-1.png","contentUrl":"https:\/\/media1.advokatavans.se\/2024\/10\/Advokatfirman-Avans-Sociala-Medier-2-1.png","width":707,"height":500,"caption":"Denna bild visas f\u00f6r Advokatfirman Avans sociala medie profiler"},{"@type":"BreadcrumbList","@id":"https:\/\/advokatavans.se\/brottmal\/#breadcrumb","itemListElement":[{"@type":"ListItem","position":1,"name":"Hem","item":"https:\/\/advokatavans.se\/"},{"@type":"ListItem","position":2,"name":"Brottm\u00e5l"}]},{"@type":"WebSite","@id":"https:\/\/advokatavans.se\/#website","url":"https:\/\/advokatavans.se\/","name":"Advokatfirman Avans","description":"Din v\u00e4g till r\u00e4ttvisa \u2013 Vi st\u00e5r vid din sida.","publisher":{"@id":"https:\/\/advokatavans.se\/#organization"},"alternateName":"Advokatfirman Avans","potentialAction":[{"@type":"SearchAction","target":{"@type":"EntryPoint","urlTemplate":"https:\/\/advokatavans.se\/?s={search_term_string}"},"query-input":{"@type":"PropertyValueSpecification","valueRequired":true,"valueName":"search_term_string"}}],"inLanguage":"ar"},{"@type":"Organization","@id":"https:\/\/advokatavans.se\/#organization","name":"Advokatfirman Avans","alternateName":"Advokatfirman Avans","url":"https:\/\/advokatavans.se\/","logo":{"@type":"ImageObject","inLanguage":"ar","@id":"https:\/\/advokatavans.se\/#\/schema\/logo\/image\/","url":"https:\/\/media1.advokatavans.se\/2020\/03\/Logga-svart-liten.png","contentUrl":"https:\/\/media1.advokatavans.se\/2020\/03\/Logga-svart-liten.png","width":300,"height":134,"caption":"Advokatfirman Avans"},"image":{"@id":"https:\/\/advokatavans.se\/#\/schema\/logo\/image\/"},"sameAs":["https:\/\/www.facebook.com\/profile.php?id=61565887347409","https:\/\/www.instagram.com\/advokatavans\/"]}]}},"_links":{"self":[{"href":"https:\/\/advokatavans.se\/ar\/wp-json\/wp\/v2\/pages\/1569","targetHints":{"allow":["GET"]}}],"collection":[{"href":"https:\/\/advokatavans.se\/ar\/wp-json\/wp\/v2\/pages"}],"about":[{"href":"https:\/\/advokatavans.se\/ar\/wp-json\/wp\/v2\/types\/page"}],"author":[{"embeddable":true,"href":"https:\/\/advokatavans.se\/ar\/wp-json\/wp\/v2\/users\/1"}],"replies":[{"embeddable":true,"href":"https:\/\/advokatavans.se\/ar\/wp-json\/wp\/v2\/comments?post=1569"}],"version-history":[{"count":20,"href":"https:\/\/advokatavans.se\/ar\/wp-json\/wp\/v2\/pages\/1569\/revisions"}],"predecessor-version":[{"id":3028,"href":"https:\/\/advokatavans.se\/ar\/wp-json\/wp\/v2\/pages\/1569\/revisions\/3028"}],"wp:featuredmedia":[{"embeddable":true,"href":"https:\/\/advokatavans.se\/ar\/wp-json\/wp\/v2\/media\/2098"}],"wp:attachment":[{"href":"https:\/\/advokatavans.se\/ar\/wp-json\/wp\/v2\/media?parent=1569"}],"curies":[{"name":"wp","href":"https:\/\/api.w.org\/{rel}","templated":true}]}}