{"id":1056,"date":"2024-09-28T10:45:21","date_gmt":"2024-09-28T10:45:21","guid":{"rendered":"https:\/\/advokatavans.se\/?page_id=1056"},"modified":"2026-03-09T18:18:31","modified_gmt":"2026-03-09T18:18:31","slug":"karriar","status":"publish","type":"page","link":"https:\/\/advokatavans.se\/ar\/karriar\/","title":{"rendered":"\u0627\u0644\u0639\u0645\u0644 \u0645\u0639\u0646\u0627"},"content":{"rendered":"<div data-elementor-type=\"wp-page\" data-elementor-id=\"1056\" class=\"elementor elementor-1056\" data-elementor-post-type=\"page\">\n\t\t\t\t<main class=\"elementor-element elementor-element-e5e61a8 e-flex e-con-boxed e-con e-parent\" data-id=\"e5e61a8\" data-element_type=\"container\" data-e-type=\"container\" data-settings=\"{&quot;background_background&quot;:&quot;classic&quot;}\">\n\t\t\t\t\t<div class=\"e-con-inner\">\n\t\t<div class=\"elementor-element elementor-element-291c575 e-con-full e-flex e-con e-child\" data-id=\"291c575\" data-element_type=\"container\" data-e-type=\"container\">\n\t\t\t\t<div class=\"elementor-element elementor-element-0730a19 elementor-widget elementor-widget-heading\" data-id=\"0730a19\" data-element_type=\"widget\" data-e-type=\"widget\" data-widget_type=\"heading.default\">\n\t\t\t\t<div class=\"elementor-widget-container\">\n\t\t\t\t\t<h1 class=\"elementor-heading-title elementor-size-default\">\u0627\u0644\u0639\u0645\u0644 \u0645\u0639\u0646\u0627<\/h1>\t\t\t\t<\/div>\n\t\t\t\t<\/div>\n\t\t\t\t<\/div>\n\t\t\t\t\t<\/div>\n\t\t\t\t<\/main>\n\t\t<div class=\"elementor-element elementor-element-3e3aab1 e-flex e-con-boxed e-con e-parent\" data-id=\"3e3aab1\" data-element_type=\"container\" data-e-type=\"container\" data-settings=\"{&quot;background_background&quot;:&quot;classic&quot;}\">\n\t\t\t\t\t<div class=\"e-con-inner\">\n\t\t<div class=\"elementor-element elementor-element-79f86ea e-con-full e-flex e-con e-child\" data-id=\"79f86ea\" data-element_type=\"container\" data-e-type=\"container\">\n\t\t\t\t<div class=\"elementor-element elementor-element-3c9152f elementor-widget elementor-widget-heading\" data-id=\"3c9152f\" data-element_type=\"widget\" data-e-type=\"widget\" data-widget_type=\"heading.default\">\n\t\t\t\t<div class=\"elementor-widget-container\">\n\t\t\t\t\t<h2 class=\"elementor-heading-title elementor-size-default\">\u0647\u0644 \u062a\u0631\u063a\u0628 \u0628\u0627\u0644\u0639\u0645\u0644 \u0645\u0639\u0646\u0627\u061f<\/h2>\t\t\t\t<\/div>\n\t\t\t\t<\/div>\n\t\t\t\t<div class=\"elementor-element elementor-element-ebc53d5 elementor-widget elementor-widget-text-editor\" data-id=\"ebc53d5\" data-element_type=\"widget\" data-e-type=\"widget\" data-widget_type=\"text-editor.default\">\n\t\t\t\t<div class=\"elementor-widget-container\">\n\t\t\t\t\t\t\t\t\t<div class=\"flex-shrink-0 flex flex-col relative items-end\"><div class=\"pt-0\"><div class=\"gizmo-bot-avatar flex h-8 w-8 items-center justify-center overflow-hidden rounded-full\"><div class=\"relative p-1 rounded-sm flex items-center justify-center bg-token-main-surface-primary text-token-text-primary h-8 w-8\">\u0646\u062d\u0646 \u00a0\u0646\u0633\u0639\u0649 \u062f\u0627\u0626\u0645\u064b\u0627 \u0644\u0644\u0639\u062b\u0648\u0631 \u0639\u0644\u0649 \u0623\u0641\u0631\u0627\u062f \u0645\u062a\u062d\u0645\u0633\u064a\u0646 \u0648\u0630\u0648\u064a \u0643\u0641\u0627\u0621\u0629 \u064a\u0631\u063a\u0628\u0648\u0646 \u0641\u064a \u0627\u0644\u0627\u0646\u0636\u0645\u0627\u0645 \u0625\u0644\u0649 \u0641\u0631\u064a\u0642\u0646\u0627. \u0628\u0635\u0641\u062a\u0646\u0627 \u0645\u0643\u062a\u0628 \u0645\u062d\u0627\u0645\u0627\u0629 \u062d\u062f\u064a\u062b\u060c \u0646\u0642\u062f\u0631 \u0627\u0644\u062a\u0637\u0648\u0631 \u0627\u0644\u0645\u0647\u0646\u064a \u0648\u0627\u0644\u0628\u064a\u0626\u0629 \u0627\u0644\u0639\u0645\u0644\u064a\u0629 \u0627\u0644\u0625\u064a\u062c\u0627\u0628\u064a\u0629 \u0639\u0644\u0649 \u062d\u062f \u0633\u0648\u0627\u0621. \u0647\u0646\u0627 \u0633\u062a\u062d\u0635\u0644 \u0639\u0644\u0649 \u0641\u0631\u0635\u0629 \u0644\u0644\u0639\u0645\u0644 \u0639\u0644\u0649 \u0642\u0636\u0627\u064a\u0627 \u0645\u0647\u0645\u0629 \u0641\u064a \u0645\u062c\u0627\u0644\u0627\u062a \u0642\u0627\u0646\u0648\u0646\u064a\u0629 \u0645\u062a\u0646\u0648\u0639\u0629\u060c \u0645\u0639 \u0646\u0645\u0648 \u0645\u0633\u062a\u0645\u0631 \u0641\u064a \u062f\u0648\u0631\u0643 \u0627\u0644\u0645\u0647\u0646\u064a. \u0646\u0642\u062f\u0651\u0645 \u062a\u062f\u0631\u064a\u0628\u064b\u0627 \u0645\u0633\u062a\u0645\u0631\u064b\u0627 \u0648\u062f\u0639\u0645\u064b\u0627 \u0644\u0645\u0633\u0627\u0639\u062f\u062a\u0643 \u0641\u064a \u062a\u062d\u0642\u064a\u0642 \u0623\u0647\u062f\u0627\u0641\u0643 \u0627\u0644\u0645\u0647\u0646\u064a\u0629. \u0625\u0630\u0627 \u0643\u0646\u062a \u0645\u0633\u062a\u0639\u062f\u064b\u0627 \u0644\u0644\u062e\u0637\u0648\u0629 \u0627\u0644\u062a\u0627\u0644\u064a\u0629 \u0641\u064a \u0645\u0633\u064a\u0631\u062a\u0643 \u0627\u0644\u0648\u0638\u064a\u0641\u064a\u0629\u060c \u0641\u0646\u062d\u0646 \u0646\u062a\u0637\u0644\u0639 \u0644\u062a\u062a\u0648\u0627\u0635\u0644 \u0645\u0639\u0646\u0627!<\/div><\/div><\/div><\/div>\t\t\t\t\t\t\t\t<\/div>\n\t\t\t\t<\/div>\n\t\t\t\t<div class=\"elementor-element elementor-element-fd5bfa5 elementor-widget elementor-widget-button\" data-id=\"fd5bfa5\" data-element_type=\"widget\" data-e-type=\"widget\" data-widget_type=\"button.default\">\n\t\t\t\t<div class=\"elementor-widget-container\">\n\t\t\t\t\t\t\t\t\t<div class=\"elementor-button-wrapper\">\n\t\t\t\t\t<a class=\"elementor-button elementor-button-link elementor-size-sm\" href=\"mailto:info@advokatavans.se?subject=Spontanans\u00f6kan!\">\n\t\t\t\t\t\t<span class=\"elementor-button-content-wrapper\">\n\t\t\t\t\t\t\t\t\t<span class=\"elementor-button-text\">\u0642\u062f\u0645 \u0637\u0644\u0628\u0643<\/span>\n\t\t\t\t\t<\/span>\n\t\t\t\t\t<\/a>\n\t\t\t\t<\/div>\n\t\t\t\t\t\t\t\t<\/div>\n\t\t\t\t<\/div>\n\t\t\t\t<\/div>\n\t\t\t\t\t<\/div>\n\t\t\t\t<\/div>\n\t\t\t\t<\/div>","protected":false},"excerpt":{"rendered":"<p>karri\u00e4r Vill du arbeta hos oss? Vi p\u00e5 Advokatfirman Avans s\u00f6ker alltid efter engagerade och kompetenta individer som vill bidra till v\u00e5rt team. Som en modern advokatbyr\u00e5 v\u00e4rdes\u00e4tter vi b\u00e5de professionell utveckling och en positiv arbetsmilj\u00f6. H\u00e4r f\u00e5r du m\u00f6jlighet att arbeta med intressanta fall inom olika r\u00e4ttsomr\u00e5den, samtidigt som du v\u00e4xer i din roll. [&hellip;]<\/p>\n","protected":false},"author":1,"featured_media":2098,"parent":0,"menu_order":0,"comment_status":"closed","ping_status":"closed","template":"elementor_header_footer","meta":{"footnotes":""},"class_list":["post-1056","page","type-page","status-publish","has-post-thumbnail","hentry"],"yoast_head":"<!-- This site is optimized with the Yoast SEO plugin v27.3 - https:\/\/yoast.com\/product\/yoast-seo-wordpress\/ -->\n<title>Advokatfirman Avans - Karri\u00e4r<\/title>\n<meta name=\"description\" content=\"Advokatfirman Avans s\u00f6ker engagerade jurister och advokater. H\u00e4r erbjuds utveckling, st\u00f6d, och m\u00f6jlighet att arbeta med sp\u00e4nnande r\u00e4ttsfall. Bli en del av v\u00e5rt team!\" \/>\n<meta name=\"robots\" content=\"index, follow, max-snippet:-1, max-image-preview:large, max-video-preview:-1\" \/>\n<link rel=\"canonical\" href=\"https:\/\/advokatavans.se\/ar\/karriar\/\" \/>\n<meta property=\"og:locale\" content=\"ar_AR\" \/>\n<meta property=\"og:type\" content=\"article\" \/>\n<meta property=\"og:title\" content=\"Karri\u00e4r\" \/>\n<meta property=\"og:description\" content=\"Advokatfirman Avans s\u00f6ker engagerade jurister och advokater. H\u00e4r erbjuds utveckling, st\u00f6d, och m\u00f6jlighet att arbeta med sp\u00e4nnande r\u00e4ttsfall. Bli en del av v\u00e5rt team!\" \/>\n<meta property=\"og:url\" content=\"https:\/\/advokatavans.se\/ar\/karriar\/\" \/>\n<meta property=\"og:site_name\" content=\"Advokatfirman Avans\" \/>\n<meta property=\"article:publisher\" content=\"https:\/\/www.facebook.com\/profile.php?id=61565887347409\" \/>\n<meta property=\"article:modified_time\" content=\"2026-03-09T18:18:31+00:00\" \/>\n<meta property=\"og:image\" content=\"http:\/\/media1.advokatavans.se\/2024\/10\/Advokatfirman-Avans-Sociala-Medier-2-1.png\" \/>\n\t<meta property=\"og:image:width\" content=\"707\" \/>\n\t<meta property=\"og:image:height\" content=\"500\" \/>\n\t<meta property=\"og:image:type\" content=\"image\/png\" \/>\n<meta name=\"twitter:card\" content=\"summary_large_image\" \/>\n<meta name=\"twitter:title\" content=\"Karri\u00e4r\" \/>\n<meta name=\"twitter:description\" content=\"Advokatfirman Avans s\u00f6ker engagerade jurister och advokater. H\u00e4r erbjuds utveckling, st\u00f6d, och m\u00f6jlighet att arbeta med sp\u00e4nnande r\u00e4ttsfall. Bli en del av v\u00e5rt team!\" \/>\n<meta name=\"twitter:image\" content=\"https:\/\/media1.advokatavans.se\/2024\/10\/Advokatfirman-Avans-Sociala-Medier-2-1.png\" \/>\n<meta name=\"twitter:label1\" content=\"\u0648\u0642\u062a \u0627\u0644\u0642\u0631\u0627\u0621\u0629 \u0627\u0644\u0645\u064f\u0642\u062f\u0651\u0631\" \/>\n\t<meta name=\"twitter:data1\" content=\"\u062f\u0642\u064a\u0642\u0629 \u0648\u0627\u062d\u062f\u0629\" \/>\n<script type=\"application\/ld+json\" class=\"yoast-schema-graph\">{\"@context\":\"https:\\\/\\\/schema.org\",\"@graph\":[{\"@type\":\"WebPage\",\"@id\":\"https:\\\/\\\/advokatavans.se\\\/karriar\\\/\",\"url\":\"https:\\\/\\\/advokatavans.se\\\/karriar\\\/\",\"name\":\"Advokatfirman Avans - Karri\u00e4r\",\"isPartOf\":{\"@id\":\"https:\\\/\\\/advokatavans.se\\\/#website\"},\"primaryImageOfPage\":{\"@id\":\"https:\\\/\\\/advokatavans.se\\\/karriar\\\/#primaryimage\"},\"image\":{\"@id\":\"https:\\\/\\\/advokatavans.se\\\/karriar\\\/#primaryimage\"},\"thumbnailUrl\":\"https:\\\/\\\/media1.advokatavans.se\\\/2024\\\/10\\\/Advokatfirman-Avans-Sociala-Medier-2-1.png\",\"datePublished\":\"2024-09-28T10:45:21+00:00\",\"dateModified\":\"2026-03-09T18:18:31+00:00\",\"description\":\"Advokatfirman Avans s\u00f6ker engagerade jurister och advokater. H\u00e4r erbjuds utveckling, st\u00f6d, och m\u00f6jlighet att arbeta med sp\u00e4nnande r\u00e4ttsfall. Bli en del av v\u00e5rt team!\",\"breadcrumb\":{\"@id\":\"https:\\\/\\\/advokatavans.se\\\/karriar\\\/#breadcrumb\"},\"inLanguage\":\"ar\",\"potentialAction\":[{\"@type\":\"ReadAction\",\"target\":[\"https:\\\/\\\/advokatavans.se\\\/karriar\\\/\"]}]},{\"@type\":\"ImageObject\",\"inLanguage\":\"ar\",\"@id\":\"https:\\\/\\\/advokatavans.se\\\/karriar\\\/#primaryimage\",\"url\":\"https:\\\/\\\/media1.advokatavans.se\\\/2024\\\/10\\\/Advokatfirman-Avans-Sociala-Medier-2-1.png\",\"contentUrl\":\"https:\\\/\\\/media1.advokatavans.se\\\/2024\\\/10\\\/Advokatfirman-Avans-Sociala-Medier-2-1.png\",\"width\":707,\"height\":500,\"caption\":\"Denna bild visas f\u00f6r Advokatfirman Avans sociala medie profiler\"},{\"@type\":\"BreadcrumbList\",\"@id\":\"https:\\\/\\\/advokatavans.se\\\/karriar\\\/#breadcrumb\",\"itemListElement\":[{\"@type\":\"ListItem\",\"position\":1,\"name\":\"Hem\",\"item\":\"https:\\\/\\\/advokatavans.se\\\/\"},{\"@type\":\"ListItem\",\"position\":2,\"name\":\"Karri\u00e4r\"}]},{\"@type\":\"WebSite\",\"@id\":\"https:\\\/\\\/advokatavans.se\\\/#website\",\"url\":\"https:\\\/\\\/advokatavans.se\\\/\",\"name\":\"Advokatfirman Avans\",\"description\":\"Din v\u00e4g till r\u00e4ttvisa \u2013 Vi st\u00e5r vid din sida.\",\"publisher\":{\"@id\":\"https:\\\/\\\/advokatavans.se\\\/#organization\"},\"alternateName\":\"Advokatfirman Avans\",\"potentialAction\":[{\"@type\":\"SearchAction\",\"target\":{\"@type\":\"EntryPoint\",\"urlTemplate\":\"https:\\\/\\\/advokatavans.se\\\/?s={search_term_string}\"},\"query-input\":{\"@type\":\"PropertyValueSpecification\",\"valueRequired\":true,\"valueName\":\"search_term_string\"}}],\"inLanguage\":\"ar\"},{\"@type\":\"Organization\",\"@id\":\"https:\\\/\\\/advokatavans.se\\\/#organization\",\"name\":\"Advokatfirman Avans\",\"alternateName\":\"Advokatfirman Avans\",\"url\":\"https:\\\/\\\/advokatavans.se\\\/\",\"logo\":{\"@type\":\"ImageObject\",\"inLanguage\":\"ar\",\"@id\":\"https:\\\/\\\/advokatavans.se\\\/#\\\/schema\\\/logo\\\/image\\\/\",\"url\":\"https:\\\/\\\/media1.advokatavans.se\\\/2020\\\/03\\\/Logga-svart-liten.png\",\"contentUrl\":\"https:\\\/\\\/media1.advokatavans.se\\\/2020\\\/03\\\/Logga-svart-liten.png\",\"width\":300,\"height\":134,\"caption\":\"Advokatfirman Avans\"},\"image\":{\"@id\":\"https:\\\/\\\/advokatavans.se\\\/#\\\/schema\\\/logo\\\/image\\\/\"},\"sameAs\":[\"https:\\\/\\\/www.facebook.com\\\/profile.php?id=61565887347409\",\"https:\\\/\\\/www.instagram.com\\\/advokatavans\\\/\"]}]}<\/script>\n<!-- \/ Yoast SEO plugin. -->","yoast_head_json":{"title":"Advokatfirman Avans - Karri\u00e4r","description":"Advokatfirman Avans s\u00f6ker engagerade jurister och advokater. H\u00e4r erbjuds utveckling, st\u00f6d, och m\u00f6jlighet att arbeta med sp\u00e4nnande r\u00e4ttsfall. Bli en del av v\u00e5rt team!","robots":{"index":"index","follow":"follow","max-snippet":"max-snippet:-1","max-image-preview":"max-image-preview:large","max-video-preview":"max-video-preview:-1"},"canonical":"https:\/\/advokatavans.se\/ar\/karriar\/","og_locale":"ar_AR","og_type":"article","og_title":"Karri\u00e4r","og_description":"Advokatfirman Avans s\u00f6ker engagerade jurister och advokater. H\u00e4r erbjuds utveckling, st\u00f6d, och m\u00f6jlighet att arbeta med sp\u00e4nnande r\u00e4ttsfall. Bli en del av v\u00e5rt team!","og_url":"https:\/\/advokatavans.se\/ar\/karriar\/","og_site_name":"Advokatfirman Avans","article_publisher":"https:\/\/www.facebook.com\/profile.php?id=61565887347409","article_modified_time":"2026-03-09T18:18:31+00:00","og_image":[{"width":707,"height":500,"url":"http:\/\/media1.advokatavans.se\/2024\/10\/Advokatfirman-Avans-Sociala-Medier-2-1.png","type":"image\/png"}],"twitter_card":"summary_large_image","twitter_title":"Karri\u00e4r","twitter_description":"Advokatfirman Avans s\u00f6ker engagerade jurister och advokater. H\u00e4r erbjuds utveckling, st\u00f6d, och m\u00f6jlighet att arbeta med sp\u00e4nnande r\u00e4ttsfall. Bli en del av v\u00e5rt team!","twitter_image":"https:\/\/media1.advokatavans.se\/2024\/10\/Advokatfirman-Avans-Sociala-Medier-2-1.png","twitter_misc":{"\u0648\u0642\u062a \u0627\u0644\u0642\u0631\u0627\u0621\u0629 \u0627\u0644\u0645\u064f\u0642\u062f\u0651\u0631":"\u062f\u0642\u064a\u0642\u0629 \u0648\u0627\u062d\u062f\u0629"},"schema":{"@context":"https:\/\/schema.org","@graph":[{"@type":"WebPage","@id":"https:\/\/advokatavans.se\/karriar\/","url":"https:\/\/advokatavans.se\/karriar\/","name":"Advokatfirman Avans - Karri\u00e4r","isPartOf":{"@id":"https:\/\/advokatavans.se\/#website"},"primaryImageOfPage":{"@id":"https:\/\/advokatavans.se\/karriar\/#primaryimage"},"image":{"@id":"https:\/\/advokatavans.se\/karriar\/#primaryimage"},"thumbnailUrl":"https:\/\/media1.advokatavans.se\/2024\/10\/Advokatfirman-Avans-Sociala-Medier-2-1.png","datePublished":"2024-09-28T10:45:21+00:00","dateModified":"2026-03-09T18:18:31+00:00","description":"Advokatfirman Avans s\u00f6ker engagerade jurister och advokater. H\u00e4r erbjuds utveckling, st\u00f6d, och m\u00f6jlighet att arbeta med sp\u00e4nnande r\u00e4ttsfall. Bli en del av v\u00e5rt team!","breadcrumb":{"@id":"https:\/\/advokatavans.se\/karriar\/#breadcrumb"},"inLanguage":"ar","potentialAction":[{"@type":"ReadAction","target":["https:\/\/advokatavans.se\/karriar\/"]}]},{"@type":"ImageObject","inLanguage":"ar","@id":"https:\/\/advokatavans.se\/karriar\/#primaryimage","url":"https:\/\/media1.advokatavans.se\/2024\/10\/Advokatfirman-Avans-Sociala-Medier-2-1.png","contentUrl":"https:\/\/media1.advokatavans.se\/2024\/10\/Advokatfirman-Avans-Sociala-Medier-2-1.png","width":707,"height":500,"caption":"Denna bild visas f\u00f6r Advokatfirman Avans sociala medie profiler"},{"@type":"BreadcrumbList","@id":"https:\/\/advokatavans.se\/karriar\/#breadcrumb","itemListElement":[{"@type":"ListItem","position":1,"name":"Hem","item":"https:\/\/advokatavans.se\/"},{"@type":"ListItem","position":2,"name":"Karri\u00e4r"}]},{"@type":"WebSite","@id":"https:\/\/advokatavans.se\/#website","url":"https:\/\/advokatavans.se\/","name":"Advokatfirman Avans","description":"Din v\u00e4g till r\u00e4ttvisa \u2013 Vi st\u00e5r vid din sida.","publisher":{"@id":"https:\/\/advokatavans.se\/#organization"},"alternateName":"Advokatfirman Avans","potentialAction":[{"@type":"SearchAction","target":{"@type":"EntryPoint","urlTemplate":"https:\/\/advokatavans.se\/?s={search_term_string}"},"query-input":{"@type":"PropertyValueSpecification","valueRequired":true,"valueName":"search_term_string"}}],"inLanguage":"ar"},{"@type":"Organization","@id":"https:\/\/advokatavans.se\/#organization","name":"Advokatfirman Avans","alternateName":"Advokatfirman Avans","url":"https:\/\/advokatavans.se\/","logo":{"@type":"ImageObject","inLanguage":"ar","@id":"https:\/\/advokatavans.se\/#\/schema\/logo\/image\/","url":"https:\/\/media1.advokatavans.se\/2020\/03\/Logga-svart-liten.png","contentUrl":"https:\/\/media1.advokatavans.se\/2020\/03\/Logga-svart-liten.png","width":300,"height":134,"caption":"Advokatfirman Avans"},"image":{"@id":"https:\/\/advokatavans.se\/#\/schema\/logo\/image\/"},"sameAs":["https:\/\/www.facebook.com\/profile.php?id=61565887347409","https:\/\/www.instagram.com\/advokatavans\/"]}]}},"_links":{"self":[{"href":"https:\/\/advokatavans.se\/ar\/wp-json\/wp\/v2\/pages\/1056","targetHints":{"allow":["GET"]}}],"collection":[{"href":"https:\/\/advokatavans.se\/ar\/wp-json\/wp\/v2\/pages"}],"about":[{"href":"https:\/\/advokatavans.se\/ar\/wp-json\/wp\/v2\/types\/page"}],"author":[{"embeddable":true,"href":"https:\/\/advokatavans.se\/ar\/wp-json\/wp\/v2\/users\/1"}],"replies":[{"embeddable":true,"href":"https:\/\/advokatavans.se\/ar\/wp-json\/wp\/v2\/comments?post=1056"}],"version-history":[{"count":67,"href":"https:\/\/advokatavans.se\/ar\/wp-json\/wp\/v2\/pages\/1056\/revisions"}],"predecessor-version":[{"id":2981,"href":"https:\/\/advokatavans.se\/ar\/wp-json\/wp\/v2\/pages\/1056\/revisions\/2981"}],"wp:featuredmedia":[{"embeddable":true,"href":"https:\/\/advokatavans.se\/ar\/wp-json\/wp\/v2\/media\/2098"}],"wp:attachment":[{"href":"https:\/\/advokatavans.se\/ar\/wp-json\/wp\/v2\/media?parent=1056"}],"curies":[{"name":"wp","href":"https:\/\/api.w.org\/{rel}","templated":true}]}}