{"id":1053,"date":"2024-09-28T10:44:49","date_gmt":"2024-09-28T10:44:49","guid":{"rendered":"https:\/\/advokatavans.se\/?page_id=1053"},"modified":"2026-03-10T08:14:15","modified_gmt":"2026-03-10T08:14:15","slug":"om-advokatfirman-avans","status":"publish","type":"page","link":"https:\/\/advokatavans.se\/ar\/om-advokatfirman-avans\/","title":{"rendered":"\u0639\u0646 \u0645\u0643\u062a\u0628 Avans\u00a0"},"content":{"rendered":"<div data-elementor-type=\"wp-page\" data-elementor-id=\"1053\" class=\"elementor elementor-1053\" data-elementor-post-type=\"page\">\n\t\t\t\t<main class=\"elementor-element elementor-element-490e017 e-flex e-con-boxed e-con e-parent\" data-id=\"490e017\" data-element_type=\"container\" data-e-type=\"container\" data-settings=\"{&quot;background_background&quot;:&quot;classic&quot;}\">\n\t\t\t\t\t<div class=\"e-con-inner\">\n\t\t<div class=\"elementor-element elementor-element-36e916c e-con-full e-flex e-con e-child\" data-id=\"36e916c\" data-element_type=\"container\" data-e-type=\"container\">\n\t\t\t\t<div class=\"elementor-element elementor-element-a58de54 elementor-widget elementor-widget-heading\" data-id=\"a58de54\" data-element_type=\"widget\" data-e-type=\"widget\" data-widget_type=\"heading.default\">\n\t\t\t\t<div class=\"elementor-widget-container\">\n\t\t\t\t\t<h1 class=\"elementor-heading-title elementor-size-default\">\u0639\u0646 \u0645\u0643\u062a\u0628 Avans\u00a0<\/h1>\t\t\t\t<\/div>\n\t\t\t\t<\/div>\n\t\t\t\t<\/div>\n\t\t\t\t\t<\/div>\n\t\t\t\t<\/main>\n\t\t<div class=\"elementor-element elementor-element-d5cda6d e-flex e-con-boxed e-con e-parent\" data-id=\"d5cda6d\" data-element_type=\"container\" data-e-type=\"container\" data-settings=\"{&quot;background_background&quot;:&quot;classic&quot;}\">\n\t\t\t\t\t<div class=\"e-con-inner\">\n\t\t<div class=\"elementor-element elementor-element-9e22781 e-con-full e-flex e-con e-child\" data-id=\"9e22781\" data-element_type=\"container\" data-e-type=\"container\">\n\t\t\t\t<div class=\"elementor-element elementor-element-ec9b65c elementor-widget elementor-widget-heading\" data-id=\"ec9b65c\" data-element_type=\"widget\" data-e-type=\"widget\" data-widget_type=\"heading.default\">\n\t\t\t\t<div class=\"elementor-widget-container\">\n\t\t\t\t\t<h2 class=\"elementor-heading-title elementor-size-default\">\u0645\u0643\u062a\u0628\u0646\u0627<\/h2>\t\t\t\t<\/div>\n\t\t\t\t<\/div>\n\t\t\t\t<div class=\"elementor-element elementor-element-55b3f6d elementor-widget elementor-widget-text-editor\" data-id=\"55b3f6d\" data-element_type=\"widget\" data-e-type=\"widget\" data-widget_type=\"text-editor.default\">\n\t\t\t\t<div class=\"elementor-widget-container\">\n\t\t\t\t\t\t\t\t\t<div class=\"flex-shrink-0 flex flex-col relative items-end\"><p>\u062a\u0623\u0633\u0633\u062a \u0634\u0631\u0643\u062a\u0646\u0627 \u0639\u0627\u0645 2019  \u0648\u062a\u062a\u0623\u0644\u0641 \u0627\u0644\u064a\u0648\u0645 \u0645\u0646 \u0641\u0631\u064a\u0642 \u0645\u062e\u0644\u0635 \u0645\u0646 \u0627\u0644\u0645\u062d\u0627\u0645\u064a\u0646 \u0627\u0644\u0645\u0647\u0631\u0629. \u0644\u0642\u062f \u0642\u0645\u0646\u0627 \u0645\u0639\u064b\u0627\u060c \u0628\u0628\u0646\u0627\u0621 \u0645\u0643\u062a\u0628 \u064a\u064f\u062f\u0627\u0631 \u0628\u0634\u063a\u0641 \u0643\u0628\u064a\u0631 \u0644\u0644\u0639\u062f\u0627\u0644\u0629 \u0648\u0627\u0647\u062a\u0645\u0627\u0645 \u062d\u0642\u064a\u0642\u064a \u0628\u0627\u0644\u0642\u0627\u0646\u0648\u0646 \u0641\u064a \u0645\u062e\u062a\u0644\u0641 \u0627\u0644\u0645\u062c\u0627\u0644\u0627\u062a \u0627\u0644\u0642\u0627\u0646\u0648\u0646\u064a\u0629. \u0646\u062d\u0646 \u0641\u062e\u0648\u0631\u0648\u0646 \u0628\u0627\u0644\u062e\u0628\u0631\u0629 \u0627\u0644\u0648\u0627\u0633\u0639\u0629 \u0627\u0644\u062a\u064a \u0646\u062a\u0645\u062a\u0639 \u0628\u0647\u0627\u060c \u0645\u0645\u0627 \u064a\u062a\u064a\u062d \u0644\u0646\u0627 \u0627\u0644\u062a\u0639\u0627\u0645\u0644 \u0645\u0639 \u0627\u0644\u0642\u0636\u0627\u064a\u0627 \u0627\u0644\u062a\u064a \u062a\u0634\u0645\u0644 \u0643\u0644 \u0634\u064a\u0621 \u0628\u062f\u0621\u064b\u0627 \u0645\u0646 \u0627\u0644\u0642\u0636\u0627\u064a\u0627 \u0627\u0644\u062c\u0646\u0627\u0626\u064a\u0629 \u0625\u0644\u0649 \u0627\u0644\u0642\u0627\u0646\u0648\u0646 \u0627\u0644\u0623\u0633\u0631\u064a\u060c \u0648\u0642\u0627\u0646\u0648\u0646 \u0627\u0644\u0647\u062c\u0631\u0629\u060c \u0648\u0627\u0644\u0642\u0627\u0646\u0648\u0646 \u0627\u0644\u062a\u062c\u0627\u0631\u064a \u0648 \u0642\u0636\u0627\u064a\u0627 \u0627\u0644\u0631\u0639\u0627\u064a\u0629 \u0627\u0644\u0642\u0633\u0631\u064a\u0629.<\/p><p class=\"translation-block\">\u0627\u0633\u0645\u0646\u0627 \u0645\u0634\u062a\u0642 \u0645\u0646 \u0627\u0644\u0643\u0644\u0645\u0629 \u0627\u0644\u0625\u0646\u062c\u0644\u064a\u0632\u064a\u0629 \"Avans\"\u060c\n \u0648\u0643\u063a\u064a\u0631\u0647\u0627 \u0645\u0646 \u0627\u0644\u0643\u0644\u0645\u0627\u062a \u0641\u0647\u064a \u062a\u062d\u0645\u0644 \u0639\u062f\u0629 \u062f\u0644\u0627\u0644\u0627\u062a. \u0646\u062d\u0646 \u0646\u0631\u0628\u0637\u0647\u0627 \u0628\u0634\u0643\u0644 \u0623\u0633\u0627\u0633\u064a \u0628\u0645\u0639\u0627\u0646\u064a \u0627\u0644\u0631\u0628\u062d \u0648\u0627\u0644\u0645\u0643\u0633\u0628 \u0648\u0627\u0644\u0646\u062c\u0627\u062d. \u0648\u062a\u0634\u0643\u0644 \u0647\u0630\u0647 \u0627\u0644\u0645\u0641\u0627\u0647\u064a\u0645 \u062c\u0648\u0647\u0631 \u0631\u0624\u064a\u062a\u0646\u0627\u060c \u0648\u0647\u064a \u0627\u0644\u0639\u0645\u0644 \u0628\u0634\u0643\u0644 \u0647\u0627\u062f\u0641 \u0648\u0645\u0646\u0647\u062c\u064a \u0644\u0636\u0645\u0627\u0646 \u062a\u062d\u0642\u064a\u0642 \u0646\u062a\u064a\u062c\u0629 \u0646\u0627\u062c\u062d\u0629 \u0644\u0643\u0644 \u0639\u0645\u064a\u0644\u060c \u0628\u063a\u0636\u0651 \u0627\u0644\u0646\u0638\u0631 \u0639\u0646 \u0637\u0628\u064a\u0639\u0629 \u0627\u0644\u0642\u0636\u064a\u0629.<\/p><div class=\"pt-0\"><div class=\"gizmo-bot-avatar flex h-8 w-8 items-center justify-center overflow-hidden rounded-full\"><div class=\"relative p-1 rounded-sm flex items-center justify-center bg-token-main-surface-primary text-token-text-primary h-8 w-8\"><p>\u0641\u064a \u0645\u0643\u062a\u0628\u0646\u0627\u060c \u062a\u0638\u0644 \u062d\u0642\u0648\u0642 \u0627\u0644\u0639\u0645\u064a\u0644 \u062f\u0627\u0626\u0645\u064b\u0627 \u0641\u064a \u0627\u0644\u0645\u0642\u0627\u0645 \u0627\u0644\u0623\u0648\u0644. \u0646\u0639\u0645\u0644 \u0628\u062f\u0642\u0629 \u0648\u0627\u062c\u062a\u0647\u0627\u062f \u0644\u0636\u0645\u0627\u0646 \u062d\u0645\u0627\u064a\u0629 \u0645\u0635\u0627\u0644\u062d \u0643\u0644 \u0639\u0645\u064a\u0644 \u0637\u0648\u0627\u0644 \u0627\u0644\u0639\u0645\u0644\u064a\u0629\u060c \u0645\u0646 \u0627\u0644\u0627\u062a\u0635\u0627\u0644 \u0627\u0644\u0623\u0648\u0644 \u0648\u062d\u062a\u0649 \u0625\u063a\u0644\u0627\u0642 \u0627\u0644\u0642\u0636\u064a\u0629.<\/p><p>\u0645\u0639 \u0648\u062c\u0648\u062f \u0645\u0643\u0627\u062a\u0628\u0646\u0627 \u0641\u064a \u0643\u0644 \u0645\u0646 \u0633\u062a\u0648\u0643\u0647\u0648\u0644\u0645 \u0648\u0643\u0627\u062a\u0631\u064a\u0646\u0647\u0648\u0644\u0645 \u0648 \u0646\u064a\u0634\u0648\u0628\u064a\u0646\u063a \u0648 \u0633\u0648\u062f\u0631\u062a\u0627\u0644\u064a\u0627\u060c \u0648\u0637\u0645\u0648\u062d\u0646\u0627 \u0644\u0645\u0633\u0627\u0639\u062f\u0629 \u0627\u0644\u0639\u0645\u0644\u0627\u0621 \u0641\u064a \u062c\u0645\u064a\u0639 \u0623\u0646\u062d\u0627\u0621 \u0627\u0644\u0628\u0644\u0627\u062f\u060c \u0646\u0633\u0639\u0649 \u0644\u0623\u0646 \u0646\u0643\u0648\u0646 \u0645\u0643\u062a\u0628\u0627\u064b \u0645\u0648\u062b\u0648\u0642\u064b\u0627 \u0644\u062a\u0642\u062f\u064a\u0645 \u0627\u0644\u0625\u0631\u0634\u0627\u062f \u0627\u0644\u0642\u0627\u0646\u0648\u0646\u064a \u0623\u064a\u0646\u0645\u0627 \u0643\u0646\u062a \u0641\u064a \u0627\u0644\u0633\u0648\u064a\u062f.<\/p><p>\u0646\u0631\u062d\u0628 \u0628\u0643 \u0644\u0644\u062a\u0648\u0627\u0635\u0644 \u0645\u0639\u0646\u0627 \u0644\u0646\u0631\u0649 \u0643\u064a\u0641 \u064a\u0645\u0643\u0646\u0646\u0627 \u0645\u0633\u0627\u0639\u062f\u062a\u0643.<\/p><\/div><\/div><\/div><\/div>\t\t\t\t\t\t\t\t<\/div>\n\t\t\t\t<\/div>\n\t\t\t\t<div class=\"elementor-element elementor-element-f467889 elementor-widget elementor-widget-button\" data-id=\"f467889\" data-element_type=\"widget\" data-e-type=\"widget\" data-widget_type=\"button.default\">\n\t\t\t\t<div class=\"elementor-widget-container\">\n\t\t\t\t\t\t\t\t\t<div class=\"elementor-button-wrapper\">\n\t\t\t\t\t<a class=\"elementor-button elementor-button-link elementor-size-sm\" href=\"https:\/\/advokatavans.se\/ar\/kontakta\/\" rel=\"nofollow\">\n\t\t\t\t\t\t<span class=\"elementor-button-content-wrapper\">\n\t\t\t\t\t\t\t\t\t<span class=\"elementor-button-text\">\u062a\u0648\u0627\u0635\u0644 \u0645\u0639\u0646\u0627<\/span>\n\t\t\t\t\t<\/span>\n\t\t\t\t\t<\/a>\n\t\t\t\t<\/div>\n\t\t\t\t\t\t\t\t<\/div>\n\t\t\t\t<\/div>\n\t\t\t\t<\/div>\n\t\t\t\t\t<\/div>\n\t\t\t\t<\/div>\n\t\t\t\t<\/div>","protected":false},"excerpt":{"rendered":"<p>Om Advokatfirman Avans V\u00e5r byr\u00e5 Advokatfirman Avans grundades 2019 av Jonathan Cantillana och Erik Westerberg och best\u00e5r idag av ett dedikerat team av skickliga jurister varav fyra advokater, en bitr\u00e4dande jurist och en administrativ medarbetare. Tillsammans har vi byggt upp en byr\u00e5 som drivs av ett starkt engagemang f\u00f6r r\u00e4ttvisa och ett genuint intresse f\u00f6r [&hellip;]<\/p>\n","protected":false},"author":1,"featured_media":2098,"parent":0,"menu_order":0,"comment_status":"closed","ping_status":"closed","template":"elementor_header_footer","meta":{"footnotes":""},"class_list":["post-1053","page","type-page","status-publish","has-post-thumbnail","hentry"],"yoast_head":"<!-- This site is optimized with the Yoast SEO plugin v27.3 - https:\/\/yoast.com\/product\/yoast-seo-wordpress\/ -->\n<title>Advokatfirman Avans - Om Advokatfirman Avans<\/title>\n<meta name=\"description\" content=\"Advokatfirman Avans erbjuder juridisk expertis inom brottm\u00e5l, civilr\u00e4tt, migrationsr\u00e4tt och tvistem\u00e5l, med klientens r\u00e4ttigheter i fokus.\" \/>\n<meta name=\"robots\" content=\"index, follow, max-snippet:-1, max-image-preview:large, max-video-preview:-1\" \/>\n<link rel=\"canonical\" href=\"https:\/\/advokatavans.se\/ar\/om-advokatfirman-avans\/\" \/>\n<meta property=\"og:locale\" content=\"ar_AR\" \/>\n<meta property=\"og:type\" content=\"article\" \/>\n<meta property=\"og:title\" content=\"V\u00e5r byr\u00e5\" \/>\n<meta property=\"og:description\" content=\"Advokatfirman Avans erbjuder juridisk expertis inom brottm\u00e5l, civilr\u00e4tt, migrationsr\u00e4tt och tvistem\u00e5l, med klientens r\u00e4ttigheter i fokus.\" \/>\n<meta property=\"og:url\" content=\"https:\/\/advokatavans.se\/ar\/om-advokatfirman-avans\/\" \/>\n<meta property=\"og:site_name\" content=\"Advokatfirman Avans\" \/>\n<meta property=\"article:publisher\" content=\"https:\/\/www.facebook.com\/profile.php?id=61565887347409\" \/>\n<meta property=\"article:modified_time\" content=\"2026-03-10T08:14:15+00:00\" \/>\n<meta property=\"og:image\" content=\"http:\/\/media1.advokatavans.se\/2024\/10\/Advokatfirman-Avans-Sociala-Medier-2-1.png\" \/>\n\t<meta property=\"og:image:width\" content=\"707\" \/>\n\t<meta property=\"og:image:height\" content=\"500\" \/>\n\t<meta property=\"og:image:type\" content=\"image\/png\" \/>\n<meta name=\"twitter:card\" content=\"summary_large_image\" \/>\n<meta name=\"twitter:title\" content=\"V\u00e5r byr\u00e5\" \/>\n<meta name=\"twitter:description\" content=\"Advokatfirman Avans erbjuder juridisk expertis inom brottm\u00e5l, civilr\u00e4tt, migrationsr\u00e4tt och tvistem\u00e5l, med klientens r\u00e4ttigheter i fokus.\" \/>\n<meta name=\"twitter:image\" content=\"https:\/\/media1.advokatavans.se\/2024\/10\/Advokatfirman-Avans-Sociala-Medier-2-1.png\" \/>\n<meta name=\"twitter:label1\" content=\"\u0648\u0642\u062a \u0627\u0644\u0642\u0631\u0627\u0621\u0629 \u0627\u0644\u0645\u064f\u0642\u062f\u0651\u0631\" \/>\n\t<meta name=\"twitter:data1\" content=\"\u062f\u0642\u064a\u0642\u062a\u0627\u0646\" \/>\n<script type=\"application\/ld+json\" class=\"yoast-schema-graph\">{\"@context\":\"https:\\\/\\\/schema.org\",\"@graph\":[{\"@type\":\"WebPage\",\"@id\":\"https:\\\/\\\/advokatavans.se\\\/om-advokatfirman-avans\\\/\",\"url\":\"https:\\\/\\\/advokatavans.se\\\/om-advokatfirman-avans\\\/\",\"name\":\"Advokatfirman Avans - Om Advokatfirman Avans\",\"isPartOf\":{\"@id\":\"https:\\\/\\\/advokatavans.se\\\/#website\"},\"primaryImageOfPage\":{\"@id\":\"https:\\\/\\\/advokatavans.se\\\/om-advokatfirman-avans\\\/#primaryimage\"},\"image\":{\"@id\":\"https:\\\/\\\/advokatavans.se\\\/om-advokatfirman-avans\\\/#primaryimage\"},\"thumbnailUrl\":\"https:\\\/\\\/media1.advokatavans.se\\\/2024\\\/10\\\/Advokatfirman-Avans-Sociala-Medier-2-1.png\",\"datePublished\":\"2024-09-28T10:44:49+00:00\",\"dateModified\":\"2026-03-10T08:14:15+00:00\",\"description\":\"Advokatfirman Avans erbjuder juridisk expertis inom brottm\u00e5l, civilr\u00e4tt, migrationsr\u00e4tt och tvistem\u00e5l, med klientens r\u00e4ttigheter i fokus.\",\"breadcrumb\":{\"@id\":\"https:\\\/\\\/advokatavans.se\\\/om-advokatfirman-avans\\\/#breadcrumb\"},\"inLanguage\":\"ar\",\"potentialAction\":[{\"@type\":\"ReadAction\",\"target\":[\"https:\\\/\\\/advokatavans.se\\\/om-advokatfirman-avans\\\/\"]}]},{\"@type\":\"ImageObject\",\"inLanguage\":\"ar\",\"@id\":\"https:\\\/\\\/advokatavans.se\\\/om-advokatfirman-avans\\\/#primaryimage\",\"url\":\"https:\\\/\\\/media1.advokatavans.se\\\/2024\\\/10\\\/Advokatfirman-Avans-Sociala-Medier-2-1.png\",\"contentUrl\":\"https:\\\/\\\/media1.advokatavans.se\\\/2024\\\/10\\\/Advokatfirman-Avans-Sociala-Medier-2-1.png\",\"width\":707,\"height\":500,\"caption\":\"Denna bild visas f\u00f6r Advokatfirman Avans sociala medie profiler\"},{\"@type\":\"BreadcrumbList\",\"@id\":\"https:\\\/\\\/advokatavans.se\\\/om-advokatfirman-avans\\\/#breadcrumb\",\"itemListElement\":[{\"@type\":\"ListItem\",\"position\":1,\"name\":\"Hem\",\"item\":\"https:\\\/\\\/advokatavans.se\\\/\"},{\"@type\":\"ListItem\",\"position\":2,\"name\":\"Om Advokatfirman Avans\"}]},{\"@type\":\"WebSite\",\"@id\":\"https:\\\/\\\/advokatavans.se\\\/#website\",\"url\":\"https:\\\/\\\/advokatavans.se\\\/\",\"name\":\"Advokatfirman Avans\",\"description\":\"Din v\u00e4g till r\u00e4ttvisa \u2013 Vi st\u00e5r vid din sida.\",\"publisher\":{\"@id\":\"https:\\\/\\\/advokatavans.se\\\/#organization\"},\"alternateName\":\"Advokatfirman Avans\",\"potentialAction\":[{\"@type\":\"SearchAction\",\"target\":{\"@type\":\"EntryPoint\",\"urlTemplate\":\"https:\\\/\\\/advokatavans.se\\\/?s={search_term_string}\"},\"query-input\":{\"@type\":\"PropertyValueSpecification\",\"valueRequired\":true,\"valueName\":\"search_term_string\"}}],\"inLanguage\":\"ar\"},{\"@type\":\"Organization\",\"@id\":\"https:\\\/\\\/advokatavans.se\\\/#organization\",\"name\":\"Advokatfirman Avans\",\"alternateName\":\"Advokatfirman Avans\",\"url\":\"https:\\\/\\\/advokatavans.se\\\/\",\"logo\":{\"@type\":\"ImageObject\",\"inLanguage\":\"ar\",\"@id\":\"https:\\\/\\\/advokatavans.se\\\/#\\\/schema\\\/logo\\\/image\\\/\",\"url\":\"https:\\\/\\\/media1.advokatavans.se\\\/2020\\\/03\\\/Logga-svart-liten.png\",\"contentUrl\":\"https:\\\/\\\/media1.advokatavans.se\\\/2020\\\/03\\\/Logga-svart-liten.png\",\"width\":300,\"height\":134,\"caption\":\"Advokatfirman Avans\"},\"image\":{\"@id\":\"https:\\\/\\\/advokatavans.se\\\/#\\\/schema\\\/logo\\\/image\\\/\"},\"sameAs\":[\"https:\\\/\\\/www.facebook.com\\\/profile.php?id=61565887347409\",\"https:\\\/\\\/www.instagram.com\\\/advokatavans\\\/\"]}]}<\/script>\n<!-- \/ Yoast SEO plugin. -->","yoast_head_json":{"title":"Advokatfirman Avans - Om Advokatfirman Avans","description":"Advokatfirman Avans erbjuder juridisk expertis inom brottm\u00e5l, civilr\u00e4tt, migrationsr\u00e4tt och tvistem\u00e5l, med klientens r\u00e4ttigheter i fokus.","robots":{"index":"index","follow":"follow","max-snippet":"max-snippet:-1","max-image-preview":"max-image-preview:large","max-video-preview":"max-video-preview:-1"},"canonical":"https:\/\/advokatavans.se\/ar\/om-advokatfirman-avans\/","og_locale":"ar_AR","og_type":"article","og_title":"V\u00e5r byr\u00e5","og_description":"Advokatfirman Avans erbjuder juridisk expertis inom brottm\u00e5l, civilr\u00e4tt, migrationsr\u00e4tt och tvistem\u00e5l, med klientens r\u00e4ttigheter i fokus.","og_url":"https:\/\/advokatavans.se\/ar\/om-advokatfirman-avans\/","og_site_name":"Advokatfirman Avans","article_publisher":"https:\/\/www.facebook.com\/profile.php?id=61565887347409","article_modified_time":"2026-03-10T08:14:15+00:00","og_image":[{"width":707,"height":500,"url":"http:\/\/media1.advokatavans.se\/2024\/10\/Advokatfirman-Avans-Sociala-Medier-2-1.png","type":"image\/png"}],"twitter_card":"summary_large_image","twitter_title":"V\u00e5r byr\u00e5","twitter_description":"Advokatfirman Avans erbjuder juridisk expertis inom brottm\u00e5l, civilr\u00e4tt, migrationsr\u00e4tt och tvistem\u00e5l, med klientens r\u00e4ttigheter i fokus.","twitter_image":"https:\/\/media1.advokatavans.se\/2024\/10\/Advokatfirman-Avans-Sociala-Medier-2-1.png","twitter_misc":{"\u0648\u0642\u062a \u0627\u0644\u0642\u0631\u0627\u0621\u0629 \u0627\u0644\u0645\u064f\u0642\u062f\u0651\u0631":"\u062f\u0642\u064a\u0642\u062a\u0627\u0646"},"schema":{"@context":"https:\/\/schema.org","@graph":[{"@type":"WebPage","@id":"https:\/\/advokatavans.se\/om-advokatfirman-avans\/","url":"https:\/\/advokatavans.se\/om-advokatfirman-avans\/","name":"Advokatfirman Avans - Om Advokatfirman Avans","isPartOf":{"@id":"https:\/\/advokatavans.se\/#website"},"primaryImageOfPage":{"@id":"https:\/\/advokatavans.se\/om-advokatfirman-avans\/#primaryimage"},"image":{"@id":"https:\/\/advokatavans.se\/om-advokatfirman-avans\/#primaryimage"},"thumbnailUrl":"https:\/\/media1.advokatavans.se\/2024\/10\/Advokatfirman-Avans-Sociala-Medier-2-1.png","datePublished":"2024-09-28T10:44:49+00:00","dateModified":"2026-03-10T08:14:15+00:00","description":"Advokatfirman Avans erbjuder juridisk expertis inom brottm\u00e5l, civilr\u00e4tt, migrationsr\u00e4tt och tvistem\u00e5l, med klientens r\u00e4ttigheter i fokus.","breadcrumb":{"@id":"https:\/\/advokatavans.se\/om-advokatfirman-avans\/#breadcrumb"},"inLanguage":"ar","potentialAction":[{"@type":"ReadAction","target":["https:\/\/advokatavans.se\/om-advokatfirman-avans\/"]}]},{"@type":"ImageObject","inLanguage":"ar","@id":"https:\/\/advokatavans.se\/om-advokatfirman-avans\/#primaryimage","url":"https:\/\/media1.advokatavans.se\/2024\/10\/Advokatfirman-Avans-Sociala-Medier-2-1.png","contentUrl":"https:\/\/media1.advokatavans.se\/2024\/10\/Advokatfirman-Avans-Sociala-Medier-2-1.png","width":707,"height":500,"caption":"Denna bild visas f\u00f6r Advokatfirman Avans sociala medie profiler"},{"@type":"BreadcrumbList","@id":"https:\/\/advokatavans.se\/om-advokatfirman-avans\/#breadcrumb","itemListElement":[{"@type":"ListItem","position":1,"name":"Hem","item":"https:\/\/advokatavans.se\/"},{"@type":"ListItem","position":2,"name":"Om Advokatfirman Avans"}]},{"@type":"WebSite","@id":"https:\/\/advokatavans.se\/#website","url":"https:\/\/advokatavans.se\/","name":"Advokatfirman Avans","description":"Din v\u00e4g till r\u00e4ttvisa \u2013 Vi st\u00e5r vid din sida.","publisher":{"@id":"https:\/\/advokatavans.se\/#organization"},"alternateName":"Advokatfirman Avans","potentialAction":[{"@type":"SearchAction","target":{"@type":"EntryPoint","urlTemplate":"https:\/\/advokatavans.se\/?s={search_term_string}"},"query-input":{"@type":"PropertyValueSpecification","valueRequired":true,"valueName":"search_term_string"}}],"inLanguage":"ar"},{"@type":"Organization","@id":"https:\/\/advokatavans.se\/#organization","name":"Advokatfirman Avans","alternateName":"Advokatfirman Avans","url":"https:\/\/advokatavans.se\/","logo":{"@type":"ImageObject","inLanguage":"ar","@id":"https:\/\/advokatavans.se\/#\/schema\/logo\/image\/","url":"https:\/\/media1.advokatavans.se\/2020\/03\/Logga-svart-liten.png","contentUrl":"https:\/\/media1.advokatavans.se\/2020\/03\/Logga-svart-liten.png","width":300,"height":134,"caption":"Advokatfirman Avans"},"image":{"@id":"https:\/\/advokatavans.se\/#\/schema\/logo\/image\/"},"sameAs":["https:\/\/www.facebook.com\/profile.php?id=61565887347409","https:\/\/www.instagram.com\/advokatavans\/"]}]}},"_links":{"self":[{"href":"https:\/\/advokatavans.se\/ar\/wp-json\/wp\/v2\/pages\/1053","targetHints":{"allow":["GET"]}}],"collection":[{"href":"https:\/\/advokatavans.se\/ar\/wp-json\/wp\/v2\/pages"}],"about":[{"href":"https:\/\/advokatavans.se\/ar\/wp-json\/wp\/v2\/types\/page"}],"author":[{"embeddable":true,"href":"https:\/\/advokatavans.se\/ar\/wp-json\/wp\/v2\/users\/1"}],"replies":[{"embeddable":true,"href":"https:\/\/advokatavans.se\/ar\/wp-json\/wp\/v2\/comments?post=1053"}],"version-history":[{"count":252,"href":"https:\/\/advokatavans.se\/ar\/wp-json\/wp\/v2\/pages\/1053\/revisions"}],"predecessor-version":[{"id":3064,"href":"https:\/\/advokatavans.se\/ar\/wp-json\/wp\/v2\/pages\/1053\/revisions\/3064"}],"wp:featuredmedia":[{"embeddable":true,"href":"https:\/\/advokatavans.se\/ar\/wp-json\/wp\/v2\/media\/2098"}],"wp:attachment":[{"href":"https:\/\/advokatavans.se\/ar\/wp-json\/wp\/v2\/media?parent=1053"}],"curies":[{"name":"wp","href":"https:\/\/api.w.org\/{rel}","templated":true}]}}