{"id":1046,"date":"2024-09-28T10:42:12","date_gmt":"2024-09-28T10:42:12","guid":{"rendered":"https:\/\/advokatavans.se\/?page_id=1046"},"modified":"2026-03-09T18:15:47","modified_gmt":"2026-03-09T18:15:47","slug":"vara-rattsomraden","status":"publish","type":"page","link":"https:\/\/advokatavans.se\/ar\/vara-rattsomraden\/","title":{"rendered":"\u00a0\u0645\u062c\u0627\u0644\u0627\u062a \u0639\u0645\u0644\u0646\u0627"},"content":{"rendered":"<div data-elementor-type=\"wp-page\" data-elementor-id=\"1046\" class=\"elementor elementor-1046\" data-elementor-post-type=\"page\">\n\t\t\t\t<main class=\"elementor-element elementor-element-e4ad092 e-flex e-con-boxed e-con e-parent\" data-id=\"e4ad092\" data-element_type=\"container\" data-e-type=\"container\" data-settings=\"{&quot;background_background&quot;:&quot;classic&quot;}\">\n\t\t\t\t\t<div class=\"e-con-inner\">\n\t\t<div class=\"elementor-element elementor-element-7981a6e e-con-full e-flex e-con e-child\" data-id=\"7981a6e\" data-element_type=\"container\" data-e-type=\"container\">\n\t\t\t\t<div class=\"elementor-element elementor-element-252def7 elementor-widget elementor-widget-heading\" data-id=\"252def7\" data-element_type=\"widget\" data-e-type=\"widget\" data-widget_type=\"heading.default\">\n\t\t\t\t<div class=\"elementor-widget-container\">\n\t\t\t\t\t<h1 class=\"elementor-heading-title elementor-size-default\">\u00a0\u0645\u062c\u0627\u0644\u0627\u062a \u0639\u0645\u0644\u0646\u0627<\/h1>\t\t\t\t<\/div>\n\t\t\t\t<\/div>\n\t\t\t\t<\/div>\n\t\t\t\t\t<\/div>\n\t\t\t\t<\/main>\n\t\t<div class=\"elementor-element elementor-element-f5b6955 e-flex e-con-boxed e-con e-parent\" data-id=\"f5b6955\" data-element_type=\"container\" data-e-type=\"container\" data-settings=\"{&quot;background_background&quot;:&quot;classic&quot;}\">\n\t\t\t\t\t<div class=\"e-con-inner\">\n\t\t<div class=\"elementor-element elementor-element-32a1dd0 e-con-full e-flex e-con e-child\" data-id=\"32a1dd0\" data-element_type=\"container\" data-e-type=\"container\">\n\t\t\t\t<div class=\"elementor-element elementor-element-7e1acc5 elementor-widget elementor-widget-heading\" data-id=\"7e1acc5\" data-element_type=\"widget\" data-e-type=\"widget\" data-widget_type=\"heading.default\">\n\t\t\t\t<div class=\"elementor-widget-container\">\n\t\t\t\t\t<h2 class=\"elementor-heading-title elementor-size-default\">\u0628\u0645\u0627\u0630\u0627 \u064a\u0645\u0643\u0646\u0646\u0627 \u0645\u0633\u0627\u0639\u062f\u062a\u0643\u061f<\/h2>\t\t\t\t<\/div>\n\t\t\t\t<\/div>\n\t\t\t\t<div class=\"elementor-element elementor-element-52ce0e0 elementor-widget elementor-widget-text-editor\" data-id=\"52ce0e0\" data-element_type=\"widget\" data-e-type=\"widget\" data-widget_type=\"text-editor.default\">\n\t\t\t\t<div class=\"elementor-widget-container\">\n\t\t\t\t\t\t\t\t\t<div class=\"flex-shrink-0 flex flex-col relative items-end\"><div class=\"pt-0\"><div class=\"gizmo-bot-avatar flex h-8 w-8 items-center justify-center overflow-hidden rounded-full\"><div class=\"relative p-1 rounded-sm flex items-center justify-center bg-token-main-surface-primary text-token-text-primary h-8 w-8\">\u062a\u0645\u062a\u062f \u062e\u0628\u0631\u062a\u0646\u0627 \u0648\u0643\u0641\u0627\u0621\u062a\u0646\u0627 \u0639\u0628\u0631 \u0645\u0639\u0638\u0645 \u0627\u0644\u0645\u062c\u0627\u0644\u0627\u062a \u0627\u0644\u0642\u0627\u0646\u0648\u0646\u064a\u0629. \u0641\u064a\u0645\u0627 \u064a\u0644\u064a \u0642\u0645\u0646\u0627 \u0628\u062a\u062c\u0645\u064a\u0639 \u0623\u0628\u0631\u0632 \u0645\u062c\u0627\u0644\u0627\u062a \u0627\u0644\u0642\u0627\u0646\u0648\u0646 \u0627\u0644\u062a\u064a \u0646\u0639\u0645\u0644 \u0628\u0647\u0627\u060c \u0644\u0646\u0645\u0646\u062d\u0643 \u0646\u0638\u0631\u0629 \u0633\u0631\u064a\u0639\u0629 \u0648\u0648\u0627\u0636\u062d\u0629. \u0648\u0645\u0647\u0645\u0627 \u0643\u0627\u0646\u062a \u0627\u0644\u0645\u0633\u0627\u0639\u062f\u0629 \u0627\u0644\u062a\u064a \u062a\u062d\u062a\u0627\u062c\u0647\u0627\u060c \u0641\u0625\u0646 \u0641\u0631\u064a\u0642\u0646\u0627 \u0627\u0644\u0645\u062a\u0645\u0631\u0633 \u0639\u0644\u0649 \u0627\u0633\u062a\u0639\u062f\u0627\u062f \u0644\u062a\u0642\u062f\u064a\u0645 \u0627\u0644\u0627\u0633\u062a\u0634\u0627\u0631\u0627\u062a \u0627\u0644\u0642\u0627\u0646\u0648\u0646\u064a\u0629 \u0648\u0627\u0644\u062f\u0639\u0645 \u0644\u0643.<\/div><\/div><\/div><\/div>\t\t\t\t\t\t\t\t<\/div>\n\t\t\t\t<\/div>\n\t\t\t\t<\/div>\n\t\t<div class=\"elementor-element elementor-element-4519715 e-con-full e-flex e-con e-child\" data-id=\"4519715\" data-element_type=\"container\" data-e-type=\"container\">\n\t\t<div class=\"elementor-element elementor-element-0504a54 e-con-full e-flex elementor-invisible e-con e-child\" data-id=\"0504a54\" data-element_type=\"container\" data-e-type=\"container\" data-settings=\"{&quot;animation&quot;:&quot;fadeInUp&quot;}\">\n\t\t\t\t<div class=\"elementor-element elementor-element-4ecd421 elementor-cta--skin-cover elementor-cta--valign-middle elementor-widget elementor-widget-call-to-action\" data-id=\"4ecd421\" data-element_type=\"widget\" data-e-type=\"widget\" data-widget_type=\"call-to-action.default\">\n\t\t\t\t<div class=\"elementor-widget-container\">\n\t\t\t\t\t\t\t<a class=\"elementor-cta\" href=\"https:\/\/advokatavans.se\/ar\/brottmal\/\" rel=\"nofollow\">\n\t\t\t\t\t<div class=\"elementor-cta__bg-wrapper\">\n\t\t\t\t<div class=\"elementor-cta__bg elementor-bg\" style=\"background-image: url(https:\/\/media1.advokatavans.se\/2024\/10\/Advokat_Avans_Civilratt.png);\" role=\"img\" aria-label=\"Civilr\u00e4tt\"><\/div>\n\t\t\t\t<div class=\"elementor-cta__bg-overlay\"><\/div>\n\t\t\t<\/div>\n\t\t\t\t\t\t\t<div class=\"elementor-cta__content\">\n\t\t\t\t\n\t\t\t\t\t\t\t\t\t<h2 class=\"elementor-cta__title elementor-cta__content-item elementor-content-item\">\n\t\t\t\t\t\t\u0627\u0644\u0642\u0627\u0646\u0648\u0646 \u0627\u0644\u062c\u0646\u0627\u0626\u064a\u00a0\t\t\t\t\t<\/h2>\n\t\t\t\t\n\t\t\t\t\n\t\t\t\t\t\t\t<\/div>\n\t\t\t\t\t\t<\/a>\n\t\t\t\t\t\t<\/div>\n\t\t\t\t<\/div>\n\t\t\t\t<\/div>\n\t\t<div class=\"elementor-element elementor-element-c9a37f0 e-con-full e-flex elementor-invisible e-con e-child\" data-id=\"c9a37f0\" data-element_type=\"container\" data-e-type=\"container\" data-settings=\"{&quot;animation&quot;:&quot;fadeInUp&quot;}\">\n\t\t\t\t<div class=\"elementor-element elementor-element-6bdf3dd elementor-cta--skin-cover elementor-cta--valign-middle elementor-widget elementor-widget-call-to-action\" data-id=\"6bdf3dd\" data-element_type=\"widget\" data-e-type=\"widget\" data-widget_type=\"call-to-action.default\">\n\t\t\t\t<div class=\"elementor-widget-container\">\n\t\t\t\t\t\t\t<a class=\"elementor-cta\" href=\"https:\/\/advokatavans.se\/ar\/familjeratt\/\" rel=\"nofollow\">\n\t\t\t\t\t<div class=\"elementor-cta__bg-wrapper\">\n\t\t\t\t<div class=\"elementor-cta__bg elementor-bg\" style=\"background-image: url(https:\/\/media1.advokatavans.se\/2024\/10\/Advokat_Avans_Familjeratt.png);\" role=\"img\" aria-label=\"\u0627\u0644\u0642\u0627\u0646\u0648\u0646 \u0627\u0644\u0623\u0633\u0631\u064a\u00a0\"><\/div>\n\t\t\t\t<div class=\"elementor-cta__bg-overlay\"><\/div>\n\t\t\t<\/div>\n\t\t\t\t\t\t\t<div class=\"elementor-cta__content\">\n\t\t\t\t\n\t\t\t\t\t\t\t\t\t<h2 class=\"elementor-cta__title elementor-cta__content-item elementor-content-item\">\n\t\t\t\t\t\t\u0627\u0644\u0642\u0627\u0646\u0648\u0646 \u0627\u0644\u0623\u0633\u0631\u064a\u00a0\t\t\t\t\t<\/h2>\n\t\t\t\t\n\t\t\t\t\n\t\t\t\t\t\t\t<\/div>\n\t\t\t\t\t\t<\/a>\n\t\t\t\t\t\t<\/div>\n\t\t\t\t<\/div>\n\t\t\t\t<\/div>\n\t\t<div class=\"elementor-element elementor-element-d95634f e-con-full e-flex elementor-invisible e-con e-child\" data-id=\"d95634f\" data-element_type=\"container\" data-e-type=\"container\" data-settings=\"{&quot;animation&quot;:&quot;fadeInUp&quot;}\">\n\t\t\t\t<div class=\"elementor-element elementor-element-4f4aa5f elementor-cta--skin-cover elementor-cta--valign-middle elementor-widget elementor-widget-call-to-action\" data-id=\"4f4aa5f\" data-element_type=\"widget\" data-e-type=\"widget\" data-widget_type=\"call-to-action.default\">\n\t\t\t\t<div class=\"elementor-widget-container\">\n\t\t\t\t\t\t\t<a class=\"elementor-cta\" href=\"https:\/\/advokatavans.se\/ar\/tvangsmal\/\" rel=\"nofollow\">\n\t\t\t\t\t<div class=\"elementor-cta__bg-wrapper\">\n\t\t\t\t<div class=\"elementor-cta__bg elementor-bg\" style=\"background-image: url(https:\/\/media1.advokatavans.se\/2024\/10\/Advokat_Avans_Tvangmal.png);\" role=\"img\" aria-label=\"\u0642\u0636\u0627\u064a\u0627 \u0627\u0644\u0631\u0639\u0627\u064a\u0629 \u0627\u0644\u0642\u0633\u0631\u064a\u0629\"><\/div>\n\t\t\t\t<div class=\"elementor-cta__bg-overlay\"><\/div>\n\t\t\t<\/div>\n\t\t\t\t\t\t\t<div class=\"elementor-cta__content\">\n\t\t\t\t\n\t\t\t\t\t\t\t\t\t<h2 class=\"elementor-cta__title elementor-cta__content-item elementor-content-item\">\n\t\t\t\t\t\t\u0642\u0636\u0627\u064a\u0627 \u0627\u0644\u0631\u0639\u0627\u064a\u0629 \u0627\u0644\u0642\u0633\u0631\u064a\u0629\t\t\t\t\t<\/h2>\n\t\t\t\t\n\t\t\t\t\n\t\t\t\t\t\t\t<\/div>\n\t\t\t\t\t\t<\/a>\n\t\t\t\t\t\t<\/div>\n\t\t\t\t<\/div>\n\t\t\t\t<\/div>\n\t\t<div class=\"elementor-element elementor-element-98ba981 e-con-full e-flex elementor-invisible e-con e-child\" data-id=\"98ba981\" data-element_type=\"container\" data-e-type=\"container\" data-settings=\"{&quot;animation&quot;:&quot;fadeInUp&quot;}\">\n\t\t\t\t<div class=\"elementor-element elementor-element-862f7ca elementor-cta--skin-cover elementor-cta--valign-middle elementor-widget elementor-widget-call-to-action\" data-id=\"862f7ca\" data-element_type=\"widget\" data-e-type=\"widget\" data-widget_type=\"call-to-action.default\">\n\t\t\t\t<div class=\"elementor-widget-container\">\n\t\t\t\t\t\t\t<a class=\"elementor-cta\" href=\"https:\/\/advokatavans.se\/ar\/entreprenadratt\/\" rel=\"nofollow\">\n\t\t\t\t\t<div class=\"elementor-cta__bg-wrapper\">\n\t\t\t\t<div class=\"elementor-cta__bg elementor-bg\" style=\"background-image: url(https:\/\/media1.advokatavans.se\/2024\/10\/image-40-1.png);\" role=\"img\" aria-label=\"image 40 (1)\"><\/div>\n\t\t\t\t<div class=\"elementor-cta__bg-overlay\"><\/div>\n\t\t\t<\/div>\n\t\t\t\t\t\t\t<div class=\"elementor-cta__content\">\n\t\t\t\t\n\t\t\t\t\t\t\t\t\t<h2 class=\"elementor-cta__title elementor-cta__content-item elementor-content-item\">\n\t\t\t\t\t\t\u0642\u0627\u0646\u0648\u0646 \u0627\u0644\u0628\u0646\u0627\u0621\u00a0\t\t\t\t\t<\/h2>\n\t\t\t\t\n\t\t\t\t\n\t\t\t\t\t\t\t<\/div>\n\t\t\t\t\t\t<\/a>\n\t\t\t\t\t\t<\/div>\n\t\t\t\t<\/div>\n\t\t\t\t<\/div>\n\t\t<div class=\"elementor-element elementor-element-c4dcd9b e-con-full e-flex elementor-invisible e-con e-child\" data-id=\"c4dcd9b\" data-element_type=\"container\" data-e-type=\"container\" data-settings=\"{&quot;animation&quot;:&quot;fadeInUp&quot;}\">\n\t\t\t\t<div class=\"elementor-element elementor-element-7044106 elementor-cta--skin-cover elementor-cta--valign-middle elementor-widget elementor-widget-call-to-action\" data-id=\"7044106\" data-element_type=\"widget\" data-e-type=\"widget\" data-widget_type=\"call-to-action.default\">\n\t\t\t\t<div class=\"elementor-widget-container\">\n\t\t\t\t\t\t\t<a class=\"elementor-cta\" href=\"https:\/\/advokatavans.se\/ar\/allman-affarsjuridik\/\" rel=\"nofollow\">\n\t\t\t\t\t<div class=\"elementor-cta__bg-wrapper\">\n\t\t\t\t<div class=\"elementor-cta__bg elementor-bg\" style=\"background-image: url(https:\/\/media1.advokatavans.se\/2024\/10\/allman-affarsjuridik-1.png);\" role=\"img\" aria-label=\"allm\u00e4n aff\u00e4rsjuridik (1)\"><\/div>\n\t\t\t\t<div class=\"elementor-cta__bg-overlay\"><\/div>\n\t\t\t<\/div>\n\t\t\t\t\t\t\t<div class=\"elementor-cta__content\">\n\t\t\t\t\n\t\t\t\t\t\t\t\t\t<h2 class=\"elementor-cta__title elementor-cta__content-item elementor-content-item\">\n\t\t\t\t\t\t\u0642\u0627\u0646\u0648\u0646 \u0627\u0644\u0634\u0631\u0643\u0627\u062a\t\t\t\t\t<\/h2>\n\t\t\t\t\n\t\t\t\t\n\t\t\t\t\t\t\t<\/div>\n\t\t\t\t\t\t<\/a>\n\t\t\t\t\t\t<\/div>\n\t\t\t\t<\/div>\n\t\t\t\t<\/div>\n\t\t<div class=\"elementor-element elementor-element-6b79d7b e-con-full e-flex elementor-invisible e-con e-child\" data-id=\"6b79d7b\" data-element_type=\"container\" data-e-type=\"container\" data-settings=\"{&quot;animation&quot;:&quot;fadeInUp&quot;}\">\n\t\t\t\t<div class=\"elementor-element elementor-element-9f3d770 elementor-cta--skin-cover elementor-cta--valign-middle elementor-widget elementor-widget-call-to-action\" data-id=\"9f3d770\" data-element_type=\"widget\" data-e-type=\"widget\" data-widget_type=\"call-to-action.default\">\n\t\t\t\t<div class=\"elementor-widget-container\">\n\t\t\t\t\t\t\t<a class=\"elementor-cta\" href=\"https:\/\/advokatavans.se\/ar\/migrationsratt\/\" rel=\"nofollow\">\n\t\t\t\t\t<div class=\"elementor-cta__bg-wrapper\">\n\t\t\t\t<div class=\"elementor-cta__bg elementor-bg\" style=\"background-image: url(https:\/\/media1.advokatavans.se\/2024\/10\/Entreprenad-1.png);\" role=\"img\" aria-label=\"Entreprenad (1)\"><\/div>\n\t\t\t\t<div class=\"elementor-cta__bg-overlay\"><\/div>\n\t\t\t<\/div>\n\t\t\t\t\t\t\t<div class=\"elementor-cta__content\">\n\t\t\t\t\n\t\t\t\t\t\t\t\t\t<h2 class=\"elementor-cta__title elementor-cta__content-item elementor-content-item\">\n\t\t\t\t\t\t\u0642\u0627\u0646\u0648\u0646 \u0627\u0644\u0647\u062c\u0631\u0629\t\t\t\t\t<\/h2>\n\t\t\t\t\n\t\t\t\t\n\t\t\t\t\t\t\t<\/div>\n\t\t\t\t\t\t<\/a>\n\t\t\t\t\t\t<\/div>\n\t\t\t\t<\/div>\n\t\t\t\t<\/div>\n\t\t\t\t<\/div>\n\t\t\t\t\t<\/div>\n\t\t\t\t<\/div>\n\t\t\t\t<\/div>","protected":false},"excerpt":{"rendered":"<p>V\u00e5ra r\u00e4ttsomr\u00e5den Vad kan vi hj\u00e4lpa dig med? V\u00e5r erfarenhet och kompetens str\u00e4cker sig \u00f6ver de flesta juridiska omr\u00e5den. Nedan har vi sammanst\u00e4llt de fr\u00e4msta r\u00e4ttsomr\u00e5den vi arbetar med, f\u00f6r att ge dig en snabb och tydlig \u00f6versikt. Oavsett vad du beh\u00f6ver hj\u00e4lp med \u00e4r v\u00e5rt erfarna team redo att bist\u00e5 dig med juridisk r\u00e5dgivning [&hellip;]<\/p>\n","protected":false},"author":1,"featured_media":2098,"parent":0,"menu_order":0,"comment_status":"closed","ping_status":"closed","template":"elementor_header_footer","meta":{"footnotes":""},"class_list":["post-1046","page","type-page","status-publish","has-post-thumbnail","hentry"],"yoast_head":"<!-- This site is optimized with the Yoast SEO plugin v27.3 - https:\/\/yoast.com\/product\/yoast-seo-wordpress\/ -->\n<title>Advokatfirman Avans - V\u00e5ra r\u00e4ttsomr\u00e5den<\/title>\n<meta name=\"description\" content=\"V\u00e5r erfarenhet och kompetens str\u00e4cker sig \u00f6ver de flesta juridiska omr\u00e5den. H\u00e4r har vi sammanst\u00e4llt de fr\u00e4msta r\u00e4ttsomr\u00e5den vi arbetar med.\" \/>\n<meta name=\"robots\" content=\"index, follow, max-snippet:-1, max-image-preview:large, max-video-preview:-1\" \/>\n<link rel=\"canonical\" href=\"https:\/\/advokatavans.se\/ar\/vara-rattsomraden\/\" \/>\n<meta property=\"og:locale\" content=\"ar_AR\" \/>\n<meta property=\"og:type\" content=\"article\" \/>\n<meta property=\"og:title\" content=\"R\u00e4ttsomr\u00e5den\" \/>\n<meta property=\"og:description\" content=\"V\u00e5r erfarenhet och kompetens str\u00e4cker sig \u00f6ver de flesta juridiska omr\u00e5den. H\u00e4r har vi sammanst\u00e4llt de fr\u00e4msta r\u00e4ttsomr\u00e5den vi arbetar med.\" \/>\n<meta property=\"og:url\" content=\"https:\/\/advokatavans.se\/ar\/vara-rattsomraden\/\" \/>\n<meta property=\"og:site_name\" content=\"Advokatfirman Avans\" \/>\n<meta property=\"article:publisher\" content=\"https:\/\/www.facebook.com\/profile.php?id=61565887347409\" \/>\n<meta property=\"article:modified_time\" content=\"2026-03-09T18:15:47+00:00\" \/>\n<meta property=\"og:image\" content=\"http:\/\/media1.advokatavans.se\/2024\/10\/Advokatfirman-Avans-Sociala-Medier-2-1.png\" \/>\n\t<meta property=\"og:image:width\" content=\"707\" \/>\n\t<meta property=\"og:image:height\" content=\"500\" \/>\n\t<meta property=\"og:image:type\" content=\"image\/png\" \/>\n<meta name=\"twitter:card\" content=\"summary_large_image\" \/>\n<meta name=\"twitter:title\" content=\"R\u00e4ttsomr\u00e5den\" \/>\n<meta name=\"twitter:description\" content=\"V\u00e5r erfarenhet och kompetens str\u00e4cker sig \u00f6ver de flesta juridiska omr\u00e5den. H\u00e4r har vi sammanst\u00e4llt de fr\u00e4msta r\u00e4ttsomr\u00e5den vi arbetar med.\" \/>\n<meta name=\"twitter:image\" content=\"https:\/\/media1.advokatavans.se\/2024\/10\/Advokatfirman-Avans-Sociala-Medier-2-1.png\" \/>\n<meta name=\"twitter:label1\" content=\"\u0648\u0642\u062a \u0627\u0644\u0642\u0631\u0627\u0621\u0629 \u0627\u0644\u0645\u064f\u0642\u062f\u0651\u0631\" \/>\n\t<meta name=\"twitter:data1\" content=\"\u062f\u0642\u064a\u0642\u0629 \u0648\u0627\u062d\u062f\u0629\" \/>\n<script type=\"application\/ld+json\" class=\"yoast-schema-graph\">{\"@context\":\"https:\\\/\\\/schema.org\",\"@graph\":[{\"@type\":\"WebPage\",\"@id\":\"https:\\\/\\\/advokatavans.se\\\/vara-rattsomraden\\\/\",\"url\":\"https:\\\/\\\/advokatavans.se\\\/vara-rattsomraden\\\/\",\"name\":\"Advokatfirman Avans - V\u00e5ra r\u00e4ttsomr\u00e5den\",\"isPartOf\":{\"@id\":\"https:\\\/\\\/advokatavans.se\\\/#website\"},\"primaryImageOfPage\":{\"@id\":\"https:\\\/\\\/advokatavans.se\\\/vara-rattsomraden\\\/#primaryimage\"},\"image\":{\"@id\":\"https:\\\/\\\/advokatavans.se\\\/vara-rattsomraden\\\/#primaryimage\"},\"thumbnailUrl\":\"https:\\\/\\\/media1.advokatavans.se\\\/2024\\\/10\\\/Advokatfirman-Avans-Sociala-Medier-2-1.png\",\"datePublished\":\"2024-09-28T10:42:12+00:00\",\"dateModified\":\"2026-03-09T18:15:47+00:00\",\"description\":\"V\u00e5r erfarenhet och kompetens str\u00e4cker sig \u00f6ver de flesta juridiska omr\u00e5den. H\u00e4r har vi sammanst\u00e4llt de fr\u00e4msta r\u00e4ttsomr\u00e5den vi arbetar med.\",\"breadcrumb\":{\"@id\":\"https:\\\/\\\/advokatavans.se\\\/vara-rattsomraden\\\/#breadcrumb\"},\"inLanguage\":\"ar\",\"potentialAction\":[{\"@type\":\"ReadAction\",\"target\":[\"https:\\\/\\\/advokatavans.se\\\/vara-rattsomraden\\\/\"]}]},{\"@type\":\"ImageObject\",\"inLanguage\":\"ar\",\"@id\":\"https:\\\/\\\/advokatavans.se\\\/vara-rattsomraden\\\/#primaryimage\",\"url\":\"https:\\\/\\\/media1.advokatavans.se\\\/2024\\\/10\\\/Advokatfirman-Avans-Sociala-Medier-2-1.png\",\"contentUrl\":\"https:\\\/\\\/media1.advokatavans.se\\\/2024\\\/10\\\/Advokatfirman-Avans-Sociala-Medier-2-1.png\",\"width\":707,\"height\":500,\"caption\":\"Denna bild visas f\u00f6r Advokatfirman Avans sociala medie profiler\"},{\"@type\":\"BreadcrumbList\",\"@id\":\"https:\\\/\\\/advokatavans.se\\\/vara-rattsomraden\\\/#breadcrumb\",\"itemListElement\":[{\"@type\":\"ListItem\",\"position\":1,\"name\":\"Hem\",\"item\":\"https:\\\/\\\/advokatavans.se\\\/\"},{\"@type\":\"ListItem\",\"position\":2,\"name\":\"V\u00e5ra r\u00e4ttsomr\u00e5den\"}]},{\"@type\":\"WebSite\",\"@id\":\"https:\\\/\\\/advokatavans.se\\\/#website\",\"url\":\"https:\\\/\\\/advokatavans.se\\\/\",\"name\":\"Advokatfirman Avans\",\"description\":\"Din v\u00e4g till r\u00e4ttvisa \u2013 Vi st\u00e5r vid din sida.\",\"publisher\":{\"@id\":\"https:\\\/\\\/advokatavans.se\\\/#organization\"},\"alternateName\":\"Advokatfirman Avans\",\"potentialAction\":[{\"@type\":\"SearchAction\",\"target\":{\"@type\":\"EntryPoint\",\"urlTemplate\":\"https:\\\/\\\/advokatavans.se\\\/?s={search_term_string}\"},\"query-input\":{\"@type\":\"PropertyValueSpecification\",\"valueRequired\":true,\"valueName\":\"search_term_string\"}}],\"inLanguage\":\"ar\"},{\"@type\":\"Organization\",\"@id\":\"https:\\\/\\\/advokatavans.se\\\/#organization\",\"name\":\"Advokatfirman Avans\",\"alternateName\":\"Advokatfirman Avans\",\"url\":\"https:\\\/\\\/advokatavans.se\\\/\",\"logo\":{\"@type\":\"ImageObject\",\"inLanguage\":\"ar\",\"@id\":\"https:\\\/\\\/advokatavans.se\\\/#\\\/schema\\\/logo\\\/image\\\/\",\"url\":\"https:\\\/\\\/media1.advokatavans.se\\\/2020\\\/03\\\/Logga-svart-liten.png\",\"contentUrl\":\"https:\\\/\\\/media1.advokatavans.se\\\/2020\\\/03\\\/Logga-svart-liten.png\",\"width\":300,\"height\":134,\"caption\":\"Advokatfirman Avans\"},\"image\":{\"@id\":\"https:\\\/\\\/advokatavans.se\\\/#\\\/schema\\\/logo\\\/image\\\/\"},\"sameAs\":[\"https:\\\/\\\/www.facebook.com\\\/profile.php?id=61565887347409\",\"https:\\\/\\\/www.instagram.com\\\/advokatavans\\\/\"]}]}<\/script>\n<!-- \/ Yoast SEO plugin. -->","yoast_head_json":{"title":"Advokatfirman Avans - V\u00e5ra r\u00e4ttsomr\u00e5den","description":"V\u00e5r erfarenhet och kompetens str\u00e4cker sig \u00f6ver de flesta juridiska omr\u00e5den. H\u00e4r har vi sammanst\u00e4llt de fr\u00e4msta r\u00e4ttsomr\u00e5den vi arbetar med.","robots":{"index":"index","follow":"follow","max-snippet":"max-snippet:-1","max-image-preview":"max-image-preview:large","max-video-preview":"max-video-preview:-1"},"canonical":"https:\/\/advokatavans.se\/ar\/vara-rattsomraden\/","og_locale":"ar_AR","og_type":"article","og_title":"R\u00e4ttsomr\u00e5den","og_description":"V\u00e5r erfarenhet och kompetens str\u00e4cker sig \u00f6ver de flesta juridiska omr\u00e5den. H\u00e4r har vi sammanst\u00e4llt de fr\u00e4msta r\u00e4ttsomr\u00e5den vi arbetar med.","og_url":"https:\/\/advokatavans.se\/ar\/vara-rattsomraden\/","og_site_name":"Advokatfirman Avans","article_publisher":"https:\/\/www.facebook.com\/profile.php?id=61565887347409","article_modified_time":"2026-03-09T18:15:47+00:00","og_image":[{"width":707,"height":500,"url":"http:\/\/media1.advokatavans.se\/2024\/10\/Advokatfirman-Avans-Sociala-Medier-2-1.png","type":"image\/png"}],"twitter_card":"summary_large_image","twitter_title":"R\u00e4ttsomr\u00e5den","twitter_description":"V\u00e5r erfarenhet och kompetens str\u00e4cker sig \u00f6ver de flesta juridiska omr\u00e5den. H\u00e4r har vi sammanst\u00e4llt de fr\u00e4msta r\u00e4ttsomr\u00e5den vi arbetar med.","twitter_image":"https:\/\/media1.advokatavans.se\/2024\/10\/Advokatfirman-Avans-Sociala-Medier-2-1.png","twitter_misc":{"\u0648\u0642\u062a \u0627\u0644\u0642\u0631\u0627\u0621\u0629 \u0627\u0644\u0645\u064f\u0642\u062f\u0651\u0631":"\u062f\u0642\u064a\u0642\u0629 \u0648\u0627\u062d\u062f\u0629"},"schema":{"@context":"https:\/\/schema.org","@graph":[{"@type":"WebPage","@id":"https:\/\/advokatavans.se\/vara-rattsomraden\/","url":"https:\/\/advokatavans.se\/vara-rattsomraden\/","name":"Advokatfirman Avans - V\u00e5ra r\u00e4ttsomr\u00e5den","isPartOf":{"@id":"https:\/\/advokatavans.se\/#website"},"primaryImageOfPage":{"@id":"https:\/\/advokatavans.se\/vara-rattsomraden\/#primaryimage"},"image":{"@id":"https:\/\/advokatavans.se\/vara-rattsomraden\/#primaryimage"},"thumbnailUrl":"https:\/\/media1.advokatavans.se\/2024\/10\/Advokatfirman-Avans-Sociala-Medier-2-1.png","datePublished":"2024-09-28T10:42:12+00:00","dateModified":"2026-03-09T18:15:47+00:00","description":"V\u00e5r erfarenhet och kompetens str\u00e4cker sig \u00f6ver de flesta juridiska omr\u00e5den. H\u00e4r har vi sammanst\u00e4llt de fr\u00e4msta r\u00e4ttsomr\u00e5den vi arbetar med.","breadcrumb":{"@id":"https:\/\/advokatavans.se\/vara-rattsomraden\/#breadcrumb"},"inLanguage":"ar","potentialAction":[{"@type":"ReadAction","target":["https:\/\/advokatavans.se\/vara-rattsomraden\/"]}]},{"@type":"ImageObject","inLanguage":"ar","@id":"https:\/\/advokatavans.se\/vara-rattsomraden\/#primaryimage","url":"https:\/\/media1.advokatavans.se\/2024\/10\/Advokatfirman-Avans-Sociala-Medier-2-1.png","contentUrl":"https:\/\/media1.advokatavans.se\/2024\/10\/Advokatfirman-Avans-Sociala-Medier-2-1.png","width":707,"height":500,"caption":"Denna bild visas f\u00f6r Advokatfirman Avans sociala medie profiler"},{"@type":"BreadcrumbList","@id":"https:\/\/advokatavans.se\/vara-rattsomraden\/#breadcrumb","itemListElement":[{"@type":"ListItem","position":1,"name":"Hem","item":"https:\/\/advokatavans.se\/"},{"@type":"ListItem","position":2,"name":"V\u00e5ra r\u00e4ttsomr\u00e5den"}]},{"@type":"WebSite","@id":"https:\/\/advokatavans.se\/#website","url":"https:\/\/advokatavans.se\/","name":"Advokatfirman Avans","description":"Din v\u00e4g till r\u00e4ttvisa \u2013 Vi st\u00e5r vid din sida.","publisher":{"@id":"https:\/\/advokatavans.se\/#organization"},"alternateName":"Advokatfirman Avans","potentialAction":[{"@type":"SearchAction","target":{"@type":"EntryPoint","urlTemplate":"https:\/\/advokatavans.se\/?s={search_term_string}"},"query-input":{"@type":"PropertyValueSpecification","valueRequired":true,"valueName":"search_term_string"}}],"inLanguage":"ar"},{"@type":"Organization","@id":"https:\/\/advokatavans.se\/#organization","name":"Advokatfirman Avans","alternateName":"Advokatfirman Avans","url":"https:\/\/advokatavans.se\/","logo":{"@type":"ImageObject","inLanguage":"ar","@id":"https:\/\/advokatavans.se\/#\/schema\/logo\/image\/","url":"https:\/\/media1.advokatavans.se\/2020\/03\/Logga-svart-liten.png","contentUrl":"https:\/\/media1.advokatavans.se\/2020\/03\/Logga-svart-liten.png","width":300,"height":134,"caption":"Advokatfirman Avans"},"image":{"@id":"https:\/\/advokatavans.se\/#\/schema\/logo\/image\/"},"sameAs":["https:\/\/www.facebook.com\/profile.php?id=61565887347409","https:\/\/www.instagram.com\/advokatavans\/"]}]}},"_links":{"self":[{"href":"https:\/\/advokatavans.se\/ar\/wp-json\/wp\/v2\/pages\/1046","targetHints":{"allow":["GET"]}}],"collection":[{"href":"https:\/\/advokatavans.se\/ar\/wp-json\/wp\/v2\/pages"}],"about":[{"href":"https:\/\/advokatavans.se\/ar\/wp-json\/wp\/v2\/types\/page"}],"author":[{"embeddable":true,"href":"https:\/\/advokatavans.se\/ar\/wp-json\/wp\/v2\/users\/1"}],"replies":[{"embeddable":true,"href":"https:\/\/advokatavans.se\/ar\/wp-json\/wp\/v2\/comments?post=1046"}],"version-history":[{"count":180,"href":"https:\/\/advokatavans.se\/ar\/wp-json\/wp\/v2\/pages\/1046\/revisions"}],"predecessor-version":[{"id":2963,"href":"https:\/\/advokatavans.se\/ar\/wp-json\/wp\/v2\/pages\/1046\/revisions\/2963"}],"wp:featuredmedia":[{"embeddable":true,"href":"https:\/\/advokatavans.se\/ar\/wp-json\/wp\/v2\/media\/2098"}],"wp:attachment":[{"href":"https:\/\/advokatavans.se\/ar\/wp-json\/wp\/v2\/media?parent=1046"}],"curies":[{"name":"wp","href":"https:\/\/api.w.org\/{rel}","templated":true}]}}